{"id":1451,"date":"2019-04-15T16:55:42","date_gmt":"2019-04-15T20:55:42","guid":{"rendered":"https:\/\/mostimondiale.com\/?post_type=product&#038;p=1451"},"modified":"2019-11-28T15:02:30","modified_gmt":"2019-11-28T20:02:30","slug":"amorosso-3","status":"publish","type":"product","link":"https:\/\/mostimondiale.com\/fr\/produits\/cepage\/amorosso-fr\/amorosso-3\/","title":{"rendered":"Amorosso"},"content":{"rendered":"","protected":false},"excerpt":{"rendered":"<p>Ce vin rouge puissant et chaleureux du Nord-Est\u00a0de l\u2019Italie est fabriqu\u00e9 apr\u00e8s avoir absorb\u00e9 autant de rayons de soleil que possible, \u00e0 partir des raisins les plus sucr\u00e9s disponibles. Votre palais sera satisfait par un vin riche et cors\u00e9 qui am\u00e8ne une fantastique saveur de raisin accompagn\u00e9 de touches \u00e9pic\u00e9es se mariant parfaitement avec des saveurs de baies premium.<\/p>\n","protected":false},"featured_media":3135,"template":"","meta":{"_acf_changed":false},"product_brand":[],"product_cat":[180,166,154,173],"product_tag":[],"class_list":{"0":"post-1451","1":"product","2":"type-product","3":"status-publish","4":"has-post-thumbnail","6":"product_cat-amorosso-fr","7":"product_cat-impressions-fr","8":"product_cat-mout-de-raisin-assemblage","9":"product_cat-rouge","10":"pa_alcohol-13-3","11":"pa_aroma-epice","12":"pa_aroma-fruite","13":"pa_body-5-tres-corse","14":"pa_price-254","15":"pa_winemaker-addition-chene-fonce","16":"pa_winemaker-addition-raisins-secs-rouges","17":"pa_winemaker-addition-sachet-allgrape","19":"first","20":"instock","21":"shipping-taxable","22":"product-type-simple"},"acf":[],"yoast_head":"<!-- This site is optimized with the Yoast SEO plugin v26.9 - https:\/\/yoast.com\/product\/yoast-seo-wordpress\/ -->\n<title>Impressions Amorosso \u2022 Trousse|Kit de Vinification | Mosti Mondiale<\/title>\n<meta name=\"description\" content=\"Notre Impressions (16L) Amorosso est un vin rouge tr\u00e8s cors\u00e9 comprenant du ch\u00eane fonc\u00e9, des raisins rouges et notre Sachet AllGrape exclusif.\" \/>\n<meta name=\"robots\" content=\"index, follow, max-snippet:-1, max-image-preview:large, max-video-preview:-1\" \/>\n<link rel=\"canonical\" href=\"https:\/\/mostimondiale.com\/produits\/varietal\/amorosso\/amorosso-2\/\" \/>\n<meta property=\"og:locale\" content=\"fr_CA\" \/>\n<meta property=\"og:type\" content=\"article\" \/>\n<meta property=\"og:title\" content=\"Impressions Amorosso \u2022 Trousse|Kit de Vinification | Mosti Mondiale\" \/>\n<meta property=\"og:description\" content=\"Notre Impressions (16L) Amorosso est un vin rouge tr\u00e8s cors\u00e9 comprenant du ch\u00eane fonc\u00e9, des raisins rouges et notre Sachet AllGrape exclusif.\" \/>\n<meta property=\"og:url\" content=\"https:\/\/mostimondiale.com\/produits\/varietal\/amorosso\/amorosso-2\/\" \/>\n<meta property=\"og:site_name\" content=\"Mosti Mondiale\" \/>\n<meta property=\"article:modified_time\" content=\"2019-11-28T20:02:30+00:00\" \/>\n<meta property=\"og:image\" content=\"https:\/\/mostimondiale.com\/wp-content\/uploads\/2019\/04\/impressions-360x360-en-1.png\" \/>\n\t<meta property=\"og:image:width\" content=\"360\" \/>\n\t<meta property=\"og:image:height\" content=\"360\" \/>\n\t<meta property=\"og:image:type\" content=\"image\/png\" \/>\n<meta name=\"twitter:card\" content=\"summary_large_image\" \/>\n<script type=\"application\/ld+json\" class=\"yoast-schema-graph\">{\"@context\":\"https:\/\/schema.org\",\"@graph\":[{\"@type\":\"WebPage\",\"@id\":\"https:\/\/mostimondiale.com\/produits\/varietal\/amorosso\/amorosso-2\/\",\"url\":\"https:\/\/mostimondiale.com\/produits\/varietal\/amorosso\/amorosso-2\/\",\"name\":\"Impressions Amorosso \u2022 Trousse|Kit de Vinification | Mosti Mondiale\",\"isPartOf\":{\"@id\":\"https:\/\/mostimondiale.com\/#website\"},\"primaryImageOfPage\":{\"@id\":\"https:\/\/mostimondiale.com\/produits\/varietal\/amorosso\/amorosso-2\/#primaryimage\"},\"image\":{\"@id\":\"https:\/\/mostimondiale.com\/produits\/varietal\/amorosso\/amorosso-2\/#primaryimage\"},\"thumbnailUrl\":\"https:\/\/mostimondiale.com\/wp-content\/uploads\/2019\/04\/impressions-360x360-en-1.png\",\"datePublished\":\"2019-04-15T20:55:42+00:00\",\"dateModified\":\"2019-11-28T20:02:30+00:00\",\"description\":\"Notre Impressions (16L) Amorosso est un vin rouge tr\u00e8s cors\u00e9 comprenant du ch\u00eane fonc\u00e9, des raisins rouges et notre Sachet AllGrape exclusif.\",\"breadcrumb\":{\"@id\":\"https:\/\/mostimondiale.com\/produits\/varietal\/amorosso\/amorosso-2\/#breadcrumb\"},\"inLanguage\":\"fr-CA\",\"potentialAction\":[{\"@type\":\"ReadAction\",\"target\":[\"https:\/\/mostimondiale.com\/produits\/varietal\/amorosso\/amorosso-2\/\"]}]},{\"@type\":\"ImageObject\",\"inLanguage\":\"fr-CA\",\"@id\":\"https:\/\/mostimondiale.com\/produits\/varietal\/amorosso\/amorosso-2\/#primaryimage\",\"url\":\"https:\/\/mostimondiale.com\/wp-content\/uploads\/2019\/04\/impressions-360x360-en-1.png\",\"contentUrl\":\"https:\/\/mostimondiale.com\/wp-content\/uploads\/2019\/04\/impressions-360x360-en-1.png\",\"width\":360,\"height\":360},{\"@type\":\"BreadcrumbList\",\"@id\":\"https:\/\/mostimondiale.com\/produits\/varietal\/amorosso\/amorosso-2\/#breadcrumb\",\"itemListElement\":[{\"@type\":\"ListItem\",\"position\":1,\"name\":\"Accueil\",\"item\":\"https:\/\/mostimondiale.com\/fr\/\"},{\"@type\":\"ListItem\",\"position\":2,\"name\":\"Produits\",\"item\":\"https:\/\/mostimondiale.com\/fr\/produits\/\"},{\"@type\":\"ListItem\",\"position\":3,\"name\":\"Amorosso\"}]},{\"@type\":\"WebSite\",\"@id\":\"https:\/\/mostimondiale.com\/#website\",\"url\":\"https:\/\/mostimondiale.com\/\",\"name\":\"Mosti Mondiale\",\"description\":\"\",\"potentialAction\":[{\"@type\":\"SearchAction\",\"target\":{\"@type\":\"EntryPoint\",\"urlTemplate\":\"https:\/\/mostimondiale.com\/?s={search_term_string}\"},\"query-input\":{\"@type\":\"PropertyValueSpecification\",\"valueRequired\":true,\"valueName\":\"search_term_string\"}}],\"inLanguage\":\"fr-CA\"}]}<\/script>\n<!-- \/ Yoast SEO plugin. -->","yoast_head_json":{"title":"Impressions Amorosso \u2022 Trousse|Kit de Vinification | Mosti Mondiale","description":"Notre Impressions (16L) Amorosso est un vin rouge tr\u00e8s cors\u00e9 comprenant du ch\u00eane fonc\u00e9, des raisins rouges et notre Sachet AllGrape exclusif.","robots":{"index":"index","follow":"follow","max-snippet":"max-snippet:-1","max-image-preview":"max-image-preview:large","max-video-preview":"max-video-preview:-1"},"canonical":"https:\/\/mostimondiale.com\/produits\/varietal\/amorosso\/amorosso-2\/","og_locale":"fr_CA","og_type":"article","og_title":"Impressions Amorosso \u2022 Trousse|Kit de Vinification | Mosti Mondiale","og_description":"Notre Impressions (16L) Amorosso est un vin rouge tr\u00e8s cors\u00e9 comprenant du ch\u00eane fonc\u00e9, des raisins rouges et notre Sachet AllGrape exclusif.","og_url":"https:\/\/mostimondiale.com\/produits\/varietal\/amorosso\/amorosso-2\/","og_site_name":"Mosti Mondiale","article_modified_time":"2019-11-28T20:02:30+00:00","og_image":[{"width":360,"height":360,"url":"https:\/\/mostimondiale.com\/wp-content\/uploads\/2019\/04\/impressions-360x360-en-1.png","type":"image\/png"}],"twitter_card":"summary_large_image","schema":{"@context":"https:\/\/schema.org","@graph":[{"@type":"WebPage","@id":"https:\/\/mostimondiale.com\/produits\/varietal\/amorosso\/amorosso-2\/","url":"https:\/\/mostimondiale.com\/produits\/varietal\/amorosso\/amorosso-2\/","name":"Impressions Amorosso \u2022 Trousse|Kit de Vinification | Mosti Mondiale","isPartOf":{"@id":"https:\/\/mostimondiale.com\/#website"},"primaryImageOfPage":{"@id":"https:\/\/mostimondiale.com\/produits\/varietal\/amorosso\/amorosso-2\/#primaryimage"},"image":{"@id":"https:\/\/mostimondiale.com\/produits\/varietal\/amorosso\/amorosso-2\/#primaryimage"},"thumbnailUrl":"https:\/\/mostimondiale.com\/wp-content\/uploads\/2019\/04\/impressions-360x360-en-1.png","datePublished":"2019-04-15T20:55:42+00:00","dateModified":"2019-11-28T20:02:30+00:00","description":"Notre Impressions (16L) Amorosso est un vin rouge tr\u00e8s cors\u00e9 comprenant du ch\u00eane fonc\u00e9, des raisins rouges et notre Sachet AllGrape exclusif.","breadcrumb":{"@id":"https:\/\/mostimondiale.com\/produits\/varietal\/amorosso\/amorosso-2\/#breadcrumb"},"inLanguage":"fr-CA","potentialAction":[{"@type":"ReadAction","target":["https:\/\/mostimondiale.com\/produits\/varietal\/amorosso\/amorosso-2\/"]}]},{"@type":"ImageObject","inLanguage":"fr-CA","@id":"https:\/\/mostimondiale.com\/produits\/varietal\/amorosso\/amorosso-2\/#primaryimage","url":"https:\/\/mostimondiale.com\/wp-content\/uploads\/2019\/04\/impressions-360x360-en-1.png","contentUrl":"https:\/\/mostimondiale.com\/wp-content\/uploads\/2019\/04\/impressions-360x360-en-1.png","width":360,"height":360},{"@type":"BreadcrumbList","@id":"https:\/\/mostimondiale.com\/produits\/varietal\/amorosso\/amorosso-2\/#breadcrumb","itemListElement":[{"@type":"ListItem","position":1,"name":"Accueil","item":"https:\/\/mostimondiale.com\/fr\/"},{"@type":"ListItem","position":2,"name":"Produits","item":"https:\/\/mostimondiale.com\/fr\/produits\/"},{"@type":"ListItem","position":3,"name":"Amorosso"}]},{"@type":"WebSite","@id":"https:\/\/mostimondiale.com\/#website","url":"https:\/\/mostimondiale.com\/","name":"Mosti Mondiale","description":"","potentialAction":[{"@type":"SearchAction","target":{"@type":"EntryPoint","urlTemplate":"https:\/\/mostimondiale.com\/?s={search_term_string}"},"query-input":{"@type":"PropertyValueSpecification","valueRequired":true,"valueName":"search_term_string"}}],"inLanguage":"fr-CA"}]}},"_links":{"self":[{"href":"https:\/\/mostimondiale.com\/fr\/wp-json\/wp\/v2\/product\/1451","targetHints":{"allow":["GET"]}}],"collection":[{"href":"https:\/\/mostimondiale.com\/fr\/wp-json\/wp\/v2\/product"}],"about":[{"href":"https:\/\/mostimondiale.com\/fr\/wp-json\/wp\/v2\/types\/product"}],"wp:featuredmedia":[{"embeddable":true,"href":"https:\/\/mostimondiale.com\/fr\/wp-json\/wp\/v2\/media\/3135"}],"wp:attachment":[{"href":"https:\/\/mostimondiale.com\/fr\/wp-json\/wp\/v2\/media?parent=1451"}],"wp:term":[{"taxonomy":"product_brand","embeddable":true,"href":"https:\/\/mostimondiale.com\/fr\/wp-json\/wp\/v2\/product_brand?post=1451"},{"taxonomy":"product_cat","embeddable":true,"href":"https:\/\/mostimondiale.com\/fr\/wp-json\/wp\/v2\/product_cat?post=1451"},{"taxonomy":"product_tag","embeddable":true,"href":"https:\/\/mostimondiale.com\/fr\/wp-json\/wp\/v2\/product_tag?post=1451"}],"curies":[{"name":"wp","href":"https:\/\/api.w.org\/{rel}","templated":true}]}}