{"id":1446,"date":"2019-04-15T16:45:15","date_gmt":"2019-04-15T20:45:15","guid":{"rendered":"https:\/\/mostimondiale.com\/?post_type=product&#038;p=1446"},"modified":"2019-11-28T15:00:29","modified_gmt":"2019-11-28T20:00:29","slug":"nebbiolo-2","status":"publish","type":"product","link":"https:\/\/mostimondiale.com\/fr\/produits\/cepage\/nebbiolo-fr\/nebbiolo-2\/","title":{"rendered":"Nebbiolo"},"content":{"rendered":"","protected":false},"excerpt":{"rendered":"<p>Ce vin noble est produit dans les terres fertiles de la r\u00e9gion du Piedmont, en Italie. Des ar\u00f4mes de petits fruits rouges m\u00fbrs et des senteurs de p\u00e9tales de rose \u00e9mergent de sa robe de couleur rubis. Son attaque rafra\u00eechissante fournira une combinaison exquise d\u2019\u00e9pices orientales et de baies rouges des champs. Faire m\u00fbrir ce vin dans une cave permettra \u00e0 son caract\u00e8re de s\u2019affirmer encore plus\u2005!<\/p>\n","protected":false},"featured_media":3135,"template":"","meta":{"_acf_changed":false},"product_brand":[],"product_cat":[166,154,207,173],"product_tag":[],"class_list":{"0":"post-1446","1":"product","2":"type-product","3":"status-publish","4":"has-post-thumbnail","6":"product_cat-impressions-fr","7":"product_cat-mout-de-raisin-assemblage","8":"product_cat-nebbiolo-fr","9":"product_cat-rouge","10":"pa_alcohol-272","11":"pa_aroma-epice","12":"pa_aroma-floral-fr","13":"pa_aroma-fruite","14":"pa_body-5-tres-corse","15":"pa_price-254","16":"pa_winemaker-addition-chene-fonce","17":"pa_winemaker-addition-chene-leger","18":"pa_winemaker-addition-raisins-secs-rouges","19":"pa_winemaker-addition-sachet-allgrape","21":"first","22":"instock","23":"shipping-taxable","24":"product-type-simple"},"acf":[],"yoast_head":"<!-- This site is optimized with the Yoast SEO plugin v26.9 - https:\/\/yoast.com\/product\/yoast-seo-wordpress\/ -->\n<title>Impressions Nebbiolo \u2022 Trousse|Kit de Vinification | Mosti Mondiale<\/title>\n<meta name=\"description\" content=\"Notre Impressions (16L) Castel del Papa est un vin rouge tr\u00e8s cors\u00e9 comprenant du ch\u00eane clair et fonc\u00e9 et notre Sachet AllGrape exclusif.\" \/>\n<meta name=\"robots\" content=\"index, follow, max-snippet:-1, max-image-preview:large, max-video-preview:-1\" \/>\n<link rel=\"canonical\" href=\"https:\/\/mostimondiale.com\/produits\/varietal\/nebbiolo\/nebbiolo-2\/\" \/>\n<meta property=\"og:locale\" content=\"fr_CA\" \/>\n<meta property=\"og:type\" content=\"article\" \/>\n<meta property=\"og:title\" content=\"Impressions Nebbiolo \u2022 Trousse|Kit de Vinification | Mosti Mondiale\" \/>\n<meta property=\"og:description\" content=\"Notre Impressions (16L) Castel del Papa est un vin rouge tr\u00e8s cors\u00e9 comprenant du ch\u00eane clair et fonc\u00e9 et notre Sachet AllGrape exclusif.\" \/>\n<meta property=\"og:url\" content=\"https:\/\/mostimondiale.com\/produits\/varietal\/nebbiolo\/nebbiolo-2\/\" \/>\n<meta property=\"og:site_name\" content=\"Mosti Mondiale\" \/>\n<meta property=\"article:modified_time\" content=\"2019-11-28T20:00:29+00:00\" \/>\n<meta property=\"og:image\" content=\"https:\/\/mostimondiale.com\/wp-content\/uploads\/2019\/04\/impressions-360x360-en-1.png\" \/>\n\t<meta property=\"og:image:width\" content=\"360\" \/>\n\t<meta property=\"og:image:height\" content=\"360\" \/>\n\t<meta property=\"og:image:type\" content=\"image\/png\" \/>\n<meta name=\"twitter:card\" content=\"summary_large_image\" \/>\n<script type=\"application\/ld+json\" class=\"yoast-schema-graph\">{\"@context\":\"https:\/\/schema.org\",\"@graph\":[{\"@type\":\"WebPage\",\"@id\":\"https:\/\/mostimondiale.com\/produits\/varietal\/nebbiolo\/nebbiolo-2\/\",\"url\":\"https:\/\/mostimondiale.com\/produits\/varietal\/nebbiolo\/nebbiolo-2\/\",\"name\":\"Impressions Nebbiolo \u2022 Trousse|Kit de Vinification | Mosti Mondiale\",\"isPartOf\":{\"@id\":\"https:\/\/mostimondiale.com\/#website\"},\"primaryImageOfPage\":{\"@id\":\"https:\/\/mostimondiale.com\/produits\/varietal\/nebbiolo\/nebbiolo-2\/#primaryimage\"},\"image\":{\"@id\":\"https:\/\/mostimondiale.com\/produits\/varietal\/nebbiolo\/nebbiolo-2\/#primaryimage\"},\"thumbnailUrl\":\"https:\/\/mostimondiale.com\/wp-content\/uploads\/2019\/04\/impressions-360x360-en-1.png\",\"datePublished\":\"2019-04-15T20:45:15+00:00\",\"dateModified\":\"2019-11-28T20:00:29+00:00\",\"description\":\"Notre Impressions (16L) Castel del Papa est un vin rouge tr\u00e8s cors\u00e9 comprenant du ch\u00eane clair et fonc\u00e9 et notre Sachet AllGrape exclusif.\",\"breadcrumb\":{\"@id\":\"https:\/\/mostimondiale.com\/produits\/varietal\/nebbiolo\/nebbiolo-2\/#breadcrumb\"},\"inLanguage\":\"fr-CA\",\"potentialAction\":[{\"@type\":\"ReadAction\",\"target\":[\"https:\/\/mostimondiale.com\/produits\/varietal\/nebbiolo\/nebbiolo-2\/\"]}]},{\"@type\":\"ImageObject\",\"inLanguage\":\"fr-CA\",\"@id\":\"https:\/\/mostimondiale.com\/produits\/varietal\/nebbiolo\/nebbiolo-2\/#primaryimage\",\"url\":\"https:\/\/mostimondiale.com\/wp-content\/uploads\/2019\/04\/impressions-360x360-en-1.png\",\"contentUrl\":\"https:\/\/mostimondiale.com\/wp-content\/uploads\/2019\/04\/impressions-360x360-en-1.png\",\"width\":360,\"height\":360},{\"@type\":\"BreadcrumbList\",\"@id\":\"https:\/\/mostimondiale.com\/produits\/varietal\/nebbiolo\/nebbiolo-2\/#breadcrumb\",\"itemListElement\":[{\"@type\":\"ListItem\",\"position\":1,\"name\":\"Accueil\",\"item\":\"https:\/\/mostimondiale.com\/fr\/\"},{\"@type\":\"ListItem\",\"position\":2,\"name\":\"Produits\",\"item\":\"https:\/\/mostimondiale.com\/fr\/produits\/\"},{\"@type\":\"ListItem\",\"position\":3,\"name\":\"Nebbiolo\"}]},{\"@type\":\"WebSite\",\"@id\":\"https:\/\/mostimondiale.com\/#website\",\"url\":\"https:\/\/mostimondiale.com\/\",\"name\":\"Mosti Mondiale\",\"description\":\"\",\"potentialAction\":[{\"@type\":\"SearchAction\",\"target\":{\"@type\":\"EntryPoint\",\"urlTemplate\":\"https:\/\/mostimondiale.com\/?s={search_term_string}\"},\"query-input\":{\"@type\":\"PropertyValueSpecification\",\"valueRequired\":true,\"valueName\":\"search_term_string\"}}],\"inLanguage\":\"fr-CA\"}]}<\/script>\n<!-- \/ Yoast SEO plugin. -->","yoast_head_json":{"title":"Impressions Nebbiolo \u2022 Trousse|Kit de Vinification | Mosti Mondiale","description":"Notre Impressions (16L) Castel del Papa est un vin rouge tr\u00e8s cors\u00e9 comprenant du ch\u00eane clair et fonc\u00e9 et notre Sachet AllGrape exclusif.","robots":{"index":"index","follow":"follow","max-snippet":"max-snippet:-1","max-image-preview":"max-image-preview:large","max-video-preview":"max-video-preview:-1"},"canonical":"https:\/\/mostimondiale.com\/produits\/varietal\/nebbiolo\/nebbiolo-2\/","og_locale":"fr_CA","og_type":"article","og_title":"Impressions Nebbiolo \u2022 Trousse|Kit de Vinification | Mosti Mondiale","og_description":"Notre Impressions (16L) Castel del Papa est un vin rouge tr\u00e8s cors\u00e9 comprenant du ch\u00eane clair et fonc\u00e9 et notre Sachet AllGrape exclusif.","og_url":"https:\/\/mostimondiale.com\/produits\/varietal\/nebbiolo\/nebbiolo-2\/","og_site_name":"Mosti Mondiale","article_modified_time":"2019-11-28T20:00:29+00:00","og_image":[{"width":360,"height":360,"url":"https:\/\/mostimondiale.com\/wp-content\/uploads\/2019\/04\/impressions-360x360-en-1.png","type":"image\/png"}],"twitter_card":"summary_large_image","schema":{"@context":"https:\/\/schema.org","@graph":[{"@type":"WebPage","@id":"https:\/\/mostimondiale.com\/produits\/varietal\/nebbiolo\/nebbiolo-2\/","url":"https:\/\/mostimondiale.com\/produits\/varietal\/nebbiolo\/nebbiolo-2\/","name":"Impressions Nebbiolo \u2022 Trousse|Kit de Vinification | Mosti Mondiale","isPartOf":{"@id":"https:\/\/mostimondiale.com\/#website"},"primaryImageOfPage":{"@id":"https:\/\/mostimondiale.com\/produits\/varietal\/nebbiolo\/nebbiolo-2\/#primaryimage"},"image":{"@id":"https:\/\/mostimondiale.com\/produits\/varietal\/nebbiolo\/nebbiolo-2\/#primaryimage"},"thumbnailUrl":"https:\/\/mostimondiale.com\/wp-content\/uploads\/2019\/04\/impressions-360x360-en-1.png","datePublished":"2019-04-15T20:45:15+00:00","dateModified":"2019-11-28T20:00:29+00:00","description":"Notre Impressions (16L) Castel del Papa est un vin rouge tr\u00e8s cors\u00e9 comprenant du ch\u00eane clair et fonc\u00e9 et notre Sachet AllGrape exclusif.","breadcrumb":{"@id":"https:\/\/mostimondiale.com\/produits\/varietal\/nebbiolo\/nebbiolo-2\/#breadcrumb"},"inLanguage":"fr-CA","potentialAction":[{"@type":"ReadAction","target":["https:\/\/mostimondiale.com\/produits\/varietal\/nebbiolo\/nebbiolo-2\/"]}]},{"@type":"ImageObject","inLanguage":"fr-CA","@id":"https:\/\/mostimondiale.com\/produits\/varietal\/nebbiolo\/nebbiolo-2\/#primaryimage","url":"https:\/\/mostimondiale.com\/wp-content\/uploads\/2019\/04\/impressions-360x360-en-1.png","contentUrl":"https:\/\/mostimondiale.com\/wp-content\/uploads\/2019\/04\/impressions-360x360-en-1.png","width":360,"height":360},{"@type":"BreadcrumbList","@id":"https:\/\/mostimondiale.com\/produits\/varietal\/nebbiolo\/nebbiolo-2\/#breadcrumb","itemListElement":[{"@type":"ListItem","position":1,"name":"Accueil","item":"https:\/\/mostimondiale.com\/fr\/"},{"@type":"ListItem","position":2,"name":"Produits","item":"https:\/\/mostimondiale.com\/fr\/produits\/"},{"@type":"ListItem","position":3,"name":"Nebbiolo"}]},{"@type":"WebSite","@id":"https:\/\/mostimondiale.com\/#website","url":"https:\/\/mostimondiale.com\/","name":"Mosti Mondiale","description":"","potentialAction":[{"@type":"SearchAction","target":{"@type":"EntryPoint","urlTemplate":"https:\/\/mostimondiale.com\/?s={search_term_string}"},"query-input":{"@type":"PropertyValueSpecification","valueRequired":true,"valueName":"search_term_string"}}],"inLanguage":"fr-CA"}]}},"_links":{"self":[{"href":"https:\/\/mostimondiale.com\/fr\/wp-json\/wp\/v2\/product\/1446","targetHints":{"allow":["GET"]}}],"collection":[{"href":"https:\/\/mostimondiale.com\/fr\/wp-json\/wp\/v2\/product"}],"about":[{"href":"https:\/\/mostimondiale.com\/fr\/wp-json\/wp\/v2\/types\/product"}],"wp:featuredmedia":[{"embeddable":true,"href":"https:\/\/mostimondiale.com\/fr\/wp-json\/wp\/v2\/media\/3135"}],"wp:attachment":[{"href":"https:\/\/mostimondiale.com\/fr\/wp-json\/wp\/v2\/media?parent=1446"}],"wp:term":[{"taxonomy":"product_brand","embeddable":true,"href":"https:\/\/mostimondiale.com\/fr\/wp-json\/wp\/v2\/product_brand?post=1446"},{"taxonomy":"product_cat","embeddable":true,"href":"https:\/\/mostimondiale.com\/fr\/wp-json\/wp\/v2\/product_cat?post=1446"},{"taxonomy":"product_tag","embeddable":true,"href":"https:\/\/mostimondiale.com\/fr\/wp-json\/wp\/v2\/product_tag?post=1446"}],"curies":[{"name":"wp","href":"https:\/\/api.w.org\/{rel}","templated":true}]}}