{"id":1434,"date":"2019-04-15T16:21:30","date_gmt":"2019-04-15T20:21:30","guid":{"rendered":"https:\/\/mostimondiale.com\/?post_type=product&#038;p=1434"},"modified":"2019-05-06T17:12:46","modified_gmt":"2019-05-06T21:12:46","slug":"zinfandel-blush-2","status":"publish","type":"product","link":"https:\/\/mostimondiale.com\/fr\/produits\/cepage\/zinfandel-blush-fr\/zinfandel-blush-2\/","title":{"rendered":"Zinfandel Blush"},"content":{"rendered":"","protected":false},"excerpt":{"rendered":"<p>Savourez ce v\u00e9ritable bijou des caf\u00e9s de trottoir europ\u00e9ens. Sa brillance et sa couleur d\u2019un rouge ros\u00e9 limpide pr\u00e9sentent de merveilleux ar\u00f4mes de fruits rouges fra\u00eechement cueillis et une note de bonbon. Appr\u00e9ciez son mariage de saveurs de fraises et de cerises. Sa finale rafra\u00eechissante assure une soir\u00e9e d\u2019\u00e9t\u00e9 parfaite en compagnie d\u2019amis.<\/p>\n<p>&nbsp;<\/p>\n","protected":false},"featured_media":1280,"template":"","meta":{"_acf_changed":false},"product_brand":[],"product_cat":[154,167,174,320],"product_tag":[],"class_list":{"0":"post-1434","1":"product","2":"type-product","3":"status-publish","4":"has-post-thumbnail","6":"product_cat-mout-de-raisin-assemblage","7":"product_cat-renaissance-fr","8":"product_cat-rose-fr","9":"product_cat-zinfandel-blush-fr","10":"pa_alcohol-13-5","11":"pa_aroma-caramelise","12":"pa_aroma-fruite","13":"pa_body-1-leger","14":"pa_price-254","15":"pa_winemaker-addition-adoucisseur","16":"pa_winemaker-addition-chene-fonce","18":"first","19":"instock","20":"shipping-taxable","21":"product-type-simple"},"acf":[],"yoast_head":"<!-- This site is optimized with the Yoast SEO plugin v26.9 - https:\/\/yoast.com\/product\/yoast-seo-wordpress\/ -->\n<title>Renaissance Zinfandel Blush \u2022 Trousse|Kit de Vinification | Mosti Mondiale<\/title>\n<meta name=\"description\" content=\"Notre Renaissance (16L) Zinfandel Blush est un vin ros\u00e9 l\u00e9ger comprenant du ch\u00eane fonc\u00e9. Appr\u00e9ciez son mariage de saveurs de fraises et de cerises.\" \/>\n<meta name=\"robots\" content=\"index, follow, max-snippet:-1, max-image-preview:large, max-video-preview:-1\" \/>\n<link rel=\"canonical\" href=\"https:\/\/mostimondiale.com\/produits\/varietal\/zinfandel-blush-varietal\/zinfandel-blush-2\/\" \/>\n<meta property=\"og:locale\" content=\"fr_CA\" \/>\n<meta property=\"og:type\" content=\"article\" \/>\n<meta property=\"og:title\" content=\"Renaissance Zinfandel Blush \u2022 Trousse|Kit de Vinification | Mosti Mondiale\" \/>\n<meta property=\"og:description\" content=\"Notre Renaissance (16L) Zinfandel Blush est un vin ros\u00e9 l\u00e9ger comprenant du ch\u00eane fonc\u00e9. Appr\u00e9ciez son mariage de saveurs de fraises et de cerises.\" \/>\n<meta property=\"og:url\" content=\"https:\/\/mostimondiale.com\/produits\/varietal\/zinfandel-blush-varietal\/zinfandel-blush-2\/\" \/>\n<meta property=\"og:site_name\" content=\"Mosti Mondiale\" \/>\n<meta property=\"article:modified_time\" content=\"2019-05-06T21:12:46+00:00\" \/>\n<meta property=\"og:image\" content=\"https:\/\/mostimondiale.com\/wp-content\/uploads\/2019\/04\/renaissance-360x360-fr.png\" \/>\n\t<meta property=\"og:image:width\" content=\"360\" \/>\n\t<meta property=\"og:image:height\" content=\"360\" \/>\n\t<meta property=\"og:image:type\" content=\"image\/png\" \/>\n<meta name=\"twitter:card\" content=\"summary_large_image\" \/>\n<script type=\"application\/ld+json\" class=\"yoast-schema-graph\">{\"@context\":\"https:\/\/schema.org\",\"@graph\":[{\"@type\":\"WebPage\",\"@id\":\"https:\/\/mostimondiale.com\/produits\/varietal\/zinfandel-blush-varietal\/zinfandel-blush-2\/\",\"url\":\"https:\/\/mostimondiale.com\/produits\/varietal\/zinfandel-blush-varietal\/zinfandel-blush-2\/\",\"name\":\"Renaissance Zinfandel Blush \u2022 Trousse|Kit de Vinification | Mosti Mondiale\",\"isPartOf\":{\"@id\":\"https:\/\/mostimondiale.com\/#website\"},\"primaryImageOfPage\":{\"@id\":\"https:\/\/mostimondiale.com\/produits\/varietal\/zinfandel-blush-varietal\/zinfandel-blush-2\/#primaryimage\"},\"image\":{\"@id\":\"https:\/\/mostimondiale.com\/produits\/varietal\/zinfandel-blush-varietal\/zinfandel-blush-2\/#primaryimage\"},\"thumbnailUrl\":\"https:\/\/mostimondiale.com\/wp-content\/uploads\/2019\/04\/renaissance-360x360-fr.png\",\"datePublished\":\"2019-04-15T20:21:30+00:00\",\"dateModified\":\"2019-05-06T21:12:46+00:00\",\"description\":\"Notre Renaissance (16L) Zinfandel Blush est un vin ros\u00e9 l\u00e9ger comprenant du ch\u00eane fonc\u00e9. Appr\u00e9ciez son mariage de saveurs de fraises et de cerises.\",\"breadcrumb\":{\"@id\":\"https:\/\/mostimondiale.com\/produits\/varietal\/zinfandel-blush-varietal\/zinfandel-blush-2\/#breadcrumb\"},\"inLanguage\":\"fr-CA\",\"potentialAction\":[{\"@type\":\"ReadAction\",\"target\":[\"https:\/\/mostimondiale.com\/produits\/varietal\/zinfandel-blush-varietal\/zinfandel-blush-2\/\"]}]},{\"@type\":\"ImageObject\",\"inLanguage\":\"fr-CA\",\"@id\":\"https:\/\/mostimondiale.com\/produits\/varietal\/zinfandel-blush-varietal\/zinfandel-blush-2\/#primaryimage\",\"url\":\"https:\/\/mostimondiale.com\/wp-content\/uploads\/2019\/04\/renaissance-360x360-fr.png\",\"contentUrl\":\"https:\/\/mostimondiale.com\/wp-content\/uploads\/2019\/04\/renaissance-360x360-fr.png\",\"width\":360,\"height\":360},{\"@type\":\"BreadcrumbList\",\"@id\":\"https:\/\/mostimondiale.com\/produits\/varietal\/zinfandel-blush-varietal\/zinfandel-blush-2\/#breadcrumb\",\"itemListElement\":[{\"@type\":\"ListItem\",\"position\":1,\"name\":\"Accueil\",\"item\":\"https:\/\/mostimondiale.com\/fr\/\"},{\"@type\":\"ListItem\",\"position\":2,\"name\":\"Produits\",\"item\":\"https:\/\/mostimondiale.com\/fr\/produits\/\"},{\"@type\":\"ListItem\",\"position\":3,\"name\":\"Zinfandel Blush\"}]},{\"@type\":\"WebSite\",\"@id\":\"https:\/\/mostimondiale.com\/#website\",\"url\":\"https:\/\/mostimondiale.com\/\",\"name\":\"Mosti Mondiale\",\"description\":\"\",\"potentialAction\":[{\"@type\":\"SearchAction\",\"target\":{\"@type\":\"EntryPoint\",\"urlTemplate\":\"https:\/\/mostimondiale.com\/?s={search_term_string}\"},\"query-input\":{\"@type\":\"PropertyValueSpecification\",\"valueRequired\":true,\"valueName\":\"search_term_string\"}}],\"inLanguage\":\"fr-CA\"}]}<\/script>\n<!-- \/ Yoast SEO plugin. -->","yoast_head_json":{"title":"Renaissance Zinfandel Blush \u2022 Trousse|Kit de Vinification | Mosti Mondiale","description":"Notre Renaissance (16L) Zinfandel Blush est un vin ros\u00e9 l\u00e9ger comprenant du ch\u00eane fonc\u00e9. Appr\u00e9ciez son mariage de saveurs de fraises et de cerises.","robots":{"index":"index","follow":"follow","max-snippet":"max-snippet:-1","max-image-preview":"max-image-preview:large","max-video-preview":"max-video-preview:-1"},"canonical":"https:\/\/mostimondiale.com\/produits\/varietal\/zinfandel-blush-varietal\/zinfandel-blush-2\/","og_locale":"fr_CA","og_type":"article","og_title":"Renaissance Zinfandel Blush \u2022 Trousse|Kit de Vinification | Mosti Mondiale","og_description":"Notre Renaissance (16L) Zinfandel Blush est un vin ros\u00e9 l\u00e9ger comprenant du ch\u00eane fonc\u00e9. Appr\u00e9ciez son mariage de saveurs de fraises et de cerises.","og_url":"https:\/\/mostimondiale.com\/produits\/varietal\/zinfandel-blush-varietal\/zinfandel-blush-2\/","og_site_name":"Mosti Mondiale","article_modified_time":"2019-05-06T21:12:46+00:00","og_image":[{"width":360,"height":360,"url":"https:\/\/mostimondiale.com\/wp-content\/uploads\/2019\/04\/renaissance-360x360-fr.png","type":"image\/png"}],"twitter_card":"summary_large_image","schema":{"@context":"https:\/\/schema.org","@graph":[{"@type":"WebPage","@id":"https:\/\/mostimondiale.com\/produits\/varietal\/zinfandel-blush-varietal\/zinfandel-blush-2\/","url":"https:\/\/mostimondiale.com\/produits\/varietal\/zinfandel-blush-varietal\/zinfandel-blush-2\/","name":"Renaissance Zinfandel Blush \u2022 Trousse|Kit de Vinification | Mosti Mondiale","isPartOf":{"@id":"https:\/\/mostimondiale.com\/#website"},"primaryImageOfPage":{"@id":"https:\/\/mostimondiale.com\/produits\/varietal\/zinfandel-blush-varietal\/zinfandel-blush-2\/#primaryimage"},"image":{"@id":"https:\/\/mostimondiale.com\/produits\/varietal\/zinfandel-blush-varietal\/zinfandel-blush-2\/#primaryimage"},"thumbnailUrl":"https:\/\/mostimondiale.com\/wp-content\/uploads\/2019\/04\/renaissance-360x360-fr.png","datePublished":"2019-04-15T20:21:30+00:00","dateModified":"2019-05-06T21:12:46+00:00","description":"Notre Renaissance (16L) Zinfandel Blush est un vin ros\u00e9 l\u00e9ger comprenant du ch\u00eane fonc\u00e9. Appr\u00e9ciez son mariage de saveurs de fraises et de cerises.","breadcrumb":{"@id":"https:\/\/mostimondiale.com\/produits\/varietal\/zinfandel-blush-varietal\/zinfandel-blush-2\/#breadcrumb"},"inLanguage":"fr-CA","potentialAction":[{"@type":"ReadAction","target":["https:\/\/mostimondiale.com\/produits\/varietal\/zinfandel-blush-varietal\/zinfandel-blush-2\/"]}]},{"@type":"ImageObject","inLanguage":"fr-CA","@id":"https:\/\/mostimondiale.com\/produits\/varietal\/zinfandel-blush-varietal\/zinfandel-blush-2\/#primaryimage","url":"https:\/\/mostimondiale.com\/wp-content\/uploads\/2019\/04\/renaissance-360x360-fr.png","contentUrl":"https:\/\/mostimondiale.com\/wp-content\/uploads\/2019\/04\/renaissance-360x360-fr.png","width":360,"height":360},{"@type":"BreadcrumbList","@id":"https:\/\/mostimondiale.com\/produits\/varietal\/zinfandel-blush-varietal\/zinfandel-blush-2\/#breadcrumb","itemListElement":[{"@type":"ListItem","position":1,"name":"Accueil","item":"https:\/\/mostimondiale.com\/fr\/"},{"@type":"ListItem","position":2,"name":"Produits","item":"https:\/\/mostimondiale.com\/fr\/produits\/"},{"@type":"ListItem","position":3,"name":"Zinfandel Blush"}]},{"@type":"WebSite","@id":"https:\/\/mostimondiale.com\/#website","url":"https:\/\/mostimondiale.com\/","name":"Mosti Mondiale","description":"","potentialAction":[{"@type":"SearchAction","target":{"@type":"EntryPoint","urlTemplate":"https:\/\/mostimondiale.com\/?s={search_term_string}"},"query-input":{"@type":"PropertyValueSpecification","valueRequired":true,"valueName":"search_term_string"}}],"inLanguage":"fr-CA"}]}},"_links":{"self":[{"href":"https:\/\/mostimondiale.com\/fr\/wp-json\/wp\/v2\/product\/1434","targetHints":{"allow":["GET"]}}],"collection":[{"href":"https:\/\/mostimondiale.com\/fr\/wp-json\/wp\/v2\/product"}],"about":[{"href":"https:\/\/mostimondiale.com\/fr\/wp-json\/wp\/v2\/types\/product"}],"wp:featuredmedia":[{"embeddable":true,"href":"https:\/\/mostimondiale.com\/fr\/wp-json\/wp\/v2\/media\/1280"}],"wp:attachment":[{"href":"https:\/\/mostimondiale.com\/fr\/wp-json\/wp\/v2\/media?parent=1434"}],"wp:term":[{"taxonomy":"product_brand","embeddable":true,"href":"https:\/\/mostimondiale.com\/fr\/wp-json\/wp\/v2\/product_brand?post=1434"},{"taxonomy":"product_cat","embeddable":true,"href":"https:\/\/mostimondiale.com\/fr\/wp-json\/wp\/v2\/product_cat?post=1434"},{"taxonomy":"product_tag","embeddable":true,"href":"https:\/\/mostimondiale.com\/fr\/wp-json\/wp\/v2\/product_tag?post=1434"}],"curies":[{"name":"wp","href":"https:\/\/api.w.org\/{rel}","templated":true}]}}