{"id":1428,"date":"2019-04-15T15:43:17","date_gmt":"2019-04-15T19:43:17","guid":{"rendered":"https:\/\/mostimondiale.com\/?post_type=product&#038;p=1428"},"modified":"2019-05-06T17:14:57","modified_gmt":"2019-05-06T21:14:57","slug":"chardonnay-3","status":"publish","type":"product","link":"https:\/\/mostimondiale.com\/fr\/produits\/cepage\/chardonnay-fr\/chardonnay-3\/","title":{"rendered":"Chardonnay"},"content":{"rendered":"","protected":false},"excerpt":{"rendered":"<p>Cet \u00e9l\u00e9gant vin pr\u00e9sente de riches ar\u00f4mes de miel,\u00a0de fruits tropicaux et de pommes m\u00fbres fra\u00eechement cueillies. Vous remarquerez que son caract\u00e8re riche est parfaitement rehauss\u00e9 par sa finale velout\u00e9e de ch\u00eane.<\/p>\n","protected":false},"featured_media":1280,"template":"","meta":{"_acf_changed":false},"product_brand":[],"product_cat":[176,191,154,167],"product_tag":[],"class_list":{"0":"post-1428","1":"product","2":"type-product","3":"status-publish","4":"has-post-thumbnail","6":"product_cat-blanc","7":"product_cat-chardonnay-fr","8":"product_cat-mout-de-raisin-assemblage","9":"product_cat-renaissance-fr","10":"pa_alcohol-13-1","11":"pa_aroma-boise","12":"pa_aroma-caramelise","13":"pa_aroma-fruite","14":"pa_body-5-tres-corse","15":"pa_price-254","16":"pa_winemaker-addition-chene-leger","18":"first","19":"instock","20":"shipping-taxable","21":"product-type-simple"},"acf":[],"yoast_head":"<!-- This site is optimized with the Yoast SEO plugin v26.9 - https:\/\/yoast.com\/product\/yoast-seo-wordpress\/ -->\n<title>Renaissance Chardonnay \u2022 Trousse de Vinification | Mosti Mondiale<\/title>\n<meta name=\"description\" content=\"Notre Renaissance (16L) Chardonnay est un vin blanc tr\u00e8s cors\u00e9 comprenant du ch\u00eane clair. Riches ar\u00f4mes de miel, fruits tropicaux et de pommes m\u00fbres.\" \/>\n<meta name=\"robots\" content=\"index, follow, max-snippet:-1, max-image-preview:large, max-video-preview:-1\" \/>\n<link rel=\"canonical\" href=\"https:\/\/mostimondiale.com\/produits\/varietal\/chardonnay\/chardonnay-3\/\" \/>\n<meta property=\"og:locale\" content=\"fr_CA\" \/>\n<meta property=\"og:type\" content=\"article\" \/>\n<meta property=\"og:title\" content=\"Renaissance Chardonnay \u2022 Trousse de Vinification | Mosti Mondiale\" \/>\n<meta property=\"og:description\" content=\"Notre Renaissance (16L) Chardonnay est un vin blanc tr\u00e8s cors\u00e9 comprenant du ch\u00eane clair. Riches ar\u00f4mes de miel, fruits tropicaux et de pommes m\u00fbres.\" \/>\n<meta property=\"og:url\" content=\"https:\/\/mostimondiale.com\/produits\/varietal\/chardonnay\/chardonnay-3\/\" \/>\n<meta property=\"og:site_name\" content=\"Mosti Mondiale\" \/>\n<meta property=\"article:modified_time\" content=\"2019-05-06T21:14:57+00:00\" \/>\n<meta property=\"og:image\" content=\"https:\/\/mostimondiale.com\/wp-content\/uploads\/2019\/04\/renaissance-360x360-fr.png\" \/>\n\t<meta property=\"og:image:width\" content=\"360\" \/>\n\t<meta property=\"og:image:height\" content=\"360\" \/>\n\t<meta property=\"og:image:type\" content=\"image\/png\" \/>\n<meta name=\"twitter:card\" content=\"summary_large_image\" \/>\n<script type=\"application\/ld+json\" class=\"yoast-schema-graph\">{\"@context\":\"https:\/\/schema.org\",\"@graph\":[{\"@type\":\"WebPage\",\"@id\":\"https:\/\/mostimondiale.com\/produits\/varietal\/chardonnay\/chardonnay-3\/\",\"url\":\"https:\/\/mostimondiale.com\/produits\/varietal\/chardonnay\/chardonnay-3\/\",\"name\":\"Renaissance Chardonnay \u2022 Trousse de Vinification | Mosti Mondiale\",\"isPartOf\":{\"@id\":\"https:\/\/mostimondiale.com\/#website\"},\"primaryImageOfPage\":{\"@id\":\"https:\/\/mostimondiale.com\/produits\/varietal\/chardonnay\/chardonnay-3\/#primaryimage\"},\"image\":{\"@id\":\"https:\/\/mostimondiale.com\/produits\/varietal\/chardonnay\/chardonnay-3\/#primaryimage\"},\"thumbnailUrl\":\"https:\/\/mostimondiale.com\/wp-content\/uploads\/2019\/04\/renaissance-360x360-fr.png\",\"datePublished\":\"2019-04-15T19:43:17+00:00\",\"dateModified\":\"2019-05-06T21:14:57+00:00\",\"description\":\"Notre Renaissance (16L) Chardonnay est un vin blanc tr\u00e8s cors\u00e9 comprenant du ch\u00eane clair. Riches ar\u00f4mes de miel, fruits tropicaux et de pommes m\u00fbres.\",\"breadcrumb\":{\"@id\":\"https:\/\/mostimondiale.com\/produits\/varietal\/chardonnay\/chardonnay-3\/#breadcrumb\"},\"inLanguage\":\"fr-CA\",\"potentialAction\":[{\"@type\":\"ReadAction\",\"target\":[\"https:\/\/mostimondiale.com\/produits\/varietal\/chardonnay\/chardonnay-3\/\"]}]},{\"@type\":\"ImageObject\",\"inLanguage\":\"fr-CA\",\"@id\":\"https:\/\/mostimondiale.com\/produits\/varietal\/chardonnay\/chardonnay-3\/#primaryimage\",\"url\":\"https:\/\/mostimondiale.com\/wp-content\/uploads\/2019\/04\/renaissance-360x360-fr.png\",\"contentUrl\":\"https:\/\/mostimondiale.com\/wp-content\/uploads\/2019\/04\/renaissance-360x360-fr.png\",\"width\":360,\"height\":360},{\"@type\":\"BreadcrumbList\",\"@id\":\"https:\/\/mostimondiale.com\/produits\/varietal\/chardonnay\/chardonnay-3\/#breadcrumb\",\"itemListElement\":[{\"@type\":\"ListItem\",\"position\":1,\"name\":\"Accueil\",\"item\":\"https:\/\/mostimondiale.com\/fr\/\"},{\"@type\":\"ListItem\",\"position\":2,\"name\":\"Produits\",\"item\":\"https:\/\/mostimondiale.com\/fr\/produits\/\"},{\"@type\":\"ListItem\",\"position\":3,\"name\":\"Chardonnay\"}]},{\"@type\":\"WebSite\",\"@id\":\"https:\/\/mostimondiale.com\/#website\",\"url\":\"https:\/\/mostimondiale.com\/\",\"name\":\"Mosti Mondiale\",\"description\":\"\",\"potentialAction\":[{\"@type\":\"SearchAction\",\"target\":{\"@type\":\"EntryPoint\",\"urlTemplate\":\"https:\/\/mostimondiale.com\/?s={search_term_string}\"},\"query-input\":{\"@type\":\"PropertyValueSpecification\",\"valueRequired\":true,\"valueName\":\"search_term_string\"}}],\"inLanguage\":\"fr-CA\"}]}<\/script>\n<!-- \/ Yoast SEO plugin. -->","yoast_head_json":{"title":"Renaissance Chardonnay \u2022 Trousse de Vinification | Mosti Mondiale","description":"Notre Renaissance (16L) Chardonnay est un vin blanc tr\u00e8s cors\u00e9 comprenant du ch\u00eane clair. Riches ar\u00f4mes de miel, fruits tropicaux et de pommes m\u00fbres.","robots":{"index":"index","follow":"follow","max-snippet":"max-snippet:-1","max-image-preview":"max-image-preview:large","max-video-preview":"max-video-preview:-1"},"canonical":"https:\/\/mostimondiale.com\/produits\/varietal\/chardonnay\/chardonnay-3\/","og_locale":"fr_CA","og_type":"article","og_title":"Renaissance Chardonnay \u2022 Trousse de Vinification | Mosti Mondiale","og_description":"Notre Renaissance (16L) Chardonnay est un vin blanc tr\u00e8s cors\u00e9 comprenant du ch\u00eane clair. Riches ar\u00f4mes de miel, fruits tropicaux et de pommes m\u00fbres.","og_url":"https:\/\/mostimondiale.com\/produits\/varietal\/chardonnay\/chardonnay-3\/","og_site_name":"Mosti Mondiale","article_modified_time":"2019-05-06T21:14:57+00:00","og_image":[{"width":360,"height":360,"url":"https:\/\/mostimondiale.com\/wp-content\/uploads\/2019\/04\/renaissance-360x360-fr.png","type":"image\/png"}],"twitter_card":"summary_large_image","schema":{"@context":"https:\/\/schema.org","@graph":[{"@type":"WebPage","@id":"https:\/\/mostimondiale.com\/produits\/varietal\/chardonnay\/chardonnay-3\/","url":"https:\/\/mostimondiale.com\/produits\/varietal\/chardonnay\/chardonnay-3\/","name":"Renaissance Chardonnay \u2022 Trousse de Vinification | Mosti Mondiale","isPartOf":{"@id":"https:\/\/mostimondiale.com\/#website"},"primaryImageOfPage":{"@id":"https:\/\/mostimondiale.com\/produits\/varietal\/chardonnay\/chardonnay-3\/#primaryimage"},"image":{"@id":"https:\/\/mostimondiale.com\/produits\/varietal\/chardonnay\/chardonnay-3\/#primaryimage"},"thumbnailUrl":"https:\/\/mostimondiale.com\/wp-content\/uploads\/2019\/04\/renaissance-360x360-fr.png","datePublished":"2019-04-15T19:43:17+00:00","dateModified":"2019-05-06T21:14:57+00:00","description":"Notre Renaissance (16L) Chardonnay est un vin blanc tr\u00e8s cors\u00e9 comprenant du ch\u00eane clair. Riches ar\u00f4mes de miel, fruits tropicaux et de pommes m\u00fbres.","breadcrumb":{"@id":"https:\/\/mostimondiale.com\/produits\/varietal\/chardonnay\/chardonnay-3\/#breadcrumb"},"inLanguage":"fr-CA","potentialAction":[{"@type":"ReadAction","target":["https:\/\/mostimondiale.com\/produits\/varietal\/chardonnay\/chardonnay-3\/"]}]},{"@type":"ImageObject","inLanguage":"fr-CA","@id":"https:\/\/mostimondiale.com\/produits\/varietal\/chardonnay\/chardonnay-3\/#primaryimage","url":"https:\/\/mostimondiale.com\/wp-content\/uploads\/2019\/04\/renaissance-360x360-fr.png","contentUrl":"https:\/\/mostimondiale.com\/wp-content\/uploads\/2019\/04\/renaissance-360x360-fr.png","width":360,"height":360},{"@type":"BreadcrumbList","@id":"https:\/\/mostimondiale.com\/produits\/varietal\/chardonnay\/chardonnay-3\/#breadcrumb","itemListElement":[{"@type":"ListItem","position":1,"name":"Accueil","item":"https:\/\/mostimondiale.com\/fr\/"},{"@type":"ListItem","position":2,"name":"Produits","item":"https:\/\/mostimondiale.com\/fr\/produits\/"},{"@type":"ListItem","position":3,"name":"Chardonnay"}]},{"@type":"WebSite","@id":"https:\/\/mostimondiale.com\/#website","url":"https:\/\/mostimondiale.com\/","name":"Mosti Mondiale","description":"","potentialAction":[{"@type":"SearchAction","target":{"@type":"EntryPoint","urlTemplate":"https:\/\/mostimondiale.com\/?s={search_term_string}"},"query-input":{"@type":"PropertyValueSpecification","valueRequired":true,"valueName":"search_term_string"}}],"inLanguage":"fr-CA"}]}},"_links":{"self":[{"href":"https:\/\/mostimondiale.com\/fr\/wp-json\/wp\/v2\/product\/1428","targetHints":{"allow":["GET"]}}],"collection":[{"href":"https:\/\/mostimondiale.com\/fr\/wp-json\/wp\/v2\/product"}],"about":[{"href":"https:\/\/mostimondiale.com\/fr\/wp-json\/wp\/v2\/types\/product"}],"wp:featuredmedia":[{"embeddable":true,"href":"https:\/\/mostimondiale.com\/fr\/wp-json\/wp\/v2\/media\/1280"}],"wp:attachment":[{"href":"https:\/\/mostimondiale.com\/fr\/wp-json\/wp\/v2\/media?parent=1428"}],"wp:term":[{"taxonomy":"product_brand","embeddable":true,"href":"https:\/\/mostimondiale.com\/fr\/wp-json\/wp\/v2\/product_brand?post=1428"},{"taxonomy":"product_cat","embeddable":true,"href":"https:\/\/mostimondiale.com\/fr\/wp-json\/wp\/v2\/product_cat?post=1428"},{"taxonomy":"product_tag","embeddable":true,"href":"https:\/\/mostimondiale.com\/fr\/wp-json\/wp\/v2\/product_tag?post=1428"}],"curies":[{"name":"wp","href":"https:\/\/api.w.org\/{rel}","templated":true}]}}