{"id":1426,"date":"2019-04-15T15:38:29","date_gmt":"2019-04-15T19:38:29","guid":{"rendered":"https:\/\/mostimondiale.com\/?post_type=product&#038;p=1426"},"modified":"2019-05-06T17:15:29","modified_gmt":"2019-05-06T21:15:29","slug":"sauvignon-blanc-2","status":"publish","type":"product","link":"https:\/\/mostimondiale.com\/fr\/produits\/cepage\/sauvignon-blanc-fr\/sauvignon-blanc-2\/","title":{"rendered":"Sauvignon Blanc"},"content":{"rendered":"","protected":false},"excerpt":{"rendered":"<p>Contrairement \u00e0 la plupart des vins blancs de l\u2019aristocratie, le Sauvignon Blanc r\u00e8gne \u00e0 table. Sa robe jaune p\u00e2le l\u00e9g\u00e8rement dor\u00e9e, son nez fruit\u00e9 tr\u00e8s prononc\u00e9 et ses\u00a0saveurs souvent herbac\u00e9es et tr\u00e8s aromatiques en font\u00a0un vin tr\u00e8s pris\u00e9 des connaisseurs. Rehaussez n\u2019importe\u00a0quel plat l\u00e9ger avec ce vin souple et plaisant \u00e0 la pr\u00e9sence fra\u00eeche et acidul\u00e9e.<\/p>\n<p>&nbsp;<\/p>\n","protected":false},"featured_media":1280,"template":"","meta":{"_acf_changed":false},"product_brand":[],"product_cat":[176,154,167,221],"product_tag":[],"class_list":{"0":"post-1426","1":"product","2":"type-product","3":"status-publish","4":"has-post-thumbnail","6":"product_cat-blanc","7":"product_cat-mout-de-raisin-assemblage","8":"product_cat-renaissance-fr","9":"product_cat-sauvignon-blanc-fr","10":"pa_alcohol-12-6","11":"pa_aroma-fruite","12":"pa_aroma-herbace","13":"pa_body-2-moyen-leger","14":"pa_price-254","15":"pa_winemaker-addition-chene-leger","17":"first","18":"instock","19":"shipping-taxable","20":"product-type-simple"},"acf":[],"yoast_head":"<!-- This site is optimized with the Yoast SEO plugin v26.9 - https:\/\/yoast.com\/product\/yoast-seo-wordpress\/ -->\n<title>Renaissance Sauvignon Blanc \u2022 Trousse de Vinification | Mosti Mondiale<\/title>\n<meta name=\"description\" content=\"Notre Renaissance (16L) Sauvignon Blanc est un vin blanc moyen-l\u00e9ger comprenant du ch\u00eane clair. Un nez fruit\u00e9, saveurs herbac\u00e9es et tr\u00e8s aromatiques.\" \/>\n<meta name=\"robots\" content=\"index, follow, max-snippet:-1, max-image-preview:large, max-video-preview:-1\" \/>\n<link rel=\"canonical\" href=\"https:\/\/mostimondiale.com\/produits\/varietal\/sauvignon-blanc\/sauvignon-blanc-2\/\" \/>\n<meta property=\"og:locale\" content=\"fr_CA\" \/>\n<meta property=\"og:type\" content=\"article\" \/>\n<meta property=\"og:title\" content=\"Renaissance Sauvignon Blanc \u2022 Trousse de Vinification | Mosti Mondiale\" \/>\n<meta property=\"og:description\" content=\"Notre Renaissance (16L) Sauvignon Blanc est un vin blanc moyen-l\u00e9ger comprenant du ch\u00eane clair. Un nez fruit\u00e9, saveurs herbac\u00e9es et tr\u00e8s aromatiques.\" \/>\n<meta property=\"og:url\" content=\"https:\/\/mostimondiale.com\/produits\/varietal\/sauvignon-blanc\/sauvignon-blanc-2\/\" \/>\n<meta property=\"og:site_name\" content=\"Mosti Mondiale\" \/>\n<meta property=\"article:modified_time\" content=\"2019-05-06T21:15:29+00:00\" \/>\n<meta property=\"og:image\" content=\"https:\/\/mostimondiale.com\/wp-content\/uploads\/2019\/04\/renaissance-360x360-fr.png\" \/>\n\t<meta property=\"og:image:width\" content=\"360\" \/>\n\t<meta property=\"og:image:height\" content=\"360\" \/>\n\t<meta property=\"og:image:type\" content=\"image\/png\" \/>\n<meta name=\"twitter:card\" content=\"summary_large_image\" \/>\n<script type=\"application\/ld+json\" class=\"yoast-schema-graph\">{\"@context\":\"https:\/\/schema.org\",\"@graph\":[{\"@type\":\"WebPage\",\"@id\":\"https:\/\/mostimondiale.com\/produits\/varietal\/sauvignon-blanc\/sauvignon-blanc-2\/\",\"url\":\"https:\/\/mostimondiale.com\/produits\/varietal\/sauvignon-blanc\/sauvignon-blanc-2\/\",\"name\":\"Renaissance Sauvignon Blanc \u2022 Trousse de Vinification | Mosti Mondiale\",\"isPartOf\":{\"@id\":\"https:\/\/mostimondiale.com\/#website\"},\"primaryImageOfPage\":{\"@id\":\"https:\/\/mostimondiale.com\/produits\/varietal\/sauvignon-blanc\/sauvignon-blanc-2\/#primaryimage\"},\"image\":{\"@id\":\"https:\/\/mostimondiale.com\/produits\/varietal\/sauvignon-blanc\/sauvignon-blanc-2\/#primaryimage\"},\"thumbnailUrl\":\"https:\/\/mostimondiale.com\/wp-content\/uploads\/2019\/04\/renaissance-360x360-fr.png\",\"datePublished\":\"2019-04-15T19:38:29+00:00\",\"dateModified\":\"2019-05-06T21:15:29+00:00\",\"description\":\"Notre Renaissance (16L) Sauvignon Blanc est un vin blanc moyen-l\u00e9ger comprenant du ch\u00eane clair. Un nez fruit\u00e9, saveurs herbac\u00e9es et tr\u00e8s aromatiques.\",\"breadcrumb\":{\"@id\":\"https:\/\/mostimondiale.com\/produits\/varietal\/sauvignon-blanc\/sauvignon-blanc-2\/#breadcrumb\"},\"inLanguage\":\"fr-CA\",\"potentialAction\":[{\"@type\":\"ReadAction\",\"target\":[\"https:\/\/mostimondiale.com\/produits\/varietal\/sauvignon-blanc\/sauvignon-blanc-2\/\"]}]},{\"@type\":\"ImageObject\",\"inLanguage\":\"fr-CA\",\"@id\":\"https:\/\/mostimondiale.com\/produits\/varietal\/sauvignon-blanc\/sauvignon-blanc-2\/#primaryimage\",\"url\":\"https:\/\/mostimondiale.com\/wp-content\/uploads\/2019\/04\/renaissance-360x360-fr.png\",\"contentUrl\":\"https:\/\/mostimondiale.com\/wp-content\/uploads\/2019\/04\/renaissance-360x360-fr.png\",\"width\":360,\"height\":360},{\"@type\":\"BreadcrumbList\",\"@id\":\"https:\/\/mostimondiale.com\/produits\/varietal\/sauvignon-blanc\/sauvignon-blanc-2\/#breadcrumb\",\"itemListElement\":[{\"@type\":\"ListItem\",\"position\":1,\"name\":\"Accueil\",\"item\":\"https:\/\/mostimondiale.com\/fr\/\"},{\"@type\":\"ListItem\",\"position\":2,\"name\":\"Produits\",\"item\":\"https:\/\/mostimondiale.com\/fr\/produits\/\"},{\"@type\":\"ListItem\",\"position\":3,\"name\":\"Sauvignon Blanc\"}]},{\"@type\":\"WebSite\",\"@id\":\"https:\/\/mostimondiale.com\/#website\",\"url\":\"https:\/\/mostimondiale.com\/\",\"name\":\"Mosti Mondiale\",\"description\":\"\",\"potentialAction\":[{\"@type\":\"SearchAction\",\"target\":{\"@type\":\"EntryPoint\",\"urlTemplate\":\"https:\/\/mostimondiale.com\/?s={search_term_string}\"},\"query-input\":{\"@type\":\"PropertyValueSpecification\",\"valueRequired\":true,\"valueName\":\"search_term_string\"}}],\"inLanguage\":\"fr-CA\"}]}<\/script>\n<!-- \/ Yoast SEO plugin. -->","yoast_head_json":{"title":"Renaissance Sauvignon Blanc \u2022 Trousse de Vinification | Mosti Mondiale","description":"Notre Renaissance (16L) Sauvignon Blanc est un vin blanc moyen-l\u00e9ger comprenant du ch\u00eane clair. Un nez fruit\u00e9, saveurs herbac\u00e9es et tr\u00e8s aromatiques.","robots":{"index":"index","follow":"follow","max-snippet":"max-snippet:-1","max-image-preview":"max-image-preview:large","max-video-preview":"max-video-preview:-1"},"canonical":"https:\/\/mostimondiale.com\/produits\/varietal\/sauvignon-blanc\/sauvignon-blanc-2\/","og_locale":"fr_CA","og_type":"article","og_title":"Renaissance Sauvignon Blanc \u2022 Trousse de Vinification | Mosti Mondiale","og_description":"Notre Renaissance (16L) Sauvignon Blanc est un vin blanc moyen-l\u00e9ger comprenant du ch\u00eane clair. Un nez fruit\u00e9, saveurs herbac\u00e9es et tr\u00e8s aromatiques.","og_url":"https:\/\/mostimondiale.com\/produits\/varietal\/sauvignon-blanc\/sauvignon-blanc-2\/","og_site_name":"Mosti Mondiale","article_modified_time":"2019-05-06T21:15:29+00:00","og_image":[{"width":360,"height":360,"url":"https:\/\/mostimondiale.com\/wp-content\/uploads\/2019\/04\/renaissance-360x360-fr.png","type":"image\/png"}],"twitter_card":"summary_large_image","schema":{"@context":"https:\/\/schema.org","@graph":[{"@type":"WebPage","@id":"https:\/\/mostimondiale.com\/produits\/varietal\/sauvignon-blanc\/sauvignon-blanc-2\/","url":"https:\/\/mostimondiale.com\/produits\/varietal\/sauvignon-blanc\/sauvignon-blanc-2\/","name":"Renaissance Sauvignon Blanc \u2022 Trousse de Vinification | Mosti Mondiale","isPartOf":{"@id":"https:\/\/mostimondiale.com\/#website"},"primaryImageOfPage":{"@id":"https:\/\/mostimondiale.com\/produits\/varietal\/sauvignon-blanc\/sauvignon-blanc-2\/#primaryimage"},"image":{"@id":"https:\/\/mostimondiale.com\/produits\/varietal\/sauvignon-blanc\/sauvignon-blanc-2\/#primaryimage"},"thumbnailUrl":"https:\/\/mostimondiale.com\/wp-content\/uploads\/2019\/04\/renaissance-360x360-fr.png","datePublished":"2019-04-15T19:38:29+00:00","dateModified":"2019-05-06T21:15:29+00:00","description":"Notre Renaissance (16L) Sauvignon Blanc est un vin blanc moyen-l\u00e9ger comprenant du ch\u00eane clair. Un nez fruit\u00e9, saveurs herbac\u00e9es et tr\u00e8s aromatiques.","breadcrumb":{"@id":"https:\/\/mostimondiale.com\/produits\/varietal\/sauvignon-blanc\/sauvignon-blanc-2\/#breadcrumb"},"inLanguage":"fr-CA","potentialAction":[{"@type":"ReadAction","target":["https:\/\/mostimondiale.com\/produits\/varietal\/sauvignon-blanc\/sauvignon-blanc-2\/"]}]},{"@type":"ImageObject","inLanguage":"fr-CA","@id":"https:\/\/mostimondiale.com\/produits\/varietal\/sauvignon-blanc\/sauvignon-blanc-2\/#primaryimage","url":"https:\/\/mostimondiale.com\/wp-content\/uploads\/2019\/04\/renaissance-360x360-fr.png","contentUrl":"https:\/\/mostimondiale.com\/wp-content\/uploads\/2019\/04\/renaissance-360x360-fr.png","width":360,"height":360},{"@type":"BreadcrumbList","@id":"https:\/\/mostimondiale.com\/produits\/varietal\/sauvignon-blanc\/sauvignon-blanc-2\/#breadcrumb","itemListElement":[{"@type":"ListItem","position":1,"name":"Accueil","item":"https:\/\/mostimondiale.com\/fr\/"},{"@type":"ListItem","position":2,"name":"Produits","item":"https:\/\/mostimondiale.com\/fr\/produits\/"},{"@type":"ListItem","position":3,"name":"Sauvignon Blanc"}]},{"@type":"WebSite","@id":"https:\/\/mostimondiale.com\/#website","url":"https:\/\/mostimondiale.com\/","name":"Mosti Mondiale","description":"","potentialAction":[{"@type":"SearchAction","target":{"@type":"EntryPoint","urlTemplate":"https:\/\/mostimondiale.com\/?s={search_term_string}"},"query-input":{"@type":"PropertyValueSpecification","valueRequired":true,"valueName":"search_term_string"}}],"inLanguage":"fr-CA"}]}},"_links":{"self":[{"href":"https:\/\/mostimondiale.com\/fr\/wp-json\/wp\/v2\/product\/1426","targetHints":{"allow":["GET"]}}],"collection":[{"href":"https:\/\/mostimondiale.com\/fr\/wp-json\/wp\/v2\/product"}],"about":[{"href":"https:\/\/mostimondiale.com\/fr\/wp-json\/wp\/v2\/types\/product"}],"wp:featuredmedia":[{"embeddable":true,"href":"https:\/\/mostimondiale.com\/fr\/wp-json\/wp\/v2\/media\/1280"}],"wp:attachment":[{"href":"https:\/\/mostimondiale.com\/fr\/wp-json\/wp\/v2\/media?parent=1426"}],"wp:term":[{"taxonomy":"product_brand","embeddable":true,"href":"https:\/\/mostimondiale.com\/fr\/wp-json\/wp\/v2\/product_brand?post=1426"},{"taxonomy":"product_cat","embeddable":true,"href":"https:\/\/mostimondiale.com\/fr\/wp-json\/wp\/v2\/product_cat?post=1426"},{"taxonomy":"product_tag","embeddable":true,"href":"https:\/\/mostimondiale.com\/fr\/wp-json\/wp\/v2\/product_tag?post=1426"}],"curies":[{"name":"wp","href":"https:\/\/api.w.org\/{rel}","templated":true}]}}