{"id":1425,"date":"2019-04-15T15:33:21","date_gmt":"2019-04-15T19:33:22","guid":{"rendered":"https:\/\/mostimondiale.com\/?post_type=product&#038;p=1425"},"modified":"2019-05-06T17:16:00","modified_gmt":"2019-05-06T21:16:00","slug":"rio-grande-rojo","status":"publish","type":"product","link":"https:\/\/mostimondiale.com\/fr\/produits\/cepage\/rio-grande-rojo-fr\/rio-grande-rojo\/","title":{"rendered":"Rio Grande Rojo"},"content":{"rendered":"","protected":false},"excerpt":{"rendered":"<p>Fier membre de la famille des m\u00e9langes exclusifs\u00a0\u00e0 Mosti Mondiale, ce vin pr\u00e9sente une profonde\u00a0robe d\u2019un rouge rubis. Il est cors\u00e9, riche et \u00ab\u2005plein\u2005\u00bb dans tous les sens du terme. Il propose des ar\u00f4mes prononc\u00e9s de ch\u00eane et des notes terreuses. Vous go\u00fbterez ses saveurs de chocolat et de vanille de m\u00eame que ses notes \u00e9pic\u00e9es et prononc\u00e9es de cerises noires, de prunes et de cassis.<\/p>\n<p>&nbsp;<\/p>\n","protected":false},"featured_media":1280,"template":"","meta":{"_acf_changed":false},"product_brand":[],"product_cat":[154,167,343,173],"product_tag":[],"class_list":{"0":"post-1425","1":"product","2":"type-product","3":"status-publish","4":"has-post-thumbnail","6":"product_cat-mout-de-raisin-assemblage","7":"product_cat-renaissance-fr","8":"product_cat-rio-grande-rojo-fr","9":"product_cat-rouge","10":"pa_alcohol-13-7","11":"pa_aroma-boise","12":"pa_aroma-caramelise","13":"pa_aroma-epice","14":"pa_aroma-fruite","15":"pa_aroma-terreux","16":"pa_body-5-tres-corse","17":"pa_price-254","18":"pa_winemaker-addition-chene-leger","20":"first","21":"instock","22":"shipping-taxable","23":"product-type-simple"},"acf":[],"yoast_head":"<!-- This site is optimized with the Yoast SEO plugin v26.9 - https:\/\/yoast.com\/product\/yoast-seo-wordpress\/ -->\n<title>Renaissance Rio Grande Rojo \u2022 Trousse de Vinification | Mosti Mondiale<\/title>\n<meta name=\"description\" content=\"Rio Grande Rojo est un vin rouge tr\u00e8s cors\u00e9 comprenant du ch\u00eane clair. Notes \u00e9pic\u00e9es et prononc\u00e9es de cerises noires, de prunes et de cassis.\" \/>\n<meta name=\"robots\" content=\"index, follow, max-snippet:-1, max-image-preview:large, max-video-preview:-1\" \/>\n<link rel=\"canonical\" href=\"https:\/\/mostimondiale.com\/produits\/varietal\/rio-grande-rojo\/rio-grande-rojo\/\" \/>\n<meta property=\"og:locale\" content=\"fr_CA\" \/>\n<meta property=\"og:type\" content=\"article\" \/>\n<meta property=\"og:title\" content=\"Renaissance Rio Grande Rojo \u2022 Trousse de Vinification | Mosti Mondiale\" \/>\n<meta property=\"og:description\" content=\"Rio Grande Rojo est un vin rouge tr\u00e8s cors\u00e9 comprenant du ch\u00eane clair. Notes \u00e9pic\u00e9es et prononc\u00e9es de cerises noires, de prunes et de cassis.\" \/>\n<meta property=\"og:url\" content=\"https:\/\/mostimondiale.com\/produits\/varietal\/rio-grande-rojo\/rio-grande-rojo\/\" \/>\n<meta property=\"og:site_name\" content=\"Mosti Mondiale\" \/>\n<meta property=\"article:modified_time\" content=\"2019-05-06T21:16:00+00:00\" \/>\n<meta property=\"og:image\" content=\"https:\/\/mostimondiale.com\/wp-content\/uploads\/2019\/04\/renaissance-360x360-fr.png\" \/>\n\t<meta property=\"og:image:width\" content=\"360\" \/>\n\t<meta property=\"og:image:height\" content=\"360\" \/>\n\t<meta property=\"og:image:type\" content=\"image\/png\" \/>\n<meta name=\"twitter:card\" content=\"summary_large_image\" \/>\n<script type=\"application\/ld+json\" class=\"yoast-schema-graph\">{\"@context\":\"https:\/\/schema.org\",\"@graph\":[{\"@type\":\"WebPage\",\"@id\":\"https:\/\/mostimondiale.com\/produits\/varietal\/rio-grande-rojo\/rio-grande-rojo\/\",\"url\":\"https:\/\/mostimondiale.com\/produits\/varietal\/rio-grande-rojo\/rio-grande-rojo\/\",\"name\":\"Renaissance Rio Grande Rojo \u2022 Trousse de Vinification | Mosti Mondiale\",\"isPartOf\":{\"@id\":\"https:\/\/mostimondiale.com\/#website\"},\"primaryImageOfPage\":{\"@id\":\"https:\/\/mostimondiale.com\/produits\/varietal\/rio-grande-rojo\/rio-grande-rojo\/#primaryimage\"},\"image\":{\"@id\":\"https:\/\/mostimondiale.com\/produits\/varietal\/rio-grande-rojo\/rio-grande-rojo\/#primaryimage\"},\"thumbnailUrl\":\"https:\/\/mostimondiale.com\/wp-content\/uploads\/2019\/04\/renaissance-360x360-fr.png\",\"datePublished\":\"2019-04-15T19:33:22+00:00\",\"dateModified\":\"2019-05-06T21:16:00+00:00\",\"description\":\"Rio Grande Rojo est un vin rouge tr\u00e8s cors\u00e9 comprenant du ch\u00eane clair. Notes \u00e9pic\u00e9es et prononc\u00e9es de cerises noires, de prunes et de cassis.\",\"breadcrumb\":{\"@id\":\"https:\/\/mostimondiale.com\/produits\/varietal\/rio-grande-rojo\/rio-grande-rojo\/#breadcrumb\"},\"inLanguage\":\"fr-CA\",\"potentialAction\":[{\"@type\":\"ReadAction\",\"target\":[\"https:\/\/mostimondiale.com\/produits\/varietal\/rio-grande-rojo\/rio-grande-rojo\/\"]}]},{\"@type\":\"ImageObject\",\"inLanguage\":\"fr-CA\",\"@id\":\"https:\/\/mostimondiale.com\/produits\/varietal\/rio-grande-rojo\/rio-grande-rojo\/#primaryimage\",\"url\":\"https:\/\/mostimondiale.com\/wp-content\/uploads\/2019\/04\/renaissance-360x360-fr.png\",\"contentUrl\":\"https:\/\/mostimondiale.com\/wp-content\/uploads\/2019\/04\/renaissance-360x360-fr.png\",\"width\":360,\"height\":360},{\"@type\":\"BreadcrumbList\",\"@id\":\"https:\/\/mostimondiale.com\/produits\/varietal\/rio-grande-rojo\/rio-grande-rojo\/#breadcrumb\",\"itemListElement\":[{\"@type\":\"ListItem\",\"position\":1,\"name\":\"Accueil\",\"item\":\"https:\/\/mostimondiale.com\/fr\/\"},{\"@type\":\"ListItem\",\"position\":2,\"name\":\"Produits\",\"item\":\"https:\/\/mostimondiale.com\/fr\/produits\/\"},{\"@type\":\"ListItem\",\"position\":3,\"name\":\"Rio Grande Rojo\"}]},{\"@type\":\"WebSite\",\"@id\":\"https:\/\/mostimondiale.com\/#website\",\"url\":\"https:\/\/mostimondiale.com\/\",\"name\":\"Mosti Mondiale\",\"description\":\"\",\"potentialAction\":[{\"@type\":\"SearchAction\",\"target\":{\"@type\":\"EntryPoint\",\"urlTemplate\":\"https:\/\/mostimondiale.com\/?s={search_term_string}\"},\"query-input\":{\"@type\":\"PropertyValueSpecification\",\"valueRequired\":true,\"valueName\":\"search_term_string\"}}],\"inLanguage\":\"fr-CA\"}]}<\/script>\n<!-- \/ Yoast SEO plugin. -->","yoast_head_json":{"title":"Renaissance Rio Grande Rojo \u2022 Trousse de Vinification | Mosti Mondiale","description":"Rio Grande Rojo est un vin rouge tr\u00e8s cors\u00e9 comprenant du ch\u00eane clair. Notes \u00e9pic\u00e9es et prononc\u00e9es de cerises noires, de prunes et de cassis.","robots":{"index":"index","follow":"follow","max-snippet":"max-snippet:-1","max-image-preview":"max-image-preview:large","max-video-preview":"max-video-preview:-1"},"canonical":"https:\/\/mostimondiale.com\/produits\/varietal\/rio-grande-rojo\/rio-grande-rojo\/","og_locale":"fr_CA","og_type":"article","og_title":"Renaissance Rio Grande Rojo \u2022 Trousse de Vinification | Mosti Mondiale","og_description":"Rio Grande Rojo est un vin rouge tr\u00e8s cors\u00e9 comprenant du ch\u00eane clair. Notes \u00e9pic\u00e9es et prononc\u00e9es de cerises noires, de prunes et de cassis.","og_url":"https:\/\/mostimondiale.com\/produits\/varietal\/rio-grande-rojo\/rio-grande-rojo\/","og_site_name":"Mosti Mondiale","article_modified_time":"2019-05-06T21:16:00+00:00","og_image":[{"width":360,"height":360,"url":"https:\/\/mostimondiale.com\/wp-content\/uploads\/2019\/04\/renaissance-360x360-fr.png","type":"image\/png"}],"twitter_card":"summary_large_image","schema":{"@context":"https:\/\/schema.org","@graph":[{"@type":"WebPage","@id":"https:\/\/mostimondiale.com\/produits\/varietal\/rio-grande-rojo\/rio-grande-rojo\/","url":"https:\/\/mostimondiale.com\/produits\/varietal\/rio-grande-rojo\/rio-grande-rojo\/","name":"Renaissance Rio Grande Rojo \u2022 Trousse de Vinification | Mosti Mondiale","isPartOf":{"@id":"https:\/\/mostimondiale.com\/#website"},"primaryImageOfPage":{"@id":"https:\/\/mostimondiale.com\/produits\/varietal\/rio-grande-rojo\/rio-grande-rojo\/#primaryimage"},"image":{"@id":"https:\/\/mostimondiale.com\/produits\/varietal\/rio-grande-rojo\/rio-grande-rojo\/#primaryimage"},"thumbnailUrl":"https:\/\/mostimondiale.com\/wp-content\/uploads\/2019\/04\/renaissance-360x360-fr.png","datePublished":"2019-04-15T19:33:22+00:00","dateModified":"2019-05-06T21:16:00+00:00","description":"Rio Grande Rojo est un vin rouge tr\u00e8s cors\u00e9 comprenant du ch\u00eane clair. Notes \u00e9pic\u00e9es et prononc\u00e9es de cerises noires, de prunes et de cassis.","breadcrumb":{"@id":"https:\/\/mostimondiale.com\/produits\/varietal\/rio-grande-rojo\/rio-grande-rojo\/#breadcrumb"},"inLanguage":"fr-CA","potentialAction":[{"@type":"ReadAction","target":["https:\/\/mostimondiale.com\/produits\/varietal\/rio-grande-rojo\/rio-grande-rojo\/"]}]},{"@type":"ImageObject","inLanguage":"fr-CA","@id":"https:\/\/mostimondiale.com\/produits\/varietal\/rio-grande-rojo\/rio-grande-rojo\/#primaryimage","url":"https:\/\/mostimondiale.com\/wp-content\/uploads\/2019\/04\/renaissance-360x360-fr.png","contentUrl":"https:\/\/mostimondiale.com\/wp-content\/uploads\/2019\/04\/renaissance-360x360-fr.png","width":360,"height":360},{"@type":"BreadcrumbList","@id":"https:\/\/mostimondiale.com\/produits\/varietal\/rio-grande-rojo\/rio-grande-rojo\/#breadcrumb","itemListElement":[{"@type":"ListItem","position":1,"name":"Accueil","item":"https:\/\/mostimondiale.com\/fr\/"},{"@type":"ListItem","position":2,"name":"Produits","item":"https:\/\/mostimondiale.com\/fr\/produits\/"},{"@type":"ListItem","position":3,"name":"Rio Grande Rojo"}]},{"@type":"WebSite","@id":"https:\/\/mostimondiale.com\/#website","url":"https:\/\/mostimondiale.com\/","name":"Mosti Mondiale","description":"","potentialAction":[{"@type":"SearchAction","target":{"@type":"EntryPoint","urlTemplate":"https:\/\/mostimondiale.com\/?s={search_term_string}"},"query-input":{"@type":"PropertyValueSpecification","valueRequired":true,"valueName":"search_term_string"}}],"inLanguage":"fr-CA"}]}},"_links":{"self":[{"href":"https:\/\/mostimondiale.com\/fr\/wp-json\/wp\/v2\/product\/1425","targetHints":{"allow":["GET"]}}],"collection":[{"href":"https:\/\/mostimondiale.com\/fr\/wp-json\/wp\/v2\/product"}],"about":[{"href":"https:\/\/mostimondiale.com\/fr\/wp-json\/wp\/v2\/types\/product"}],"wp:featuredmedia":[{"embeddable":true,"href":"https:\/\/mostimondiale.com\/fr\/wp-json\/wp\/v2\/media\/1280"}],"wp:attachment":[{"href":"https:\/\/mostimondiale.com\/fr\/wp-json\/wp\/v2\/media?parent=1425"}],"wp:term":[{"taxonomy":"product_brand","embeddable":true,"href":"https:\/\/mostimondiale.com\/fr\/wp-json\/wp\/v2\/product_brand?post=1425"},{"taxonomy":"product_cat","embeddable":true,"href":"https:\/\/mostimondiale.com\/fr\/wp-json\/wp\/v2\/product_cat?post=1425"},{"taxonomy":"product_tag","embeddable":true,"href":"https:\/\/mostimondiale.com\/fr\/wp-json\/wp\/v2\/product_tag?post=1425"}],"curies":[{"name":"wp","href":"https:\/\/api.w.org\/{rel}","templated":true}]}}