{"id":1423,"date":"2019-04-15T15:27:34","date_gmt":"2019-04-15T19:27:34","guid":{"rendered":"https:\/\/mostimondiale.com\/?post_type=product&#038;p=1423"},"modified":"2019-05-06T17:16:27","modified_gmt":"2019-05-06T21:16:27","slug":"shiraz-merlot","status":"publish","type":"product","link":"https:\/\/mostimondiale.com\/fr\/produits\/cepage\/merlot-fr\/shiraz-merlot\/","title":{"rendered":"Shiraz Merlot"},"content":{"rendered":"","protected":false},"excerpt":{"rendered":"<p>Une merveilleuse combinaison de deux c\u00e9pages\u00a0populaires et tr\u00e8s diff\u00e9rents. Le r\u00e9sultat est un vin\u00a0aux ar\u00f4mes subtils de cassis et de poivre relev\u00e9s de nuances de cuir qui lui donnent sa robe d\u2019un rouge rubis profond. Le m\u00e9lange de ces deux c\u00e9pages cr\u00e9e un vin complexe et facile \u00e0 boire qui se d\u00e9guste apr\u00e8s une courte p\u00e9riode de vieillissement.<\/p>\n<p>&nbsp;<\/p>\n","protected":false},"featured_media":1280,"template":"","meta":{"_acf_changed":false},"product_brand":[],"product_cat":[203,154,167,173,223],"product_tag":[],"class_list":{"0":"post-1423","1":"product","2":"type-product","3":"status-publish","4":"has-post-thumbnail","6":"product_cat-merlot-fr","7":"product_cat-mout-de-raisin-assemblage","8":"product_cat-renaissance-fr","9":"product_cat-rouge","10":"product_cat-shiraz-fr","11":"pa_alcohol-12-9-fr-2","12":"pa_aroma-epice","13":"pa_aroma-fruite","14":"pa_body-5-tres-corse","15":"pa_price-254","16":"pa_winemaker-addition-chene-fonce","18":"first","19":"instock","20":"shipping-taxable","21":"product-type-simple"},"acf":[],"yoast_head":"<!-- This site is optimized with the Yoast SEO plugin v26.9 - https:\/\/yoast.com\/product\/yoast-seo-wordpress\/ -->\n<title>Renaissance Shiraz Merlot \u2022 Trousse|Kit de Vinification | Mosti Mondiale<\/title>\n<meta name=\"description\" content=\"Notre Renaissance (16L) Shiraz-Merlot est un vin rouge tr\u00e8s cors\u00e9 comprenant du ch\u00eane fonc\u00e9. Ar\u00f4mes de cassis et de poivre relev\u00e9s de nuances de cuir.\" \/>\n<meta name=\"robots\" content=\"index, follow, max-snippet:-1, max-image-preview:large, max-video-preview:-1\" \/>\n<link rel=\"canonical\" href=\"https:\/\/mostimondiale.com\/produits\/varietal\/merlot\/shiraz-merlot\/\" \/>\n<meta property=\"og:locale\" content=\"fr_CA\" \/>\n<meta property=\"og:type\" content=\"article\" \/>\n<meta property=\"og:title\" content=\"Renaissance Shiraz Merlot \u2022 Trousse|Kit de Vinification | Mosti Mondiale\" \/>\n<meta property=\"og:description\" content=\"Notre Renaissance (16L) Shiraz-Merlot est un vin rouge tr\u00e8s cors\u00e9 comprenant du ch\u00eane fonc\u00e9. Ar\u00f4mes de cassis et de poivre relev\u00e9s de nuances de cuir.\" \/>\n<meta property=\"og:url\" content=\"https:\/\/mostimondiale.com\/produits\/varietal\/merlot\/shiraz-merlot\/\" \/>\n<meta property=\"og:site_name\" content=\"Mosti Mondiale\" \/>\n<meta property=\"article:modified_time\" content=\"2019-05-06T21:16:27+00:00\" \/>\n<meta property=\"og:image\" content=\"https:\/\/mostimondiale.com\/wp-content\/uploads\/2019\/04\/renaissance-360x360-fr.png\" \/>\n\t<meta property=\"og:image:width\" content=\"360\" \/>\n\t<meta property=\"og:image:height\" content=\"360\" \/>\n\t<meta property=\"og:image:type\" content=\"image\/png\" \/>\n<meta name=\"twitter:card\" content=\"summary_large_image\" \/>\n<script type=\"application\/ld+json\" class=\"yoast-schema-graph\">{\"@context\":\"https:\/\/schema.org\",\"@graph\":[{\"@type\":\"WebPage\",\"@id\":\"https:\/\/mostimondiale.com\/produits\/varietal\/merlot\/shiraz-merlot\/\",\"url\":\"https:\/\/mostimondiale.com\/produits\/varietal\/merlot\/shiraz-merlot\/\",\"name\":\"Renaissance Shiraz Merlot \u2022 Trousse|Kit de Vinification | Mosti Mondiale\",\"isPartOf\":{\"@id\":\"https:\/\/mostimondiale.com\/#website\"},\"primaryImageOfPage\":{\"@id\":\"https:\/\/mostimondiale.com\/produits\/varietal\/merlot\/shiraz-merlot\/#primaryimage\"},\"image\":{\"@id\":\"https:\/\/mostimondiale.com\/produits\/varietal\/merlot\/shiraz-merlot\/#primaryimage\"},\"thumbnailUrl\":\"https:\/\/mostimondiale.com\/wp-content\/uploads\/2019\/04\/renaissance-360x360-fr.png\",\"datePublished\":\"2019-04-15T19:27:34+00:00\",\"dateModified\":\"2019-05-06T21:16:27+00:00\",\"description\":\"Notre Renaissance (16L) Shiraz-Merlot est un vin rouge tr\u00e8s cors\u00e9 comprenant du ch\u00eane fonc\u00e9. Ar\u00f4mes de cassis et de poivre relev\u00e9s de nuances de cuir.\",\"breadcrumb\":{\"@id\":\"https:\/\/mostimondiale.com\/produits\/varietal\/merlot\/shiraz-merlot\/#breadcrumb\"},\"inLanguage\":\"fr-CA\",\"potentialAction\":[{\"@type\":\"ReadAction\",\"target\":[\"https:\/\/mostimondiale.com\/produits\/varietal\/merlot\/shiraz-merlot\/\"]}]},{\"@type\":\"ImageObject\",\"inLanguage\":\"fr-CA\",\"@id\":\"https:\/\/mostimondiale.com\/produits\/varietal\/merlot\/shiraz-merlot\/#primaryimage\",\"url\":\"https:\/\/mostimondiale.com\/wp-content\/uploads\/2019\/04\/renaissance-360x360-fr.png\",\"contentUrl\":\"https:\/\/mostimondiale.com\/wp-content\/uploads\/2019\/04\/renaissance-360x360-fr.png\",\"width\":360,\"height\":360},{\"@type\":\"BreadcrumbList\",\"@id\":\"https:\/\/mostimondiale.com\/produits\/varietal\/merlot\/shiraz-merlot\/#breadcrumb\",\"itemListElement\":[{\"@type\":\"ListItem\",\"position\":1,\"name\":\"Accueil\",\"item\":\"https:\/\/mostimondiale.com\/fr\/\"},{\"@type\":\"ListItem\",\"position\":2,\"name\":\"Produits\",\"item\":\"https:\/\/mostimondiale.com\/fr\/produits\/\"},{\"@type\":\"ListItem\",\"position\":3,\"name\":\"Shiraz Merlot\"}]},{\"@type\":\"WebSite\",\"@id\":\"https:\/\/mostimondiale.com\/#website\",\"url\":\"https:\/\/mostimondiale.com\/\",\"name\":\"Mosti Mondiale\",\"description\":\"\",\"potentialAction\":[{\"@type\":\"SearchAction\",\"target\":{\"@type\":\"EntryPoint\",\"urlTemplate\":\"https:\/\/mostimondiale.com\/?s={search_term_string}\"},\"query-input\":{\"@type\":\"PropertyValueSpecification\",\"valueRequired\":true,\"valueName\":\"search_term_string\"}}],\"inLanguage\":\"fr-CA\"}]}<\/script>\n<!-- \/ Yoast SEO plugin. -->","yoast_head_json":{"title":"Renaissance Shiraz Merlot \u2022 Trousse|Kit de Vinification | Mosti Mondiale","description":"Notre Renaissance (16L) Shiraz-Merlot est un vin rouge tr\u00e8s cors\u00e9 comprenant du ch\u00eane fonc\u00e9. Ar\u00f4mes de cassis et de poivre relev\u00e9s de nuances de cuir.","robots":{"index":"index","follow":"follow","max-snippet":"max-snippet:-1","max-image-preview":"max-image-preview:large","max-video-preview":"max-video-preview:-1"},"canonical":"https:\/\/mostimondiale.com\/produits\/varietal\/merlot\/shiraz-merlot\/","og_locale":"fr_CA","og_type":"article","og_title":"Renaissance Shiraz Merlot \u2022 Trousse|Kit de Vinification | Mosti Mondiale","og_description":"Notre Renaissance (16L) Shiraz-Merlot est un vin rouge tr\u00e8s cors\u00e9 comprenant du ch\u00eane fonc\u00e9. Ar\u00f4mes de cassis et de poivre relev\u00e9s de nuances de cuir.","og_url":"https:\/\/mostimondiale.com\/produits\/varietal\/merlot\/shiraz-merlot\/","og_site_name":"Mosti Mondiale","article_modified_time":"2019-05-06T21:16:27+00:00","og_image":[{"width":360,"height":360,"url":"https:\/\/mostimondiale.com\/wp-content\/uploads\/2019\/04\/renaissance-360x360-fr.png","type":"image\/png"}],"twitter_card":"summary_large_image","schema":{"@context":"https:\/\/schema.org","@graph":[{"@type":"WebPage","@id":"https:\/\/mostimondiale.com\/produits\/varietal\/merlot\/shiraz-merlot\/","url":"https:\/\/mostimondiale.com\/produits\/varietal\/merlot\/shiraz-merlot\/","name":"Renaissance Shiraz Merlot \u2022 Trousse|Kit de Vinification | Mosti Mondiale","isPartOf":{"@id":"https:\/\/mostimondiale.com\/#website"},"primaryImageOfPage":{"@id":"https:\/\/mostimondiale.com\/produits\/varietal\/merlot\/shiraz-merlot\/#primaryimage"},"image":{"@id":"https:\/\/mostimondiale.com\/produits\/varietal\/merlot\/shiraz-merlot\/#primaryimage"},"thumbnailUrl":"https:\/\/mostimondiale.com\/wp-content\/uploads\/2019\/04\/renaissance-360x360-fr.png","datePublished":"2019-04-15T19:27:34+00:00","dateModified":"2019-05-06T21:16:27+00:00","description":"Notre Renaissance (16L) Shiraz-Merlot est un vin rouge tr\u00e8s cors\u00e9 comprenant du ch\u00eane fonc\u00e9. Ar\u00f4mes de cassis et de poivre relev\u00e9s de nuances de cuir.","breadcrumb":{"@id":"https:\/\/mostimondiale.com\/produits\/varietal\/merlot\/shiraz-merlot\/#breadcrumb"},"inLanguage":"fr-CA","potentialAction":[{"@type":"ReadAction","target":["https:\/\/mostimondiale.com\/produits\/varietal\/merlot\/shiraz-merlot\/"]}]},{"@type":"ImageObject","inLanguage":"fr-CA","@id":"https:\/\/mostimondiale.com\/produits\/varietal\/merlot\/shiraz-merlot\/#primaryimage","url":"https:\/\/mostimondiale.com\/wp-content\/uploads\/2019\/04\/renaissance-360x360-fr.png","contentUrl":"https:\/\/mostimondiale.com\/wp-content\/uploads\/2019\/04\/renaissance-360x360-fr.png","width":360,"height":360},{"@type":"BreadcrumbList","@id":"https:\/\/mostimondiale.com\/produits\/varietal\/merlot\/shiraz-merlot\/#breadcrumb","itemListElement":[{"@type":"ListItem","position":1,"name":"Accueil","item":"https:\/\/mostimondiale.com\/fr\/"},{"@type":"ListItem","position":2,"name":"Produits","item":"https:\/\/mostimondiale.com\/fr\/produits\/"},{"@type":"ListItem","position":3,"name":"Shiraz Merlot"}]},{"@type":"WebSite","@id":"https:\/\/mostimondiale.com\/#website","url":"https:\/\/mostimondiale.com\/","name":"Mosti Mondiale","description":"","potentialAction":[{"@type":"SearchAction","target":{"@type":"EntryPoint","urlTemplate":"https:\/\/mostimondiale.com\/?s={search_term_string}"},"query-input":{"@type":"PropertyValueSpecification","valueRequired":true,"valueName":"search_term_string"}}],"inLanguage":"fr-CA"}]}},"_links":{"self":[{"href":"https:\/\/mostimondiale.com\/fr\/wp-json\/wp\/v2\/product\/1423","targetHints":{"allow":["GET"]}}],"collection":[{"href":"https:\/\/mostimondiale.com\/fr\/wp-json\/wp\/v2\/product"}],"about":[{"href":"https:\/\/mostimondiale.com\/fr\/wp-json\/wp\/v2\/types\/product"}],"wp:featuredmedia":[{"embeddable":true,"href":"https:\/\/mostimondiale.com\/fr\/wp-json\/wp\/v2\/media\/1280"}],"wp:attachment":[{"href":"https:\/\/mostimondiale.com\/fr\/wp-json\/wp\/v2\/media?parent=1423"}],"wp:term":[{"taxonomy":"product_brand","embeddable":true,"href":"https:\/\/mostimondiale.com\/fr\/wp-json\/wp\/v2\/product_brand?post=1423"},{"taxonomy":"product_cat","embeddable":true,"href":"https:\/\/mostimondiale.com\/fr\/wp-json\/wp\/v2\/product_cat?post=1423"},{"taxonomy":"product_tag","embeddable":true,"href":"https:\/\/mostimondiale.com\/fr\/wp-json\/wp\/v2\/product_tag?post=1423"}],"curies":[{"name":"wp","href":"https:\/\/api.w.org\/{rel}","templated":true}]}}