{"id":1420,"date":"2019-04-15T15:21:41","date_gmt":"2019-04-15T19:21:41","guid":{"rendered":"https:\/\/mostimondiale.com\/?post_type=product&#038;p=1420"},"modified":"2019-05-06T17:16:52","modified_gmt":"2019-05-06T21:16:52","slug":"cabernet-sauvignon-2","status":"publish","type":"product","link":"https:\/\/mostimondiale.com\/fr\/produits\/cepage\/cabernet-sauvignon-fr\/cabernet-sauvignon-2\/","title":{"rendered":"Cabernet Sauvignon (Australie)"},"content":{"rendered":"","protected":false},"excerpt":{"rendered":"<p>La version Australienne du \u00ab\u2005Roi\u2005\u00bb proclam\u00e9 contient de riches tanins profonds qui indiquent un grand potentiel de vieillissement. Dot\u00e9 d\u2019un riche bouquet de baies avec des notes de cassis et accompagn\u00e9 d\u2019effluves fum\u00e9es, ce vin satisfera vos papilles\u00a0au-del\u00e0 de vos r\u00eaves les plus fous.<\/p>\n<p>&nbsp;<\/p>\n","protected":false},"featured_media":1280,"template":"","meta":{"_acf_changed":false},"product_brand":[],"product_cat":[187,154,167,173],"product_tag":[],"class_list":{"0":"post-1420","1":"product","2":"type-product","3":"status-publish","4":"has-post-thumbnail","6":"product_cat-cabernet-sauvignon-fr","7":"product_cat-mout-de-raisin-assemblage","8":"product_cat-renaissance-fr","9":"product_cat-rouge","10":"pa_alcohol-13-7","11":"pa_aroma-boise","12":"pa_aroma-fruite","13":"pa_body-5-tres-corse","14":"pa_price-254","15":"pa_winemaker-addition-chene-leger","17":"first","18":"instock","19":"shipping-taxable","20":"product-type-simple"},"acf":[],"yoast_head":"<!-- This site is optimized with the Yoast SEO plugin v26.9 - https:\/\/yoast.com\/product\/yoast-seo-wordpress\/ -->\n<title>Renaissance Cabernet Sauvignon \u2022 Trousse Vinification | Mosti Mondiale<\/title>\n<meta name=\"description\" content=\"Notre Renaissance (16L) Cabernet Sauvignon est un vin rouge tr\u00e8s cors\u00e9 comprenant du ch\u00eane clair. Bouquet de baies, notes de cassis et effluves fum\u00e9es.\" \/>\n<meta name=\"robots\" content=\"index, follow, max-snippet:-1, max-image-preview:large, max-video-preview:-1\" \/>\n<link rel=\"canonical\" href=\"https:\/\/mostimondiale.com\/produits\/varietal\/cabernet-sauvignon\/cabernet-sauvignon-2\/\" \/>\n<meta property=\"og:locale\" content=\"fr_CA\" \/>\n<meta property=\"og:type\" content=\"article\" \/>\n<meta property=\"og:title\" content=\"Renaissance Cabernet Sauvignon \u2022 Trousse Vinification | Mosti Mondiale\" \/>\n<meta property=\"og:description\" content=\"Notre Renaissance (16L) Cabernet Sauvignon est un vin rouge tr\u00e8s cors\u00e9 comprenant du ch\u00eane clair. Bouquet de baies, notes de cassis et effluves fum\u00e9es.\" \/>\n<meta property=\"og:url\" content=\"https:\/\/mostimondiale.com\/produits\/varietal\/cabernet-sauvignon\/cabernet-sauvignon-2\/\" \/>\n<meta property=\"og:site_name\" content=\"Mosti Mondiale\" \/>\n<meta property=\"article:modified_time\" content=\"2019-05-06T21:16:52+00:00\" \/>\n<meta property=\"og:image\" content=\"https:\/\/mostimondiale.com\/wp-content\/uploads\/2019\/04\/renaissance-360x360-fr.png\" \/>\n\t<meta property=\"og:image:width\" content=\"360\" \/>\n\t<meta property=\"og:image:height\" content=\"360\" \/>\n\t<meta property=\"og:image:type\" content=\"image\/png\" \/>\n<meta name=\"twitter:card\" content=\"summary_large_image\" \/>\n<script type=\"application\/ld+json\" class=\"yoast-schema-graph\">{\"@context\":\"https:\/\/schema.org\",\"@graph\":[{\"@type\":\"WebPage\",\"@id\":\"https:\/\/mostimondiale.com\/produits\/varietal\/cabernet-sauvignon\/cabernet-sauvignon-2\/\",\"url\":\"https:\/\/mostimondiale.com\/produits\/varietal\/cabernet-sauvignon\/cabernet-sauvignon-2\/\",\"name\":\"Renaissance Cabernet Sauvignon \u2022 Trousse Vinification | Mosti Mondiale\",\"isPartOf\":{\"@id\":\"https:\/\/mostimondiale.com\/#website\"},\"primaryImageOfPage\":{\"@id\":\"https:\/\/mostimondiale.com\/produits\/varietal\/cabernet-sauvignon\/cabernet-sauvignon-2\/#primaryimage\"},\"image\":{\"@id\":\"https:\/\/mostimondiale.com\/produits\/varietal\/cabernet-sauvignon\/cabernet-sauvignon-2\/#primaryimage\"},\"thumbnailUrl\":\"https:\/\/mostimondiale.com\/wp-content\/uploads\/2019\/04\/renaissance-360x360-fr.png\",\"datePublished\":\"2019-04-15T19:21:41+00:00\",\"dateModified\":\"2019-05-06T21:16:52+00:00\",\"description\":\"Notre Renaissance (16L) Cabernet Sauvignon est un vin rouge tr\u00e8s cors\u00e9 comprenant du ch\u00eane clair. Bouquet de baies, notes de cassis et effluves fum\u00e9es.\",\"breadcrumb\":{\"@id\":\"https:\/\/mostimondiale.com\/produits\/varietal\/cabernet-sauvignon\/cabernet-sauvignon-2\/#breadcrumb\"},\"inLanguage\":\"fr-CA\",\"potentialAction\":[{\"@type\":\"ReadAction\",\"target\":[\"https:\/\/mostimondiale.com\/produits\/varietal\/cabernet-sauvignon\/cabernet-sauvignon-2\/\"]}]},{\"@type\":\"ImageObject\",\"inLanguage\":\"fr-CA\",\"@id\":\"https:\/\/mostimondiale.com\/produits\/varietal\/cabernet-sauvignon\/cabernet-sauvignon-2\/#primaryimage\",\"url\":\"https:\/\/mostimondiale.com\/wp-content\/uploads\/2019\/04\/renaissance-360x360-fr.png\",\"contentUrl\":\"https:\/\/mostimondiale.com\/wp-content\/uploads\/2019\/04\/renaissance-360x360-fr.png\",\"width\":360,\"height\":360},{\"@type\":\"BreadcrumbList\",\"@id\":\"https:\/\/mostimondiale.com\/produits\/varietal\/cabernet-sauvignon\/cabernet-sauvignon-2\/#breadcrumb\",\"itemListElement\":[{\"@type\":\"ListItem\",\"position\":1,\"name\":\"Accueil\",\"item\":\"https:\/\/mostimondiale.com\/fr\/\"},{\"@type\":\"ListItem\",\"position\":2,\"name\":\"Produits\",\"item\":\"https:\/\/mostimondiale.com\/fr\/produits\/\"},{\"@type\":\"ListItem\",\"position\":3,\"name\":\"Cabernet Sauvignon (Australie)\"}]},{\"@type\":\"WebSite\",\"@id\":\"https:\/\/mostimondiale.com\/#website\",\"url\":\"https:\/\/mostimondiale.com\/\",\"name\":\"Mosti Mondiale\",\"description\":\"\",\"potentialAction\":[{\"@type\":\"SearchAction\",\"target\":{\"@type\":\"EntryPoint\",\"urlTemplate\":\"https:\/\/mostimondiale.com\/?s={search_term_string}\"},\"query-input\":{\"@type\":\"PropertyValueSpecification\",\"valueRequired\":true,\"valueName\":\"search_term_string\"}}],\"inLanguage\":\"fr-CA\"}]}<\/script>\n<!-- \/ Yoast SEO plugin. -->","yoast_head_json":{"title":"Renaissance Cabernet Sauvignon \u2022 Trousse Vinification | Mosti Mondiale","description":"Notre Renaissance (16L) Cabernet Sauvignon est un vin rouge tr\u00e8s cors\u00e9 comprenant du ch\u00eane clair. Bouquet de baies, notes de cassis et effluves fum\u00e9es.","robots":{"index":"index","follow":"follow","max-snippet":"max-snippet:-1","max-image-preview":"max-image-preview:large","max-video-preview":"max-video-preview:-1"},"canonical":"https:\/\/mostimondiale.com\/produits\/varietal\/cabernet-sauvignon\/cabernet-sauvignon-2\/","og_locale":"fr_CA","og_type":"article","og_title":"Renaissance Cabernet Sauvignon \u2022 Trousse Vinification | Mosti Mondiale","og_description":"Notre Renaissance (16L) Cabernet Sauvignon est un vin rouge tr\u00e8s cors\u00e9 comprenant du ch\u00eane clair. Bouquet de baies, notes de cassis et effluves fum\u00e9es.","og_url":"https:\/\/mostimondiale.com\/produits\/varietal\/cabernet-sauvignon\/cabernet-sauvignon-2\/","og_site_name":"Mosti Mondiale","article_modified_time":"2019-05-06T21:16:52+00:00","og_image":[{"width":360,"height":360,"url":"https:\/\/mostimondiale.com\/wp-content\/uploads\/2019\/04\/renaissance-360x360-fr.png","type":"image\/png"}],"twitter_card":"summary_large_image","schema":{"@context":"https:\/\/schema.org","@graph":[{"@type":"WebPage","@id":"https:\/\/mostimondiale.com\/produits\/varietal\/cabernet-sauvignon\/cabernet-sauvignon-2\/","url":"https:\/\/mostimondiale.com\/produits\/varietal\/cabernet-sauvignon\/cabernet-sauvignon-2\/","name":"Renaissance Cabernet Sauvignon \u2022 Trousse Vinification | Mosti Mondiale","isPartOf":{"@id":"https:\/\/mostimondiale.com\/#website"},"primaryImageOfPage":{"@id":"https:\/\/mostimondiale.com\/produits\/varietal\/cabernet-sauvignon\/cabernet-sauvignon-2\/#primaryimage"},"image":{"@id":"https:\/\/mostimondiale.com\/produits\/varietal\/cabernet-sauvignon\/cabernet-sauvignon-2\/#primaryimage"},"thumbnailUrl":"https:\/\/mostimondiale.com\/wp-content\/uploads\/2019\/04\/renaissance-360x360-fr.png","datePublished":"2019-04-15T19:21:41+00:00","dateModified":"2019-05-06T21:16:52+00:00","description":"Notre Renaissance (16L) Cabernet Sauvignon est un vin rouge tr\u00e8s cors\u00e9 comprenant du ch\u00eane clair. Bouquet de baies, notes de cassis et effluves fum\u00e9es.","breadcrumb":{"@id":"https:\/\/mostimondiale.com\/produits\/varietal\/cabernet-sauvignon\/cabernet-sauvignon-2\/#breadcrumb"},"inLanguage":"fr-CA","potentialAction":[{"@type":"ReadAction","target":["https:\/\/mostimondiale.com\/produits\/varietal\/cabernet-sauvignon\/cabernet-sauvignon-2\/"]}]},{"@type":"ImageObject","inLanguage":"fr-CA","@id":"https:\/\/mostimondiale.com\/produits\/varietal\/cabernet-sauvignon\/cabernet-sauvignon-2\/#primaryimage","url":"https:\/\/mostimondiale.com\/wp-content\/uploads\/2019\/04\/renaissance-360x360-fr.png","contentUrl":"https:\/\/mostimondiale.com\/wp-content\/uploads\/2019\/04\/renaissance-360x360-fr.png","width":360,"height":360},{"@type":"BreadcrumbList","@id":"https:\/\/mostimondiale.com\/produits\/varietal\/cabernet-sauvignon\/cabernet-sauvignon-2\/#breadcrumb","itemListElement":[{"@type":"ListItem","position":1,"name":"Accueil","item":"https:\/\/mostimondiale.com\/fr\/"},{"@type":"ListItem","position":2,"name":"Produits","item":"https:\/\/mostimondiale.com\/fr\/produits\/"},{"@type":"ListItem","position":3,"name":"Cabernet Sauvignon (Australie)"}]},{"@type":"WebSite","@id":"https:\/\/mostimondiale.com\/#website","url":"https:\/\/mostimondiale.com\/","name":"Mosti Mondiale","description":"","potentialAction":[{"@type":"SearchAction","target":{"@type":"EntryPoint","urlTemplate":"https:\/\/mostimondiale.com\/?s={search_term_string}"},"query-input":{"@type":"PropertyValueSpecification","valueRequired":true,"valueName":"search_term_string"}}],"inLanguage":"fr-CA"}]}},"_links":{"self":[{"href":"https:\/\/mostimondiale.com\/fr\/wp-json\/wp\/v2\/product\/1420","targetHints":{"allow":["GET"]}}],"collection":[{"href":"https:\/\/mostimondiale.com\/fr\/wp-json\/wp\/v2\/product"}],"about":[{"href":"https:\/\/mostimondiale.com\/fr\/wp-json\/wp\/v2\/types\/product"}],"wp:featuredmedia":[{"embeddable":true,"href":"https:\/\/mostimondiale.com\/fr\/wp-json\/wp\/v2\/media\/1280"}],"wp:attachment":[{"href":"https:\/\/mostimondiale.com\/fr\/wp-json\/wp\/v2\/media?parent=1420"}],"wp:term":[{"taxonomy":"product_brand","embeddable":true,"href":"https:\/\/mostimondiale.com\/fr\/wp-json\/wp\/v2\/product_brand?post=1420"},{"taxonomy":"product_cat","embeddable":true,"href":"https:\/\/mostimondiale.com\/fr\/wp-json\/wp\/v2\/product_cat?post=1420"},{"taxonomy":"product_tag","embeddable":true,"href":"https:\/\/mostimondiale.com\/fr\/wp-json\/wp\/v2\/product_tag?post=1420"}],"curies":[{"name":"wp","href":"https:\/\/api.w.org\/{rel}","templated":true}]}}