{"id":1323,"date":"2019-04-12T15:48:39","date_gmt":"2019-04-12T19:48:39","guid":{"rendered":"https:\/\/mostimondiale.com\/?post_type=product&#038;p=1323"},"modified":"2019-05-06T16:56:45","modified_gmt":"2019-05-06T20:56:45","slug":"valle-dei-tempi","status":"publish","type":"product","link":"https:\/\/mostimondiale.com\/fr\/produits\/cepage\/valle-del-sol-fr\/valle-dei-tempi\/","title":{"rendered":"Valle dei Tempi"},"content":{"rendered":"","protected":false},"excerpt":{"rendered":"<p>Ce classique Italien pr\u00e9sente un charme ind\u00e9niable accompagn\u00e9 d\u2019une r\u00e9putation subtile et bien \u00e9tablie. Vous remarquerez son attirante et forte robe de couleur\u00a0rubis avec des tanins qui exhalent de raffinement et de sophistication. Son acidit\u00e9 \u00e9quilibr\u00e9e permet d\u2019obtenir un nez subtil mais complexe de notes de vanille alors que vos papilles seront \u00e9veill\u00e9es par un m\u00e9lange\u00a0savoureux de cerise et d\u2019\u00e9pices accompagn\u00e9 de l\u00e9g\u00e8res notes florales.<\/p>\n<p>&nbsp;<\/p>\n","protected":false},"featured_media":1280,"template":"","meta":{"_acf_changed":false},"product_brand":[],"product_cat":[154,167,173,228],"product_tag":[],"class_list":{"0":"post-1323","1":"product","2":"type-product","3":"status-publish","4":"has-post-thumbnail","6":"product_cat-mout-de-raisin-assemblage","7":"product_cat-renaissance-fr","8":"product_cat-rouge","9":"product_cat-valle-del-sol-fr","10":"pa_alcohol-13-5","11":"pa_aroma-boise","12":"pa_aroma-epice","13":"pa_aroma-floral-fr","14":"pa_aroma-fruite","15":"pa_body-3-mi-corse","16":"pa_price-254","17":"pa_winemaker-addition-chene-leger","18":"pa_winemaker-addition-raisins-secs-rouges","20":"first","21":"instock","22":"shipping-taxable","23":"product-type-simple"},"acf":[],"yoast_head":"<!-- This site is optimized with the Yoast SEO plugin v26.9 - https:\/\/yoast.com\/product\/yoast-seo-wordpress\/ -->\n<title>Renaissance Valle dei Tempi \u2022 Trousse|Kit de Vinification | Mosti Mondiale<\/title>\n<meta name=\"description\" content=\"Notre Renaissance (16L) Valle dei Tempi est un vin rouge mi-cors\u00e9 comprenant du ch\u00eane clair et des raisins rouges.Notes de vaniile, de cerises et d\u2019\u00e9pices.\" \/>\n<meta name=\"robots\" content=\"index, follow, max-snippet:-1, max-image-preview:large, max-video-preview:-1\" \/>\n<link rel=\"canonical\" href=\"https:\/\/mostimondiale.com\/produits\/varietal\/valle-del-sol\/valle-dei-tempi\/\" \/>\n<meta property=\"og:locale\" content=\"fr_CA\" \/>\n<meta property=\"og:type\" content=\"article\" \/>\n<meta property=\"og:title\" content=\"Renaissance Valle dei Tempi \u2022 Trousse|Kit de Vinification | Mosti Mondiale\" \/>\n<meta property=\"og:description\" content=\"Notre Renaissance (16L) Valle dei Tempi est un vin rouge mi-cors\u00e9 comprenant du ch\u00eane clair et des raisins rouges.Notes de vaniile, de cerises et d\u2019\u00e9pices.\" \/>\n<meta property=\"og:url\" content=\"https:\/\/mostimondiale.com\/produits\/varietal\/valle-del-sol\/valle-dei-tempi\/\" \/>\n<meta property=\"og:site_name\" content=\"Mosti Mondiale\" \/>\n<meta property=\"article:modified_time\" content=\"2019-05-06T20:56:45+00:00\" \/>\n<meta property=\"og:image\" content=\"https:\/\/mostimondiale.com\/wp-content\/uploads\/2019\/04\/renaissance-360x360-fr.png\" \/>\n\t<meta property=\"og:image:width\" content=\"360\" \/>\n\t<meta property=\"og:image:height\" content=\"360\" \/>\n\t<meta property=\"og:image:type\" content=\"image\/png\" \/>\n<meta name=\"twitter:card\" content=\"summary_large_image\" \/>\n<script type=\"application\/ld+json\" class=\"yoast-schema-graph\">{\"@context\":\"https:\/\/schema.org\",\"@graph\":[{\"@type\":\"WebPage\",\"@id\":\"https:\/\/mostimondiale.com\/produits\/varietal\/valle-del-sol\/valle-dei-tempi\/\",\"url\":\"https:\/\/mostimondiale.com\/produits\/varietal\/valle-del-sol\/valle-dei-tempi\/\",\"name\":\"Renaissance Valle dei Tempi \u2022 Trousse|Kit de Vinification | Mosti Mondiale\",\"isPartOf\":{\"@id\":\"https:\/\/mostimondiale.com\/#website\"},\"primaryImageOfPage\":{\"@id\":\"https:\/\/mostimondiale.com\/produits\/varietal\/valle-del-sol\/valle-dei-tempi\/#primaryimage\"},\"image\":{\"@id\":\"https:\/\/mostimondiale.com\/produits\/varietal\/valle-del-sol\/valle-dei-tempi\/#primaryimage\"},\"thumbnailUrl\":\"https:\/\/mostimondiale.com\/wp-content\/uploads\/2019\/04\/renaissance-360x360-fr.png\",\"datePublished\":\"2019-04-12T19:48:39+00:00\",\"dateModified\":\"2019-05-06T20:56:45+00:00\",\"description\":\"Notre Renaissance (16L) Valle dei Tempi est un vin rouge mi-cors\u00e9 comprenant du ch\u00eane clair et des raisins rouges.Notes de vaniile, de cerises et d\u2019\u00e9pices.\",\"breadcrumb\":{\"@id\":\"https:\/\/mostimondiale.com\/produits\/varietal\/valle-del-sol\/valle-dei-tempi\/#breadcrumb\"},\"inLanguage\":\"fr-CA\",\"potentialAction\":[{\"@type\":\"ReadAction\",\"target\":[\"https:\/\/mostimondiale.com\/produits\/varietal\/valle-del-sol\/valle-dei-tempi\/\"]}]},{\"@type\":\"ImageObject\",\"inLanguage\":\"fr-CA\",\"@id\":\"https:\/\/mostimondiale.com\/produits\/varietal\/valle-del-sol\/valle-dei-tempi\/#primaryimage\",\"url\":\"https:\/\/mostimondiale.com\/wp-content\/uploads\/2019\/04\/renaissance-360x360-fr.png\",\"contentUrl\":\"https:\/\/mostimondiale.com\/wp-content\/uploads\/2019\/04\/renaissance-360x360-fr.png\",\"width\":360,\"height\":360},{\"@type\":\"BreadcrumbList\",\"@id\":\"https:\/\/mostimondiale.com\/produits\/varietal\/valle-del-sol\/valle-dei-tempi\/#breadcrumb\",\"itemListElement\":[{\"@type\":\"ListItem\",\"position\":1,\"name\":\"Accueil\",\"item\":\"https:\/\/mostimondiale.com\/fr\/\"},{\"@type\":\"ListItem\",\"position\":2,\"name\":\"Produits\",\"item\":\"https:\/\/mostimondiale.com\/fr\/produits\/\"},{\"@type\":\"ListItem\",\"position\":3,\"name\":\"Valle dei Tempi\"}]},{\"@type\":\"WebSite\",\"@id\":\"https:\/\/mostimondiale.com\/#website\",\"url\":\"https:\/\/mostimondiale.com\/\",\"name\":\"Mosti Mondiale\",\"description\":\"\",\"potentialAction\":[{\"@type\":\"SearchAction\",\"target\":{\"@type\":\"EntryPoint\",\"urlTemplate\":\"https:\/\/mostimondiale.com\/?s={search_term_string}\"},\"query-input\":{\"@type\":\"PropertyValueSpecification\",\"valueRequired\":true,\"valueName\":\"search_term_string\"}}],\"inLanguage\":\"fr-CA\"}]}<\/script>\n<!-- \/ Yoast SEO plugin. -->","yoast_head_json":{"title":"Renaissance Valle dei Tempi \u2022 Trousse|Kit de Vinification | Mosti Mondiale","description":"Notre Renaissance (16L) Valle dei Tempi est un vin rouge mi-cors\u00e9 comprenant du ch\u00eane clair et des raisins rouges.Notes de vaniile, de cerises et d\u2019\u00e9pices.","robots":{"index":"index","follow":"follow","max-snippet":"max-snippet:-1","max-image-preview":"max-image-preview:large","max-video-preview":"max-video-preview:-1"},"canonical":"https:\/\/mostimondiale.com\/produits\/varietal\/valle-del-sol\/valle-dei-tempi\/","og_locale":"fr_CA","og_type":"article","og_title":"Renaissance Valle dei Tempi \u2022 Trousse|Kit de Vinification | Mosti Mondiale","og_description":"Notre Renaissance (16L) Valle dei Tempi est un vin rouge mi-cors\u00e9 comprenant du ch\u00eane clair et des raisins rouges.Notes de vaniile, de cerises et d\u2019\u00e9pices.","og_url":"https:\/\/mostimondiale.com\/produits\/varietal\/valle-del-sol\/valle-dei-tempi\/","og_site_name":"Mosti Mondiale","article_modified_time":"2019-05-06T20:56:45+00:00","og_image":[{"width":360,"height":360,"url":"https:\/\/mostimondiale.com\/wp-content\/uploads\/2019\/04\/renaissance-360x360-fr.png","type":"image\/png"}],"twitter_card":"summary_large_image","schema":{"@context":"https:\/\/schema.org","@graph":[{"@type":"WebPage","@id":"https:\/\/mostimondiale.com\/produits\/varietal\/valle-del-sol\/valle-dei-tempi\/","url":"https:\/\/mostimondiale.com\/produits\/varietal\/valle-del-sol\/valle-dei-tempi\/","name":"Renaissance Valle dei Tempi \u2022 Trousse|Kit de Vinification | Mosti Mondiale","isPartOf":{"@id":"https:\/\/mostimondiale.com\/#website"},"primaryImageOfPage":{"@id":"https:\/\/mostimondiale.com\/produits\/varietal\/valle-del-sol\/valle-dei-tempi\/#primaryimage"},"image":{"@id":"https:\/\/mostimondiale.com\/produits\/varietal\/valle-del-sol\/valle-dei-tempi\/#primaryimage"},"thumbnailUrl":"https:\/\/mostimondiale.com\/wp-content\/uploads\/2019\/04\/renaissance-360x360-fr.png","datePublished":"2019-04-12T19:48:39+00:00","dateModified":"2019-05-06T20:56:45+00:00","description":"Notre Renaissance (16L) Valle dei Tempi est un vin rouge mi-cors\u00e9 comprenant du ch\u00eane clair et des raisins rouges.Notes de vaniile, de cerises et d\u2019\u00e9pices.","breadcrumb":{"@id":"https:\/\/mostimondiale.com\/produits\/varietal\/valle-del-sol\/valle-dei-tempi\/#breadcrumb"},"inLanguage":"fr-CA","potentialAction":[{"@type":"ReadAction","target":["https:\/\/mostimondiale.com\/produits\/varietal\/valle-del-sol\/valle-dei-tempi\/"]}]},{"@type":"ImageObject","inLanguage":"fr-CA","@id":"https:\/\/mostimondiale.com\/produits\/varietal\/valle-del-sol\/valle-dei-tempi\/#primaryimage","url":"https:\/\/mostimondiale.com\/wp-content\/uploads\/2019\/04\/renaissance-360x360-fr.png","contentUrl":"https:\/\/mostimondiale.com\/wp-content\/uploads\/2019\/04\/renaissance-360x360-fr.png","width":360,"height":360},{"@type":"BreadcrumbList","@id":"https:\/\/mostimondiale.com\/produits\/varietal\/valle-del-sol\/valle-dei-tempi\/#breadcrumb","itemListElement":[{"@type":"ListItem","position":1,"name":"Accueil","item":"https:\/\/mostimondiale.com\/fr\/"},{"@type":"ListItem","position":2,"name":"Produits","item":"https:\/\/mostimondiale.com\/fr\/produits\/"},{"@type":"ListItem","position":3,"name":"Valle dei Tempi"}]},{"@type":"WebSite","@id":"https:\/\/mostimondiale.com\/#website","url":"https:\/\/mostimondiale.com\/","name":"Mosti Mondiale","description":"","potentialAction":[{"@type":"SearchAction","target":{"@type":"EntryPoint","urlTemplate":"https:\/\/mostimondiale.com\/?s={search_term_string}"},"query-input":{"@type":"PropertyValueSpecification","valueRequired":true,"valueName":"search_term_string"}}],"inLanguage":"fr-CA"}]}},"_links":{"self":[{"href":"https:\/\/mostimondiale.com\/fr\/wp-json\/wp\/v2\/product\/1323","targetHints":{"allow":["GET"]}}],"collection":[{"href":"https:\/\/mostimondiale.com\/fr\/wp-json\/wp\/v2\/product"}],"about":[{"href":"https:\/\/mostimondiale.com\/fr\/wp-json\/wp\/v2\/types\/product"}],"wp:featuredmedia":[{"embeddable":true,"href":"https:\/\/mostimondiale.com\/fr\/wp-json\/wp\/v2\/media\/1280"}],"wp:attachment":[{"href":"https:\/\/mostimondiale.com\/fr\/wp-json\/wp\/v2\/media?parent=1323"}],"wp:term":[{"taxonomy":"product_brand","embeddable":true,"href":"https:\/\/mostimondiale.com\/fr\/wp-json\/wp\/v2\/product_brand?post=1323"},{"taxonomy":"product_cat","embeddable":true,"href":"https:\/\/mostimondiale.com\/fr\/wp-json\/wp\/v2\/product_cat?post=1323"},{"taxonomy":"product_tag","embeddable":true,"href":"https:\/\/mostimondiale.com\/fr\/wp-json\/wp\/v2\/product_tag?post=1323"}],"curies":[{"name":"wp","href":"https:\/\/api.w.org\/{rel}","templated":true}]}}