{"id":1321,"date":"2019-04-12T15:42:46","date_gmt":"2019-04-12T19:42:45","guid":{"rendered":"https:\/\/mostimondiale.com\/?post_type=product&#038;p=1321"},"modified":"2019-05-06T16:57:45","modified_gmt":"2019-05-06T20:57:45","slug":"nebbiolo","status":"publish","type":"product","link":"https:\/\/mostimondiale.com\/fr\/produits\/cepage\/nebbiolo-fr\/nebbiolo\/","title":{"rendered":"Nebbiolo"},"content":{"rendered":"","protected":false},"excerpt":{"rendered":"<p>Ce vin noble est produit dans les terres fertiles de la r\u00e9gion du Piedmont, en Italie. Des ar\u00f4mes de petits fruits rouges m\u00fbrs et des senteurs de p\u00e9tales de rose \u00e9mergent de sa robe de couleur rubis. Son attaque rafra\u00eechissante fournira une combinaison exquise d\u2019\u00e9pices orientales et de baies rouges des champs. Faire m\u00fbrir ce vin dans une cave permettra \u00e0 son caract\u00e8re de s\u2019affirmer encore plus\u2005!<\/p>\n<p>&nbsp;<\/p>\n","protected":false},"featured_media":1280,"template":"","meta":{"_acf_changed":false},"product_brand":[],"product_cat":[154,207,167,173],"product_tag":[],"class_list":{"0":"post-1321","1":"product","2":"type-product","3":"status-publish","4":"has-post-thumbnail","6":"product_cat-mout-de-raisin-assemblage","7":"product_cat-nebbiolo-fr","8":"product_cat-renaissance-fr","9":"product_cat-rouge","10":"pa_alcohol-272","11":"pa_aroma-epice","12":"pa_aroma-floral-fr","13":"pa_aroma-fruite","14":"pa_body-5-tres-corse","15":"pa_price-254","16":"pa_winemaker-addition-chene-fonce","17":"pa_winemaker-addition-chene-leger","18":"pa_winemaker-addition-raisins-secs-rouges","20":"first","21":"instock","22":"shipping-taxable","23":"product-type-simple"},"acf":[],"yoast_head":"<!-- This site is optimized with the Yoast SEO plugin v26.9 - https:\/\/yoast.com\/product\/yoast-seo-wordpress\/ -->\n<title>Renaissance Nebbiolo \u2022 Trousse|Kit de Vinification | Mosti Mondiale<\/title>\n<meta name=\"description\" content=\"Notre Renaissance (16L) Nebbiolo est un vin rouge tr\u00e8s cors\u00e9 comprenant du ch\u00eane clair et fonc\u00e9 et des raisins rouges. Notes d\u2019\u00e9pices et de baies rouges.\" \/>\n<meta name=\"robots\" content=\"index, follow, max-snippet:-1, max-image-preview:large, max-video-preview:-1\" \/>\n<link rel=\"canonical\" href=\"https:\/\/mostimondiale.com\/produits\/varietal\/nebbiolo\/nebbiolo\/\" \/>\n<meta property=\"og:locale\" content=\"fr_CA\" \/>\n<meta property=\"og:type\" content=\"article\" \/>\n<meta property=\"og:title\" content=\"Renaissance Nebbiolo \u2022 Trousse|Kit de Vinification | Mosti Mondiale\" \/>\n<meta property=\"og:description\" content=\"Notre Renaissance (16L) Nebbiolo est un vin rouge tr\u00e8s cors\u00e9 comprenant du ch\u00eane clair et fonc\u00e9 et des raisins rouges. Notes d\u2019\u00e9pices et de baies rouges.\" \/>\n<meta property=\"og:url\" content=\"https:\/\/mostimondiale.com\/produits\/varietal\/nebbiolo\/nebbiolo\/\" \/>\n<meta property=\"og:site_name\" content=\"Mosti Mondiale\" \/>\n<meta property=\"article:modified_time\" content=\"2019-05-06T20:57:45+00:00\" \/>\n<meta property=\"og:image\" content=\"https:\/\/mostimondiale.com\/wp-content\/uploads\/2019\/04\/renaissance-360x360-fr.png\" \/>\n\t<meta property=\"og:image:width\" content=\"360\" \/>\n\t<meta property=\"og:image:height\" content=\"360\" \/>\n\t<meta property=\"og:image:type\" content=\"image\/png\" \/>\n<meta name=\"twitter:card\" content=\"summary_large_image\" \/>\n<script type=\"application\/ld+json\" class=\"yoast-schema-graph\">{\"@context\":\"https:\/\/schema.org\",\"@graph\":[{\"@type\":\"WebPage\",\"@id\":\"https:\/\/mostimondiale.com\/produits\/varietal\/nebbiolo\/nebbiolo\/\",\"url\":\"https:\/\/mostimondiale.com\/produits\/varietal\/nebbiolo\/nebbiolo\/\",\"name\":\"Renaissance Nebbiolo \u2022 Trousse|Kit de Vinification | Mosti Mondiale\",\"isPartOf\":{\"@id\":\"https:\/\/mostimondiale.com\/#website\"},\"primaryImageOfPage\":{\"@id\":\"https:\/\/mostimondiale.com\/produits\/varietal\/nebbiolo\/nebbiolo\/#primaryimage\"},\"image\":{\"@id\":\"https:\/\/mostimondiale.com\/produits\/varietal\/nebbiolo\/nebbiolo\/#primaryimage\"},\"thumbnailUrl\":\"https:\/\/mostimondiale.com\/wp-content\/uploads\/2019\/04\/renaissance-360x360-fr.png\",\"datePublished\":\"2019-04-12T19:42:45+00:00\",\"dateModified\":\"2019-05-06T20:57:45+00:00\",\"description\":\"Notre Renaissance (16L) Nebbiolo est un vin rouge tr\u00e8s cors\u00e9 comprenant du ch\u00eane clair et fonc\u00e9 et des raisins rouges. Notes d\u2019\u00e9pices et de baies rouges.\",\"breadcrumb\":{\"@id\":\"https:\/\/mostimondiale.com\/produits\/varietal\/nebbiolo\/nebbiolo\/#breadcrumb\"},\"inLanguage\":\"fr-CA\",\"potentialAction\":[{\"@type\":\"ReadAction\",\"target\":[\"https:\/\/mostimondiale.com\/produits\/varietal\/nebbiolo\/nebbiolo\/\"]}]},{\"@type\":\"ImageObject\",\"inLanguage\":\"fr-CA\",\"@id\":\"https:\/\/mostimondiale.com\/produits\/varietal\/nebbiolo\/nebbiolo\/#primaryimage\",\"url\":\"https:\/\/mostimondiale.com\/wp-content\/uploads\/2019\/04\/renaissance-360x360-fr.png\",\"contentUrl\":\"https:\/\/mostimondiale.com\/wp-content\/uploads\/2019\/04\/renaissance-360x360-fr.png\",\"width\":360,\"height\":360},{\"@type\":\"BreadcrumbList\",\"@id\":\"https:\/\/mostimondiale.com\/produits\/varietal\/nebbiolo\/nebbiolo\/#breadcrumb\",\"itemListElement\":[{\"@type\":\"ListItem\",\"position\":1,\"name\":\"Accueil\",\"item\":\"https:\/\/mostimondiale.com\/fr\/\"},{\"@type\":\"ListItem\",\"position\":2,\"name\":\"Produits\",\"item\":\"https:\/\/mostimondiale.com\/fr\/produits\/\"},{\"@type\":\"ListItem\",\"position\":3,\"name\":\"Nebbiolo\"}]},{\"@type\":\"WebSite\",\"@id\":\"https:\/\/mostimondiale.com\/#website\",\"url\":\"https:\/\/mostimondiale.com\/\",\"name\":\"Mosti Mondiale\",\"description\":\"\",\"potentialAction\":[{\"@type\":\"SearchAction\",\"target\":{\"@type\":\"EntryPoint\",\"urlTemplate\":\"https:\/\/mostimondiale.com\/?s={search_term_string}\"},\"query-input\":{\"@type\":\"PropertyValueSpecification\",\"valueRequired\":true,\"valueName\":\"search_term_string\"}}],\"inLanguage\":\"fr-CA\"}]}<\/script>\n<!-- \/ Yoast SEO plugin. -->","yoast_head_json":{"title":"Renaissance Nebbiolo \u2022 Trousse|Kit de Vinification | Mosti Mondiale","description":"Notre Renaissance (16L) Nebbiolo est un vin rouge tr\u00e8s cors\u00e9 comprenant du ch\u00eane clair et fonc\u00e9 et des raisins rouges. Notes d\u2019\u00e9pices et de baies rouges.","robots":{"index":"index","follow":"follow","max-snippet":"max-snippet:-1","max-image-preview":"max-image-preview:large","max-video-preview":"max-video-preview:-1"},"canonical":"https:\/\/mostimondiale.com\/produits\/varietal\/nebbiolo\/nebbiolo\/","og_locale":"fr_CA","og_type":"article","og_title":"Renaissance Nebbiolo \u2022 Trousse|Kit de Vinification | Mosti Mondiale","og_description":"Notre Renaissance (16L) Nebbiolo est un vin rouge tr\u00e8s cors\u00e9 comprenant du ch\u00eane clair et fonc\u00e9 et des raisins rouges. Notes d\u2019\u00e9pices et de baies rouges.","og_url":"https:\/\/mostimondiale.com\/produits\/varietal\/nebbiolo\/nebbiolo\/","og_site_name":"Mosti Mondiale","article_modified_time":"2019-05-06T20:57:45+00:00","og_image":[{"width":360,"height":360,"url":"https:\/\/mostimondiale.com\/wp-content\/uploads\/2019\/04\/renaissance-360x360-fr.png","type":"image\/png"}],"twitter_card":"summary_large_image","schema":{"@context":"https:\/\/schema.org","@graph":[{"@type":"WebPage","@id":"https:\/\/mostimondiale.com\/produits\/varietal\/nebbiolo\/nebbiolo\/","url":"https:\/\/mostimondiale.com\/produits\/varietal\/nebbiolo\/nebbiolo\/","name":"Renaissance Nebbiolo \u2022 Trousse|Kit de Vinification | Mosti Mondiale","isPartOf":{"@id":"https:\/\/mostimondiale.com\/#website"},"primaryImageOfPage":{"@id":"https:\/\/mostimondiale.com\/produits\/varietal\/nebbiolo\/nebbiolo\/#primaryimage"},"image":{"@id":"https:\/\/mostimondiale.com\/produits\/varietal\/nebbiolo\/nebbiolo\/#primaryimage"},"thumbnailUrl":"https:\/\/mostimondiale.com\/wp-content\/uploads\/2019\/04\/renaissance-360x360-fr.png","datePublished":"2019-04-12T19:42:45+00:00","dateModified":"2019-05-06T20:57:45+00:00","description":"Notre Renaissance (16L) Nebbiolo est un vin rouge tr\u00e8s cors\u00e9 comprenant du ch\u00eane clair et fonc\u00e9 et des raisins rouges. Notes d\u2019\u00e9pices et de baies rouges.","breadcrumb":{"@id":"https:\/\/mostimondiale.com\/produits\/varietal\/nebbiolo\/nebbiolo\/#breadcrumb"},"inLanguage":"fr-CA","potentialAction":[{"@type":"ReadAction","target":["https:\/\/mostimondiale.com\/produits\/varietal\/nebbiolo\/nebbiolo\/"]}]},{"@type":"ImageObject","inLanguage":"fr-CA","@id":"https:\/\/mostimondiale.com\/produits\/varietal\/nebbiolo\/nebbiolo\/#primaryimage","url":"https:\/\/mostimondiale.com\/wp-content\/uploads\/2019\/04\/renaissance-360x360-fr.png","contentUrl":"https:\/\/mostimondiale.com\/wp-content\/uploads\/2019\/04\/renaissance-360x360-fr.png","width":360,"height":360},{"@type":"BreadcrumbList","@id":"https:\/\/mostimondiale.com\/produits\/varietal\/nebbiolo\/nebbiolo\/#breadcrumb","itemListElement":[{"@type":"ListItem","position":1,"name":"Accueil","item":"https:\/\/mostimondiale.com\/fr\/"},{"@type":"ListItem","position":2,"name":"Produits","item":"https:\/\/mostimondiale.com\/fr\/produits\/"},{"@type":"ListItem","position":3,"name":"Nebbiolo"}]},{"@type":"WebSite","@id":"https:\/\/mostimondiale.com\/#website","url":"https:\/\/mostimondiale.com\/","name":"Mosti Mondiale","description":"","potentialAction":[{"@type":"SearchAction","target":{"@type":"EntryPoint","urlTemplate":"https:\/\/mostimondiale.com\/?s={search_term_string}"},"query-input":{"@type":"PropertyValueSpecification","valueRequired":true,"valueName":"search_term_string"}}],"inLanguage":"fr-CA"}]}},"_links":{"self":[{"href":"https:\/\/mostimondiale.com\/fr\/wp-json\/wp\/v2\/product\/1321","targetHints":{"allow":["GET"]}}],"collection":[{"href":"https:\/\/mostimondiale.com\/fr\/wp-json\/wp\/v2\/product"}],"about":[{"href":"https:\/\/mostimondiale.com\/fr\/wp-json\/wp\/v2\/types\/product"}],"wp:featuredmedia":[{"embeddable":true,"href":"https:\/\/mostimondiale.com\/fr\/wp-json\/wp\/v2\/media\/1280"}],"wp:attachment":[{"href":"https:\/\/mostimondiale.com\/fr\/wp-json\/wp\/v2\/media?parent=1321"}],"wp:term":[{"taxonomy":"product_brand","embeddable":true,"href":"https:\/\/mostimondiale.com\/fr\/wp-json\/wp\/v2\/product_brand?post=1321"},{"taxonomy":"product_cat","embeddable":true,"href":"https:\/\/mostimondiale.com\/fr\/wp-json\/wp\/v2\/product_cat?post=1321"},{"taxonomy":"product_tag","embeddable":true,"href":"https:\/\/mostimondiale.com\/fr\/wp-json\/wp\/v2\/product_tag?post=1321"}],"curies":[{"name":"wp","href":"https:\/\/api.w.org\/{rel}","templated":true}]}}