{"id":1319,"date":"2019-04-12T15:35:51","date_gmt":"2019-04-12T19:35:51","guid":{"rendered":"https:\/\/mostimondiale.com\/?post_type=product&#038;p=1319"},"modified":"2019-05-06T16:58:39","modified_gmt":"2019-05-06T20:58:39","slug":"il-toscano","status":"publish","type":"product","link":"https:\/\/mostimondiale.com\/fr\/produits\/cepage\/il-toscano-fr\/il-toscano\/","title":{"rendered":"Il Toscano"},"content":{"rendered":"","protected":false},"excerpt":{"rendered":"<p>Ce vin Toscan a r\u00e9volutionn\u00e9 l\u2019\u00e8re des bouteilles couvertes de paille. Il se distingue par une teinte rouge grenat\u00a0aux reflets rubis. Ce vin complexe pr\u00e9sente un ar\u00f4me d\u2019\u00e9pices et des notes de cerises noires accompagn\u00e9es d\u2019un \u00e9clat de chocolat noir et de confiture maison. La\u00a0bouche d\u00e9bordante de cerises noires, de violettes et\u00a0d\u2019anis, est stimul\u00e9e par une explosion de saveurs \u00e0 laquelle s\u2019ajoute une derni\u00e8re pointe de framboise.<\/p>\n<p>&nbsp;<\/p>\n","protected":false},"featured_media":1280,"template":"","meta":{"_acf_changed":false},"product_brand":[],"product_cat":[197,154,167,173],"product_tag":[],"class_list":{"0":"post-1319","1":"product","2":"type-product","3":"status-publish","4":"has-post-thumbnail","6":"product_cat-il-toscano-fr","7":"product_cat-mout-de-raisin-assemblage","8":"product_cat-renaissance-fr","9":"product_cat-rouge","10":"pa_alcohol-272","11":"pa_aroma-caramelise","12":"pa_aroma-epice","13":"pa_aroma-floral-fr","14":"pa_aroma-fruite","15":"pa_body-5-tres-corse","16":"pa_price-254","17":"pa_winemaker-addition-chene-leger","18":"pa_winemaker-addition-raisins-secs-rouges","20":"first","21":"instock","22":"shipping-taxable","23":"product-type-simple"},"acf":[],"yoast_head":"<!-- This site is optimized with the Yoast SEO plugin v26.9 - https:\/\/yoast.com\/product\/yoast-seo-wordpress\/ -->\n<title>Renaissance Il Toscano \u2022 Trousse|Kit de Vinification | Mosti Mondiale<\/title>\n<meta name=\"description\" content=\"Notre Renaissance (16L) Il Toscano est un vin rouge tr\u00e8s cors\u00e9 comprenant du ch\u00eane clair et des raisins rouges. Ar\u00f4mes d\u2019\u00e9pices et de cerises noires.\" \/>\n<meta name=\"robots\" content=\"index, follow, max-snippet:-1, max-image-preview:large, max-video-preview:-1\" \/>\n<link rel=\"canonical\" href=\"https:\/\/mostimondiale.com\/produits\/varietal\/il-toscano\/il-toscano\/\" \/>\n<meta property=\"og:locale\" content=\"fr_CA\" \/>\n<meta property=\"og:type\" content=\"article\" \/>\n<meta property=\"og:title\" content=\"Renaissance Il Toscano \u2022 Trousse|Kit de Vinification | Mosti Mondiale\" \/>\n<meta property=\"og:description\" content=\"Notre Renaissance (16L) Il Toscano est un vin rouge tr\u00e8s cors\u00e9 comprenant du ch\u00eane clair et des raisins rouges. Ar\u00f4mes d\u2019\u00e9pices et de cerises noires.\" \/>\n<meta property=\"og:url\" content=\"https:\/\/mostimondiale.com\/produits\/varietal\/il-toscano\/il-toscano\/\" \/>\n<meta property=\"og:site_name\" content=\"Mosti Mondiale\" \/>\n<meta property=\"article:modified_time\" content=\"2019-05-06T20:58:39+00:00\" \/>\n<meta property=\"og:image\" content=\"https:\/\/mostimondiale.com\/wp-content\/uploads\/2019\/04\/renaissance-360x360-fr.png\" \/>\n\t<meta property=\"og:image:width\" content=\"360\" \/>\n\t<meta property=\"og:image:height\" content=\"360\" \/>\n\t<meta property=\"og:image:type\" content=\"image\/png\" \/>\n<meta name=\"twitter:card\" content=\"summary_large_image\" \/>\n<script type=\"application\/ld+json\" class=\"yoast-schema-graph\">{\"@context\":\"https:\/\/schema.org\",\"@graph\":[{\"@type\":\"WebPage\",\"@id\":\"https:\/\/mostimondiale.com\/produits\/varietal\/il-toscano\/il-toscano\/\",\"url\":\"https:\/\/mostimondiale.com\/produits\/varietal\/il-toscano\/il-toscano\/\",\"name\":\"Renaissance Il Toscano \u2022 Trousse|Kit de Vinification | Mosti Mondiale\",\"isPartOf\":{\"@id\":\"https:\/\/mostimondiale.com\/#website\"},\"primaryImageOfPage\":{\"@id\":\"https:\/\/mostimondiale.com\/produits\/varietal\/il-toscano\/il-toscano\/#primaryimage\"},\"image\":{\"@id\":\"https:\/\/mostimondiale.com\/produits\/varietal\/il-toscano\/il-toscano\/#primaryimage\"},\"thumbnailUrl\":\"https:\/\/mostimondiale.com\/wp-content\/uploads\/2019\/04\/renaissance-360x360-fr.png\",\"datePublished\":\"2019-04-12T19:35:51+00:00\",\"dateModified\":\"2019-05-06T20:58:39+00:00\",\"description\":\"Notre Renaissance (16L) Il Toscano est un vin rouge tr\u00e8s cors\u00e9 comprenant du ch\u00eane clair et des raisins rouges. Ar\u00f4mes d\u2019\u00e9pices et de cerises noires.\",\"breadcrumb\":{\"@id\":\"https:\/\/mostimondiale.com\/produits\/varietal\/il-toscano\/il-toscano\/#breadcrumb\"},\"inLanguage\":\"fr-CA\",\"potentialAction\":[{\"@type\":\"ReadAction\",\"target\":[\"https:\/\/mostimondiale.com\/produits\/varietal\/il-toscano\/il-toscano\/\"]}]},{\"@type\":\"ImageObject\",\"inLanguage\":\"fr-CA\",\"@id\":\"https:\/\/mostimondiale.com\/produits\/varietal\/il-toscano\/il-toscano\/#primaryimage\",\"url\":\"https:\/\/mostimondiale.com\/wp-content\/uploads\/2019\/04\/renaissance-360x360-fr.png\",\"contentUrl\":\"https:\/\/mostimondiale.com\/wp-content\/uploads\/2019\/04\/renaissance-360x360-fr.png\",\"width\":360,\"height\":360},{\"@type\":\"BreadcrumbList\",\"@id\":\"https:\/\/mostimondiale.com\/produits\/varietal\/il-toscano\/il-toscano\/#breadcrumb\",\"itemListElement\":[{\"@type\":\"ListItem\",\"position\":1,\"name\":\"Accueil\",\"item\":\"https:\/\/mostimondiale.com\/fr\/\"},{\"@type\":\"ListItem\",\"position\":2,\"name\":\"Produits\",\"item\":\"https:\/\/mostimondiale.com\/fr\/produits\/\"},{\"@type\":\"ListItem\",\"position\":3,\"name\":\"Il Toscano\"}]},{\"@type\":\"WebSite\",\"@id\":\"https:\/\/mostimondiale.com\/#website\",\"url\":\"https:\/\/mostimondiale.com\/\",\"name\":\"Mosti Mondiale\",\"description\":\"\",\"potentialAction\":[{\"@type\":\"SearchAction\",\"target\":{\"@type\":\"EntryPoint\",\"urlTemplate\":\"https:\/\/mostimondiale.com\/?s={search_term_string}\"},\"query-input\":{\"@type\":\"PropertyValueSpecification\",\"valueRequired\":true,\"valueName\":\"search_term_string\"}}],\"inLanguage\":\"fr-CA\"}]}<\/script>\n<!-- \/ Yoast SEO plugin. -->","yoast_head_json":{"title":"Renaissance Il Toscano \u2022 Trousse|Kit de Vinification | Mosti Mondiale","description":"Notre Renaissance (16L) Il Toscano est un vin rouge tr\u00e8s cors\u00e9 comprenant du ch\u00eane clair et des raisins rouges. Ar\u00f4mes d\u2019\u00e9pices et de cerises noires.","robots":{"index":"index","follow":"follow","max-snippet":"max-snippet:-1","max-image-preview":"max-image-preview:large","max-video-preview":"max-video-preview:-1"},"canonical":"https:\/\/mostimondiale.com\/produits\/varietal\/il-toscano\/il-toscano\/","og_locale":"fr_CA","og_type":"article","og_title":"Renaissance Il Toscano \u2022 Trousse|Kit de Vinification | Mosti Mondiale","og_description":"Notre Renaissance (16L) Il Toscano est un vin rouge tr\u00e8s cors\u00e9 comprenant du ch\u00eane clair et des raisins rouges. Ar\u00f4mes d\u2019\u00e9pices et de cerises noires.","og_url":"https:\/\/mostimondiale.com\/produits\/varietal\/il-toscano\/il-toscano\/","og_site_name":"Mosti Mondiale","article_modified_time":"2019-05-06T20:58:39+00:00","og_image":[{"width":360,"height":360,"url":"https:\/\/mostimondiale.com\/wp-content\/uploads\/2019\/04\/renaissance-360x360-fr.png","type":"image\/png"}],"twitter_card":"summary_large_image","schema":{"@context":"https:\/\/schema.org","@graph":[{"@type":"WebPage","@id":"https:\/\/mostimondiale.com\/produits\/varietal\/il-toscano\/il-toscano\/","url":"https:\/\/mostimondiale.com\/produits\/varietal\/il-toscano\/il-toscano\/","name":"Renaissance Il Toscano \u2022 Trousse|Kit de Vinification | Mosti Mondiale","isPartOf":{"@id":"https:\/\/mostimondiale.com\/#website"},"primaryImageOfPage":{"@id":"https:\/\/mostimondiale.com\/produits\/varietal\/il-toscano\/il-toscano\/#primaryimage"},"image":{"@id":"https:\/\/mostimondiale.com\/produits\/varietal\/il-toscano\/il-toscano\/#primaryimage"},"thumbnailUrl":"https:\/\/mostimondiale.com\/wp-content\/uploads\/2019\/04\/renaissance-360x360-fr.png","datePublished":"2019-04-12T19:35:51+00:00","dateModified":"2019-05-06T20:58:39+00:00","description":"Notre Renaissance (16L) Il Toscano est un vin rouge tr\u00e8s cors\u00e9 comprenant du ch\u00eane clair et des raisins rouges. Ar\u00f4mes d\u2019\u00e9pices et de cerises noires.","breadcrumb":{"@id":"https:\/\/mostimondiale.com\/produits\/varietal\/il-toscano\/il-toscano\/#breadcrumb"},"inLanguage":"fr-CA","potentialAction":[{"@type":"ReadAction","target":["https:\/\/mostimondiale.com\/produits\/varietal\/il-toscano\/il-toscano\/"]}]},{"@type":"ImageObject","inLanguage":"fr-CA","@id":"https:\/\/mostimondiale.com\/produits\/varietal\/il-toscano\/il-toscano\/#primaryimage","url":"https:\/\/mostimondiale.com\/wp-content\/uploads\/2019\/04\/renaissance-360x360-fr.png","contentUrl":"https:\/\/mostimondiale.com\/wp-content\/uploads\/2019\/04\/renaissance-360x360-fr.png","width":360,"height":360},{"@type":"BreadcrumbList","@id":"https:\/\/mostimondiale.com\/produits\/varietal\/il-toscano\/il-toscano\/#breadcrumb","itemListElement":[{"@type":"ListItem","position":1,"name":"Accueil","item":"https:\/\/mostimondiale.com\/fr\/"},{"@type":"ListItem","position":2,"name":"Produits","item":"https:\/\/mostimondiale.com\/fr\/produits\/"},{"@type":"ListItem","position":3,"name":"Il Toscano"}]},{"@type":"WebSite","@id":"https:\/\/mostimondiale.com\/#website","url":"https:\/\/mostimondiale.com\/","name":"Mosti Mondiale","description":"","potentialAction":[{"@type":"SearchAction","target":{"@type":"EntryPoint","urlTemplate":"https:\/\/mostimondiale.com\/?s={search_term_string}"},"query-input":{"@type":"PropertyValueSpecification","valueRequired":true,"valueName":"search_term_string"}}],"inLanguage":"fr-CA"}]}},"_links":{"self":[{"href":"https:\/\/mostimondiale.com\/fr\/wp-json\/wp\/v2\/product\/1319","targetHints":{"allow":["GET"]}}],"collection":[{"href":"https:\/\/mostimondiale.com\/fr\/wp-json\/wp\/v2\/product"}],"about":[{"href":"https:\/\/mostimondiale.com\/fr\/wp-json\/wp\/v2\/types\/product"}],"wp:featuredmedia":[{"embeddable":true,"href":"https:\/\/mostimondiale.com\/fr\/wp-json\/wp\/v2\/media\/1280"}],"wp:attachment":[{"href":"https:\/\/mostimondiale.com\/fr\/wp-json\/wp\/v2\/media?parent=1319"}],"wp:term":[{"taxonomy":"product_brand","embeddable":true,"href":"https:\/\/mostimondiale.com\/fr\/wp-json\/wp\/v2\/product_brand?post=1319"},{"taxonomy":"product_cat","embeddable":true,"href":"https:\/\/mostimondiale.com\/fr\/wp-json\/wp\/v2\/product_cat?post=1319"},{"taxonomy":"product_tag","embeddable":true,"href":"https:\/\/mostimondiale.com\/fr\/wp-json\/wp\/v2\/product_tag?post=1319"}],"curies":[{"name":"wp","href":"https:\/\/api.w.org\/{rel}","templated":true}]}}