{"id":1315,"date":"2019-04-12T15:16:30","date_gmt":"2019-04-12T19:16:29","guid":{"rendered":"https:\/\/mostimondiale.com\/?post_type=product&#038;p=1315"},"modified":"2019-05-06T16:59:52","modified_gmt":"2019-05-06T20:59:52","slug":"shiraz","status":"publish","type":"product","link":"https:\/\/mostimondiale.com\/fr\/produits\/cepage\/shiraz-fr\/shiraz\/","title":{"rendered":"Shiraz"},"content":{"rendered":"","protected":false},"excerpt":{"rendered":"<p>Ce vin profond, \u00e0 la robe fonc\u00e9e et \u00e0 la pr\u00e9sence en bouche chaleureuse de fruits noirs et de baies, r\u00e9v\u00e9lera en vieillissant ses ar\u00f4mes terreux et \u00e9pic\u00e9s ainsi que sa robe velout\u00e9e. Vous pourrez alors d\u00e9guster ses riches saveurs fum\u00e9es et complexes de fruits rouges accompagn\u00e9es de notes de chocolat amer. Les saveurs de prunes, de cerises noires et\u00a0de m\u00fbres font de ce vin un repas en soi.<\/p>\n<p>&nbsp;<\/p>\n","protected":false},"featured_media":1280,"template":"","meta":{"_acf_changed":false},"product_brand":[],"product_cat":[154,167,173,223],"product_tag":[],"class_list":{"0":"post-1315","1":"product","2":"type-product","3":"status-publish","4":"has-post-thumbnail","6":"product_cat-mout-de-raisin-assemblage","7":"product_cat-renaissance-fr","8":"product_cat-rouge","9":"product_cat-shiraz-fr","10":"pa_alcohol-13-7","11":"pa_aroma-boise","12":"pa_aroma-caramelise","13":"pa_aroma-epice","14":"pa_aroma-fruite","15":"pa_aroma-terreux","16":"pa_body-5-tres-corse","17":"pa_price-254","18":"pa_winemaker-addition-chene-fonce","20":"first","21":"instock","22":"shipping-taxable","23":"product-type-simple"},"acf":[],"yoast_head":"<!-- This site is optimized with the Yoast SEO plugin v26.9 - https:\/\/yoast.com\/product\/yoast-seo-wordpress\/ -->\n<title>Renaissance Shiraz \u2022 Trousse|Kit de Vinification | Mosti Mondiale<\/title>\n<meta name=\"description\" content=\"Notre Renaissance (16L) Shiraz est un vin rouge tr\u00e8s cors\u00e9 comprenant du ch\u00eane fonc\u00e9. Saveurs fum\u00e9es et complexes de fruits rouges et chocolat amer.\" \/>\n<meta name=\"robots\" content=\"index, follow, max-snippet:-1, max-image-preview:large, max-video-preview:-1\" \/>\n<link rel=\"canonical\" href=\"https:\/\/mostimondiale.com\/produits\/varietal\/shiraz\/shiraz\/\" \/>\n<meta property=\"og:locale\" content=\"fr_CA\" \/>\n<meta property=\"og:type\" content=\"article\" \/>\n<meta property=\"og:title\" content=\"Renaissance Shiraz \u2022 Trousse|Kit de Vinification | Mosti Mondiale\" \/>\n<meta property=\"og:description\" content=\"Notre Renaissance (16L) Shiraz est un vin rouge tr\u00e8s cors\u00e9 comprenant du ch\u00eane fonc\u00e9. Saveurs fum\u00e9es et complexes de fruits rouges et chocolat amer.\" \/>\n<meta property=\"og:url\" content=\"https:\/\/mostimondiale.com\/produits\/varietal\/shiraz\/shiraz\/\" \/>\n<meta property=\"og:site_name\" content=\"Mosti Mondiale\" \/>\n<meta property=\"article:modified_time\" content=\"2019-05-06T20:59:52+00:00\" \/>\n<meta property=\"og:image\" content=\"https:\/\/mostimondiale.com\/wp-content\/uploads\/2019\/04\/renaissance-360x360-fr.png\" \/>\n\t<meta property=\"og:image:width\" content=\"360\" \/>\n\t<meta property=\"og:image:height\" content=\"360\" \/>\n\t<meta property=\"og:image:type\" content=\"image\/png\" \/>\n<meta name=\"twitter:card\" content=\"summary_large_image\" \/>\n<script type=\"application\/ld+json\" class=\"yoast-schema-graph\">{\"@context\":\"https:\/\/schema.org\",\"@graph\":[{\"@type\":\"WebPage\",\"@id\":\"https:\/\/mostimondiale.com\/produits\/varietal\/shiraz\/shiraz\/\",\"url\":\"https:\/\/mostimondiale.com\/produits\/varietal\/shiraz\/shiraz\/\",\"name\":\"Renaissance Shiraz \u2022 Trousse|Kit de Vinification | Mosti Mondiale\",\"isPartOf\":{\"@id\":\"https:\/\/mostimondiale.com\/#website\"},\"primaryImageOfPage\":{\"@id\":\"https:\/\/mostimondiale.com\/produits\/varietal\/shiraz\/shiraz\/#primaryimage\"},\"image\":{\"@id\":\"https:\/\/mostimondiale.com\/produits\/varietal\/shiraz\/shiraz\/#primaryimage\"},\"thumbnailUrl\":\"https:\/\/mostimondiale.com\/wp-content\/uploads\/2019\/04\/renaissance-360x360-fr.png\",\"datePublished\":\"2019-04-12T19:16:29+00:00\",\"dateModified\":\"2019-05-06T20:59:52+00:00\",\"description\":\"Notre Renaissance (16L) Shiraz est un vin rouge tr\u00e8s cors\u00e9 comprenant du ch\u00eane fonc\u00e9. Saveurs fum\u00e9es et complexes de fruits rouges et chocolat amer.\",\"breadcrumb\":{\"@id\":\"https:\/\/mostimondiale.com\/produits\/varietal\/shiraz\/shiraz\/#breadcrumb\"},\"inLanguage\":\"fr-CA\",\"potentialAction\":[{\"@type\":\"ReadAction\",\"target\":[\"https:\/\/mostimondiale.com\/produits\/varietal\/shiraz\/shiraz\/\"]}]},{\"@type\":\"ImageObject\",\"inLanguage\":\"fr-CA\",\"@id\":\"https:\/\/mostimondiale.com\/produits\/varietal\/shiraz\/shiraz\/#primaryimage\",\"url\":\"https:\/\/mostimondiale.com\/wp-content\/uploads\/2019\/04\/renaissance-360x360-fr.png\",\"contentUrl\":\"https:\/\/mostimondiale.com\/wp-content\/uploads\/2019\/04\/renaissance-360x360-fr.png\",\"width\":360,\"height\":360},{\"@type\":\"BreadcrumbList\",\"@id\":\"https:\/\/mostimondiale.com\/produits\/varietal\/shiraz\/shiraz\/#breadcrumb\",\"itemListElement\":[{\"@type\":\"ListItem\",\"position\":1,\"name\":\"Accueil\",\"item\":\"https:\/\/mostimondiale.com\/fr\/\"},{\"@type\":\"ListItem\",\"position\":2,\"name\":\"Produits\",\"item\":\"https:\/\/mostimondiale.com\/fr\/produits\/\"},{\"@type\":\"ListItem\",\"position\":3,\"name\":\"Shiraz\"}]},{\"@type\":\"WebSite\",\"@id\":\"https:\/\/mostimondiale.com\/#website\",\"url\":\"https:\/\/mostimondiale.com\/\",\"name\":\"Mosti Mondiale\",\"description\":\"\",\"potentialAction\":[{\"@type\":\"SearchAction\",\"target\":{\"@type\":\"EntryPoint\",\"urlTemplate\":\"https:\/\/mostimondiale.com\/?s={search_term_string}\"},\"query-input\":{\"@type\":\"PropertyValueSpecification\",\"valueRequired\":true,\"valueName\":\"search_term_string\"}}],\"inLanguage\":\"fr-CA\"}]}<\/script>\n<!-- \/ Yoast SEO plugin. -->","yoast_head_json":{"title":"Renaissance Shiraz \u2022 Trousse|Kit de Vinification | Mosti Mondiale","description":"Notre Renaissance (16L) Shiraz est un vin rouge tr\u00e8s cors\u00e9 comprenant du ch\u00eane fonc\u00e9. Saveurs fum\u00e9es et complexes de fruits rouges et chocolat amer.","robots":{"index":"index","follow":"follow","max-snippet":"max-snippet:-1","max-image-preview":"max-image-preview:large","max-video-preview":"max-video-preview:-1"},"canonical":"https:\/\/mostimondiale.com\/produits\/varietal\/shiraz\/shiraz\/","og_locale":"fr_CA","og_type":"article","og_title":"Renaissance Shiraz \u2022 Trousse|Kit de Vinification | Mosti Mondiale","og_description":"Notre Renaissance (16L) Shiraz est un vin rouge tr\u00e8s cors\u00e9 comprenant du ch\u00eane fonc\u00e9. Saveurs fum\u00e9es et complexes de fruits rouges et chocolat amer.","og_url":"https:\/\/mostimondiale.com\/produits\/varietal\/shiraz\/shiraz\/","og_site_name":"Mosti Mondiale","article_modified_time":"2019-05-06T20:59:52+00:00","og_image":[{"width":360,"height":360,"url":"https:\/\/mostimondiale.com\/wp-content\/uploads\/2019\/04\/renaissance-360x360-fr.png","type":"image\/png"}],"twitter_card":"summary_large_image","schema":{"@context":"https:\/\/schema.org","@graph":[{"@type":"WebPage","@id":"https:\/\/mostimondiale.com\/produits\/varietal\/shiraz\/shiraz\/","url":"https:\/\/mostimondiale.com\/produits\/varietal\/shiraz\/shiraz\/","name":"Renaissance Shiraz \u2022 Trousse|Kit de Vinification | Mosti Mondiale","isPartOf":{"@id":"https:\/\/mostimondiale.com\/#website"},"primaryImageOfPage":{"@id":"https:\/\/mostimondiale.com\/produits\/varietal\/shiraz\/shiraz\/#primaryimage"},"image":{"@id":"https:\/\/mostimondiale.com\/produits\/varietal\/shiraz\/shiraz\/#primaryimage"},"thumbnailUrl":"https:\/\/mostimondiale.com\/wp-content\/uploads\/2019\/04\/renaissance-360x360-fr.png","datePublished":"2019-04-12T19:16:29+00:00","dateModified":"2019-05-06T20:59:52+00:00","description":"Notre Renaissance (16L) Shiraz est un vin rouge tr\u00e8s cors\u00e9 comprenant du ch\u00eane fonc\u00e9. Saveurs fum\u00e9es et complexes de fruits rouges et chocolat amer.","breadcrumb":{"@id":"https:\/\/mostimondiale.com\/produits\/varietal\/shiraz\/shiraz\/#breadcrumb"},"inLanguage":"fr-CA","potentialAction":[{"@type":"ReadAction","target":["https:\/\/mostimondiale.com\/produits\/varietal\/shiraz\/shiraz\/"]}]},{"@type":"ImageObject","inLanguage":"fr-CA","@id":"https:\/\/mostimondiale.com\/produits\/varietal\/shiraz\/shiraz\/#primaryimage","url":"https:\/\/mostimondiale.com\/wp-content\/uploads\/2019\/04\/renaissance-360x360-fr.png","contentUrl":"https:\/\/mostimondiale.com\/wp-content\/uploads\/2019\/04\/renaissance-360x360-fr.png","width":360,"height":360},{"@type":"BreadcrumbList","@id":"https:\/\/mostimondiale.com\/produits\/varietal\/shiraz\/shiraz\/#breadcrumb","itemListElement":[{"@type":"ListItem","position":1,"name":"Accueil","item":"https:\/\/mostimondiale.com\/fr\/"},{"@type":"ListItem","position":2,"name":"Produits","item":"https:\/\/mostimondiale.com\/fr\/produits\/"},{"@type":"ListItem","position":3,"name":"Shiraz"}]},{"@type":"WebSite","@id":"https:\/\/mostimondiale.com\/#website","url":"https:\/\/mostimondiale.com\/","name":"Mosti Mondiale","description":"","potentialAction":[{"@type":"SearchAction","target":{"@type":"EntryPoint","urlTemplate":"https:\/\/mostimondiale.com\/?s={search_term_string}"},"query-input":{"@type":"PropertyValueSpecification","valueRequired":true,"valueName":"search_term_string"}}],"inLanguage":"fr-CA"}]}},"_links":{"self":[{"href":"https:\/\/mostimondiale.com\/fr\/wp-json\/wp\/v2\/product\/1315","targetHints":{"allow":["GET"]}}],"collection":[{"href":"https:\/\/mostimondiale.com\/fr\/wp-json\/wp\/v2\/product"}],"about":[{"href":"https:\/\/mostimondiale.com\/fr\/wp-json\/wp\/v2\/types\/product"}],"wp:featuredmedia":[{"embeddable":true,"href":"https:\/\/mostimondiale.com\/fr\/wp-json\/wp\/v2\/media\/1280"}],"wp:attachment":[{"href":"https:\/\/mostimondiale.com\/fr\/wp-json\/wp\/v2\/media?parent=1315"}],"wp:term":[{"taxonomy":"product_brand","embeddable":true,"href":"https:\/\/mostimondiale.com\/fr\/wp-json\/wp\/v2\/product_brand?post=1315"},{"taxonomy":"product_cat","embeddable":true,"href":"https:\/\/mostimondiale.com\/fr\/wp-json\/wp\/v2\/product_cat?post=1315"},{"taxonomy":"product_tag","embeddable":true,"href":"https:\/\/mostimondiale.com\/fr\/wp-json\/wp\/v2\/product_tag?post=1315"}],"curies":[{"name":"wp","href":"https:\/\/api.w.org\/{rel}","templated":true}]}}