{"id":1275,"date":"2019-04-12T11:57:37","date_gmt":"2019-04-12T15:57:37","guid":{"rendered":"https:\/\/mostimondiale.com\/?post_type=product&#038;p=1275"},"modified":"2019-04-12T13:24:32","modified_gmt":"2019-04-12T17:24:32","slug":"merlot-vieilles-vignes","status":"publish","type":"product","link":"https:\/\/mostimondiale.com\/fr\/produits\/cepage\/merlot-fr\/merlot-vieilles-vignes\/","title":{"rendered":"Merlot Vieilles Vignes"},"content":{"rendered":"","protected":false},"excerpt":{"rendered":"<p>Vous trouvez votre Merlot quotidien un peu \u00ab\u2005l\u00e9ger\u2005\u00bb\u2005? Dites stop. Les vieilles vignes sont le moyen que la nature utilise pour montrer que tout se bonifie avec\u00a0le temps. Ce merlot vieilles vignes est velout\u00e9 et\u00a0comprend un bon cocktail de fruits. Des fruits m\u00fbrs, des baies et du cacao caract\u00e9risent ce vin pr\u00e9cieux.<\/p>\n","protected":false},"featured_media":1280,"template":"","meta":{"_acf_changed":false},"product_brand":[],"product_cat":[203,154,167,173],"product_tag":[],"class_list":{"0":"post-1275","1":"product","2":"type-product","3":"status-publish","4":"has-post-thumbnail","6":"product_cat-merlot-fr","7":"product_cat-mout-de-raisin-assemblage","8":"product_cat-renaissance-fr","9":"product_cat-rouge","10":"pa_alcohol-13-7","11":"pa_aroma-caramelise","12":"pa_aroma-fruite","13":"pa_body-2-moyen-leger","14":"pa_price-254","15":"pa_winemaker-addition-chene-fonce","16":"pa_winemaker-addition-chene-leger","18":"first","19":"instock","20":"shipping-taxable","21":"product-type-simple"},"acf":[],"yoast_head":"<!-- This site is optimized with the Yoast SEO plugin v26.9 - https:\/\/yoast.com\/product\/yoast-seo-wordpress\/ -->\n<title>Renaissance Merlot Vieilles Vignes \u2022 Trousse|Kit | Mosti Mondiale<\/title>\n<meta name=\"description\" content=\"Notre Renaissance (16L) Merlot Vieilles Vignes est un vin rouge moyen-l\u00e9ger comprenant du ch\u00eane clair et fonc\u00e9. Ar\u00f4mes de fruits m\u00fbrs, baies et de cacao.\" \/>\n<meta name=\"robots\" content=\"index, follow, max-snippet:-1, max-image-preview:large, max-video-preview:-1\" \/>\n<link rel=\"canonical\" href=\"https:\/\/mostimondiale.com\/produits\/varietal\/merlot\/old-vine-merlot\/\" \/>\n<meta property=\"og:locale\" content=\"fr_CA\" \/>\n<meta property=\"og:type\" content=\"article\" \/>\n<meta property=\"og:title\" content=\"Renaissance Merlot Vieilles Vignes \u2022 Trousse|Kit | Mosti Mondiale\" \/>\n<meta property=\"og:description\" content=\"Notre Renaissance (16L) Merlot Vieilles Vignes est un vin rouge moyen-l\u00e9ger comprenant du ch\u00eane clair et fonc\u00e9. Ar\u00f4mes de fruits m\u00fbrs, baies et de cacao.\" \/>\n<meta property=\"og:url\" content=\"https:\/\/mostimondiale.com\/produits\/varietal\/merlot\/old-vine-merlot\/\" \/>\n<meta property=\"og:site_name\" content=\"Mosti Mondiale\" \/>\n<meta property=\"article:modified_time\" content=\"2019-04-12T17:24:32+00:00\" \/>\n<meta property=\"og:image\" content=\"https:\/\/mostimondiale.com\/wp-content\/uploads\/2019\/04\/renaissance-360x360-fr.png\" \/>\n\t<meta property=\"og:image:width\" content=\"360\" \/>\n\t<meta property=\"og:image:height\" content=\"360\" \/>\n\t<meta property=\"og:image:type\" content=\"image\/png\" \/>\n<meta name=\"twitter:card\" content=\"summary_large_image\" \/>\n<script type=\"application\/ld+json\" class=\"yoast-schema-graph\">{\"@context\":\"https:\/\/schema.org\",\"@graph\":[{\"@type\":\"WebPage\",\"@id\":\"https:\/\/mostimondiale.com\/produits\/varietal\/merlot\/old-vine-merlot\/\",\"url\":\"https:\/\/mostimondiale.com\/produits\/varietal\/merlot\/old-vine-merlot\/\",\"name\":\"Renaissance Merlot Vieilles Vignes \u2022 Trousse|Kit | Mosti Mondiale\",\"isPartOf\":{\"@id\":\"https:\/\/mostimondiale.com\/#website\"},\"primaryImageOfPage\":{\"@id\":\"https:\/\/mostimondiale.com\/produits\/varietal\/merlot\/old-vine-merlot\/#primaryimage\"},\"image\":{\"@id\":\"https:\/\/mostimondiale.com\/produits\/varietal\/merlot\/old-vine-merlot\/#primaryimage\"},\"thumbnailUrl\":\"https:\/\/mostimondiale.com\/wp-content\/uploads\/2019\/04\/renaissance-360x360-fr.png\",\"datePublished\":\"2019-04-12T15:57:37+00:00\",\"dateModified\":\"2019-04-12T17:24:32+00:00\",\"description\":\"Notre Renaissance (16L) Merlot Vieilles Vignes est un vin rouge moyen-l\u00e9ger comprenant du ch\u00eane clair et fonc\u00e9. Ar\u00f4mes de fruits m\u00fbrs, baies et de cacao.\",\"breadcrumb\":{\"@id\":\"https:\/\/mostimondiale.com\/produits\/varietal\/merlot\/old-vine-merlot\/#breadcrumb\"},\"inLanguage\":\"fr-CA\",\"potentialAction\":[{\"@type\":\"ReadAction\",\"target\":[\"https:\/\/mostimondiale.com\/produits\/varietal\/merlot\/old-vine-merlot\/\"]}]},{\"@type\":\"ImageObject\",\"inLanguage\":\"fr-CA\",\"@id\":\"https:\/\/mostimondiale.com\/produits\/varietal\/merlot\/old-vine-merlot\/#primaryimage\",\"url\":\"https:\/\/mostimondiale.com\/wp-content\/uploads\/2019\/04\/renaissance-360x360-fr.png\",\"contentUrl\":\"https:\/\/mostimondiale.com\/wp-content\/uploads\/2019\/04\/renaissance-360x360-fr.png\",\"width\":360,\"height\":360},{\"@type\":\"BreadcrumbList\",\"@id\":\"https:\/\/mostimondiale.com\/produits\/varietal\/merlot\/old-vine-merlot\/#breadcrumb\",\"itemListElement\":[{\"@type\":\"ListItem\",\"position\":1,\"name\":\"Accueil\",\"item\":\"https:\/\/mostimondiale.com\/fr\/\"},{\"@type\":\"ListItem\",\"position\":2,\"name\":\"Produits\",\"item\":\"https:\/\/mostimondiale.com\/fr\/produits\/\"},{\"@type\":\"ListItem\",\"position\":3,\"name\":\"Merlot Vieilles Vignes\"}]},{\"@type\":\"WebSite\",\"@id\":\"https:\/\/mostimondiale.com\/#website\",\"url\":\"https:\/\/mostimondiale.com\/\",\"name\":\"Mosti Mondiale\",\"description\":\"\",\"potentialAction\":[{\"@type\":\"SearchAction\",\"target\":{\"@type\":\"EntryPoint\",\"urlTemplate\":\"https:\/\/mostimondiale.com\/?s={search_term_string}\"},\"query-input\":{\"@type\":\"PropertyValueSpecification\",\"valueRequired\":true,\"valueName\":\"search_term_string\"}}],\"inLanguage\":\"fr-CA\"}]}<\/script>\n<!-- \/ Yoast SEO plugin. -->","yoast_head_json":{"title":"Renaissance Merlot Vieilles Vignes \u2022 Trousse|Kit | Mosti Mondiale","description":"Notre Renaissance (16L) Merlot Vieilles Vignes est un vin rouge moyen-l\u00e9ger comprenant du ch\u00eane clair et fonc\u00e9. Ar\u00f4mes de fruits m\u00fbrs, baies et de cacao.","robots":{"index":"index","follow":"follow","max-snippet":"max-snippet:-1","max-image-preview":"max-image-preview:large","max-video-preview":"max-video-preview:-1"},"canonical":"https:\/\/mostimondiale.com\/produits\/varietal\/merlot\/old-vine-merlot\/","og_locale":"fr_CA","og_type":"article","og_title":"Renaissance Merlot Vieilles Vignes \u2022 Trousse|Kit | Mosti Mondiale","og_description":"Notre Renaissance (16L) Merlot Vieilles Vignes est un vin rouge moyen-l\u00e9ger comprenant du ch\u00eane clair et fonc\u00e9. Ar\u00f4mes de fruits m\u00fbrs, baies et de cacao.","og_url":"https:\/\/mostimondiale.com\/produits\/varietal\/merlot\/old-vine-merlot\/","og_site_name":"Mosti Mondiale","article_modified_time":"2019-04-12T17:24:32+00:00","og_image":[{"width":360,"height":360,"url":"https:\/\/mostimondiale.com\/wp-content\/uploads\/2019\/04\/renaissance-360x360-fr.png","type":"image\/png"}],"twitter_card":"summary_large_image","schema":{"@context":"https:\/\/schema.org","@graph":[{"@type":"WebPage","@id":"https:\/\/mostimondiale.com\/produits\/varietal\/merlot\/old-vine-merlot\/","url":"https:\/\/mostimondiale.com\/produits\/varietal\/merlot\/old-vine-merlot\/","name":"Renaissance Merlot Vieilles Vignes \u2022 Trousse|Kit | Mosti Mondiale","isPartOf":{"@id":"https:\/\/mostimondiale.com\/#website"},"primaryImageOfPage":{"@id":"https:\/\/mostimondiale.com\/produits\/varietal\/merlot\/old-vine-merlot\/#primaryimage"},"image":{"@id":"https:\/\/mostimondiale.com\/produits\/varietal\/merlot\/old-vine-merlot\/#primaryimage"},"thumbnailUrl":"https:\/\/mostimondiale.com\/wp-content\/uploads\/2019\/04\/renaissance-360x360-fr.png","datePublished":"2019-04-12T15:57:37+00:00","dateModified":"2019-04-12T17:24:32+00:00","description":"Notre Renaissance (16L) Merlot Vieilles Vignes est un vin rouge moyen-l\u00e9ger comprenant du ch\u00eane clair et fonc\u00e9. Ar\u00f4mes de fruits m\u00fbrs, baies et de cacao.","breadcrumb":{"@id":"https:\/\/mostimondiale.com\/produits\/varietal\/merlot\/old-vine-merlot\/#breadcrumb"},"inLanguage":"fr-CA","potentialAction":[{"@type":"ReadAction","target":["https:\/\/mostimondiale.com\/produits\/varietal\/merlot\/old-vine-merlot\/"]}]},{"@type":"ImageObject","inLanguage":"fr-CA","@id":"https:\/\/mostimondiale.com\/produits\/varietal\/merlot\/old-vine-merlot\/#primaryimage","url":"https:\/\/mostimondiale.com\/wp-content\/uploads\/2019\/04\/renaissance-360x360-fr.png","contentUrl":"https:\/\/mostimondiale.com\/wp-content\/uploads\/2019\/04\/renaissance-360x360-fr.png","width":360,"height":360},{"@type":"BreadcrumbList","@id":"https:\/\/mostimondiale.com\/produits\/varietal\/merlot\/old-vine-merlot\/#breadcrumb","itemListElement":[{"@type":"ListItem","position":1,"name":"Accueil","item":"https:\/\/mostimondiale.com\/fr\/"},{"@type":"ListItem","position":2,"name":"Produits","item":"https:\/\/mostimondiale.com\/fr\/produits\/"},{"@type":"ListItem","position":3,"name":"Merlot Vieilles Vignes"}]},{"@type":"WebSite","@id":"https:\/\/mostimondiale.com\/#website","url":"https:\/\/mostimondiale.com\/","name":"Mosti Mondiale","description":"","potentialAction":[{"@type":"SearchAction","target":{"@type":"EntryPoint","urlTemplate":"https:\/\/mostimondiale.com\/?s={search_term_string}"},"query-input":{"@type":"PropertyValueSpecification","valueRequired":true,"valueName":"search_term_string"}}],"inLanguage":"fr-CA"}]}},"_links":{"self":[{"href":"https:\/\/mostimondiale.com\/fr\/wp-json\/wp\/v2\/product\/1275","targetHints":{"allow":["GET"]}}],"collection":[{"href":"https:\/\/mostimondiale.com\/fr\/wp-json\/wp\/v2\/product"}],"about":[{"href":"https:\/\/mostimondiale.com\/fr\/wp-json\/wp\/v2\/types\/product"}],"wp:featuredmedia":[{"embeddable":true,"href":"https:\/\/mostimondiale.com\/fr\/wp-json\/wp\/v2\/media\/1280"}],"wp:attachment":[{"href":"https:\/\/mostimondiale.com\/fr\/wp-json\/wp\/v2\/media?parent=1275"}],"wp:term":[{"taxonomy":"product_brand","embeddable":true,"href":"https:\/\/mostimondiale.com\/fr\/wp-json\/wp\/v2\/product_brand?post=1275"},{"taxonomy":"product_cat","embeddable":true,"href":"https:\/\/mostimondiale.com\/fr\/wp-json\/wp\/v2\/product_cat?post=1275"},{"taxonomy":"product_tag","embeddable":true,"href":"https:\/\/mostimondiale.com\/fr\/wp-json\/wp\/v2\/product_tag?post=1275"}],"curies":[{"name":"wp","href":"https:\/\/api.w.org\/{rel}","templated":true}]}}