{"id":1268,"date":"2019-04-12T11:41:27","date_gmt":"2019-04-12T15:41:27","guid":{"rendered":"https:\/\/mostimondiale.com\/?post_type=product&#038;p=1268"},"modified":"2019-04-12T13:29:26","modified_gmt":"2019-04-12T17:29:26","slug":"montepulciano","status":"publish","type":"product","link":"https:\/\/mostimondiale.com\/fr\/produits\/cepage\/montepulciano-fr\/montepulciano\/","title":{"rendered":"Montepulciano"},"content":{"rendered":"","protected":false},"excerpt":{"rendered":"<p>Ce classique Italien pr\u00e9sente une robe profonde d\u2019un rouge rubis aux reflets violac\u00e9s. C\u2019est un vin complexe aux l\u00e9g\u00e8res notes et aux nuances \u00e9pic\u00e9es, le tout envelopp\u00e9 d\u2019une texture velout\u00e9e. Ce vin est bien structur\u00e9 pour le vieillissement et il \u00e9voluera pour devenir un vin que vous pourrez vraiment savourer.<\/p>\n","protected":false},"featured_media":1283,"template":"","meta":{"_acf_changed":false},"product_brand":[],"product_cat":[205,154,167,173],"product_tag":[],"class_list":{"0":"post-1268","1":"product","2":"type-product","3":"status-publish","4":"has-post-thumbnail","6":"product_cat-montepulciano-fr","7":"product_cat-mout-de-raisin-assemblage","8":"product_cat-renaissance-fr","9":"product_cat-rouge","10":"pa_alcohol-272","11":"pa_aroma-epice","12":"pa_body-5-tres-corse","13":"pa_price-254","15":"first","16":"instock","17":"shipping-taxable","18":"product-type-simple"},"acf":[],"yoast_head":"<!-- This site is optimized with the Yoast SEO plugin v26.9 - https:\/\/yoast.com\/product\/yoast-seo-wordpress\/ -->\n<title>Renaissance Montepulciano \u2022 Trousse Vinification | Mosti Mondiale<\/title>\n<meta name=\"description\" content=\"Notre Renaissance (16L) Montepulciano est un vin rouge tr\u00e8s cors\u00e9. Un vin complexe aux l\u00e9g\u00e8res notes \u00e9pic\u00e9es, le tout envelopp\u00e9 d\u2019une texture velout\u00e9e.\" \/>\n<meta name=\"robots\" content=\"index, follow, max-snippet:-1, max-image-preview:large, max-video-preview:-1\" \/>\n<link rel=\"canonical\" href=\"https:\/\/mostimondiale.com\/produits\/varietal\/montepulciano\/montepulciano\/\" \/>\n<meta property=\"og:locale\" content=\"fr_CA\" \/>\n<meta property=\"og:type\" content=\"article\" \/>\n<meta property=\"og:title\" content=\"Renaissance Montepulciano \u2022 Trousse Vinification | Mosti Mondiale\" \/>\n<meta property=\"og:description\" content=\"Notre Renaissance (16L) Montepulciano est un vin rouge tr\u00e8s cors\u00e9. Un vin complexe aux l\u00e9g\u00e8res notes \u00e9pic\u00e9es, le tout envelopp\u00e9 d\u2019une texture velout\u00e9e.\" \/>\n<meta property=\"og:url\" content=\"https:\/\/mostimondiale.com\/produits\/varietal\/montepulciano\/montepulciano\/\" \/>\n<meta property=\"og:site_name\" content=\"Mosti Mondiale\" \/>\n<meta property=\"article:modified_time\" content=\"2019-04-12T17:29:26+00:00\" \/>\n<meta property=\"og:image\" content=\"https:\/\/mostimondiale.com\/wp-content\/uploads\/2019\/04\/renaissance-360x360-en.png\" \/>\n\t<meta property=\"og:image:width\" content=\"360\" \/>\n\t<meta property=\"og:image:height\" content=\"360\" \/>\n\t<meta property=\"og:image:type\" content=\"image\/png\" \/>\n<meta name=\"twitter:card\" content=\"summary_large_image\" \/>\n<script type=\"application\/ld+json\" class=\"yoast-schema-graph\">{\"@context\":\"https:\/\/schema.org\",\"@graph\":[{\"@type\":\"WebPage\",\"@id\":\"https:\/\/mostimondiale.com\/produits\/varietal\/montepulciano\/montepulciano\/\",\"url\":\"https:\/\/mostimondiale.com\/produits\/varietal\/montepulciano\/montepulciano\/\",\"name\":\"Renaissance Montepulciano \u2022 Trousse Vinification | Mosti Mondiale\",\"isPartOf\":{\"@id\":\"https:\/\/mostimondiale.com\/#website\"},\"primaryImageOfPage\":{\"@id\":\"https:\/\/mostimondiale.com\/produits\/varietal\/montepulciano\/montepulciano\/#primaryimage\"},\"image\":{\"@id\":\"https:\/\/mostimondiale.com\/produits\/varietal\/montepulciano\/montepulciano\/#primaryimage\"},\"thumbnailUrl\":\"https:\/\/mostimondiale.com\/wp-content\/uploads\/2019\/04\/renaissance-360x360-en.png\",\"datePublished\":\"2019-04-12T15:41:27+00:00\",\"dateModified\":\"2019-04-12T17:29:26+00:00\",\"description\":\"Notre Renaissance (16L) Montepulciano est un vin rouge tr\u00e8s cors\u00e9. Un vin complexe aux l\u00e9g\u00e8res notes \u00e9pic\u00e9es, le tout envelopp\u00e9 d\u2019une texture velout\u00e9e.\",\"breadcrumb\":{\"@id\":\"https:\/\/mostimondiale.com\/produits\/varietal\/montepulciano\/montepulciano\/#breadcrumb\"},\"inLanguage\":\"fr-CA\",\"potentialAction\":[{\"@type\":\"ReadAction\",\"target\":[\"https:\/\/mostimondiale.com\/produits\/varietal\/montepulciano\/montepulciano\/\"]}]},{\"@type\":\"ImageObject\",\"inLanguage\":\"fr-CA\",\"@id\":\"https:\/\/mostimondiale.com\/produits\/varietal\/montepulciano\/montepulciano\/#primaryimage\",\"url\":\"https:\/\/mostimondiale.com\/wp-content\/uploads\/2019\/04\/renaissance-360x360-en.png\",\"contentUrl\":\"https:\/\/mostimondiale.com\/wp-content\/uploads\/2019\/04\/renaissance-360x360-en.png\",\"width\":360,\"height\":360},{\"@type\":\"BreadcrumbList\",\"@id\":\"https:\/\/mostimondiale.com\/produits\/varietal\/montepulciano\/montepulciano\/#breadcrumb\",\"itemListElement\":[{\"@type\":\"ListItem\",\"position\":1,\"name\":\"Accueil\",\"item\":\"https:\/\/mostimondiale.com\/fr\/\"},{\"@type\":\"ListItem\",\"position\":2,\"name\":\"Produits\",\"item\":\"https:\/\/mostimondiale.com\/fr\/produits\/\"},{\"@type\":\"ListItem\",\"position\":3,\"name\":\"Montepulciano\"}]},{\"@type\":\"WebSite\",\"@id\":\"https:\/\/mostimondiale.com\/#website\",\"url\":\"https:\/\/mostimondiale.com\/\",\"name\":\"Mosti Mondiale\",\"description\":\"\",\"potentialAction\":[{\"@type\":\"SearchAction\",\"target\":{\"@type\":\"EntryPoint\",\"urlTemplate\":\"https:\/\/mostimondiale.com\/?s={search_term_string}\"},\"query-input\":{\"@type\":\"PropertyValueSpecification\",\"valueRequired\":true,\"valueName\":\"search_term_string\"}}],\"inLanguage\":\"fr-CA\"}]}<\/script>\n<!-- \/ Yoast SEO plugin. -->","yoast_head_json":{"title":"Renaissance Montepulciano \u2022 Trousse Vinification | Mosti Mondiale","description":"Notre Renaissance (16L) Montepulciano est un vin rouge tr\u00e8s cors\u00e9. Un vin complexe aux l\u00e9g\u00e8res notes \u00e9pic\u00e9es, le tout envelopp\u00e9 d\u2019une texture velout\u00e9e.","robots":{"index":"index","follow":"follow","max-snippet":"max-snippet:-1","max-image-preview":"max-image-preview:large","max-video-preview":"max-video-preview:-1"},"canonical":"https:\/\/mostimondiale.com\/produits\/varietal\/montepulciano\/montepulciano\/","og_locale":"fr_CA","og_type":"article","og_title":"Renaissance Montepulciano \u2022 Trousse Vinification | Mosti Mondiale","og_description":"Notre Renaissance (16L) Montepulciano est un vin rouge tr\u00e8s cors\u00e9. Un vin complexe aux l\u00e9g\u00e8res notes \u00e9pic\u00e9es, le tout envelopp\u00e9 d\u2019une texture velout\u00e9e.","og_url":"https:\/\/mostimondiale.com\/produits\/varietal\/montepulciano\/montepulciano\/","og_site_name":"Mosti Mondiale","article_modified_time":"2019-04-12T17:29:26+00:00","og_image":[{"width":360,"height":360,"url":"https:\/\/mostimondiale.com\/wp-content\/uploads\/2019\/04\/renaissance-360x360-en.png","type":"image\/png"}],"twitter_card":"summary_large_image","schema":{"@context":"https:\/\/schema.org","@graph":[{"@type":"WebPage","@id":"https:\/\/mostimondiale.com\/produits\/varietal\/montepulciano\/montepulciano\/","url":"https:\/\/mostimondiale.com\/produits\/varietal\/montepulciano\/montepulciano\/","name":"Renaissance Montepulciano \u2022 Trousse Vinification | Mosti Mondiale","isPartOf":{"@id":"https:\/\/mostimondiale.com\/#website"},"primaryImageOfPage":{"@id":"https:\/\/mostimondiale.com\/produits\/varietal\/montepulciano\/montepulciano\/#primaryimage"},"image":{"@id":"https:\/\/mostimondiale.com\/produits\/varietal\/montepulciano\/montepulciano\/#primaryimage"},"thumbnailUrl":"https:\/\/mostimondiale.com\/wp-content\/uploads\/2019\/04\/renaissance-360x360-en.png","datePublished":"2019-04-12T15:41:27+00:00","dateModified":"2019-04-12T17:29:26+00:00","description":"Notre Renaissance (16L) Montepulciano est un vin rouge tr\u00e8s cors\u00e9. Un vin complexe aux l\u00e9g\u00e8res notes \u00e9pic\u00e9es, le tout envelopp\u00e9 d\u2019une texture velout\u00e9e.","breadcrumb":{"@id":"https:\/\/mostimondiale.com\/produits\/varietal\/montepulciano\/montepulciano\/#breadcrumb"},"inLanguage":"fr-CA","potentialAction":[{"@type":"ReadAction","target":["https:\/\/mostimondiale.com\/produits\/varietal\/montepulciano\/montepulciano\/"]}]},{"@type":"ImageObject","inLanguage":"fr-CA","@id":"https:\/\/mostimondiale.com\/produits\/varietal\/montepulciano\/montepulciano\/#primaryimage","url":"https:\/\/mostimondiale.com\/wp-content\/uploads\/2019\/04\/renaissance-360x360-en.png","contentUrl":"https:\/\/mostimondiale.com\/wp-content\/uploads\/2019\/04\/renaissance-360x360-en.png","width":360,"height":360},{"@type":"BreadcrumbList","@id":"https:\/\/mostimondiale.com\/produits\/varietal\/montepulciano\/montepulciano\/#breadcrumb","itemListElement":[{"@type":"ListItem","position":1,"name":"Accueil","item":"https:\/\/mostimondiale.com\/fr\/"},{"@type":"ListItem","position":2,"name":"Produits","item":"https:\/\/mostimondiale.com\/fr\/produits\/"},{"@type":"ListItem","position":3,"name":"Montepulciano"}]},{"@type":"WebSite","@id":"https:\/\/mostimondiale.com\/#website","url":"https:\/\/mostimondiale.com\/","name":"Mosti Mondiale","description":"","potentialAction":[{"@type":"SearchAction","target":{"@type":"EntryPoint","urlTemplate":"https:\/\/mostimondiale.com\/?s={search_term_string}"},"query-input":{"@type":"PropertyValueSpecification","valueRequired":true,"valueName":"search_term_string"}}],"inLanguage":"fr-CA"}]}},"_links":{"self":[{"href":"https:\/\/mostimondiale.com\/fr\/wp-json\/wp\/v2\/product\/1268","targetHints":{"allow":["GET"]}}],"collection":[{"href":"https:\/\/mostimondiale.com\/fr\/wp-json\/wp\/v2\/product"}],"about":[{"href":"https:\/\/mostimondiale.com\/fr\/wp-json\/wp\/v2\/types\/product"}],"wp:featuredmedia":[{"embeddable":true,"href":"https:\/\/mostimondiale.com\/fr\/wp-json\/wp\/v2\/media\/1283"}],"wp:attachment":[{"href":"https:\/\/mostimondiale.com\/fr\/wp-json\/wp\/v2\/media?parent=1268"}],"wp:term":[{"taxonomy":"product_brand","embeddable":true,"href":"https:\/\/mostimondiale.com\/fr\/wp-json\/wp\/v2\/product_brand?post=1268"},{"taxonomy":"product_cat","embeddable":true,"href":"https:\/\/mostimondiale.com\/fr\/wp-json\/wp\/v2\/product_cat?post=1268"},{"taxonomy":"product_tag","embeddable":true,"href":"https:\/\/mostimondiale.com\/fr\/wp-json\/wp\/v2\/product_tag?post=1268"}],"curies":[{"name":"wp","href":"https:\/\/api.w.org\/{rel}","templated":true}]}}