{"id":1262,"date":"2019-04-12T11:10:25","date_gmt":"2019-04-12T15:10:24","guid":{"rendered":"https:\/\/mostimondiale.com\/?post_type=product&#038;p=1262"},"modified":"2019-04-18T15:22:03","modified_gmt":"2019-04-18T19:22:03","slug":"zinfandel-blush-baies-sauvages","status":"publish","type":"product","link":"https:\/\/mostimondiale.com\/fr\/produits\/cepage\/zinfandel-blush-fr\/zinfandel-blush-baies-sauvages\/","title":{"rendered":"Zinfandel Blush aux Baies Sauvages"},"content":{"rendered":"","protected":false},"excerpt":{"rendered":"<p>Un doux m\u00e9lange de diverses baies sauvages et de Zinfandel qui donne un merveilleux ros\u00e9 au gout\u00a0rappelant l\u2019\u00e9t\u00e9. Il est moyennement cors\u00e9 et pr\u00e9sente des saveurs et des ar\u00f4mes de fruits d\u00e9licats.<\/p>\n","protected":false},"featured_media":1294,"template":"","meta":{"_acf_changed":false},"product_brand":[],"product_cat":[154,174,175,169,320],"product_tag":[],"class_list":{"0":"post-1262","1":"product","2":"type-product","3":"status-publish","4":"has-post-thumbnail","6":"product_cat-mout-de-raisin-assemblage","7":"product_cat-rose-fr","8":"product_cat-specialite","9":"product_cat-summer-breeze-fr","10":"product_cat-zinfandel-blush-fr","11":"pa_alcohol-7-3","12":"pa_aroma-fruite","13":"pa_body-3-mi-corse","14":"pa_price-256","16":"first","17":"instock","18":"shipping-taxable","19":"product-type-simple"},"acf":[],"yoast_head":"<!-- This site is optimized with the Yoast SEO plugin v26.9 - https:\/\/yoast.com\/product\/yoast-seo-wordpress\/ -->\n<title>Summer Breeze Zinfandel Blush Baies Sauvage \u2022 Trousse |Mosti Mondiale<\/title>\n<meta name=\"description\" content=\"Notre Summer Breeze (4.2L) Zinfandel Blush aux Baies Sauvages est un vin ros\u00e9 fruit\u00e9 moyen-l\u00e9ger. pr\u00e9sente des saveurs et des ar\u00f4mes de fruits d\u00e9licats.\" \/>\n<meta name=\"robots\" content=\"index, follow, max-snippet:-1, max-image-preview:large, max-video-preview:-1\" \/>\n<link rel=\"canonical\" href=\"https:\/\/mostimondiale.com\/produits\/varietal\/zinfandel-blush-varietal\/wild-berry-blush-zinfandel\/\" \/>\n<meta property=\"og:locale\" content=\"fr_CA\" \/>\n<meta property=\"og:type\" content=\"article\" \/>\n<meta property=\"og:title\" content=\"Summer Breeze Zinfandel Blush Baies Sauvage \u2022 Trousse |Mosti Mondiale\" \/>\n<meta property=\"og:description\" content=\"Notre Summer Breeze (4.2L) Zinfandel Blush aux Baies Sauvages est un vin ros\u00e9 fruit\u00e9 moyen-l\u00e9ger. pr\u00e9sente des saveurs et des ar\u00f4mes de fruits d\u00e9licats.\" \/>\n<meta property=\"og:url\" content=\"https:\/\/mostimondiale.com\/produits\/varietal\/zinfandel-blush-varietal\/wild-berry-blush-zinfandel\/\" \/>\n<meta property=\"og:site_name\" content=\"Mosti Mondiale\" \/>\n<meta property=\"article:modified_time\" content=\"2019-04-18T19:22:03+00:00\" \/>\n<meta property=\"og:image\" content=\"https:\/\/mostimondiale.com\/wp-content\/uploads\/2019\/04\/summerbreeze-360x360-fr.png\" \/>\n\t<meta property=\"og:image:width\" content=\"360\" \/>\n\t<meta property=\"og:image:height\" content=\"360\" \/>\n\t<meta property=\"og:image:type\" content=\"image\/png\" \/>\n<meta name=\"twitter:card\" content=\"summary_large_image\" \/>\n<script type=\"application\/ld+json\" class=\"yoast-schema-graph\">{\"@context\":\"https:\/\/schema.org\",\"@graph\":[{\"@type\":\"WebPage\",\"@id\":\"https:\/\/mostimondiale.com\/produits\/varietal\/zinfandel-blush-varietal\/wild-berry-blush-zinfandel\/\",\"url\":\"https:\/\/mostimondiale.com\/produits\/varietal\/zinfandel-blush-varietal\/wild-berry-blush-zinfandel\/\",\"name\":\"Summer Breeze Zinfandel Blush Baies Sauvage \u2022 Trousse |Mosti Mondiale\",\"isPartOf\":{\"@id\":\"https:\/\/mostimondiale.com\/#website\"},\"primaryImageOfPage\":{\"@id\":\"https:\/\/mostimondiale.com\/produits\/varietal\/zinfandel-blush-varietal\/wild-berry-blush-zinfandel\/#primaryimage\"},\"image\":{\"@id\":\"https:\/\/mostimondiale.com\/produits\/varietal\/zinfandel-blush-varietal\/wild-berry-blush-zinfandel\/#primaryimage\"},\"thumbnailUrl\":\"https:\/\/mostimondiale.com\/wp-content\/uploads\/2019\/04\/summerbreeze-360x360-fr.png\",\"datePublished\":\"2019-04-12T15:10:24+00:00\",\"dateModified\":\"2019-04-18T19:22:03+00:00\",\"description\":\"Notre Summer Breeze (4.2L) Zinfandel Blush aux Baies Sauvages est un vin ros\u00e9 fruit\u00e9 moyen-l\u00e9ger. pr\u00e9sente des saveurs et des ar\u00f4mes de fruits d\u00e9licats.\",\"breadcrumb\":{\"@id\":\"https:\/\/mostimondiale.com\/produits\/varietal\/zinfandel-blush-varietal\/wild-berry-blush-zinfandel\/#breadcrumb\"},\"inLanguage\":\"fr-CA\",\"potentialAction\":[{\"@type\":\"ReadAction\",\"target\":[\"https:\/\/mostimondiale.com\/produits\/varietal\/zinfandel-blush-varietal\/wild-berry-blush-zinfandel\/\"]}]},{\"@type\":\"ImageObject\",\"inLanguage\":\"fr-CA\",\"@id\":\"https:\/\/mostimondiale.com\/produits\/varietal\/zinfandel-blush-varietal\/wild-berry-blush-zinfandel\/#primaryimage\",\"url\":\"https:\/\/mostimondiale.com\/wp-content\/uploads\/2019\/04\/summerbreeze-360x360-fr.png\",\"contentUrl\":\"https:\/\/mostimondiale.com\/wp-content\/uploads\/2019\/04\/summerbreeze-360x360-fr.png\",\"width\":360,\"height\":360},{\"@type\":\"BreadcrumbList\",\"@id\":\"https:\/\/mostimondiale.com\/produits\/varietal\/zinfandel-blush-varietal\/wild-berry-blush-zinfandel\/#breadcrumb\",\"itemListElement\":[{\"@type\":\"ListItem\",\"position\":1,\"name\":\"Accueil\",\"item\":\"https:\/\/mostimondiale.com\/fr\/\"},{\"@type\":\"ListItem\",\"position\":2,\"name\":\"Produits\",\"item\":\"https:\/\/mostimondiale.com\/fr\/produits\/\"},{\"@type\":\"ListItem\",\"position\":3,\"name\":\"Zinfandel Blush aux Baies Sauvages\"}]},{\"@type\":\"WebSite\",\"@id\":\"https:\/\/mostimondiale.com\/#website\",\"url\":\"https:\/\/mostimondiale.com\/\",\"name\":\"Mosti Mondiale\",\"description\":\"\",\"potentialAction\":[{\"@type\":\"SearchAction\",\"target\":{\"@type\":\"EntryPoint\",\"urlTemplate\":\"https:\/\/mostimondiale.com\/?s={search_term_string}\"},\"query-input\":{\"@type\":\"PropertyValueSpecification\",\"valueRequired\":true,\"valueName\":\"search_term_string\"}}],\"inLanguage\":\"fr-CA\"}]}<\/script>\n<!-- \/ Yoast SEO plugin. -->","yoast_head_json":{"title":"Summer Breeze Zinfandel Blush Baies Sauvage \u2022 Trousse |Mosti Mondiale","description":"Notre Summer Breeze (4.2L) Zinfandel Blush aux Baies Sauvages est un vin ros\u00e9 fruit\u00e9 moyen-l\u00e9ger. pr\u00e9sente des saveurs et des ar\u00f4mes de fruits d\u00e9licats.","robots":{"index":"index","follow":"follow","max-snippet":"max-snippet:-1","max-image-preview":"max-image-preview:large","max-video-preview":"max-video-preview:-1"},"canonical":"https:\/\/mostimondiale.com\/produits\/varietal\/zinfandel-blush-varietal\/wild-berry-blush-zinfandel\/","og_locale":"fr_CA","og_type":"article","og_title":"Summer Breeze Zinfandel Blush Baies Sauvage \u2022 Trousse |Mosti Mondiale","og_description":"Notre Summer Breeze (4.2L) Zinfandel Blush aux Baies Sauvages est un vin ros\u00e9 fruit\u00e9 moyen-l\u00e9ger. pr\u00e9sente des saveurs et des ar\u00f4mes de fruits d\u00e9licats.","og_url":"https:\/\/mostimondiale.com\/produits\/varietal\/zinfandel-blush-varietal\/wild-berry-blush-zinfandel\/","og_site_name":"Mosti Mondiale","article_modified_time":"2019-04-18T19:22:03+00:00","og_image":[{"width":360,"height":360,"url":"https:\/\/mostimondiale.com\/wp-content\/uploads\/2019\/04\/summerbreeze-360x360-fr.png","type":"image\/png"}],"twitter_card":"summary_large_image","schema":{"@context":"https:\/\/schema.org","@graph":[{"@type":"WebPage","@id":"https:\/\/mostimondiale.com\/produits\/varietal\/zinfandel-blush-varietal\/wild-berry-blush-zinfandel\/","url":"https:\/\/mostimondiale.com\/produits\/varietal\/zinfandel-blush-varietal\/wild-berry-blush-zinfandel\/","name":"Summer Breeze Zinfandel Blush Baies Sauvage \u2022 Trousse |Mosti Mondiale","isPartOf":{"@id":"https:\/\/mostimondiale.com\/#website"},"primaryImageOfPage":{"@id":"https:\/\/mostimondiale.com\/produits\/varietal\/zinfandel-blush-varietal\/wild-berry-blush-zinfandel\/#primaryimage"},"image":{"@id":"https:\/\/mostimondiale.com\/produits\/varietal\/zinfandel-blush-varietal\/wild-berry-blush-zinfandel\/#primaryimage"},"thumbnailUrl":"https:\/\/mostimondiale.com\/wp-content\/uploads\/2019\/04\/summerbreeze-360x360-fr.png","datePublished":"2019-04-12T15:10:24+00:00","dateModified":"2019-04-18T19:22:03+00:00","description":"Notre Summer Breeze (4.2L) Zinfandel Blush aux Baies Sauvages est un vin ros\u00e9 fruit\u00e9 moyen-l\u00e9ger. pr\u00e9sente des saveurs et des ar\u00f4mes de fruits d\u00e9licats.","breadcrumb":{"@id":"https:\/\/mostimondiale.com\/produits\/varietal\/zinfandel-blush-varietal\/wild-berry-blush-zinfandel\/#breadcrumb"},"inLanguage":"fr-CA","potentialAction":[{"@type":"ReadAction","target":["https:\/\/mostimondiale.com\/produits\/varietal\/zinfandel-blush-varietal\/wild-berry-blush-zinfandel\/"]}]},{"@type":"ImageObject","inLanguage":"fr-CA","@id":"https:\/\/mostimondiale.com\/produits\/varietal\/zinfandel-blush-varietal\/wild-berry-blush-zinfandel\/#primaryimage","url":"https:\/\/mostimondiale.com\/wp-content\/uploads\/2019\/04\/summerbreeze-360x360-fr.png","contentUrl":"https:\/\/mostimondiale.com\/wp-content\/uploads\/2019\/04\/summerbreeze-360x360-fr.png","width":360,"height":360},{"@type":"BreadcrumbList","@id":"https:\/\/mostimondiale.com\/produits\/varietal\/zinfandel-blush-varietal\/wild-berry-blush-zinfandel\/#breadcrumb","itemListElement":[{"@type":"ListItem","position":1,"name":"Accueil","item":"https:\/\/mostimondiale.com\/fr\/"},{"@type":"ListItem","position":2,"name":"Produits","item":"https:\/\/mostimondiale.com\/fr\/produits\/"},{"@type":"ListItem","position":3,"name":"Zinfandel Blush aux Baies Sauvages"}]},{"@type":"WebSite","@id":"https:\/\/mostimondiale.com\/#website","url":"https:\/\/mostimondiale.com\/","name":"Mosti Mondiale","description":"","potentialAction":[{"@type":"SearchAction","target":{"@type":"EntryPoint","urlTemplate":"https:\/\/mostimondiale.com\/?s={search_term_string}"},"query-input":{"@type":"PropertyValueSpecification","valueRequired":true,"valueName":"search_term_string"}}],"inLanguage":"fr-CA"}]}},"_links":{"self":[{"href":"https:\/\/mostimondiale.com\/fr\/wp-json\/wp\/v2\/product\/1262","targetHints":{"allow":["GET"]}}],"collection":[{"href":"https:\/\/mostimondiale.com\/fr\/wp-json\/wp\/v2\/product"}],"about":[{"href":"https:\/\/mostimondiale.com\/fr\/wp-json\/wp\/v2\/types\/product"}],"wp:featuredmedia":[{"embeddable":true,"href":"https:\/\/mostimondiale.com\/fr\/wp-json\/wp\/v2\/media\/1294"}],"wp:attachment":[{"href":"https:\/\/mostimondiale.com\/fr\/wp-json\/wp\/v2\/media?parent=1262"}],"wp:term":[{"taxonomy":"product_brand","embeddable":true,"href":"https:\/\/mostimondiale.com\/fr\/wp-json\/wp\/v2\/product_brand?post=1262"},{"taxonomy":"product_cat","embeddable":true,"href":"https:\/\/mostimondiale.com\/fr\/wp-json\/wp\/v2\/product_cat?post=1262"},{"taxonomy":"product_tag","embeddable":true,"href":"https:\/\/mostimondiale.com\/fr\/wp-json\/wp\/v2\/product_tag?post=1262"}],"curies":[{"name":"wp","href":"https:\/\/api.w.org\/{rel}","templated":true}]}}