{"id":1261,"date":"2019-04-12T10:43:53","date_gmt":"2019-04-12T14:43:53","guid":{"rendered":"https:\/\/mostimondiale.com\/?post_type=product&#038;p=1261"},"modified":"2019-04-18T15:22:43","modified_gmt":"2019-04-18T19:22:43","slug":"zinfandel-blush-fraises","status":"publish","type":"product","link":"https:\/\/mostimondiale.com\/fr\/produits\/cepage\/zinfandel-blush-fr\/zinfandel-blush-fraises\/","title":{"rendered":"Zinfandel Blush aux Fraises"},"content":{"rendered":"","protected":false},"excerpt":{"rendered":"<p>Un ros\u00e9 fait \u00e0 partir de Zinfandel et de fraises. Avec un ar\u00f4me rafra\u00eechissant de fraise et des notes de kiwi et de marmalade.<\/p>\n","protected":false},"featured_media":1294,"template":"","meta":{"_acf_changed":false},"product_brand":[],"product_cat":[154,174,175,169,320],"product_tag":[],"class_list":{"0":"post-1261","1":"product","2":"type-product","3":"status-publish","4":"has-post-thumbnail","6":"product_cat-mout-de-raisin-assemblage","7":"product_cat-rose-fr","8":"product_cat-specialite","9":"product_cat-summer-breeze-fr","10":"product_cat-zinfandel-blush-fr","11":"pa_alcohol-7-3","12":"pa_aroma-fruite","13":"pa_body-2-moyen-leger","14":"pa_price-256","16":"first","17":"instock","18":"shipping-taxable","19":"product-type-simple"},"acf":[],"yoast_head":"<!-- This site is optimized with the Yoast SEO plugin v26.9 - https:\/\/yoast.com\/product\/yoast-seo-wordpress\/ -->\n<title>Summer Breeze Zinfandel Blush aux Fraises \u2022 Trousse | Mosti Mondiale<\/title>\n<meta name=\"description\" content=\"Notre Summer Breeze (4.2L) Zinfandel Blush aux Fraises est un vin ros\u00e9 fruit\u00e9 moyen-l\u00e9ger. Ar\u00f4me de fraise et notes de kiwi et de marmelade.\" \/>\n<meta name=\"robots\" content=\"index, follow, max-snippet:-1, max-image-preview:large, max-video-preview:-1\" \/>\n<link rel=\"canonical\" href=\"https:\/\/mostimondiale.com\/produits\/varietal\/zinfandel-blush-varietal\/strawberry-blush-zinfandel\/\" \/>\n<meta property=\"og:locale\" content=\"fr_CA\" \/>\n<meta property=\"og:type\" content=\"article\" \/>\n<meta property=\"og:title\" content=\"Summer Breeze Zinfandel Blush aux Fraises \u2022 Trousse | Mosti Mondiale\" \/>\n<meta property=\"og:description\" content=\"Notre Summer Breeze (4.2L) Zinfandel Blush aux Fraises est un vin ros\u00e9 fruit\u00e9 moyen-l\u00e9ger. Ar\u00f4me de fraise et notes de kiwi et de marmelade.\" \/>\n<meta property=\"og:url\" content=\"https:\/\/mostimondiale.com\/produits\/varietal\/zinfandel-blush-varietal\/strawberry-blush-zinfandel\/\" \/>\n<meta property=\"og:site_name\" content=\"Mosti Mondiale\" \/>\n<meta property=\"article:modified_time\" content=\"2019-04-18T19:22:43+00:00\" \/>\n<meta property=\"og:image\" content=\"https:\/\/mostimondiale.com\/wp-content\/uploads\/2019\/04\/summerbreeze-360x360-fr.png\" \/>\n\t<meta property=\"og:image:width\" content=\"360\" \/>\n\t<meta property=\"og:image:height\" content=\"360\" \/>\n\t<meta property=\"og:image:type\" content=\"image\/png\" \/>\n<meta name=\"twitter:card\" content=\"summary_large_image\" \/>\n<script type=\"application\/ld+json\" class=\"yoast-schema-graph\">{\"@context\":\"https:\/\/schema.org\",\"@graph\":[{\"@type\":\"WebPage\",\"@id\":\"https:\/\/mostimondiale.com\/produits\/varietal\/zinfandel-blush-varietal\/strawberry-blush-zinfandel\/\",\"url\":\"https:\/\/mostimondiale.com\/produits\/varietal\/zinfandel-blush-varietal\/strawberry-blush-zinfandel\/\",\"name\":\"Summer Breeze Zinfandel Blush aux Fraises \u2022 Trousse | Mosti Mondiale\",\"isPartOf\":{\"@id\":\"https:\/\/mostimondiale.com\/#website\"},\"primaryImageOfPage\":{\"@id\":\"https:\/\/mostimondiale.com\/produits\/varietal\/zinfandel-blush-varietal\/strawberry-blush-zinfandel\/#primaryimage\"},\"image\":{\"@id\":\"https:\/\/mostimondiale.com\/produits\/varietal\/zinfandel-blush-varietal\/strawberry-blush-zinfandel\/#primaryimage\"},\"thumbnailUrl\":\"https:\/\/mostimondiale.com\/wp-content\/uploads\/2019\/04\/summerbreeze-360x360-fr.png\",\"datePublished\":\"2019-04-12T14:43:53+00:00\",\"dateModified\":\"2019-04-18T19:22:43+00:00\",\"description\":\"Notre Summer Breeze (4.2L) Zinfandel Blush aux Fraises est un vin ros\u00e9 fruit\u00e9 moyen-l\u00e9ger. Ar\u00f4me de fraise et notes de kiwi et de marmelade.\",\"breadcrumb\":{\"@id\":\"https:\/\/mostimondiale.com\/produits\/varietal\/zinfandel-blush-varietal\/strawberry-blush-zinfandel\/#breadcrumb\"},\"inLanguage\":\"fr-CA\",\"potentialAction\":[{\"@type\":\"ReadAction\",\"target\":[\"https:\/\/mostimondiale.com\/produits\/varietal\/zinfandel-blush-varietal\/strawberry-blush-zinfandel\/\"]}]},{\"@type\":\"ImageObject\",\"inLanguage\":\"fr-CA\",\"@id\":\"https:\/\/mostimondiale.com\/produits\/varietal\/zinfandel-blush-varietal\/strawberry-blush-zinfandel\/#primaryimage\",\"url\":\"https:\/\/mostimondiale.com\/wp-content\/uploads\/2019\/04\/summerbreeze-360x360-fr.png\",\"contentUrl\":\"https:\/\/mostimondiale.com\/wp-content\/uploads\/2019\/04\/summerbreeze-360x360-fr.png\",\"width\":360,\"height\":360},{\"@type\":\"BreadcrumbList\",\"@id\":\"https:\/\/mostimondiale.com\/produits\/varietal\/zinfandel-blush-varietal\/strawberry-blush-zinfandel\/#breadcrumb\",\"itemListElement\":[{\"@type\":\"ListItem\",\"position\":1,\"name\":\"Accueil\",\"item\":\"https:\/\/mostimondiale.com\/fr\/\"},{\"@type\":\"ListItem\",\"position\":2,\"name\":\"Produits\",\"item\":\"https:\/\/mostimondiale.com\/fr\/produits\/\"},{\"@type\":\"ListItem\",\"position\":3,\"name\":\"Zinfandel Blush aux Fraises\"}]},{\"@type\":\"WebSite\",\"@id\":\"https:\/\/mostimondiale.com\/#website\",\"url\":\"https:\/\/mostimondiale.com\/\",\"name\":\"Mosti Mondiale\",\"description\":\"\",\"potentialAction\":[{\"@type\":\"SearchAction\",\"target\":{\"@type\":\"EntryPoint\",\"urlTemplate\":\"https:\/\/mostimondiale.com\/?s={search_term_string}\"},\"query-input\":{\"@type\":\"PropertyValueSpecification\",\"valueRequired\":true,\"valueName\":\"search_term_string\"}}],\"inLanguage\":\"fr-CA\"}]}<\/script>\n<!-- \/ Yoast SEO plugin. -->","yoast_head_json":{"title":"Summer Breeze Zinfandel Blush aux Fraises \u2022 Trousse | Mosti Mondiale","description":"Notre Summer Breeze (4.2L) Zinfandel Blush aux Fraises est un vin ros\u00e9 fruit\u00e9 moyen-l\u00e9ger. Ar\u00f4me de fraise et notes de kiwi et de marmelade.","robots":{"index":"index","follow":"follow","max-snippet":"max-snippet:-1","max-image-preview":"max-image-preview:large","max-video-preview":"max-video-preview:-1"},"canonical":"https:\/\/mostimondiale.com\/produits\/varietal\/zinfandel-blush-varietal\/strawberry-blush-zinfandel\/","og_locale":"fr_CA","og_type":"article","og_title":"Summer Breeze Zinfandel Blush aux Fraises \u2022 Trousse | Mosti Mondiale","og_description":"Notre Summer Breeze (4.2L) Zinfandel Blush aux Fraises est un vin ros\u00e9 fruit\u00e9 moyen-l\u00e9ger. Ar\u00f4me de fraise et notes de kiwi et de marmelade.","og_url":"https:\/\/mostimondiale.com\/produits\/varietal\/zinfandel-blush-varietal\/strawberry-blush-zinfandel\/","og_site_name":"Mosti Mondiale","article_modified_time":"2019-04-18T19:22:43+00:00","og_image":[{"width":360,"height":360,"url":"https:\/\/mostimondiale.com\/wp-content\/uploads\/2019\/04\/summerbreeze-360x360-fr.png","type":"image\/png"}],"twitter_card":"summary_large_image","schema":{"@context":"https:\/\/schema.org","@graph":[{"@type":"WebPage","@id":"https:\/\/mostimondiale.com\/produits\/varietal\/zinfandel-blush-varietal\/strawberry-blush-zinfandel\/","url":"https:\/\/mostimondiale.com\/produits\/varietal\/zinfandel-blush-varietal\/strawberry-blush-zinfandel\/","name":"Summer Breeze Zinfandel Blush aux Fraises \u2022 Trousse | Mosti Mondiale","isPartOf":{"@id":"https:\/\/mostimondiale.com\/#website"},"primaryImageOfPage":{"@id":"https:\/\/mostimondiale.com\/produits\/varietal\/zinfandel-blush-varietal\/strawberry-blush-zinfandel\/#primaryimage"},"image":{"@id":"https:\/\/mostimondiale.com\/produits\/varietal\/zinfandel-blush-varietal\/strawberry-blush-zinfandel\/#primaryimage"},"thumbnailUrl":"https:\/\/mostimondiale.com\/wp-content\/uploads\/2019\/04\/summerbreeze-360x360-fr.png","datePublished":"2019-04-12T14:43:53+00:00","dateModified":"2019-04-18T19:22:43+00:00","description":"Notre Summer Breeze (4.2L) Zinfandel Blush aux Fraises est un vin ros\u00e9 fruit\u00e9 moyen-l\u00e9ger. Ar\u00f4me de fraise et notes de kiwi et de marmelade.","breadcrumb":{"@id":"https:\/\/mostimondiale.com\/produits\/varietal\/zinfandel-blush-varietal\/strawberry-blush-zinfandel\/#breadcrumb"},"inLanguage":"fr-CA","potentialAction":[{"@type":"ReadAction","target":["https:\/\/mostimondiale.com\/produits\/varietal\/zinfandel-blush-varietal\/strawberry-blush-zinfandel\/"]}]},{"@type":"ImageObject","inLanguage":"fr-CA","@id":"https:\/\/mostimondiale.com\/produits\/varietal\/zinfandel-blush-varietal\/strawberry-blush-zinfandel\/#primaryimage","url":"https:\/\/mostimondiale.com\/wp-content\/uploads\/2019\/04\/summerbreeze-360x360-fr.png","contentUrl":"https:\/\/mostimondiale.com\/wp-content\/uploads\/2019\/04\/summerbreeze-360x360-fr.png","width":360,"height":360},{"@type":"BreadcrumbList","@id":"https:\/\/mostimondiale.com\/produits\/varietal\/zinfandel-blush-varietal\/strawberry-blush-zinfandel\/#breadcrumb","itemListElement":[{"@type":"ListItem","position":1,"name":"Accueil","item":"https:\/\/mostimondiale.com\/fr\/"},{"@type":"ListItem","position":2,"name":"Produits","item":"https:\/\/mostimondiale.com\/fr\/produits\/"},{"@type":"ListItem","position":3,"name":"Zinfandel Blush aux Fraises"}]},{"@type":"WebSite","@id":"https:\/\/mostimondiale.com\/#website","url":"https:\/\/mostimondiale.com\/","name":"Mosti Mondiale","description":"","potentialAction":[{"@type":"SearchAction","target":{"@type":"EntryPoint","urlTemplate":"https:\/\/mostimondiale.com\/?s={search_term_string}"},"query-input":{"@type":"PropertyValueSpecification","valueRequired":true,"valueName":"search_term_string"}}],"inLanguage":"fr-CA"}]}},"_links":{"self":[{"href":"https:\/\/mostimondiale.com\/fr\/wp-json\/wp\/v2\/product\/1261","targetHints":{"allow":["GET"]}}],"collection":[{"href":"https:\/\/mostimondiale.com\/fr\/wp-json\/wp\/v2\/product"}],"about":[{"href":"https:\/\/mostimondiale.com\/fr\/wp-json\/wp\/v2\/types\/product"}],"wp:featuredmedia":[{"embeddable":true,"href":"https:\/\/mostimondiale.com\/fr\/wp-json\/wp\/v2\/media\/1294"}],"wp:attachment":[{"href":"https:\/\/mostimondiale.com\/fr\/wp-json\/wp\/v2\/media?parent=1261"}],"wp:term":[{"taxonomy":"product_brand","embeddable":true,"href":"https:\/\/mostimondiale.com\/fr\/wp-json\/wp\/v2\/product_brand?post=1261"},{"taxonomy":"product_cat","embeddable":true,"href":"https:\/\/mostimondiale.com\/fr\/wp-json\/wp\/v2\/product_cat?post=1261"},{"taxonomy":"product_tag","embeddable":true,"href":"https:\/\/mostimondiale.com\/fr\/wp-json\/wp\/v2\/product_tag?post=1261"}],"curies":[{"name":"wp","href":"https:\/\/api.w.org\/{rel}","templated":true}]}}