{"id":1245,"date":"2019-04-12T08:57:26","date_gmt":"2019-04-12T12:57:26","guid":{"rendered":"https:\/\/mostimondiale.com\/?post_type=product&#038;p=1245"},"modified":"2020-01-31T11:13:34","modified_gmt":"2020-01-31T16:13:34","slug":"vin-epice","status":"publish","type":"product","link":"https:\/\/mostimondiale.com\/fr\/produits\/style-fr\/rouge\/vin-epice\/","title":{"rendered":"Vin \u00c9pic\u00e9"},"content":{"rendered":"","protected":false},"excerpt":{"rendered":"<p>Quoi de mieux que de se r\u00e9chauffer tandis que le temps se refroidit\u2005? Profitez d\u2019un bon verre de vin chaud \u00e9pic\u00e9 pr\u00e8s de la chemin\u00e9e ou d\u2019un feu de camp. Faites-le r\u00e9chauffer et buvez lentement.<\/p>\n","protected":false},"featured_media":1293,"template":"","meta":{"_acf_changed":false},"product_brand":[],"product_cat":[154,173,175,169],"product_tag":[],"class_list":{"0":"post-1245","1":"product","2":"type-product","3":"status-publish","4":"has-post-thumbnail","6":"product_cat-mout-de-raisin-assemblage","7":"product_cat-rouge","8":"product_cat-specialite","9":"product_cat-summer-breeze-fr","10":"pa_alcohol-7-3","11":"pa_aroma-boise","12":"pa_aroma-epice","13":"pa_aroma-fruite","14":"pa_body-3-mi-corse","15":"pa_price-256","17":"first","18":"instock","19":"shipping-taxable","20":"product-type-simple"},"acf":[],"yoast_head":"<!-- This site is optimized with the Yoast SEO plugin v26.9 - https:\/\/yoast.com\/product\/yoast-seo-wordpress\/ -->\n<title>Summer Breeze Vin \u00c9pic\u00e9 \u2022 Kit|Vinification | Mosti Mondiale<\/title>\n<meta name=\"description\" content=\"Notre Summer Breeze (4.2L) Vin \u00c9pic\u00e9 est un vin rouge fruit\u00e9 mi-cors\u00e9. R\u00e9chauffez-le, ajoutez vos \u00e9pices favorites et buvez lentement.\" \/>\n<meta name=\"robots\" content=\"index, follow, max-snippet:-1, max-image-preview:large, max-video-preview:-1\" \/>\n<link rel=\"canonical\" href=\"https:\/\/mostimondiale.com\/produits\/style\/red\/mulled-sine\/\" \/>\n<meta property=\"og:locale\" content=\"fr_CA\" \/>\n<meta property=\"og:type\" content=\"article\" \/>\n<meta property=\"og:title\" content=\"Summer Breeze Vin \u00c9pic\u00e9 \u2022 Kit|Vinification | Mosti Mondiale\" \/>\n<meta property=\"og:description\" content=\"Notre Summer Breeze (4.2L) Vin \u00c9pic\u00e9 est un vin rouge fruit\u00e9 mi-cors\u00e9. R\u00e9chauffez-le, ajoutez vos \u00e9pices favorites et buvez lentement.\" \/>\n<meta property=\"og:url\" content=\"https:\/\/mostimondiale.com\/produits\/style\/red\/mulled-sine\/\" \/>\n<meta property=\"og:site_name\" content=\"Mosti Mondiale\" \/>\n<meta property=\"article:modified_time\" content=\"2020-01-31T16:13:34+00:00\" \/>\n<meta property=\"og:image\" content=\"https:\/\/mostimondiale.com\/wp-content\/uploads\/2019\/04\/summerbreeze-360x360-en.png\" \/>\n\t<meta property=\"og:image:width\" content=\"360\" \/>\n\t<meta property=\"og:image:height\" content=\"360\" \/>\n\t<meta property=\"og:image:type\" content=\"image\/png\" \/>\n<meta name=\"twitter:card\" content=\"summary_large_image\" \/>\n<script type=\"application\/ld+json\" class=\"yoast-schema-graph\">{\"@context\":\"https:\/\/schema.org\",\"@graph\":[{\"@type\":\"WebPage\",\"@id\":\"https:\/\/mostimondiale.com\/produits\/style\/red\/mulled-sine\/\",\"url\":\"https:\/\/mostimondiale.com\/produits\/style\/red\/mulled-sine\/\",\"name\":\"Summer Breeze Vin \u00c9pic\u00e9 \u2022 Kit|Vinification | Mosti Mondiale\",\"isPartOf\":{\"@id\":\"https:\/\/mostimondiale.com\/#website\"},\"primaryImageOfPage\":{\"@id\":\"https:\/\/mostimondiale.com\/produits\/style\/red\/mulled-sine\/#primaryimage\"},\"image\":{\"@id\":\"https:\/\/mostimondiale.com\/produits\/style\/red\/mulled-sine\/#primaryimage\"},\"thumbnailUrl\":\"https:\/\/mostimondiale.com\/wp-content\/uploads\/2019\/04\/summerbreeze-360x360-en.png\",\"datePublished\":\"2019-04-12T12:57:26+00:00\",\"dateModified\":\"2020-01-31T16:13:34+00:00\",\"description\":\"Notre Summer Breeze (4.2L) Vin \u00c9pic\u00e9 est un vin rouge fruit\u00e9 mi-cors\u00e9. R\u00e9chauffez-le, ajoutez vos \u00e9pices favorites et buvez lentement.\",\"breadcrumb\":{\"@id\":\"https:\/\/mostimondiale.com\/produits\/style\/red\/mulled-sine\/#breadcrumb\"},\"inLanguage\":\"fr-CA\",\"potentialAction\":[{\"@type\":\"ReadAction\",\"target\":[\"https:\/\/mostimondiale.com\/produits\/style\/red\/mulled-sine\/\"]}]},{\"@type\":\"ImageObject\",\"inLanguage\":\"fr-CA\",\"@id\":\"https:\/\/mostimondiale.com\/produits\/style\/red\/mulled-sine\/#primaryimage\",\"url\":\"https:\/\/mostimondiale.com\/wp-content\/uploads\/2019\/04\/summerbreeze-360x360-en.png\",\"contentUrl\":\"https:\/\/mostimondiale.com\/wp-content\/uploads\/2019\/04\/summerbreeze-360x360-en.png\",\"width\":360,\"height\":360},{\"@type\":\"BreadcrumbList\",\"@id\":\"https:\/\/mostimondiale.com\/produits\/style\/red\/mulled-sine\/#breadcrumb\",\"itemListElement\":[{\"@type\":\"ListItem\",\"position\":1,\"name\":\"Accueil\",\"item\":\"https:\/\/mostimondiale.com\/fr\/\"},{\"@type\":\"ListItem\",\"position\":2,\"name\":\"Produits\",\"item\":\"https:\/\/mostimondiale.com\/fr\/produits\/\"},{\"@type\":\"ListItem\",\"position\":3,\"name\":\"Vin \u00c9pic\u00e9\"}]},{\"@type\":\"WebSite\",\"@id\":\"https:\/\/mostimondiale.com\/#website\",\"url\":\"https:\/\/mostimondiale.com\/\",\"name\":\"Mosti Mondiale\",\"description\":\"\",\"potentialAction\":[{\"@type\":\"SearchAction\",\"target\":{\"@type\":\"EntryPoint\",\"urlTemplate\":\"https:\/\/mostimondiale.com\/?s={search_term_string}\"},\"query-input\":{\"@type\":\"PropertyValueSpecification\",\"valueRequired\":true,\"valueName\":\"search_term_string\"}}],\"inLanguage\":\"fr-CA\"}]}<\/script>\n<!-- \/ Yoast SEO plugin. -->","yoast_head_json":{"title":"Summer Breeze Vin \u00c9pic\u00e9 \u2022 Kit|Vinification | Mosti Mondiale","description":"Notre Summer Breeze (4.2L) Vin \u00c9pic\u00e9 est un vin rouge fruit\u00e9 mi-cors\u00e9. R\u00e9chauffez-le, ajoutez vos \u00e9pices favorites et buvez lentement.","robots":{"index":"index","follow":"follow","max-snippet":"max-snippet:-1","max-image-preview":"max-image-preview:large","max-video-preview":"max-video-preview:-1"},"canonical":"https:\/\/mostimondiale.com\/produits\/style\/red\/mulled-sine\/","og_locale":"fr_CA","og_type":"article","og_title":"Summer Breeze Vin \u00c9pic\u00e9 \u2022 Kit|Vinification | Mosti Mondiale","og_description":"Notre Summer Breeze (4.2L) Vin \u00c9pic\u00e9 est un vin rouge fruit\u00e9 mi-cors\u00e9. R\u00e9chauffez-le, ajoutez vos \u00e9pices favorites et buvez lentement.","og_url":"https:\/\/mostimondiale.com\/produits\/style\/red\/mulled-sine\/","og_site_name":"Mosti Mondiale","article_modified_time":"2020-01-31T16:13:34+00:00","og_image":[{"width":360,"height":360,"url":"https:\/\/mostimondiale.com\/wp-content\/uploads\/2019\/04\/summerbreeze-360x360-en.png","type":"image\/png"}],"twitter_card":"summary_large_image","schema":{"@context":"https:\/\/schema.org","@graph":[{"@type":"WebPage","@id":"https:\/\/mostimondiale.com\/produits\/style\/red\/mulled-sine\/","url":"https:\/\/mostimondiale.com\/produits\/style\/red\/mulled-sine\/","name":"Summer Breeze Vin \u00c9pic\u00e9 \u2022 Kit|Vinification | Mosti Mondiale","isPartOf":{"@id":"https:\/\/mostimondiale.com\/#website"},"primaryImageOfPage":{"@id":"https:\/\/mostimondiale.com\/produits\/style\/red\/mulled-sine\/#primaryimage"},"image":{"@id":"https:\/\/mostimondiale.com\/produits\/style\/red\/mulled-sine\/#primaryimage"},"thumbnailUrl":"https:\/\/mostimondiale.com\/wp-content\/uploads\/2019\/04\/summerbreeze-360x360-en.png","datePublished":"2019-04-12T12:57:26+00:00","dateModified":"2020-01-31T16:13:34+00:00","description":"Notre Summer Breeze (4.2L) Vin \u00c9pic\u00e9 est un vin rouge fruit\u00e9 mi-cors\u00e9. R\u00e9chauffez-le, ajoutez vos \u00e9pices favorites et buvez lentement.","breadcrumb":{"@id":"https:\/\/mostimondiale.com\/produits\/style\/red\/mulled-sine\/#breadcrumb"},"inLanguage":"fr-CA","potentialAction":[{"@type":"ReadAction","target":["https:\/\/mostimondiale.com\/produits\/style\/red\/mulled-sine\/"]}]},{"@type":"ImageObject","inLanguage":"fr-CA","@id":"https:\/\/mostimondiale.com\/produits\/style\/red\/mulled-sine\/#primaryimage","url":"https:\/\/mostimondiale.com\/wp-content\/uploads\/2019\/04\/summerbreeze-360x360-en.png","contentUrl":"https:\/\/mostimondiale.com\/wp-content\/uploads\/2019\/04\/summerbreeze-360x360-en.png","width":360,"height":360},{"@type":"BreadcrumbList","@id":"https:\/\/mostimondiale.com\/produits\/style\/red\/mulled-sine\/#breadcrumb","itemListElement":[{"@type":"ListItem","position":1,"name":"Accueil","item":"https:\/\/mostimondiale.com\/fr\/"},{"@type":"ListItem","position":2,"name":"Produits","item":"https:\/\/mostimondiale.com\/fr\/produits\/"},{"@type":"ListItem","position":3,"name":"Vin \u00c9pic\u00e9"}]},{"@type":"WebSite","@id":"https:\/\/mostimondiale.com\/#website","url":"https:\/\/mostimondiale.com\/","name":"Mosti Mondiale","description":"","potentialAction":[{"@type":"SearchAction","target":{"@type":"EntryPoint","urlTemplate":"https:\/\/mostimondiale.com\/?s={search_term_string}"},"query-input":{"@type":"PropertyValueSpecification","valueRequired":true,"valueName":"search_term_string"}}],"inLanguage":"fr-CA"}]}},"_links":{"self":[{"href":"https:\/\/mostimondiale.com\/fr\/wp-json\/wp\/v2\/product\/1245","targetHints":{"allow":["GET"]}}],"collection":[{"href":"https:\/\/mostimondiale.com\/fr\/wp-json\/wp\/v2\/product"}],"about":[{"href":"https:\/\/mostimondiale.com\/fr\/wp-json\/wp\/v2\/types\/product"}],"wp:featuredmedia":[{"embeddable":true,"href":"https:\/\/mostimondiale.com\/fr\/wp-json\/wp\/v2\/media\/1293"}],"wp:attachment":[{"href":"https:\/\/mostimondiale.com\/fr\/wp-json\/wp\/v2\/media?parent=1245"}],"wp:term":[{"taxonomy":"product_brand","embeddable":true,"href":"https:\/\/mostimondiale.com\/fr\/wp-json\/wp\/v2\/product_brand?post=1245"},{"taxonomy":"product_cat","embeddable":true,"href":"https:\/\/mostimondiale.com\/fr\/wp-json\/wp\/v2\/product_cat?post=1245"},{"taxonomy":"product_tag","embeddable":true,"href":"https:\/\/mostimondiale.com\/fr\/wp-json\/wp\/v2\/product_tag?post=1245"}],"curies":[{"name":"wp","href":"https:\/\/api.w.org\/{rel}","templated":true}]}}