{"id":1243,"date":"2019-04-12T08:48:06","date_gmt":"2019-04-12T12:48:06","guid":{"rendered":"https:\/\/mostimondiale.com\/?post_type=product&#038;p=1243"},"modified":"2019-04-18T16:24:29","modified_gmt":"2019-04-18T20:24:29","slug":"shiraz-cerises-noires","status":"publish","type":"product","link":"https:\/\/mostimondiale.com\/fr\/produits\/cepage\/shiraz-fr\/shiraz-cerises-noires\/","title":{"rendered":"Shiraz aux Cerises Noires"},"content":{"rendered":"","protected":false},"excerpt":{"rendered":"<p>Un vin moyennement cors\u00e9 fait \u00e0 partir de Shiraz et de cerises noires sucr\u00e9es. Il pr\u00e9sente de subtils ar\u00f4mes de cerise, une franche acidit\u00e9 sur le palais et des notes d\u2019amandes grill\u00e9es, le tout accompagn\u00e9 de touches de poivre noir et d\u2019une douce finale. Un vin pour les amateurs de chocolat\u2005!<\/p>\n","protected":false},"featured_media":1294,"template":"","meta":{"_acf_changed":false},"product_brand":[],"product_cat":[154,173,223,175,169],"product_tag":[],"class_list":{"0":"post-1243","1":"product","2":"type-product","3":"status-publish","4":"has-post-thumbnail","6":"product_cat-mout-de-raisin-assemblage","7":"product_cat-rouge","8":"product_cat-shiraz-fr","9":"product_cat-specialite","10":"product_cat-summer-breeze-fr","11":"pa_alcohol-7-3","12":"pa_aroma-boise","13":"pa_aroma-epice","14":"pa_aroma-fruite","15":"pa_aroma-noisettes","16":"pa_body-3-mi-corse","17":"pa_price-256","19":"first","20":"instock","21":"shipping-taxable","22":"product-type-simple"},"acf":[],"yoast_head":"<!-- This site is optimized with the Yoast SEO plugin v26.9 - https:\/\/yoast.com\/product\/yoast-seo-wordpress\/ -->\n<title>Summer Breeze Shiraz Cerises Noires \u2022 Kit|Vinification | Mosti Mondiale<\/title>\n<meta name=\"description\" content=\"Notre Summer Breeze (4.2L) Shiraz aux Cerises Noires est un vin rouge fruit\u00e9 mi-cors\u00e9. Subtils ar\u00f4mes de cerise, des notes d\u2019amandes et de poivre noir.\" \/>\n<meta name=\"robots\" content=\"index, follow, max-snippet:-1, max-image-preview:large, max-video-preview:-1\" \/>\n<link rel=\"canonical\" href=\"https:\/\/mostimondiale.com\/produits\/varietal\/shiraz\/black-cherry-shiraz\/\" \/>\n<meta property=\"og:locale\" content=\"fr_CA\" \/>\n<meta property=\"og:type\" content=\"article\" \/>\n<meta property=\"og:title\" content=\"Summer Breeze Shiraz Cerises Noires \u2022 Kit|Vinification | Mosti Mondiale\" \/>\n<meta property=\"og:description\" content=\"Notre Summer Breeze (4.2L) Shiraz aux Cerises Noires est un vin rouge fruit\u00e9 mi-cors\u00e9. Subtils ar\u00f4mes de cerise, des notes d\u2019amandes et de poivre noir.\" \/>\n<meta property=\"og:url\" content=\"https:\/\/mostimondiale.com\/produits\/varietal\/shiraz\/black-cherry-shiraz\/\" \/>\n<meta property=\"og:site_name\" content=\"Mosti Mondiale\" \/>\n<meta property=\"article:modified_time\" content=\"2019-04-18T20:24:29+00:00\" \/>\n<meta property=\"og:image\" content=\"https:\/\/mostimondiale.com\/wp-content\/uploads\/2019\/04\/summerbreeze-360x360-fr.png\" \/>\n\t<meta property=\"og:image:width\" content=\"360\" \/>\n\t<meta property=\"og:image:height\" content=\"360\" \/>\n\t<meta property=\"og:image:type\" content=\"image\/png\" \/>\n<meta name=\"twitter:card\" content=\"summary_large_image\" \/>\n<script type=\"application\/ld+json\" class=\"yoast-schema-graph\">{\"@context\":\"https:\/\/schema.org\",\"@graph\":[{\"@type\":\"WebPage\",\"@id\":\"https:\/\/mostimondiale.com\/produits\/varietal\/shiraz\/black-cherry-shiraz\/\",\"url\":\"https:\/\/mostimondiale.com\/produits\/varietal\/shiraz\/black-cherry-shiraz\/\",\"name\":\"Summer Breeze Shiraz Cerises Noires \u2022 Kit|Vinification | Mosti Mondiale\",\"isPartOf\":{\"@id\":\"https:\/\/mostimondiale.com\/#website\"},\"primaryImageOfPage\":{\"@id\":\"https:\/\/mostimondiale.com\/produits\/varietal\/shiraz\/black-cherry-shiraz\/#primaryimage\"},\"image\":{\"@id\":\"https:\/\/mostimondiale.com\/produits\/varietal\/shiraz\/black-cherry-shiraz\/#primaryimage\"},\"thumbnailUrl\":\"https:\/\/mostimondiale.com\/wp-content\/uploads\/2019\/04\/summerbreeze-360x360-fr.png\",\"datePublished\":\"2019-04-12T12:48:06+00:00\",\"dateModified\":\"2019-04-18T20:24:29+00:00\",\"description\":\"Notre Summer Breeze (4.2L) Shiraz aux Cerises Noires est un vin rouge fruit\u00e9 mi-cors\u00e9. Subtils ar\u00f4mes de cerise, des notes d\u2019amandes et de poivre noir.\",\"breadcrumb\":{\"@id\":\"https:\/\/mostimondiale.com\/produits\/varietal\/shiraz\/black-cherry-shiraz\/#breadcrumb\"},\"inLanguage\":\"fr-CA\",\"potentialAction\":[{\"@type\":\"ReadAction\",\"target\":[\"https:\/\/mostimondiale.com\/produits\/varietal\/shiraz\/black-cherry-shiraz\/\"]}]},{\"@type\":\"ImageObject\",\"inLanguage\":\"fr-CA\",\"@id\":\"https:\/\/mostimondiale.com\/produits\/varietal\/shiraz\/black-cherry-shiraz\/#primaryimage\",\"url\":\"https:\/\/mostimondiale.com\/wp-content\/uploads\/2019\/04\/summerbreeze-360x360-fr.png\",\"contentUrl\":\"https:\/\/mostimondiale.com\/wp-content\/uploads\/2019\/04\/summerbreeze-360x360-fr.png\",\"width\":360,\"height\":360},{\"@type\":\"BreadcrumbList\",\"@id\":\"https:\/\/mostimondiale.com\/produits\/varietal\/shiraz\/black-cherry-shiraz\/#breadcrumb\",\"itemListElement\":[{\"@type\":\"ListItem\",\"position\":1,\"name\":\"Accueil\",\"item\":\"https:\/\/mostimondiale.com\/fr\/\"},{\"@type\":\"ListItem\",\"position\":2,\"name\":\"Produits\",\"item\":\"https:\/\/mostimondiale.com\/fr\/produits\/\"},{\"@type\":\"ListItem\",\"position\":3,\"name\":\"Shiraz aux Cerises Noires\"}]},{\"@type\":\"WebSite\",\"@id\":\"https:\/\/mostimondiale.com\/#website\",\"url\":\"https:\/\/mostimondiale.com\/\",\"name\":\"Mosti Mondiale\",\"description\":\"\",\"potentialAction\":[{\"@type\":\"SearchAction\",\"target\":{\"@type\":\"EntryPoint\",\"urlTemplate\":\"https:\/\/mostimondiale.com\/?s={search_term_string}\"},\"query-input\":{\"@type\":\"PropertyValueSpecification\",\"valueRequired\":true,\"valueName\":\"search_term_string\"}}],\"inLanguage\":\"fr-CA\"}]}<\/script>\n<!-- \/ Yoast SEO plugin. -->","yoast_head_json":{"title":"Summer Breeze Shiraz Cerises Noires \u2022 Kit|Vinification | Mosti Mondiale","description":"Notre Summer Breeze (4.2L) Shiraz aux Cerises Noires est un vin rouge fruit\u00e9 mi-cors\u00e9. Subtils ar\u00f4mes de cerise, des notes d\u2019amandes et de poivre noir.","robots":{"index":"index","follow":"follow","max-snippet":"max-snippet:-1","max-image-preview":"max-image-preview:large","max-video-preview":"max-video-preview:-1"},"canonical":"https:\/\/mostimondiale.com\/produits\/varietal\/shiraz\/black-cherry-shiraz\/","og_locale":"fr_CA","og_type":"article","og_title":"Summer Breeze Shiraz Cerises Noires \u2022 Kit|Vinification | Mosti Mondiale","og_description":"Notre Summer Breeze (4.2L) Shiraz aux Cerises Noires est un vin rouge fruit\u00e9 mi-cors\u00e9. Subtils ar\u00f4mes de cerise, des notes d\u2019amandes et de poivre noir.","og_url":"https:\/\/mostimondiale.com\/produits\/varietal\/shiraz\/black-cherry-shiraz\/","og_site_name":"Mosti Mondiale","article_modified_time":"2019-04-18T20:24:29+00:00","og_image":[{"width":360,"height":360,"url":"https:\/\/mostimondiale.com\/wp-content\/uploads\/2019\/04\/summerbreeze-360x360-fr.png","type":"image\/png"}],"twitter_card":"summary_large_image","schema":{"@context":"https:\/\/schema.org","@graph":[{"@type":"WebPage","@id":"https:\/\/mostimondiale.com\/produits\/varietal\/shiraz\/black-cherry-shiraz\/","url":"https:\/\/mostimondiale.com\/produits\/varietal\/shiraz\/black-cherry-shiraz\/","name":"Summer Breeze Shiraz Cerises Noires \u2022 Kit|Vinification | Mosti Mondiale","isPartOf":{"@id":"https:\/\/mostimondiale.com\/#website"},"primaryImageOfPage":{"@id":"https:\/\/mostimondiale.com\/produits\/varietal\/shiraz\/black-cherry-shiraz\/#primaryimage"},"image":{"@id":"https:\/\/mostimondiale.com\/produits\/varietal\/shiraz\/black-cherry-shiraz\/#primaryimage"},"thumbnailUrl":"https:\/\/mostimondiale.com\/wp-content\/uploads\/2019\/04\/summerbreeze-360x360-fr.png","datePublished":"2019-04-12T12:48:06+00:00","dateModified":"2019-04-18T20:24:29+00:00","description":"Notre Summer Breeze (4.2L) Shiraz aux Cerises Noires est un vin rouge fruit\u00e9 mi-cors\u00e9. Subtils ar\u00f4mes de cerise, des notes d\u2019amandes et de poivre noir.","breadcrumb":{"@id":"https:\/\/mostimondiale.com\/produits\/varietal\/shiraz\/black-cherry-shiraz\/#breadcrumb"},"inLanguage":"fr-CA","potentialAction":[{"@type":"ReadAction","target":["https:\/\/mostimondiale.com\/produits\/varietal\/shiraz\/black-cherry-shiraz\/"]}]},{"@type":"ImageObject","inLanguage":"fr-CA","@id":"https:\/\/mostimondiale.com\/produits\/varietal\/shiraz\/black-cherry-shiraz\/#primaryimage","url":"https:\/\/mostimondiale.com\/wp-content\/uploads\/2019\/04\/summerbreeze-360x360-fr.png","contentUrl":"https:\/\/mostimondiale.com\/wp-content\/uploads\/2019\/04\/summerbreeze-360x360-fr.png","width":360,"height":360},{"@type":"BreadcrumbList","@id":"https:\/\/mostimondiale.com\/produits\/varietal\/shiraz\/black-cherry-shiraz\/#breadcrumb","itemListElement":[{"@type":"ListItem","position":1,"name":"Accueil","item":"https:\/\/mostimondiale.com\/fr\/"},{"@type":"ListItem","position":2,"name":"Produits","item":"https:\/\/mostimondiale.com\/fr\/produits\/"},{"@type":"ListItem","position":3,"name":"Shiraz aux Cerises Noires"}]},{"@type":"WebSite","@id":"https:\/\/mostimondiale.com\/#website","url":"https:\/\/mostimondiale.com\/","name":"Mosti Mondiale","description":"","potentialAction":[{"@type":"SearchAction","target":{"@type":"EntryPoint","urlTemplate":"https:\/\/mostimondiale.com\/?s={search_term_string}"},"query-input":{"@type":"PropertyValueSpecification","valueRequired":true,"valueName":"search_term_string"}}],"inLanguage":"fr-CA"}]}},"_links":{"self":[{"href":"https:\/\/mostimondiale.com\/fr\/wp-json\/wp\/v2\/product\/1243","targetHints":{"allow":["GET"]}}],"collection":[{"href":"https:\/\/mostimondiale.com\/fr\/wp-json\/wp\/v2\/product"}],"about":[{"href":"https:\/\/mostimondiale.com\/fr\/wp-json\/wp\/v2\/types\/product"}],"wp:featuredmedia":[{"embeddable":true,"href":"https:\/\/mostimondiale.com\/fr\/wp-json\/wp\/v2\/media\/1294"}],"wp:attachment":[{"href":"https:\/\/mostimondiale.com\/fr\/wp-json\/wp\/v2\/media?parent=1243"}],"wp:term":[{"taxonomy":"product_brand","embeddable":true,"href":"https:\/\/mostimondiale.com\/fr\/wp-json\/wp\/v2\/product_brand?post=1243"},{"taxonomy":"product_cat","embeddable":true,"href":"https:\/\/mostimondiale.com\/fr\/wp-json\/wp\/v2\/product_cat?post=1243"},{"taxonomy":"product_tag","embeddable":true,"href":"https:\/\/mostimondiale.com\/fr\/wp-json\/wp\/v2\/product_tag?post=1243"}],"curies":[{"name":"wp","href":"https:\/\/api.w.org\/{rel}","templated":true}]}}