{"id":1227,"date":"2019-04-11T16:44:14","date_gmt":"2019-04-11T20:44:13","guid":{"rendered":"https:\/\/mostimondiale.com\/?post_type=product&#038;p=1227"},"modified":"2019-04-15T09:16:21","modified_gmt":"2019-04-15T13:16:21","slug":"il-veneto","status":"publish","type":"product","link":"https:\/\/mostimondiale.com\/fr\/produits\/cepage\/il-veneto-fr\/il-veneto\/","title":{"rendered":"Il Veneto"},"content":{"rendered":"","protected":false},"excerpt":{"rendered":"<p>Dot\u00e9 d\u2019une robe jaune p\u00e2le tendant vers le vert,\u00a0ce vin comprend un m\u00e9lange harmonieux de petits fruits secs, de miel d\u2019acacia, de cerisiers en fleurs et d\u2019amandes, accompagn\u00e9 d\u2019une touche de vanille qui le rend intens\u00e9ment aromatique et savoureux. Sa texture durable vous pr\u00e9sentera une acidit\u00e9 perceptible r\u00e9v\u00e9lant une finale velout\u00e9e et une amertume d\u00e9licate.<\/p>\n","protected":false},"featured_media":1287,"template":"","meta":{"_acf_changed":false},"product_brand":[],"product_cat":[176,198,154,170],"product_tag":[],"class_list":{"0":"post-1227","1":"product","2":"type-product","3":"status-publish","4":"has-post-thumbnail","6":"product_cat-blanc","7":"product_cat-il-veneto-fr","8":"product_cat-mout-de-raisin-assemblage","9":"product_cat-vinifera-fr","10":"pa_alcohol-12-7","11":"pa_aroma-boise","12":"pa_aroma-caramelise","13":"pa_aroma-fruite","14":"pa_body-1-leger","15":"pa_price-255","16":"pa_winemaker-addition-chene-leger","18":"first","19":"instock","20":"shipping-taxable","21":"product-type-simple"},"acf":[],"yoast_head":"<!-- This site is optimized with the Yoast SEO plugin v26.9 - https:\/\/yoast.com\/product\/yoast-seo-wordpress\/ -->\n<title>Vinifera Il Veneto \u2022 Trousse|Kit de Vinification | Mosti Mondiale<\/title>\n<meta name=\"description\" content=\"Notre Vinifera (10L) Il Veneto est un vin rouge l\u00e9ger. Un m\u00e9lange de petits fruits secs, de miel d\u2019acacia, de cerisiers, d\u2019amandes et une touche de vanille.\" \/>\n<meta name=\"robots\" content=\"index, follow, max-snippet:-1, max-image-preview:large, max-video-preview:-1\" \/>\n<link rel=\"canonical\" href=\"https:\/\/mostimondiale.com\/produits\/varietal\/il-veneto\/il-veneto\/\" \/>\n<meta property=\"og:locale\" content=\"fr_CA\" \/>\n<meta property=\"og:type\" content=\"article\" \/>\n<meta property=\"og:title\" content=\"Vinifera Il Veneto \u2022 Trousse|Kit de Vinification | Mosti Mondiale\" \/>\n<meta property=\"og:description\" content=\"Notre Vinifera (10L) Il Veneto est un vin rouge l\u00e9ger. Un m\u00e9lange de petits fruits secs, de miel d\u2019acacia, de cerisiers, d\u2019amandes et une touche de vanille.\" \/>\n<meta property=\"og:url\" content=\"https:\/\/mostimondiale.com\/produits\/varietal\/il-veneto\/il-veneto\/\" \/>\n<meta property=\"og:site_name\" content=\"Mosti Mondiale\" \/>\n<meta property=\"article:modified_time\" content=\"2019-04-15T13:16:21+00:00\" \/>\n<meta property=\"og:image\" content=\"https:\/\/mostimondiale.com\/wp-content\/uploads\/2019\/04\/vinifera-360x360-fr.png\" \/>\n\t<meta property=\"og:image:width\" content=\"360\" \/>\n\t<meta property=\"og:image:height\" content=\"360\" \/>\n\t<meta property=\"og:image:type\" content=\"image\/png\" \/>\n<meta name=\"twitter:card\" content=\"summary_large_image\" \/>\n<script type=\"application\/ld+json\" class=\"yoast-schema-graph\">{\"@context\":\"https:\/\/schema.org\",\"@graph\":[{\"@type\":\"WebPage\",\"@id\":\"https:\/\/mostimondiale.com\/produits\/varietal\/il-veneto\/il-veneto\/\",\"url\":\"https:\/\/mostimondiale.com\/produits\/varietal\/il-veneto\/il-veneto\/\",\"name\":\"Vinifera Il Veneto \u2022 Trousse|Kit de Vinification | Mosti Mondiale\",\"isPartOf\":{\"@id\":\"https:\/\/mostimondiale.com\/#website\"},\"primaryImageOfPage\":{\"@id\":\"https:\/\/mostimondiale.com\/produits\/varietal\/il-veneto\/il-veneto\/#primaryimage\"},\"image\":{\"@id\":\"https:\/\/mostimondiale.com\/produits\/varietal\/il-veneto\/il-veneto\/#primaryimage\"},\"thumbnailUrl\":\"https:\/\/mostimondiale.com\/wp-content\/uploads\/2019\/04\/vinifera-360x360-fr.png\",\"datePublished\":\"2019-04-11T20:44:13+00:00\",\"dateModified\":\"2019-04-15T13:16:21+00:00\",\"description\":\"Notre Vinifera (10L) Il Veneto est un vin rouge l\u00e9ger. Un m\u00e9lange de petits fruits secs, de miel d\u2019acacia, de cerisiers, d\u2019amandes et une touche de vanille.\",\"breadcrumb\":{\"@id\":\"https:\/\/mostimondiale.com\/produits\/varietal\/il-veneto\/il-veneto\/#breadcrumb\"},\"inLanguage\":\"fr-CA\",\"potentialAction\":[{\"@type\":\"ReadAction\",\"target\":[\"https:\/\/mostimondiale.com\/produits\/varietal\/il-veneto\/il-veneto\/\"]}]},{\"@type\":\"ImageObject\",\"inLanguage\":\"fr-CA\",\"@id\":\"https:\/\/mostimondiale.com\/produits\/varietal\/il-veneto\/il-veneto\/#primaryimage\",\"url\":\"https:\/\/mostimondiale.com\/wp-content\/uploads\/2019\/04\/vinifera-360x360-fr.png\",\"contentUrl\":\"https:\/\/mostimondiale.com\/wp-content\/uploads\/2019\/04\/vinifera-360x360-fr.png\",\"width\":360,\"height\":360},{\"@type\":\"BreadcrumbList\",\"@id\":\"https:\/\/mostimondiale.com\/produits\/varietal\/il-veneto\/il-veneto\/#breadcrumb\",\"itemListElement\":[{\"@type\":\"ListItem\",\"position\":1,\"name\":\"Accueil\",\"item\":\"https:\/\/mostimondiale.com\/fr\/\"},{\"@type\":\"ListItem\",\"position\":2,\"name\":\"Produits\",\"item\":\"https:\/\/mostimondiale.com\/fr\/produits\/\"},{\"@type\":\"ListItem\",\"position\":3,\"name\":\"Il Veneto\"}]},{\"@type\":\"WebSite\",\"@id\":\"https:\/\/mostimondiale.com\/#website\",\"url\":\"https:\/\/mostimondiale.com\/\",\"name\":\"Mosti Mondiale\",\"description\":\"\",\"potentialAction\":[{\"@type\":\"SearchAction\",\"target\":{\"@type\":\"EntryPoint\",\"urlTemplate\":\"https:\/\/mostimondiale.com\/?s={search_term_string}\"},\"query-input\":{\"@type\":\"PropertyValueSpecification\",\"valueRequired\":true,\"valueName\":\"search_term_string\"}}],\"inLanguage\":\"fr-CA\"}]}<\/script>\n<!-- \/ Yoast SEO plugin. -->","yoast_head_json":{"title":"Vinifera Il Veneto \u2022 Trousse|Kit de Vinification | Mosti Mondiale","description":"Notre Vinifera (10L) Il Veneto est un vin rouge l\u00e9ger. Un m\u00e9lange de petits fruits secs, de miel d\u2019acacia, de cerisiers, d\u2019amandes et une touche de vanille.","robots":{"index":"index","follow":"follow","max-snippet":"max-snippet:-1","max-image-preview":"max-image-preview:large","max-video-preview":"max-video-preview:-1"},"canonical":"https:\/\/mostimondiale.com\/produits\/varietal\/il-veneto\/il-veneto\/","og_locale":"fr_CA","og_type":"article","og_title":"Vinifera Il Veneto \u2022 Trousse|Kit de Vinification | Mosti Mondiale","og_description":"Notre Vinifera (10L) Il Veneto est un vin rouge l\u00e9ger. Un m\u00e9lange de petits fruits secs, de miel d\u2019acacia, de cerisiers, d\u2019amandes et une touche de vanille.","og_url":"https:\/\/mostimondiale.com\/produits\/varietal\/il-veneto\/il-veneto\/","og_site_name":"Mosti Mondiale","article_modified_time":"2019-04-15T13:16:21+00:00","og_image":[{"width":360,"height":360,"url":"https:\/\/mostimondiale.com\/wp-content\/uploads\/2019\/04\/vinifera-360x360-fr.png","type":"image\/png"}],"twitter_card":"summary_large_image","schema":{"@context":"https:\/\/schema.org","@graph":[{"@type":"WebPage","@id":"https:\/\/mostimondiale.com\/produits\/varietal\/il-veneto\/il-veneto\/","url":"https:\/\/mostimondiale.com\/produits\/varietal\/il-veneto\/il-veneto\/","name":"Vinifera Il Veneto \u2022 Trousse|Kit de Vinification | Mosti Mondiale","isPartOf":{"@id":"https:\/\/mostimondiale.com\/#website"},"primaryImageOfPage":{"@id":"https:\/\/mostimondiale.com\/produits\/varietal\/il-veneto\/il-veneto\/#primaryimage"},"image":{"@id":"https:\/\/mostimondiale.com\/produits\/varietal\/il-veneto\/il-veneto\/#primaryimage"},"thumbnailUrl":"https:\/\/mostimondiale.com\/wp-content\/uploads\/2019\/04\/vinifera-360x360-fr.png","datePublished":"2019-04-11T20:44:13+00:00","dateModified":"2019-04-15T13:16:21+00:00","description":"Notre Vinifera (10L) Il Veneto est un vin rouge l\u00e9ger. Un m\u00e9lange de petits fruits secs, de miel d\u2019acacia, de cerisiers, d\u2019amandes et une touche de vanille.","breadcrumb":{"@id":"https:\/\/mostimondiale.com\/produits\/varietal\/il-veneto\/il-veneto\/#breadcrumb"},"inLanguage":"fr-CA","potentialAction":[{"@type":"ReadAction","target":["https:\/\/mostimondiale.com\/produits\/varietal\/il-veneto\/il-veneto\/"]}]},{"@type":"ImageObject","inLanguage":"fr-CA","@id":"https:\/\/mostimondiale.com\/produits\/varietal\/il-veneto\/il-veneto\/#primaryimage","url":"https:\/\/mostimondiale.com\/wp-content\/uploads\/2019\/04\/vinifera-360x360-fr.png","contentUrl":"https:\/\/mostimondiale.com\/wp-content\/uploads\/2019\/04\/vinifera-360x360-fr.png","width":360,"height":360},{"@type":"BreadcrumbList","@id":"https:\/\/mostimondiale.com\/produits\/varietal\/il-veneto\/il-veneto\/#breadcrumb","itemListElement":[{"@type":"ListItem","position":1,"name":"Accueil","item":"https:\/\/mostimondiale.com\/fr\/"},{"@type":"ListItem","position":2,"name":"Produits","item":"https:\/\/mostimondiale.com\/fr\/produits\/"},{"@type":"ListItem","position":3,"name":"Il Veneto"}]},{"@type":"WebSite","@id":"https:\/\/mostimondiale.com\/#website","url":"https:\/\/mostimondiale.com\/","name":"Mosti Mondiale","description":"","potentialAction":[{"@type":"SearchAction","target":{"@type":"EntryPoint","urlTemplate":"https:\/\/mostimondiale.com\/?s={search_term_string}"},"query-input":{"@type":"PropertyValueSpecification","valueRequired":true,"valueName":"search_term_string"}}],"inLanguage":"fr-CA"}]}},"_links":{"self":[{"href":"https:\/\/mostimondiale.com\/fr\/wp-json\/wp\/v2\/product\/1227","targetHints":{"allow":["GET"]}}],"collection":[{"href":"https:\/\/mostimondiale.com\/fr\/wp-json\/wp\/v2\/product"}],"about":[{"href":"https:\/\/mostimondiale.com\/fr\/wp-json\/wp\/v2\/types\/product"}],"wp:featuredmedia":[{"embeddable":true,"href":"https:\/\/mostimondiale.com\/fr\/wp-json\/wp\/v2\/media\/1287"}],"wp:attachment":[{"href":"https:\/\/mostimondiale.com\/fr\/wp-json\/wp\/v2\/media?parent=1227"}],"wp:term":[{"taxonomy":"product_brand","embeddable":true,"href":"https:\/\/mostimondiale.com\/fr\/wp-json\/wp\/v2\/product_brand?post=1227"},{"taxonomy":"product_cat","embeddable":true,"href":"https:\/\/mostimondiale.com\/fr\/wp-json\/wp\/v2\/product_cat?post=1227"},{"taxonomy":"product_tag","embeddable":true,"href":"https:\/\/mostimondiale.com\/fr\/wp-json\/wp\/v2\/product_tag?post=1227"}],"curies":[{"name":"wp","href":"https:\/\/api.w.org\/{rel}","templated":true}]}}