{"id":1226,"date":"2019-04-11T16:40:04","date_gmt":"2019-04-11T20:40:05","guid":{"rendered":"https:\/\/mostimondiale.com\/?post_type=product&#038;p=1226"},"modified":"2019-04-15T09:17:22","modified_gmt":"2019-04-15T13:17:22","slug":"piesporter-style","status":"publish","type":"product","link":"https:\/\/mostimondiale.com\/fr\/produits\/cepage\/style-piesporter\/piesporter-style\/","title":{"rendered":"Piesporter Style"},"content":{"rendered":"","protected":false},"excerpt":{"rendered":"<p>Apparent\u00e9 au Riesling, ce vin demi-sec est tr\u00e8s\u00a0aromatique. \u00c0 la d\u00e9gustation, vous d\u00e9couvrirez des notes de p\u00eache m\u00fbre accompagn\u00e9es d\u2019accents floraux. Sa vivacit\u00e9 plaisante due \u00e0 son acidit\u00e9 offre une finale dot\u00e9e d\u2019une magnifique sensation de fra\u00eecheur.<\/p>\n","protected":false},"featured_media":1287,"template":"","meta":{"_acf_changed":false},"product_brand":[],"product_cat":[176,154,211,170],"product_tag":[],"class_list":{"0":"post-1226","1":"product","2":"type-product","3":"status-publish","4":"has-post-thumbnail","6":"product_cat-blanc","7":"product_cat-mout-de-raisin-assemblage","8":"product_cat-style-piesporter","9":"product_cat-vinifera-fr","10":"pa_alcohol-12-7","11":"pa_aroma-floral-fr","12":"pa_aroma-fruite","13":"pa_body-1-leger","14":"pa_price-255","15":"pa_winemaker-addition-adoucisseur","17":"first","18":"instock","19":"shipping-taxable","20":"product-type-simple"},"acf":[],"yoast_head":"<!-- This site is optimized with the Yoast SEO plugin v26.9 - https:\/\/yoast.com\/product\/yoast-seo-wordpress\/ -->\n<title>Vinifera Piesporter Style \u2022 Trousse|Kit de Vinification | Mosti Mondiale<\/title>\n<meta name=\"description\" content=\"Notre Vinifera (10L) Piesporter Style est un vin rouge l\u00e9ger. \u00c0 la d\u00e9gustation, vous d\u00e9couvrirez des notes de p\u00eache m\u00fbre accompagn\u00e9es d\u2019accents floraux.\" \/>\n<meta name=\"robots\" content=\"index, follow, max-snippet:-1, max-image-preview:large, max-video-preview:-1\" \/>\n<link rel=\"canonical\" href=\"https:\/\/mostimondiale.com\/produits\/varietal\/piesporter-style\/piesporter-style\/\" \/>\n<meta property=\"og:locale\" content=\"fr_CA\" \/>\n<meta property=\"og:type\" content=\"article\" \/>\n<meta property=\"og:title\" content=\"Vinifera Piesporter Style \u2022 Trousse|Kit de Vinification | Mosti Mondiale\" \/>\n<meta property=\"og:description\" content=\"Notre Vinifera (10L) Piesporter Style est un vin rouge l\u00e9ger. \u00c0 la d\u00e9gustation, vous d\u00e9couvrirez des notes de p\u00eache m\u00fbre accompagn\u00e9es d\u2019accents floraux.\" \/>\n<meta property=\"og:url\" content=\"https:\/\/mostimondiale.com\/produits\/varietal\/piesporter-style\/piesporter-style\/\" \/>\n<meta property=\"og:site_name\" content=\"Mosti Mondiale\" \/>\n<meta property=\"article:modified_time\" content=\"2019-04-15T13:17:22+00:00\" \/>\n<meta property=\"og:image\" content=\"https:\/\/mostimondiale.com\/wp-content\/uploads\/2019\/04\/vinifera-360x360-fr.png\" \/>\n\t<meta property=\"og:image:width\" content=\"360\" \/>\n\t<meta property=\"og:image:height\" content=\"360\" \/>\n\t<meta property=\"og:image:type\" content=\"image\/png\" \/>\n<meta name=\"twitter:card\" content=\"summary_large_image\" \/>\n<script type=\"application\/ld+json\" class=\"yoast-schema-graph\">{\"@context\":\"https:\/\/schema.org\",\"@graph\":[{\"@type\":\"WebPage\",\"@id\":\"https:\/\/mostimondiale.com\/produits\/varietal\/piesporter-style\/piesporter-style\/\",\"url\":\"https:\/\/mostimondiale.com\/produits\/varietal\/piesporter-style\/piesporter-style\/\",\"name\":\"Vinifera Piesporter Style \u2022 Trousse|Kit de Vinification | Mosti Mondiale\",\"isPartOf\":{\"@id\":\"https:\/\/mostimondiale.com\/#website\"},\"primaryImageOfPage\":{\"@id\":\"https:\/\/mostimondiale.com\/produits\/varietal\/piesporter-style\/piesporter-style\/#primaryimage\"},\"image\":{\"@id\":\"https:\/\/mostimondiale.com\/produits\/varietal\/piesporter-style\/piesporter-style\/#primaryimage\"},\"thumbnailUrl\":\"https:\/\/mostimondiale.com\/wp-content\/uploads\/2019\/04\/vinifera-360x360-fr.png\",\"datePublished\":\"2019-04-11T20:40:05+00:00\",\"dateModified\":\"2019-04-15T13:17:22+00:00\",\"description\":\"Notre Vinifera (10L) Piesporter Style est un vin rouge l\u00e9ger. \u00c0 la d\u00e9gustation, vous d\u00e9couvrirez des notes de p\u00eache m\u00fbre accompagn\u00e9es d\u2019accents floraux.\",\"breadcrumb\":{\"@id\":\"https:\/\/mostimondiale.com\/produits\/varietal\/piesporter-style\/piesporter-style\/#breadcrumb\"},\"inLanguage\":\"fr-CA\",\"potentialAction\":[{\"@type\":\"ReadAction\",\"target\":[\"https:\/\/mostimondiale.com\/produits\/varietal\/piesporter-style\/piesporter-style\/\"]}]},{\"@type\":\"ImageObject\",\"inLanguage\":\"fr-CA\",\"@id\":\"https:\/\/mostimondiale.com\/produits\/varietal\/piesporter-style\/piesporter-style\/#primaryimage\",\"url\":\"https:\/\/mostimondiale.com\/wp-content\/uploads\/2019\/04\/vinifera-360x360-fr.png\",\"contentUrl\":\"https:\/\/mostimondiale.com\/wp-content\/uploads\/2019\/04\/vinifera-360x360-fr.png\",\"width\":360,\"height\":360},{\"@type\":\"BreadcrumbList\",\"@id\":\"https:\/\/mostimondiale.com\/produits\/varietal\/piesporter-style\/piesporter-style\/#breadcrumb\",\"itemListElement\":[{\"@type\":\"ListItem\",\"position\":1,\"name\":\"Accueil\",\"item\":\"https:\/\/mostimondiale.com\/fr\/\"},{\"@type\":\"ListItem\",\"position\":2,\"name\":\"Produits\",\"item\":\"https:\/\/mostimondiale.com\/fr\/produits\/\"},{\"@type\":\"ListItem\",\"position\":3,\"name\":\"Piesporter Style\"}]},{\"@type\":\"WebSite\",\"@id\":\"https:\/\/mostimondiale.com\/#website\",\"url\":\"https:\/\/mostimondiale.com\/\",\"name\":\"Mosti Mondiale\",\"description\":\"\",\"potentialAction\":[{\"@type\":\"SearchAction\",\"target\":{\"@type\":\"EntryPoint\",\"urlTemplate\":\"https:\/\/mostimondiale.com\/?s={search_term_string}\"},\"query-input\":{\"@type\":\"PropertyValueSpecification\",\"valueRequired\":true,\"valueName\":\"search_term_string\"}}],\"inLanguage\":\"fr-CA\"}]}<\/script>\n<!-- \/ Yoast SEO plugin. -->","yoast_head_json":{"title":"Vinifera Piesporter Style \u2022 Trousse|Kit de Vinification | Mosti Mondiale","description":"Notre Vinifera (10L) Piesporter Style est un vin rouge l\u00e9ger. \u00c0 la d\u00e9gustation, vous d\u00e9couvrirez des notes de p\u00eache m\u00fbre accompagn\u00e9es d\u2019accents floraux.","robots":{"index":"index","follow":"follow","max-snippet":"max-snippet:-1","max-image-preview":"max-image-preview:large","max-video-preview":"max-video-preview:-1"},"canonical":"https:\/\/mostimondiale.com\/produits\/varietal\/piesporter-style\/piesporter-style\/","og_locale":"fr_CA","og_type":"article","og_title":"Vinifera Piesporter Style \u2022 Trousse|Kit de Vinification | Mosti Mondiale","og_description":"Notre Vinifera (10L) Piesporter Style est un vin rouge l\u00e9ger. \u00c0 la d\u00e9gustation, vous d\u00e9couvrirez des notes de p\u00eache m\u00fbre accompagn\u00e9es d\u2019accents floraux.","og_url":"https:\/\/mostimondiale.com\/produits\/varietal\/piesporter-style\/piesporter-style\/","og_site_name":"Mosti Mondiale","article_modified_time":"2019-04-15T13:17:22+00:00","og_image":[{"width":360,"height":360,"url":"https:\/\/mostimondiale.com\/wp-content\/uploads\/2019\/04\/vinifera-360x360-fr.png","type":"image\/png"}],"twitter_card":"summary_large_image","schema":{"@context":"https:\/\/schema.org","@graph":[{"@type":"WebPage","@id":"https:\/\/mostimondiale.com\/produits\/varietal\/piesporter-style\/piesporter-style\/","url":"https:\/\/mostimondiale.com\/produits\/varietal\/piesporter-style\/piesporter-style\/","name":"Vinifera Piesporter Style \u2022 Trousse|Kit de Vinification | Mosti Mondiale","isPartOf":{"@id":"https:\/\/mostimondiale.com\/#website"},"primaryImageOfPage":{"@id":"https:\/\/mostimondiale.com\/produits\/varietal\/piesporter-style\/piesporter-style\/#primaryimage"},"image":{"@id":"https:\/\/mostimondiale.com\/produits\/varietal\/piesporter-style\/piesporter-style\/#primaryimage"},"thumbnailUrl":"https:\/\/mostimondiale.com\/wp-content\/uploads\/2019\/04\/vinifera-360x360-fr.png","datePublished":"2019-04-11T20:40:05+00:00","dateModified":"2019-04-15T13:17:22+00:00","description":"Notre Vinifera (10L) Piesporter Style est un vin rouge l\u00e9ger. \u00c0 la d\u00e9gustation, vous d\u00e9couvrirez des notes de p\u00eache m\u00fbre accompagn\u00e9es d\u2019accents floraux.","breadcrumb":{"@id":"https:\/\/mostimondiale.com\/produits\/varietal\/piesporter-style\/piesporter-style\/#breadcrumb"},"inLanguage":"fr-CA","potentialAction":[{"@type":"ReadAction","target":["https:\/\/mostimondiale.com\/produits\/varietal\/piesporter-style\/piesporter-style\/"]}]},{"@type":"ImageObject","inLanguage":"fr-CA","@id":"https:\/\/mostimondiale.com\/produits\/varietal\/piesporter-style\/piesporter-style\/#primaryimage","url":"https:\/\/mostimondiale.com\/wp-content\/uploads\/2019\/04\/vinifera-360x360-fr.png","contentUrl":"https:\/\/mostimondiale.com\/wp-content\/uploads\/2019\/04\/vinifera-360x360-fr.png","width":360,"height":360},{"@type":"BreadcrumbList","@id":"https:\/\/mostimondiale.com\/produits\/varietal\/piesporter-style\/piesporter-style\/#breadcrumb","itemListElement":[{"@type":"ListItem","position":1,"name":"Accueil","item":"https:\/\/mostimondiale.com\/fr\/"},{"@type":"ListItem","position":2,"name":"Produits","item":"https:\/\/mostimondiale.com\/fr\/produits\/"},{"@type":"ListItem","position":3,"name":"Piesporter Style"}]},{"@type":"WebSite","@id":"https:\/\/mostimondiale.com\/#website","url":"https:\/\/mostimondiale.com\/","name":"Mosti Mondiale","description":"","potentialAction":[{"@type":"SearchAction","target":{"@type":"EntryPoint","urlTemplate":"https:\/\/mostimondiale.com\/?s={search_term_string}"},"query-input":{"@type":"PropertyValueSpecification","valueRequired":true,"valueName":"search_term_string"}}],"inLanguage":"fr-CA"}]}},"_links":{"self":[{"href":"https:\/\/mostimondiale.com\/fr\/wp-json\/wp\/v2\/product\/1226","targetHints":{"allow":["GET"]}}],"collection":[{"href":"https:\/\/mostimondiale.com\/fr\/wp-json\/wp\/v2\/product"}],"about":[{"href":"https:\/\/mostimondiale.com\/fr\/wp-json\/wp\/v2\/types\/product"}],"wp:featuredmedia":[{"embeddable":true,"href":"https:\/\/mostimondiale.com\/fr\/wp-json\/wp\/v2\/media\/1287"}],"wp:attachment":[{"href":"https:\/\/mostimondiale.com\/fr\/wp-json\/wp\/v2\/media?parent=1226"}],"wp:term":[{"taxonomy":"product_brand","embeddable":true,"href":"https:\/\/mostimondiale.com\/fr\/wp-json\/wp\/v2\/product_brand?post=1226"},{"taxonomy":"product_cat","embeddable":true,"href":"https:\/\/mostimondiale.com\/fr\/wp-json\/wp\/v2\/product_cat?post=1226"},{"taxonomy":"product_tag","embeddable":true,"href":"https:\/\/mostimondiale.com\/fr\/wp-json\/wp\/v2\/product_tag?post=1226"}],"curies":[{"name":"wp","href":"https:\/\/api.w.org\/{rel}","templated":true}]}}