{"id":1201,"date":"2019-04-11T15:33:55","date_gmt":"2019-04-11T19:33:55","guid":{"rendered":"https:\/\/mostimondiale.com\/?post_type=product&#038;p=1201"},"modified":"2019-04-15T09:31:16","modified_gmt":"2019-04-15T13:31:16","slug":"vinifera-gamay","status":"publish","type":"product","link":"https:\/\/mostimondiale.com\/fr\/produits\/cepage\/gamay-fr\/vinifera-gamay\/","title":{"rendered":"Gamay"},"content":{"rendered":"","protected":false},"excerpt":{"rendered":"<p>Les teintes de rouge \u00e9clatant aux reflets ros\u00e9s de ce c\u00e9page sont fascinantes. Ce vin bien structur\u00e9 et cors\u00e9 propose des tanins soutenus. Son l\u00e9ger palais aux ar\u00f4mes de cerises et ses touches d\u2019abricot accompagn\u00e9es de notes acidul\u00e9es de noyau de cerise et d\u2019une finale plaisante en font un vin subtil et chaleureux.<\/p>\n","protected":false},"featured_media":1287,"template":"","meta":{"_acf_changed":false},"product_brand":[],"product_cat":[193,154,173,170],"product_tag":[],"class_list":{"0":"post-1201","1":"product","2":"type-product","3":"status-publish","4":"has-post-thumbnail","6":"product_cat-gamay-fr","7":"product_cat-mout-de-raisin-assemblage","8":"product_cat-rouge","9":"product_cat-vinifera-fr","10":"pa_alcohol-12-9-fr-2","11":"pa_aroma-fruite","12":"pa_body-5-tres-corse","13":"pa_price-255","14":"pa_winemaker-addition-chene-fonce","16":"first","17":"instock","18":"shipping-taxable","19":"product-type-simple"},"acf":[],"yoast_head":"<!-- This site is optimized with the Yoast SEO plugin v26.9 - https:\/\/yoast.com\/product\/yoast-seo-wordpress\/ -->\n<title>Vinifera Gamay \u2022 Trousse|Kit de Vinification | Mosti Mondiale<\/title>\n<meta name=\"description\" content=\"Notre Vinifera (10L) Gamay est un vin rouge tr\u00e8s cors\u00e9 comprenant du ch\u00eane fonc\u00e9. Ar\u00f4mes de cerises accompagn\u00e9es de notes acidul\u00e9es de noyau de cerise.\" \/>\n<meta name=\"robots\" content=\"index, follow, max-snippet:-1, max-image-preview:large, max-video-preview:-1\" \/>\n<link rel=\"canonical\" href=\"https:\/\/mostimondiale.com\/produits\/varietal\/gamay\/vinifera-gamay\/\" \/>\n<meta property=\"og:locale\" content=\"fr_CA\" \/>\n<meta property=\"og:type\" content=\"article\" \/>\n<meta property=\"og:title\" content=\"Vinifera Gamay \u2022 Trousse|Kit de Vinification | Mosti Mondiale\" \/>\n<meta property=\"og:description\" content=\"Notre Vinifera (10L) Gamay est un vin rouge tr\u00e8s cors\u00e9 comprenant du ch\u00eane fonc\u00e9. Ar\u00f4mes de cerises accompagn\u00e9es de notes acidul\u00e9es de noyau de cerise.\" \/>\n<meta property=\"og:url\" content=\"https:\/\/mostimondiale.com\/produits\/varietal\/gamay\/vinifera-gamay\/\" \/>\n<meta property=\"og:site_name\" content=\"Mosti Mondiale\" \/>\n<meta property=\"article:modified_time\" content=\"2019-04-15T13:31:16+00:00\" \/>\n<meta property=\"og:image\" content=\"https:\/\/mostimondiale.com\/wp-content\/uploads\/2019\/04\/vinifera-360x360-fr.png\" \/>\n\t<meta property=\"og:image:width\" content=\"360\" \/>\n\t<meta property=\"og:image:height\" content=\"360\" \/>\n\t<meta property=\"og:image:type\" content=\"image\/png\" \/>\n<meta name=\"twitter:card\" content=\"summary_large_image\" \/>\n<script type=\"application\/ld+json\" class=\"yoast-schema-graph\">{\"@context\":\"https:\/\/schema.org\",\"@graph\":[{\"@type\":\"WebPage\",\"@id\":\"https:\/\/mostimondiale.com\/produits\/varietal\/gamay\/vinifera-gamay\/\",\"url\":\"https:\/\/mostimondiale.com\/produits\/varietal\/gamay\/vinifera-gamay\/\",\"name\":\"Vinifera Gamay \u2022 Trousse|Kit de Vinification | Mosti Mondiale\",\"isPartOf\":{\"@id\":\"https:\/\/mostimondiale.com\/#website\"},\"primaryImageOfPage\":{\"@id\":\"https:\/\/mostimondiale.com\/produits\/varietal\/gamay\/vinifera-gamay\/#primaryimage\"},\"image\":{\"@id\":\"https:\/\/mostimondiale.com\/produits\/varietal\/gamay\/vinifera-gamay\/#primaryimage\"},\"thumbnailUrl\":\"https:\/\/mostimondiale.com\/wp-content\/uploads\/2019\/04\/vinifera-360x360-fr.png\",\"datePublished\":\"2019-04-11T19:33:55+00:00\",\"dateModified\":\"2019-04-15T13:31:16+00:00\",\"description\":\"Notre Vinifera (10L) Gamay est un vin rouge tr\u00e8s cors\u00e9 comprenant du ch\u00eane fonc\u00e9. Ar\u00f4mes de cerises accompagn\u00e9es de notes acidul\u00e9es de noyau de cerise.\",\"breadcrumb\":{\"@id\":\"https:\/\/mostimondiale.com\/produits\/varietal\/gamay\/vinifera-gamay\/#breadcrumb\"},\"inLanguage\":\"fr-CA\",\"potentialAction\":[{\"@type\":\"ReadAction\",\"target\":[\"https:\/\/mostimondiale.com\/produits\/varietal\/gamay\/vinifera-gamay\/\"]}]},{\"@type\":\"ImageObject\",\"inLanguage\":\"fr-CA\",\"@id\":\"https:\/\/mostimondiale.com\/produits\/varietal\/gamay\/vinifera-gamay\/#primaryimage\",\"url\":\"https:\/\/mostimondiale.com\/wp-content\/uploads\/2019\/04\/vinifera-360x360-fr.png\",\"contentUrl\":\"https:\/\/mostimondiale.com\/wp-content\/uploads\/2019\/04\/vinifera-360x360-fr.png\",\"width\":360,\"height\":360},{\"@type\":\"BreadcrumbList\",\"@id\":\"https:\/\/mostimondiale.com\/produits\/varietal\/gamay\/vinifera-gamay\/#breadcrumb\",\"itemListElement\":[{\"@type\":\"ListItem\",\"position\":1,\"name\":\"Accueil\",\"item\":\"https:\/\/mostimondiale.com\/fr\/\"},{\"@type\":\"ListItem\",\"position\":2,\"name\":\"Produits\",\"item\":\"https:\/\/mostimondiale.com\/fr\/produits\/\"},{\"@type\":\"ListItem\",\"position\":3,\"name\":\"Gamay\"}]},{\"@type\":\"WebSite\",\"@id\":\"https:\/\/mostimondiale.com\/#website\",\"url\":\"https:\/\/mostimondiale.com\/\",\"name\":\"Mosti Mondiale\",\"description\":\"\",\"potentialAction\":[{\"@type\":\"SearchAction\",\"target\":{\"@type\":\"EntryPoint\",\"urlTemplate\":\"https:\/\/mostimondiale.com\/?s={search_term_string}\"},\"query-input\":{\"@type\":\"PropertyValueSpecification\",\"valueRequired\":true,\"valueName\":\"search_term_string\"}}],\"inLanguage\":\"fr-CA\"}]}<\/script>\n<!-- \/ Yoast SEO plugin. -->","yoast_head_json":{"title":"Vinifera Gamay \u2022 Trousse|Kit de Vinification | Mosti Mondiale","description":"Notre Vinifera (10L) Gamay est un vin rouge tr\u00e8s cors\u00e9 comprenant du ch\u00eane fonc\u00e9. Ar\u00f4mes de cerises accompagn\u00e9es de notes acidul\u00e9es de noyau de cerise.","robots":{"index":"index","follow":"follow","max-snippet":"max-snippet:-1","max-image-preview":"max-image-preview:large","max-video-preview":"max-video-preview:-1"},"canonical":"https:\/\/mostimondiale.com\/produits\/varietal\/gamay\/vinifera-gamay\/","og_locale":"fr_CA","og_type":"article","og_title":"Vinifera Gamay \u2022 Trousse|Kit de Vinification | Mosti Mondiale","og_description":"Notre Vinifera (10L) Gamay est un vin rouge tr\u00e8s cors\u00e9 comprenant du ch\u00eane fonc\u00e9. Ar\u00f4mes de cerises accompagn\u00e9es de notes acidul\u00e9es de noyau de cerise.","og_url":"https:\/\/mostimondiale.com\/produits\/varietal\/gamay\/vinifera-gamay\/","og_site_name":"Mosti Mondiale","article_modified_time":"2019-04-15T13:31:16+00:00","og_image":[{"width":360,"height":360,"url":"https:\/\/mostimondiale.com\/wp-content\/uploads\/2019\/04\/vinifera-360x360-fr.png","type":"image\/png"}],"twitter_card":"summary_large_image","schema":{"@context":"https:\/\/schema.org","@graph":[{"@type":"WebPage","@id":"https:\/\/mostimondiale.com\/produits\/varietal\/gamay\/vinifera-gamay\/","url":"https:\/\/mostimondiale.com\/produits\/varietal\/gamay\/vinifera-gamay\/","name":"Vinifera Gamay \u2022 Trousse|Kit de Vinification | Mosti Mondiale","isPartOf":{"@id":"https:\/\/mostimondiale.com\/#website"},"primaryImageOfPage":{"@id":"https:\/\/mostimondiale.com\/produits\/varietal\/gamay\/vinifera-gamay\/#primaryimage"},"image":{"@id":"https:\/\/mostimondiale.com\/produits\/varietal\/gamay\/vinifera-gamay\/#primaryimage"},"thumbnailUrl":"https:\/\/mostimondiale.com\/wp-content\/uploads\/2019\/04\/vinifera-360x360-fr.png","datePublished":"2019-04-11T19:33:55+00:00","dateModified":"2019-04-15T13:31:16+00:00","description":"Notre Vinifera (10L) Gamay est un vin rouge tr\u00e8s cors\u00e9 comprenant du ch\u00eane fonc\u00e9. Ar\u00f4mes de cerises accompagn\u00e9es de notes acidul\u00e9es de noyau de cerise.","breadcrumb":{"@id":"https:\/\/mostimondiale.com\/produits\/varietal\/gamay\/vinifera-gamay\/#breadcrumb"},"inLanguage":"fr-CA","potentialAction":[{"@type":"ReadAction","target":["https:\/\/mostimondiale.com\/produits\/varietal\/gamay\/vinifera-gamay\/"]}]},{"@type":"ImageObject","inLanguage":"fr-CA","@id":"https:\/\/mostimondiale.com\/produits\/varietal\/gamay\/vinifera-gamay\/#primaryimage","url":"https:\/\/mostimondiale.com\/wp-content\/uploads\/2019\/04\/vinifera-360x360-fr.png","contentUrl":"https:\/\/mostimondiale.com\/wp-content\/uploads\/2019\/04\/vinifera-360x360-fr.png","width":360,"height":360},{"@type":"BreadcrumbList","@id":"https:\/\/mostimondiale.com\/produits\/varietal\/gamay\/vinifera-gamay\/#breadcrumb","itemListElement":[{"@type":"ListItem","position":1,"name":"Accueil","item":"https:\/\/mostimondiale.com\/fr\/"},{"@type":"ListItem","position":2,"name":"Produits","item":"https:\/\/mostimondiale.com\/fr\/produits\/"},{"@type":"ListItem","position":3,"name":"Gamay"}]},{"@type":"WebSite","@id":"https:\/\/mostimondiale.com\/#website","url":"https:\/\/mostimondiale.com\/","name":"Mosti Mondiale","description":"","potentialAction":[{"@type":"SearchAction","target":{"@type":"EntryPoint","urlTemplate":"https:\/\/mostimondiale.com\/?s={search_term_string}"},"query-input":{"@type":"PropertyValueSpecification","valueRequired":true,"valueName":"search_term_string"}}],"inLanguage":"fr-CA"}]}},"_links":{"self":[{"href":"https:\/\/mostimondiale.com\/fr\/wp-json\/wp\/v2\/product\/1201","targetHints":{"allow":["GET"]}}],"collection":[{"href":"https:\/\/mostimondiale.com\/fr\/wp-json\/wp\/v2\/product"}],"about":[{"href":"https:\/\/mostimondiale.com\/fr\/wp-json\/wp\/v2\/types\/product"}],"wp:featuredmedia":[{"embeddable":true,"href":"https:\/\/mostimondiale.com\/fr\/wp-json\/wp\/v2\/media\/1287"}],"wp:attachment":[{"href":"https:\/\/mostimondiale.com\/fr\/wp-json\/wp\/v2\/media?parent=1201"}],"wp:term":[{"taxonomy":"product_brand","embeddable":true,"href":"https:\/\/mostimondiale.com\/fr\/wp-json\/wp\/v2\/product_brand?post=1201"},{"taxonomy":"product_cat","embeddable":true,"href":"https:\/\/mostimondiale.com\/fr\/wp-json\/wp\/v2\/product_cat?post=1201"},{"taxonomy":"product_tag","embeddable":true,"href":"https:\/\/mostimondiale.com\/fr\/wp-json\/wp\/v2\/product_tag?post=1201"}],"curies":[{"name":"wp","href":"https:\/\/api.w.org\/{rel}","templated":true}]}}