{"id":1193,"date":"2019-04-11T15:08:13","date_gmt":"2019-04-11T19:08:13","guid":{"rendered":"https:\/\/mostimondiale.com\/?post_type=product&#038;p=1193"},"modified":"2020-02-05T11:26:17","modified_gmt":"2020-02-05T16:26:17","slug":"vinifera-baroque-rouge-2","status":"publish","type":"product","link":"https:\/\/mostimondiale.com\/fr\/produits\/cepage\/baroque-rouge-fr\/vinifera-baroque-rouge-2\/","title":{"rendered":"Baroque Rouge"},"content":{"rendered":"","protected":false},"excerpt":{"rendered":"<p>Ce vin pr\u00e9sente une robe rubis aux reflets violac\u00e9s. Ses ar\u00f4mes de bonbon anglais, de roses fra\u00eechement \u00e9closes et de confiture de fraises sont \u00e9tourdissants. C\u2019est un vin sec et facile \u00e0 boire qui pr\u00e9sente du\u00a0caract\u00e8re et de l\u2019\u00e9l\u00e9gance.<\/p>\n","protected":false},"featured_media":1287,"template":"","meta":{"_acf_changed":false},"product_brand":[],"product_cat":[182,154,173,170],"product_tag":[],"class_list":{"0":"post-1193","1":"product","2":"type-product","3":"status-publish","4":"has-post-thumbnail","6":"product_cat-baroque-rouge-fr","7":"product_cat-mout-de-raisin-assemblage","8":"product_cat-rouge","9":"product_cat-vinifera-fr","10":"pa_alcohol-12-9-fr-2","11":"pa_aroma-floral-fr","12":"pa_aroma-fruite","13":"pa_body-1-leger","14":"pa_price-255","15":"pa_winemaker-addition-chene-fonce","17":"first","18":"instock","19":"shipping-taxable","20":"product-type-simple"},"acf":[],"yoast_head":"<!-- This site is optimized with the Yoast SEO plugin v26.9 - https:\/\/yoast.com\/product\/yoast-seo-wordpress\/ -->\n<title>Vinifera Baroque Rouge \u2022 Trousse|Kit de Vinification | Mosti Mondiale<\/title>\n<meta name=\"description\" content=\"Notre Vinifera (10L) Baroque Rouge est un vin rouge l\u00e9ger comprenant du ch\u00eane fonc\u00e9. Ses ar\u00f4mes de bonbon anglais, de roses s et de confiture de fraises.\" \/>\n<meta name=\"robots\" content=\"index, follow, max-snippet:-1, max-image-preview:large, max-video-preview:-1\" \/>\n<link rel=\"canonical\" href=\"https:\/\/mostimondiale.com\/produits\/varietal\/baroque-rouge\/vinifera-baroque-rouge\/\" \/>\n<meta property=\"og:locale\" content=\"fr_CA\" \/>\n<meta property=\"og:type\" content=\"article\" \/>\n<meta property=\"og:title\" content=\"Vinifera Baroque Rouge \u2022 Trousse|Kit de Vinification | Mosti Mondiale\" \/>\n<meta property=\"og:description\" content=\"Notre Vinifera (10L) Baroque Rouge est un vin rouge l\u00e9ger comprenant du ch\u00eane fonc\u00e9. Ses ar\u00f4mes de bonbon anglais, de roses s et de confiture de fraises.\" \/>\n<meta property=\"og:url\" content=\"https:\/\/mostimondiale.com\/produits\/varietal\/baroque-rouge\/vinifera-baroque-rouge\/\" \/>\n<meta property=\"og:site_name\" content=\"Mosti Mondiale\" \/>\n<meta property=\"article:modified_time\" content=\"2020-02-05T16:26:17+00:00\" \/>\n<meta property=\"og:image\" content=\"https:\/\/mostimondiale.com\/wp-content\/uploads\/2019\/04\/vinifera-360x360-fr.png\" \/>\n\t<meta property=\"og:image:width\" content=\"360\" \/>\n\t<meta property=\"og:image:height\" content=\"360\" \/>\n\t<meta property=\"og:image:type\" content=\"image\/png\" \/>\n<meta name=\"twitter:card\" content=\"summary_large_image\" \/>\n<script type=\"application\/ld+json\" class=\"yoast-schema-graph\">{\"@context\":\"https:\/\/schema.org\",\"@graph\":[{\"@type\":\"WebPage\",\"@id\":\"https:\/\/mostimondiale.com\/produits\/varietal\/baroque-rouge\/vinifera-baroque-rouge\/\",\"url\":\"https:\/\/mostimondiale.com\/produits\/varietal\/baroque-rouge\/vinifera-baroque-rouge\/\",\"name\":\"Vinifera Baroque Rouge \u2022 Trousse|Kit de Vinification | Mosti Mondiale\",\"isPartOf\":{\"@id\":\"https:\/\/mostimondiale.com\/#website\"},\"primaryImageOfPage\":{\"@id\":\"https:\/\/mostimondiale.com\/produits\/varietal\/baroque-rouge\/vinifera-baroque-rouge\/#primaryimage\"},\"image\":{\"@id\":\"https:\/\/mostimondiale.com\/produits\/varietal\/baroque-rouge\/vinifera-baroque-rouge\/#primaryimage\"},\"thumbnailUrl\":\"https:\/\/mostimondiale.com\/wp-content\/uploads\/2019\/04\/vinifera-360x360-fr.png\",\"datePublished\":\"2019-04-11T19:08:13+00:00\",\"dateModified\":\"2020-02-05T16:26:17+00:00\",\"description\":\"Notre Vinifera (10L) Baroque Rouge est un vin rouge l\u00e9ger comprenant du ch\u00eane fonc\u00e9. Ses ar\u00f4mes de bonbon anglais, de roses s et de confiture de fraises.\",\"breadcrumb\":{\"@id\":\"https:\/\/mostimondiale.com\/produits\/varietal\/baroque-rouge\/vinifera-baroque-rouge\/#breadcrumb\"},\"inLanguage\":\"fr-CA\",\"potentialAction\":[{\"@type\":\"ReadAction\",\"target\":[\"https:\/\/mostimondiale.com\/produits\/varietal\/baroque-rouge\/vinifera-baroque-rouge\/\"]}]},{\"@type\":\"ImageObject\",\"inLanguage\":\"fr-CA\",\"@id\":\"https:\/\/mostimondiale.com\/produits\/varietal\/baroque-rouge\/vinifera-baroque-rouge\/#primaryimage\",\"url\":\"https:\/\/mostimondiale.com\/wp-content\/uploads\/2019\/04\/vinifera-360x360-fr.png\",\"contentUrl\":\"https:\/\/mostimondiale.com\/wp-content\/uploads\/2019\/04\/vinifera-360x360-fr.png\",\"width\":360,\"height\":360},{\"@type\":\"BreadcrumbList\",\"@id\":\"https:\/\/mostimondiale.com\/produits\/varietal\/baroque-rouge\/vinifera-baroque-rouge\/#breadcrumb\",\"itemListElement\":[{\"@type\":\"ListItem\",\"position\":1,\"name\":\"Accueil\",\"item\":\"https:\/\/mostimondiale.com\/fr\/\"},{\"@type\":\"ListItem\",\"position\":2,\"name\":\"Produits\",\"item\":\"https:\/\/mostimondiale.com\/fr\/produits\/\"},{\"@type\":\"ListItem\",\"position\":3,\"name\":\"Baroque Rouge\"}]},{\"@type\":\"WebSite\",\"@id\":\"https:\/\/mostimondiale.com\/#website\",\"url\":\"https:\/\/mostimondiale.com\/\",\"name\":\"Mosti Mondiale\",\"description\":\"\",\"potentialAction\":[{\"@type\":\"SearchAction\",\"target\":{\"@type\":\"EntryPoint\",\"urlTemplate\":\"https:\/\/mostimondiale.com\/?s={search_term_string}\"},\"query-input\":{\"@type\":\"PropertyValueSpecification\",\"valueRequired\":true,\"valueName\":\"search_term_string\"}}],\"inLanguage\":\"fr-CA\"}]}<\/script>\n<!-- \/ Yoast SEO plugin. -->","yoast_head_json":{"title":"Vinifera Baroque Rouge \u2022 Trousse|Kit de Vinification | Mosti Mondiale","description":"Notre Vinifera (10L) Baroque Rouge est un vin rouge l\u00e9ger comprenant du ch\u00eane fonc\u00e9. Ses ar\u00f4mes de bonbon anglais, de roses s et de confiture de fraises.","robots":{"index":"index","follow":"follow","max-snippet":"max-snippet:-1","max-image-preview":"max-image-preview:large","max-video-preview":"max-video-preview:-1"},"canonical":"https:\/\/mostimondiale.com\/produits\/varietal\/baroque-rouge\/vinifera-baroque-rouge\/","og_locale":"fr_CA","og_type":"article","og_title":"Vinifera Baroque Rouge \u2022 Trousse|Kit de Vinification | Mosti Mondiale","og_description":"Notre Vinifera (10L) Baroque Rouge est un vin rouge l\u00e9ger comprenant du ch\u00eane fonc\u00e9. Ses ar\u00f4mes de bonbon anglais, de roses s et de confiture de fraises.","og_url":"https:\/\/mostimondiale.com\/produits\/varietal\/baroque-rouge\/vinifera-baroque-rouge\/","og_site_name":"Mosti Mondiale","article_modified_time":"2020-02-05T16:26:17+00:00","og_image":[{"width":360,"height":360,"url":"https:\/\/mostimondiale.com\/wp-content\/uploads\/2019\/04\/vinifera-360x360-fr.png","type":"image\/png"}],"twitter_card":"summary_large_image","schema":{"@context":"https:\/\/schema.org","@graph":[{"@type":"WebPage","@id":"https:\/\/mostimondiale.com\/produits\/varietal\/baroque-rouge\/vinifera-baroque-rouge\/","url":"https:\/\/mostimondiale.com\/produits\/varietal\/baroque-rouge\/vinifera-baroque-rouge\/","name":"Vinifera Baroque Rouge \u2022 Trousse|Kit de Vinification | Mosti Mondiale","isPartOf":{"@id":"https:\/\/mostimondiale.com\/#website"},"primaryImageOfPage":{"@id":"https:\/\/mostimondiale.com\/produits\/varietal\/baroque-rouge\/vinifera-baroque-rouge\/#primaryimage"},"image":{"@id":"https:\/\/mostimondiale.com\/produits\/varietal\/baroque-rouge\/vinifera-baroque-rouge\/#primaryimage"},"thumbnailUrl":"https:\/\/mostimondiale.com\/wp-content\/uploads\/2019\/04\/vinifera-360x360-fr.png","datePublished":"2019-04-11T19:08:13+00:00","dateModified":"2020-02-05T16:26:17+00:00","description":"Notre Vinifera (10L) Baroque Rouge est un vin rouge l\u00e9ger comprenant du ch\u00eane fonc\u00e9. Ses ar\u00f4mes de bonbon anglais, de roses s et de confiture de fraises.","breadcrumb":{"@id":"https:\/\/mostimondiale.com\/produits\/varietal\/baroque-rouge\/vinifera-baroque-rouge\/#breadcrumb"},"inLanguage":"fr-CA","potentialAction":[{"@type":"ReadAction","target":["https:\/\/mostimondiale.com\/produits\/varietal\/baroque-rouge\/vinifera-baroque-rouge\/"]}]},{"@type":"ImageObject","inLanguage":"fr-CA","@id":"https:\/\/mostimondiale.com\/produits\/varietal\/baroque-rouge\/vinifera-baroque-rouge\/#primaryimage","url":"https:\/\/mostimondiale.com\/wp-content\/uploads\/2019\/04\/vinifera-360x360-fr.png","contentUrl":"https:\/\/mostimondiale.com\/wp-content\/uploads\/2019\/04\/vinifera-360x360-fr.png","width":360,"height":360},{"@type":"BreadcrumbList","@id":"https:\/\/mostimondiale.com\/produits\/varietal\/baroque-rouge\/vinifera-baroque-rouge\/#breadcrumb","itemListElement":[{"@type":"ListItem","position":1,"name":"Accueil","item":"https:\/\/mostimondiale.com\/fr\/"},{"@type":"ListItem","position":2,"name":"Produits","item":"https:\/\/mostimondiale.com\/fr\/produits\/"},{"@type":"ListItem","position":3,"name":"Baroque Rouge"}]},{"@type":"WebSite","@id":"https:\/\/mostimondiale.com\/#website","url":"https:\/\/mostimondiale.com\/","name":"Mosti Mondiale","description":"","potentialAction":[{"@type":"SearchAction","target":{"@type":"EntryPoint","urlTemplate":"https:\/\/mostimondiale.com\/?s={search_term_string}"},"query-input":{"@type":"PropertyValueSpecification","valueRequired":true,"valueName":"search_term_string"}}],"inLanguage":"fr-CA"}]}},"_links":{"self":[{"href":"https:\/\/mostimondiale.com\/fr\/wp-json\/wp\/v2\/product\/1193","targetHints":{"allow":["GET"]}}],"collection":[{"href":"https:\/\/mostimondiale.com\/fr\/wp-json\/wp\/v2\/product"}],"about":[{"href":"https:\/\/mostimondiale.com\/fr\/wp-json\/wp\/v2\/types\/product"}],"wp:featuredmedia":[{"embeddable":true,"href":"https:\/\/mostimondiale.com\/fr\/wp-json\/wp\/v2\/media\/1287"}],"wp:attachment":[{"href":"https:\/\/mostimondiale.com\/fr\/wp-json\/wp\/v2\/media?parent=1193"}],"wp:term":[{"taxonomy":"product_brand","embeddable":true,"href":"https:\/\/mostimondiale.com\/fr\/wp-json\/wp\/v2\/product_brand?post=1193"},{"taxonomy":"product_cat","embeddable":true,"href":"https:\/\/mostimondiale.com\/fr\/wp-json\/wp\/v2\/product_cat?post=1193"},{"taxonomy":"product_tag","embeddable":true,"href":"https:\/\/mostimondiale.com\/fr\/wp-json\/wp\/v2\/product_tag?post=1193"}],"curies":[{"name":"wp","href":"https:\/\/api.w.org\/{rel}","templated":true}]}}