{"id":899,"date":"2019-03-27T11:24:24","date_gmt":"2019-03-27T15:24:24","guid":{"rendered":"https:\/\/mostimondiale.com\/?page_id=899"},"modified":"2025-09-23T12:24:24","modified_gmt":"2025-09-23T16:24:24","slug":"instructions","status":"publish","type":"page","link":"https:\/\/mostimondiale.com\/fr\/instructions\/","title":{"rendered":"Instructions"},"content":{"rendered":"<div class=\"wpb-content-wrapper\">[vc_row fullwidth=\u00a0\u00bbtrue\u00a0\u00bb el_class=\u00a0\u00bbrow-top-instructions pv50&Prime; css=\u00a0\u00bb.vc_custom_1549487419361{background-image: url(https:\/\/mostimondiale.com\/wp-content\/uploads\/2019\/02\/top-instruction.jpg?id=282) !important;background-position: center !important;background-repeat: no-repeat !important;background-size: cover !important;}\u00a0\u00bb][vc_column][vc_row_inner is_fullwidth_content=\u00a0\u00bbfalse\u00a0\u00bb el_class=\u00a0\u00bbrow-inner-instructions pb50&Prime;][vc_column_inner width=\u00a0\u00bb1\/4&Prime;][\/vc_column_inner][vc_column_inner width=\u00a0\u00bb1\/2&Prime;][vc_column_text css=\u00a0\u00bb.vc_custom_1556654813513{margin-bottom: 0px !important;}\u00a0\u00bb]\n<h1 style=\"text-align: center;\">Instructions<\/h1>\n<p class=\"gold\" style=\"text-align: center;\">T\u00c9L\u00c9CHARGEZ LES INSTRUCTIONS COMPL\u00c8TES DE NOS PRODUITS DE VINIFICATION. ELLES VOUS PERMETTRONT DE VOUS ASSURER QUE LA QUALIT\u00c9 DE VOTRE VIN D\u00c9PASSE VOS ATTENTES.<\/p>\n[\/vc_column_text][vc_column_text align=\u00a0\u00bbcenter\u00a0\u00bb css=\u00a0\u00bb.vc_custom_1568814405274{margin-bottom: 0px !important;}\u00a0\u00bb]\n<p style=\"text-align: center;\">Gr\u00e2ce \u00e0 nos tests internes et aux commentaires de nos clients, nous am\u00e9liorons et ajustons continuellement nos fiches d&rsquo;instructions. Vous fournir des instructions simples et pr\u00e9cises est la cl\u00e9 du succ\u00e8s du processus de vinification. Les instructions de notre site Web sont toujours les plus \u00e0 jour. Si vous rencontrez des anomalies par rapport \u00e0 votre version imprim\u00e9e incluse dans votre produit, la version disponible sur notre site pr\u00e9vaudra toujours.<\/p>\n[\/vc_column_text][\/vc_column_inner][vc_column_inner width=\u00a0\u00bb1\/4&Prime;][\/vc_column_inner][\/vc_row_inner][vc_row_inner is_fullwidth_content=\u00a0\u00bbfalse\u00a0\u00bb el_class=\u00a0\u00bbrow-must\u00a0\u00bb][vc_column_inner el_class=\u00a0\u00bbcol-must p75 dl-icon\u00a0\u00bb width=\u00a0\u00bb1\/3&Prime;][mk_image src=\u00a0\u00bbhttps:\/\/mostimondiale.com\/wp-content\/uploads\/2019\/02\/fresh.png\u00a0\u00bb image_size=\u00a0\u00bbfull\u00a0\u00bb align=\u00a0\u00bbcenter\u00a0\u00bb el_class=\u00a0\u00bblogo-must\u00a0\u00bb][vc_column_text css=\u00a0\u00bb.vc_custom_1758644649845{margin-bottom: 0px !important;}\u00a0\u00bb]\n<h3 style=\"text-align: center;\"><strong><span class=\"black\">MO\u00dbT DE RAISIN FRAIS<\/span><\/strong><\/h3>\n<p style=\"text-align: center;\"><a href=\"https:\/\/mostimondiale.com\/wp-content\/uploads\/2019\/09\/instructions-frais-fr.pdf\">FRESCO LODI<\/a><\/p>\n<p style=\"text-align: center;\"><a href=\"https:\/\/mostimondiale.com\/wp-content\/uploads\/2019\/09\/instructions-frais-fr.pdf\">FRESCO MONDIALE<\/a><\/p>\n<p style=\"text-align: center;\"><a href=\"https:\/\/mostimondiale.com\/wp-content\/uploads\/2019\/09\/instructions-frais-fr.pdf\">FRESCO AUSTRALIE<\/a><\/p>\n<p style=\"text-align: center;\"><a href=\"https:\/\/mostimondiale.com\/wp-content\/uploads\/2019\/09\/instructions-frais-fr.pdf\">FRESCO AFRIQUE DU SUD<\/a><\/p>\n<p style=\"text-align: center;\"><a href=\"https:\/\/mostimondiale.com\/wp-content\/uploads\/2019\/09\/instructions-frais-fr.pdf\">FRESCO CHILE<\/a><\/p>\n<p style=\"text-align: center;\"><a href=\"https:\/\/mostimondiale.com\/wp-content\/uploads\/2019\/09\/instructions-frais-fr.pdf\">MOSTO CLASSICO<\/a><\/p>\n[\/vc_column_text][\/vc_column_inner][vc_column_inner el_class=\u00a0\u00bbcol-must p75 dl-icon\u00a0\u00bb width=\u00a0\u00bb1\/3&Prime;][mk_image src=\u00a0\u00bbhttps:\/\/mostimondiale.com\/wp-content\/uploads\/2019\/02\/100-pourcent.png\u00a0\u00bb image_size=\u00a0\u00bbfull\u00a0\u00bb align=\u00a0\u00bbcenter\u00a0\u00bb el_class=\u00a0\u00bblogo-must\u00a0\u00bb][vc_column_text css=\u00a0\u00bb.vc_custom_1758644657924{margin-bottom: 0px !important;}\u00a0\u00bb]\n<h3 style=\"text-align: center;\"><strong><span class=\"black\">100% MO\u00dbT DE RAISIN<\/span><\/strong><\/h3>\n<p style=\"text-align: center;\"><a href=\"https:\/\/mostimondiale.com\/wp-content\/uploads\/2019\/09\/instructions-100-fr.pdf\">MEGLIOLI<\/a><\/p>\n<p style=\"text-align: center;\"><a href=\"https:\/\/mostimondiale.com\/wp-content\/uploads\/2019\/09\/instructions-100-fr.pdf\">ORIGINAL ALLJUICE<\/a><\/p>\n<p style=\"text-align: center;\"><a href=\"https:\/\/mostimondiale.com\/wp-content\/uploads\/2019\/09\/instructions-100-fr.pdf\">LA BODEGA<\/a><\/p>\n[\/vc_column_text][\/vc_column_inner][vc_column_inner el_class=\u00a0\u00bbcol-must p75 dl-icon\u00a0\u00bb width=\u00a0\u00bb1\/3&Prime;][mk_image src=\u00a0\u00bbhttps:\/\/mostimondiale.com\/wp-content\/uploads\/2019\/02\/blended.png\u00a0\u00bb image_size=\u00a0\u00bbfull\u00a0\u00bb align=\u00a0\u00bbcenter\u00a0\u00bb el_class=\u00a0\u00bblogo-must\u00a0\u00bb][vc_column_text css=\u00a0\u00bb.vc_custom_1568820533714{margin-bottom: 0px !important;}\u00a0\u00bb]\n<h3 style=\"text-align: center;\"><strong><span class=\"black\">MO\u00dbT DE RAISIN ASSEMBLAGE<\/span><\/strong><\/h3>\n<p style=\"text-align: center;\"><a href=\"https:\/\/mostimondiale.com\/wp-content\/uploads\/2019\/09\/instructions-assemblage-fr.pdf\">IMPRESSIONS<\/a><\/p>\n<p style=\"text-align: center;\"><a href=\"https:\/\/mostimondiale.com\/wp-content\/uploads\/2019\/09\/instructions-assemblage-fr.pdf\">RENAISSANCE<\/a><\/p>\n<p style=\"text-align: center;\"><a href=\"https:\/\/mostimondiale.com\/wp-content\/uploads\/2019\/09\/instructions-assemblage-fr.pdf\">VINIFERA<\/a><\/p>\n<p style=\"text-align: center;\"><a href=\"https:\/\/mostimondiale.com\/wp-content\/uploads\/2019\/09\/instructions-assemblage-summer-breez-fr.pdf\">SUMMER BREEZE<\/a><\/p>\n<p style=\"text-align: center;\"><a href=\"https:\/\/mostimondiale.com\/wp-content\/uploads\/2019\/09\/instructions-assemblage-fr.pdf\">VILLAGE VINTNER<\/a><\/p>\n[\/vc_column_text][\/vc_column_inner][\/vc_row_inner][\/vc_column][\/vc_row]\n<\/div>","protected":false},"excerpt":{"rendered":"<p>[vc_row fullwidth=\u00a0\u00bbtrue\u00a0\u00bb el_class=\u00a0\u00bbrow-top-instructions pv50&Prime; css=\u00a0\u00bb.vc_custom_1549487419361{background-image: url(https:\/\/mostimondiale.com\/wp-content\/uploads\/2019\/02\/top-instruction.jpg?id=282) !important;background-position: center !important;background-repeat: no-repeat !important;background-size: cover !important;}\u00a0\u00bb][vc_column][vc_row_inner is_fullwidth_content=\u00a0\u00bbfalse\u00a0\u00bb el_class=\u00a0\u00bbrow-inner-instructions pb50&Prime;][vc_column_inner width=\u00a0\u00bb1\/4&Prime;][\/vc_column_inner][vc_column_inner width=\u00a0\u00bb1\/2&Prime;][vc_column_text css=\u00a0\u00bb.vc_custom_1556654813513{margin-bottom: 0px !important;}\u00a0\u00bb] Instructions T\u00c9L\u00c9CHARGEZ LES INSTRUCTIONS COMPL\u00c8TES DE NOS PRODUITS DE VINIFICATION. ELLES VOUS PERMETTRONT DE VOUS ASSURER QUE LA QUALIT\u00c9 DE VOTRE VIN D\u00c9PASSE VOS ATTENTES. [\/vc_column_text][vc_column_text align=\u00a0\u00bbcenter\u00a0\u00bb css=\u00a0\u00bb.vc_custom_1568814405274{margin-bottom: 0px !important;}\u00a0\u00bb] Gr\u00e2ce \u00e0 nos tests [&hellip;]<\/p>\n","protected":false},"author":1,"featured_media":0,"parent":0,"menu_order":0,"comment_status":"closed","ping_status":"closed","template":"","meta":{"_acf_changed":false,"footnotes":""},"class_list":["post-899","page","type-page","status-publish","hentry"],"acf":[],"yoast_head":"<!-- This site is optimized with the Yoast SEO plugin v26.9 - https:\/\/yoast.com\/product\/yoast-seo-wordpress\/ -->\n<title>T\u00e9l\u00e9chargement des Instructions | Mosti Mondiale<\/title>\n<meta name=\"description\" content=\"T\u00e9l\u00e9chargez les instructions de nos produits de vinification. Elles vous permettront de vous assurer que la qualit\u00e9 de votre vin d\u00e9passe vos attentes.\" \/>\n<meta name=\"robots\" content=\"index, follow, max-snippet:-1, max-image-preview:large, max-video-preview:-1\" \/>\n<link rel=\"canonical\" href=\"https:\/\/mostimondiale.com\/fr\/instructions\/\" \/>\n<meta property=\"og:locale\" content=\"fr_CA\" \/>\n<meta property=\"og:type\" content=\"article\" \/>\n<meta property=\"og:title\" content=\"T\u00e9l\u00e9chargement des Instructions | Mosti Mondiale\" \/>\n<meta property=\"og:description\" content=\"T\u00e9l\u00e9chargez les instructions de nos produits de vinification. Elles vous permettront de vous assurer que la qualit\u00e9 de votre vin d\u00e9passe vos attentes.\" \/>\n<meta property=\"og:url\" content=\"https:\/\/mostimondiale.com\/fr\/instructions\/\" \/>\n<meta property=\"og:site_name\" content=\"Mosti Mondiale\" \/>\n<meta property=\"article:modified_time\" content=\"2025-09-23T16:24:24+00:00\" \/>\n<meta name=\"twitter:card\" content=\"summary_large_image\" \/>\n<meta name=\"twitter:label1\" content=\"Estimation du temps de lecture\" \/>\n\t<meta name=\"twitter:data1\" content=\"1 minute\" \/>\n<script type=\"application\/ld+json\" class=\"yoast-schema-graph\">{\"@context\":\"https:\/\/schema.org\",\"@graph\":[{\"@type\":\"WebPage\",\"@id\":\"https:\/\/mostimondiale.com\/fr\/instructions\/\",\"url\":\"https:\/\/mostimondiale.com\/fr\/instructions\/\",\"name\":\"T\u00e9l\u00e9chargement des Instructions | Mosti Mondiale\",\"isPartOf\":{\"@id\":\"https:\/\/mostimondiale.com\/#website\"},\"datePublished\":\"2019-03-27T15:24:24+00:00\",\"dateModified\":\"2025-09-23T16:24:24+00:00\",\"description\":\"T\u00e9l\u00e9chargez les instructions de nos produits de vinification. Elles vous permettront de vous assurer que la qualit\u00e9 de votre vin d\u00e9passe vos attentes.\",\"breadcrumb\":{\"@id\":\"https:\/\/mostimondiale.com\/fr\/instructions\/#breadcrumb\"},\"inLanguage\":\"fr-CA\",\"potentialAction\":[{\"@type\":\"ReadAction\",\"target\":[\"https:\/\/mostimondiale.com\/fr\/instructions\/\"]}]},{\"@type\":\"BreadcrumbList\",\"@id\":\"https:\/\/mostimondiale.com\/fr\/instructions\/#breadcrumb\",\"itemListElement\":[{\"@type\":\"ListItem\",\"position\":1,\"name\":\"Accueil\",\"item\":\"https:\/\/mostimondiale.com\/fr\/\"},{\"@type\":\"ListItem\",\"position\":2,\"name\":\"Instructions\"}]},{\"@type\":\"WebSite\",\"@id\":\"https:\/\/mostimondiale.com\/#website\",\"url\":\"https:\/\/mostimondiale.com\/\",\"name\":\"Mosti Mondiale\",\"description\":\"\",\"potentialAction\":[{\"@type\":\"SearchAction\",\"target\":{\"@type\":\"EntryPoint\",\"urlTemplate\":\"https:\/\/mostimondiale.com\/?s={search_term_string}\"},\"query-input\":{\"@type\":\"PropertyValueSpecification\",\"valueRequired\":true,\"valueName\":\"search_term_string\"}}],\"inLanguage\":\"fr-CA\"}]}<\/script>\n<!-- \/ Yoast SEO plugin. -->","yoast_head_json":{"title":"T\u00e9l\u00e9chargement des Instructions | Mosti Mondiale","description":"T\u00e9l\u00e9chargez les instructions de nos produits de vinification. Elles vous permettront de vous assurer que la qualit\u00e9 de votre vin d\u00e9passe vos attentes.","robots":{"index":"index","follow":"follow","max-snippet":"max-snippet:-1","max-image-preview":"max-image-preview:large","max-video-preview":"max-video-preview:-1"},"canonical":"https:\/\/mostimondiale.com\/fr\/instructions\/","og_locale":"fr_CA","og_type":"article","og_title":"T\u00e9l\u00e9chargement des Instructions | Mosti Mondiale","og_description":"T\u00e9l\u00e9chargez les instructions de nos produits de vinification. Elles vous permettront de vous assurer que la qualit\u00e9 de votre vin d\u00e9passe vos attentes.","og_url":"https:\/\/mostimondiale.com\/fr\/instructions\/","og_site_name":"Mosti Mondiale","article_modified_time":"2025-09-23T16:24:24+00:00","twitter_card":"summary_large_image","twitter_misc":{"Estimation du temps de lecture":"1 minute"},"schema":{"@context":"https:\/\/schema.org","@graph":[{"@type":"WebPage","@id":"https:\/\/mostimondiale.com\/fr\/instructions\/","url":"https:\/\/mostimondiale.com\/fr\/instructions\/","name":"T\u00e9l\u00e9chargement des Instructions | Mosti Mondiale","isPartOf":{"@id":"https:\/\/mostimondiale.com\/#website"},"datePublished":"2019-03-27T15:24:24+00:00","dateModified":"2025-09-23T16:24:24+00:00","description":"T\u00e9l\u00e9chargez les instructions de nos produits de vinification. Elles vous permettront de vous assurer que la qualit\u00e9 de votre vin d\u00e9passe vos attentes.","breadcrumb":{"@id":"https:\/\/mostimondiale.com\/fr\/instructions\/#breadcrumb"},"inLanguage":"fr-CA","potentialAction":[{"@type":"ReadAction","target":["https:\/\/mostimondiale.com\/fr\/instructions\/"]}]},{"@type":"BreadcrumbList","@id":"https:\/\/mostimondiale.com\/fr\/instructions\/#breadcrumb","itemListElement":[{"@type":"ListItem","position":1,"name":"Accueil","item":"https:\/\/mostimondiale.com\/fr\/"},{"@type":"ListItem","position":2,"name":"Instructions"}]},{"@type":"WebSite","@id":"https:\/\/mostimondiale.com\/#website","url":"https:\/\/mostimondiale.com\/","name":"Mosti Mondiale","description":"","potentialAction":[{"@type":"SearchAction","target":{"@type":"EntryPoint","urlTemplate":"https:\/\/mostimondiale.com\/?s={search_term_string}"},"query-input":{"@type":"PropertyValueSpecification","valueRequired":true,"valueName":"search_term_string"}}],"inLanguage":"fr-CA"}]}},"_links":{"self":[{"href":"https:\/\/mostimondiale.com\/fr\/wp-json\/wp\/v2\/pages\/899","targetHints":{"allow":["GET"]}}],"collection":[{"href":"https:\/\/mostimondiale.com\/fr\/wp-json\/wp\/v2\/pages"}],"about":[{"href":"https:\/\/mostimondiale.com\/fr\/wp-json\/wp\/v2\/types\/page"}],"author":[{"embeddable":true,"href":"https:\/\/mostimondiale.com\/fr\/wp-json\/wp\/v2\/users\/1"}],"replies":[{"embeddable":true,"href":"https:\/\/mostimondiale.com\/fr\/wp-json\/wp\/v2\/comments?post=899"}],"version-history":[{"count":20,"href":"https:\/\/mostimondiale.com\/fr\/wp-json\/wp\/v2\/pages\/899\/revisions"}],"predecessor-version":[{"id":5326,"href":"https:\/\/mostimondiale.com\/fr\/wp-json\/wp\/v2\/pages\/899\/revisions\/5326"}],"wp:attachment":[{"href":"https:\/\/mostimondiale.com\/fr\/wp-json\/wp\/v2\/media?parent=899"}],"curies":[{"name":"wp","href":"https:\/\/api.w.org\/{rel}","templated":true}]}}