{"id":862,"date":"2019-03-27T10:00:47","date_gmt":"2019-03-27T14:00:47","guid":{"rendered":"https:\/\/mostimondiale.com\/?page_id=862"},"modified":"2019-04-30T15:13:52","modified_gmt":"2019-04-30T19:13:52","slug":"faq","status":"publish","type":"page","link":"https:\/\/mostimondiale.com\/fr\/faq\/","title":{"rendered":"FAQ"},"content":{"rendered":"<div class=\"wpb-content-wrapper\">[vc_row fullwidth=\u00a0\u00bbtrue\u00a0\u00bb animation=\u00a0\u00bbfade-in\u00a0\u00bb el_class=\u00a0\u00bbrow-top-faq pv250&Prime; css=\u00a0\u00bb.vc_custom_1551712832305{background-image: url(https:\/\/mostimondiale.com\/wp-content\/uploads\/2019\/02\/top-faq.jpg?id=160) !important;background-position: center !important;background-repeat: no-repeat !important;background-size: cover !important;}\u00a0\u00bb][vc_column][vc_column_text el_class=\u00a0\u00bbwhite\u00a0\u00bb css=\u00a0\u00bb.vc_custom_1549466050702{margin-bottom: 0px !important;}\u00a0\u00bb]\n<h1 style=\"text-align: center;\">FAQ<\/h1>\n[\/vc_column_text][\/vc_column][\/vc_row][vc_row el_class=\u00a0\u00bbrow-faq pv50&Prime;][vc_column width=\u00a0\u00bb1\/4&Prime;][\/vc_column][vc_column width=\u00a0\u00bb1\/2&Prime;][mk_faq sortable=\u00a0\u00bbfalse\u00a0\u00bb count=\u00a0\u00bb14&Prime;][\/vc_column][vc_column width=\u00a0\u00bb1\/4&Prime;][\/vc_column][\/vc_row]\n<\/div>","protected":false},"excerpt":{"rendered":"<p>[vc_row fullwidth=\u00a0\u00bbtrue\u00a0\u00bb animation=\u00a0\u00bbfade-in\u00a0\u00bb el_class=\u00a0\u00bbrow-top-faq pv250&Prime; css=\u00a0\u00bb.vc_custom_1551712832305{background-image: url(https:\/\/mostimondiale.com\/wp-content\/uploads\/2019\/02\/top-faq.jpg?id=160) !important;background-position: center !important;background-repeat: no-repeat !important;background-size: cover !important;}\u00a0\u00bb][vc_column][vc_column_text el_class=\u00a0\u00bbwhite\u00a0\u00bb css=\u00a0\u00bb.vc_custom_1549466050702{margin-bottom: 0px !important;}\u00a0\u00bb] FAQ [\/vc_column_text][\/vc_column][\/vc_row][vc_row el_class=\u00a0\u00bbrow-faq pv50&Prime;][vc_column width=\u00a0\u00bb1\/4&Prime;][\/vc_column][vc_column width=\u00a0\u00bb1\/2&Prime;][mk_faq sortable=\u00a0\u00bbfalse\u00a0\u00bb count=\u00a0\u00bb14&Prime;][\/vc_column][vc_column width=\u00a0\u00bb1\/4&Prime;][\/vc_column][\/vc_row]<\/p>\n","protected":false},"author":1,"featured_media":0,"parent":0,"menu_order":0,"comment_status":"closed","ping_status":"closed","template":"","meta":{"_acf_changed":false,"footnotes":""},"class_list":["post-862","page","type-page","status-publish","hentry"],"acf":[],"yoast_head":"<!-- This site is optimized with the Yoast SEO plugin v26.9 - https:\/\/yoast.com\/product\/yoast-seo-wordpress\/ -->\n<title>Foire aux Questions \u2022 FAQ | Mosti Mondiale<\/title>\n<meta name=\"description\" content=\"Vous y trouvez toutes les r\u00e9ponses aux questions les plus fr\u00e9quemment pos\u00e9es concernant la vinification, les produits ainsi que les processus.\" \/>\n<meta name=\"robots\" content=\"index, follow, max-snippet:-1, max-image-preview:large, max-video-preview:-1\" \/>\n<link rel=\"canonical\" href=\"https:\/\/mostimondiale.com\/fr\/faq\/\" \/>\n<meta property=\"og:locale\" content=\"fr_CA\" \/>\n<meta property=\"og:type\" content=\"article\" \/>\n<meta property=\"og:title\" content=\"Foire aux Questions \u2022 FAQ | Mosti Mondiale\" \/>\n<meta property=\"og:description\" content=\"Vous y trouvez toutes les r\u00e9ponses aux questions les plus fr\u00e9quemment pos\u00e9es concernant la vinification, les produits ainsi que les processus.\" \/>\n<meta property=\"og:url\" content=\"https:\/\/mostimondiale.com\/fr\/faq\/\" \/>\n<meta property=\"og:site_name\" content=\"Mosti Mondiale\" \/>\n<meta property=\"article:modified_time\" content=\"2019-04-30T19:13:52+00:00\" \/>\n<meta name=\"twitter:card\" content=\"summary_large_image\" \/>\n<script type=\"application\/ld+json\" class=\"yoast-schema-graph\">{\"@context\":\"https:\/\/schema.org\",\"@graph\":[{\"@type\":\"WebPage\",\"@id\":\"https:\/\/mostimondiale.com\/fr\/faq\/\",\"url\":\"https:\/\/mostimondiale.com\/fr\/faq\/\",\"name\":\"Foire aux Questions \u2022 FAQ | Mosti Mondiale\",\"isPartOf\":{\"@id\":\"https:\/\/mostimondiale.com\/#website\"},\"datePublished\":\"2019-03-27T14:00:47+00:00\",\"dateModified\":\"2019-04-30T19:13:52+00:00\",\"description\":\"Vous y trouvez toutes les r\u00e9ponses aux questions les plus fr\u00e9quemment pos\u00e9es concernant la vinification, les produits ainsi que les processus.\",\"breadcrumb\":{\"@id\":\"https:\/\/mostimondiale.com\/fr\/faq\/#breadcrumb\"},\"inLanguage\":\"fr-CA\",\"potentialAction\":[{\"@type\":\"ReadAction\",\"target\":[\"https:\/\/mostimondiale.com\/fr\/faq\/\"]}]},{\"@type\":\"BreadcrumbList\",\"@id\":\"https:\/\/mostimondiale.com\/fr\/faq\/#breadcrumb\",\"itemListElement\":[{\"@type\":\"ListItem\",\"position\":1,\"name\":\"Accueil\",\"item\":\"https:\/\/mostimondiale.com\/fr\/\"},{\"@type\":\"ListItem\",\"position\":2,\"name\":\"FAQ\"}]},{\"@type\":\"WebSite\",\"@id\":\"https:\/\/mostimondiale.com\/#website\",\"url\":\"https:\/\/mostimondiale.com\/\",\"name\":\"Mosti Mondiale\",\"description\":\"\",\"potentialAction\":[{\"@type\":\"SearchAction\",\"target\":{\"@type\":\"EntryPoint\",\"urlTemplate\":\"https:\/\/mostimondiale.com\/?s={search_term_string}\"},\"query-input\":{\"@type\":\"PropertyValueSpecification\",\"valueRequired\":true,\"valueName\":\"search_term_string\"}}],\"inLanguage\":\"fr-CA\"}]}<\/script>\n<!-- \/ Yoast SEO plugin. -->","yoast_head_json":{"title":"Foire aux Questions \u2022 FAQ | Mosti Mondiale","description":"Vous y trouvez toutes les r\u00e9ponses aux questions les plus fr\u00e9quemment pos\u00e9es concernant la vinification, les produits ainsi que les processus.","robots":{"index":"index","follow":"follow","max-snippet":"max-snippet:-1","max-image-preview":"max-image-preview:large","max-video-preview":"max-video-preview:-1"},"canonical":"https:\/\/mostimondiale.com\/fr\/faq\/","og_locale":"fr_CA","og_type":"article","og_title":"Foire aux Questions \u2022 FAQ | Mosti Mondiale","og_description":"Vous y trouvez toutes les r\u00e9ponses aux questions les plus fr\u00e9quemment pos\u00e9es concernant la vinification, les produits ainsi que les processus.","og_url":"https:\/\/mostimondiale.com\/fr\/faq\/","og_site_name":"Mosti Mondiale","article_modified_time":"2019-04-30T19:13:52+00:00","twitter_card":"summary_large_image","schema":{"@context":"https:\/\/schema.org","@graph":[{"@type":"WebPage","@id":"https:\/\/mostimondiale.com\/fr\/faq\/","url":"https:\/\/mostimondiale.com\/fr\/faq\/","name":"Foire aux Questions \u2022 FAQ | Mosti Mondiale","isPartOf":{"@id":"https:\/\/mostimondiale.com\/#website"},"datePublished":"2019-03-27T14:00:47+00:00","dateModified":"2019-04-30T19:13:52+00:00","description":"Vous y trouvez toutes les r\u00e9ponses aux questions les plus fr\u00e9quemment pos\u00e9es concernant la vinification, les produits ainsi que les processus.","breadcrumb":{"@id":"https:\/\/mostimondiale.com\/fr\/faq\/#breadcrumb"},"inLanguage":"fr-CA","potentialAction":[{"@type":"ReadAction","target":["https:\/\/mostimondiale.com\/fr\/faq\/"]}]},{"@type":"BreadcrumbList","@id":"https:\/\/mostimondiale.com\/fr\/faq\/#breadcrumb","itemListElement":[{"@type":"ListItem","position":1,"name":"Accueil","item":"https:\/\/mostimondiale.com\/fr\/"},{"@type":"ListItem","position":2,"name":"FAQ"}]},{"@type":"WebSite","@id":"https:\/\/mostimondiale.com\/#website","url":"https:\/\/mostimondiale.com\/","name":"Mosti Mondiale","description":"","potentialAction":[{"@type":"SearchAction","target":{"@type":"EntryPoint","urlTemplate":"https:\/\/mostimondiale.com\/?s={search_term_string}"},"query-input":{"@type":"PropertyValueSpecification","valueRequired":true,"valueName":"search_term_string"}}],"inLanguage":"fr-CA"}]}},"_links":{"self":[{"href":"https:\/\/mostimondiale.com\/fr\/wp-json\/wp\/v2\/pages\/862","targetHints":{"allow":["GET"]}}],"collection":[{"href":"https:\/\/mostimondiale.com\/fr\/wp-json\/wp\/v2\/pages"}],"about":[{"href":"https:\/\/mostimondiale.com\/fr\/wp-json\/wp\/v2\/types\/page"}],"author":[{"embeddable":true,"href":"https:\/\/mostimondiale.com\/fr\/wp-json\/wp\/v2\/users\/1"}],"replies":[{"embeddable":true,"href":"https:\/\/mostimondiale.com\/fr\/wp-json\/wp\/v2\/comments?post=862"}],"version-history":[{"count":2,"href":"https:\/\/mostimondiale.com\/fr\/wp-json\/wp\/v2\/pages\/862\/revisions"}],"predecessor-version":[{"id":1860,"href":"https:\/\/mostimondiale.com\/fr\/wp-json\/wp\/v2\/pages\/862\/revisions\/1860"}],"wp:attachment":[{"href":"https:\/\/mostimondiale.com\/fr\/wp-json\/wp\/v2\/media?parent=862"}],"curies":[{"name":"wp","href":"https:\/\/api.w.org\/{rel}","templated":true}]}}