{"id":852,"date":"2019-03-26T18:12:55","date_gmt":"2019-03-26T22:12:55","guid":{"rendered":"https:\/\/mostimondiale.com\/?page_id=852"},"modified":"2019-04-30T16:16:46","modified_gmt":"2019-04-30T20:16:46","slug":"notre-garantie","status":"publish","type":"page","link":"https:\/\/mostimondiale.com\/fr\/notre-garantie\/","title":{"rendered":"Notre Garantie"},"content":{"rendered":"<div class=\"wpb-content-wrapper\">[vc_row fullwidth=\u00a0\u00bbtrue\u00a0\u00bb animation=\u00a0\u00bbfade-in\u00a0\u00bb el_class=\u00a0\u00bbrow-top-guarantee pv250&Prime; css=\u00a0\u00bb.vc_custom_1551712898447{background-image: url(https:\/\/mostimondiale.com\/wp-content\/uploads\/2019\/02\/top-guarantee.jpg?id=150) !important;background-position: center !important;background-repeat: no-repeat !important;background-size: cover !important;}\u00a0\u00bb][vc_column][vc_column_text el_class=\u00a0\u00bbwhite text-shadow\u00a0\u00bb css=\u00a0\u00bb.vc_custom_1553638142955{margin-bottom: 0px !important;}\u00a0\u00bb]\n<h1 style=\"text-align: center;\">Notre Garantie<\/h1>\n[\/vc_column_text][\/vc_column][\/vc_row][vc_row el_class=\u00a0\u00bbrow-guarantee pv50&Prime;][vc_column width=\u00a0\u00bb1\/4&Prime;][\/vc_column][vc_column width=\u00a0\u00bb1\/2&Prime;][vc_column_text css=\u00a0\u00bb.vc_custom_1553638358698{margin-bottom: 0px !important;}\u00a0\u00bb]\n<p style=\"text-align: center;\"><strong>Tous les produits de vinification Mosti Mondiale sont accompagn\u00e9s d\u2019une politique de satisfaction garantie \u00e0 100%.<\/strong><\/p>\n<p>&nbsp;<\/p>\n<h2 style=\"text-align: center;\">Contr\u00f4le de la qualit\u00e9<\/h2>\n<p><strong><br \/>\n<\/strong>Chaque arrivage de mo\u00fbts de raisins (frais ou concentr\u00e9) est scrupuleusement analys\u00e9 afin de s\u2019assurer que les param\u00e8tres test\u00e9s correspondent \u00e0 ceux requis pour chacun de nos c\u00e9pages. Le degr\u00e9 Brix (niveau de sucre), le pH, l\u2019acidit\u00e9 totale, l\u2019anhydride sulfureux ainsi que la couleur sont tous v\u00e9rifi\u00e9s et ajust\u00e9s au besoin afin d\u2019optimiser la qualit\u00e9 finale du produit, et plus particuli\u00e8rement pour le mo\u00fbt de raisins frais. Nous disposons de l\u2019\u00e9quipement et des outils nous permettant de balancer, de stabiliser et d\u2019uniformiser les mo\u00fbts selon les diff\u00e9rents c\u00e9pages.<\/p>\n<p>Dans le cas o\u00f9 le mo\u00fbt se verra \u00eatre pasteuris\u00e9, afin de le rendre stable \u00e0 temp\u00e9rature pi\u00e8ce, chaque assemblage (concentr\u00e9, semi-concentr\u00e9 ou st\u00e9rile) sera m\u00e9ticuleusement soumis \u00e0 un contr\u00f4le de contamination et de viabilit\u00e9 microbiologique post-pasteurisation. Ces tests sont effectu\u00e9s \u00e0 l\u2019interne, au sein de notre laboratoire, de m\u00eame que dans une facilit\u00e9 d\u2019analyse externe afin de valider les r\u00e9sultats obtenus. Les lots de production sont retenus en \u00ab quarantaine \u00bb jusqu\u2019\u00e0 l\u2019obtention de la confirmation de qualit\u00e9 permettant de passer \u00e0 l\u2019\u00e9tape suivante, soit l\u2019emballage.<\/p>\n<p>Chacun des cycles de production de Mosti Mondiale porte un num\u00e9ro de lot \u00e0 5 chiffres qui lui est sp\u00e9cifique. On le retrouve soit sur l\u2019\u00e9tiquette de chaudi\u00e8re dans le cas des jus frais, ou encore sur un autocollant sur le bouchon du sac et\/ou sur la bo\u00eete en carton, dans le cas des produits stables. Ce num\u00e9ro de lot repr\u00e9sente une partie essentielle de notre garantie et devrait toujours \u00eatre pris en note.<\/p>\n<p>Enfin, un suivi continu dans le but d\u2019assurer la stabilit\u00e9 des produits est effectu\u00e9 de mani\u00e8re p\u00e9riodique aupr\u00e8s d\u2019un \u00e9chantillonnage tir\u00e9 de l\u2019inventaire en entreposage. Ces \u00e9chantillons sont choisis de mani\u00e8re al\u00e9atoire et test\u00e9s une seconde fois afin de s\u2019assurer qu\u2019ils atteignent les standards de qualit\u00e9 de notre entreprise.<\/p>\n<p>&nbsp;<\/p>\n<h2 style=\"text-align: center;\">Support technique<\/h2>\n<p><strong><br \/>\n<\/strong>Nous d\u00e9sirons r\u00e9pondre \u00e0 toutes vos questions au meilleur de nos connaissances. Si toutefois une r\u00e9ponse ne pouvait vous \u00eatre donn\u00e9e imm\u00e9diatement, soyez assur\u00e9s que notre r\u00e9seau de professionnels dans un ensemble vari\u00e9 de champs de comp\u00e9tences pourra nous permettre de vous aider rapidement. Nous encourageons nos clients \u00e0 bien comprendre le processus de vinification,<br \/>\nimpliquant la transformation de la grappe de raisin en un vin fini, et c\u2019est pourquoi, p\u00e9riodiquement au courant de l\u2019ann\u00e9e, vous recevez des informations pertinentes sur ces sujets.<\/p>\n<p>&nbsp;<\/p>\n<h2 style=\"text-align: center;\">Notre engagement de qualit\u00e9<\/h2>\n<p><strong><br \/>\n<\/strong>Mosti Mondiale se porte garant de tous les produits de vinification qu\u2019il produit et distribue. Gr\u00e2ce \u00e0 notre expertise et de par notre contr\u00f4le de qualit\u00e9 continu, notre engagement est celui de vous offrir des produits de la meilleure qualit\u00e9 possible.[\/vc_column_text][\/vc_column][vc_column width=\u00a0\u00bb1\/4&Prime;][\/vc_column][\/vc_row]\n<\/div>","protected":false},"excerpt":{"rendered":"<p>[vc_row fullwidth=\u00a0\u00bbtrue\u00a0\u00bb animation=\u00a0\u00bbfade-in\u00a0\u00bb el_class=\u00a0\u00bbrow-top-guarantee pv250&Prime; css=\u00a0\u00bb.vc_custom_1551712898447{background-image: url(https:\/\/mostimondiale.com\/wp-content\/uploads\/2019\/02\/top-guarantee.jpg?id=150) !important;background-position: center !important;background-repeat: no-repeat !important;background-size: cover !important;}\u00a0\u00bb][vc_column][vc_column_text el_class=\u00a0\u00bbwhite text-shadow\u00a0\u00bb css=\u00a0\u00bb.vc_custom_1553638142955{margin-bottom: 0px !important;}\u00a0\u00bb] Notre Garantie [\/vc_column_text][\/vc_column][\/vc_row][vc_row el_class=\u00a0\u00bbrow-guarantee pv50&Prime;][vc_column width=\u00a0\u00bb1\/4&Prime;][\/vc_column][vc_column width=\u00a0\u00bb1\/2&Prime;][vc_column_text css=\u00a0\u00bb.vc_custom_1553638358698{margin-bottom: 0px !important;}\u00a0\u00bb] Tous les produits de vinification Mosti Mondiale sont accompagn\u00e9s d\u2019une politique de satisfaction garantie \u00e0 100%. &nbsp; Contr\u00f4le de la qualit\u00e9 Chaque arrivage de mo\u00fbts de [&hellip;]<\/p>\n","protected":false},"author":1,"featured_media":0,"parent":0,"menu_order":0,"comment_status":"closed","ping_status":"closed","template":"","meta":{"_acf_changed":false,"footnotes":""},"class_list":["post-852","page","type-page","status-publish","hentry"],"acf":[],"yoast_head":"<!-- This site is optimized with the Yoast SEO plugin v26.9 - https:\/\/yoast.com\/product\/yoast-seo-wordpress\/ -->\n<title>Contr\u00f4le de la Qualit\u00e9 et Satisfaction Garantie | Mosti Mondiale<\/title>\n<meta name=\"description\" content=\"D\u00e9couvrez notre politique de contr\u00f4le de la qualit\u00e9. Nous nous engageons \u00e0 fournir des produits d&#039;un qualit\u00e9 sup\u00e9rieure et une satisfaction 100% garantie.\" \/>\n<meta name=\"robots\" content=\"index, follow, max-snippet:-1, max-image-preview:large, max-video-preview:-1\" \/>\n<link rel=\"canonical\" href=\"https:\/\/mostimondiale.com\/fr\/notre-garantie\/\" \/>\n<meta property=\"og:locale\" content=\"fr_CA\" \/>\n<meta property=\"og:type\" content=\"article\" \/>\n<meta property=\"og:title\" content=\"Contr\u00f4le de la Qualit\u00e9 et Satisfaction Garantie | Mosti Mondiale\" \/>\n<meta property=\"og:description\" content=\"D\u00e9couvrez notre politique de contr\u00f4le de la qualit\u00e9. Nous nous engageons \u00e0 fournir des produits d&#039;un qualit\u00e9 sup\u00e9rieure et une satisfaction 100% garantie.\" \/>\n<meta property=\"og:url\" content=\"https:\/\/mostimondiale.com\/fr\/notre-garantie\/\" \/>\n<meta property=\"og:site_name\" content=\"Mosti Mondiale\" \/>\n<meta property=\"article:modified_time\" content=\"2019-04-30T20:16:46+00:00\" \/>\n<meta name=\"twitter:card\" content=\"summary_large_image\" \/>\n<meta name=\"twitter:label1\" content=\"Estimation du temps de lecture\" \/>\n\t<meta name=\"twitter:data1\" content=\"3 minutes\" \/>\n<script type=\"application\/ld+json\" class=\"yoast-schema-graph\">{\"@context\":\"https:\/\/schema.org\",\"@graph\":[{\"@type\":\"WebPage\",\"@id\":\"https:\/\/mostimondiale.com\/fr\/notre-garantie\/\",\"url\":\"https:\/\/mostimondiale.com\/fr\/notre-garantie\/\",\"name\":\"Contr\u00f4le de la Qualit\u00e9 et Satisfaction Garantie | Mosti Mondiale\",\"isPartOf\":{\"@id\":\"https:\/\/mostimondiale.com\/#website\"},\"datePublished\":\"2019-03-26T22:12:55+00:00\",\"dateModified\":\"2019-04-30T20:16:46+00:00\",\"description\":\"D\u00e9couvrez notre politique de contr\u00f4le de la qualit\u00e9. Nous nous engageons \u00e0 fournir des produits d'un qualit\u00e9 sup\u00e9rieure et une satisfaction 100% garantie.\",\"breadcrumb\":{\"@id\":\"https:\/\/mostimondiale.com\/fr\/notre-garantie\/#breadcrumb\"},\"inLanguage\":\"fr-CA\",\"potentialAction\":[{\"@type\":\"ReadAction\",\"target\":[\"https:\/\/mostimondiale.com\/fr\/notre-garantie\/\"]}]},{\"@type\":\"BreadcrumbList\",\"@id\":\"https:\/\/mostimondiale.com\/fr\/notre-garantie\/#breadcrumb\",\"itemListElement\":[{\"@type\":\"ListItem\",\"position\":1,\"name\":\"Accueil\",\"item\":\"https:\/\/mostimondiale.com\/fr\/\"},{\"@type\":\"ListItem\",\"position\":2,\"name\":\"Notre Garantie\"}]},{\"@type\":\"WebSite\",\"@id\":\"https:\/\/mostimondiale.com\/#website\",\"url\":\"https:\/\/mostimondiale.com\/\",\"name\":\"Mosti Mondiale\",\"description\":\"\",\"potentialAction\":[{\"@type\":\"SearchAction\",\"target\":{\"@type\":\"EntryPoint\",\"urlTemplate\":\"https:\/\/mostimondiale.com\/?s={search_term_string}\"},\"query-input\":{\"@type\":\"PropertyValueSpecification\",\"valueRequired\":true,\"valueName\":\"search_term_string\"}}],\"inLanguage\":\"fr-CA\"}]}<\/script>\n<!-- \/ Yoast SEO plugin. -->","yoast_head_json":{"title":"Contr\u00f4le de la Qualit\u00e9 et Satisfaction Garantie | Mosti Mondiale","description":"D\u00e9couvrez notre politique de contr\u00f4le de la qualit\u00e9. Nous nous engageons \u00e0 fournir des produits d'un qualit\u00e9 sup\u00e9rieure et une satisfaction 100% garantie.","robots":{"index":"index","follow":"follow","max-snippet":"max-snippet:-1","max-image-preview":"max-image-preview:large","max-video-preview":"max-video-preview:-1"},"canonical":"https:\/\/mostimondiale.com\/fr\/notre-garantie\/","og_locale":"fr_CA","og_type":"article","og_title":"Contr\u00f4le de la Qualit\u00e9 et Satisfaction Garantie | Mosti Mondiale","og_description":"D\u00e9couvrez notre politique de contr\u00f4le de la qualit\u00e9. Nous nous engageons \u00e0 fournir des produits d'un qualit\u00e9 sup\u00e9rieure et une satisfaction 100% garantie.","og_url":"https:\/\/mostimondiale.com\/fr\/notre-garantie\/","og_site_name":"Mosti Mondiale","article_modified_time":"2019-04-30T20:16:46+00:00","twitter_card":"summary_large_image","twitter_misc":{"Estimation du temps de lecture":"3 minutes"},"schema":{"@context":"https:\/\/schema.org","@graph":[{"@type":"WebPage","@id":"https:\/\/mostimondiale.com\/fr\/notre-garantie\/","url":"https:\/\/mostimondiale.com\/fr\/notre-garantie\/","name":"Contr\u00f4le de la Qualit\u00e9 et Satisfaction Garantie | Mosti Mondiale","isPartOf":{"@id":"https:\/\/mostimondiale.com\/#website"},"datePublished":"2019-03-26T22:12:55+00:00","dateModified":"2019-04-30T20:16:46+00:00","description":"D\u00e9couvrez notre politique de contr\u00f4le de la qualit\u00e9. Nous nous engageons \u00e0 fournir des produits d'un qualit\u00e9 sup\u00e9rieure et une satisfaction 100% garantie.","breadcrumb":{"@id":"https:\/\/mostimondiale.com\/fr\/notre-garantie\/#breadcrumb"},"inLanguage":"fr-CA","potentialAction":[{"@type":"ReadAction","target":["https:\/\/mostimondiale.com\/fr\/notre-garantie\/"]}]},{"@type":"BreadcrumbList","@id":"https:\/\/mostimondiale.com\/fr\/notre-garantie\/#breadcrumb","itemListElement":[{"@type":"ListItem","position":1,"name":"Accueil","item":"https:\/\/mostimondiale.com\/fr\/"},{"@type":"ListItem","position":2,"name":"Notre Garantie"}]},{"@type":"WebSite","@id":"https:\/\/mostimondiale.com\/#website","url":"https:\/\/mostimondiale.com\/","name":"Mosti Mondiale","description":"","potentialAction":[{"@type":"SearchAction","target":{"@type":"EntryPoint","urlTemplate":"https:\/\/mostimondiale.com\/?s={search_term_string}"},"query-input":{"@type":"PropertyValueSpecification","valueRequired":true,"valueName":"search_term_string"}}],"inLanguage":"fr-CA"}]}},"_links":{"self":[{"href":"https:\/\/mostimondiale.com\/fr\/wp-json\/wp\/v2\/pages\/852","targetHints":{"allow":["GET"]}}],"collection":[{"href":"https:\/\/mostimondiale.com\/fr\/wp-json\/wp\/v2\/pages"}],"about":[{"href":"https:\/\/mostimondiale.com\/fr\/wp-json\/wp\/v2\/types\/page"}],"author":[{"embeddable":true,"href":"https:\/\/mostimondiale.com\/fr\/wp-json\/wp\/v2\/users\/1"}],"replies":[{"embeddable":true,"href":"https:\/\/mostimondiale.com\/fr\/wp-json\/wp\/v2\/comments?post=852"}],"version-history":[{"count":1,"href":"https:\/\/mostimondiale.com\/fr\/wp-json\/wp\/v2\/pages\/852\/revisions"}],"predecessor-version":[{"id":853,"href":"https:\/\/mostimondiale.com\/fr\/wp-json\/wp\/v2\/pages\/852\/revisions\/853"}],"wp:attachment":[{"href":"https:\/\/mostimondiale.com\/fr\/wp-json\/wp\/v2\/media?parent=852"}],"curies":[{"name":"wp","href":"https:\/\/api.w.org\/{rel}","templated":true}]}}