{"id":849,"date":"2019-03-26T18:06:16","date_gmt":"2019-03-26T22:06:16","guid":{"rendered":"https:\/\/mostimondiale.com\/?page_id=849"},"modified":"2020-01-30T12:24:03","modified_gmt":"2020-01-30T17:24:03","slug":"a-propos","status":"publish","type":"page","link":"https:\/\/mostimondiale.com\/fr\/a-propos\/","title":{"rendered":"\u00c0 Propos"},"content":{"rendered":"<div class=\"wpb-content-wrapper\">[vc_row fullwidth=\u00a0\u00bbtrue\u00a0\u00bb animation=\u00a0\u00bbfade-in\u00a0\u00bb el_class=\u00a0\u00bbrow-top-about pv250&Prime; css=\u00a0\u00bb.vc_custom_1551712697278{background-image: url(https:\/\/mostimondiale.com\/wp-content\/uploads\/2019\/02\/top-about-us.jpg?id=91) !important;background-position: center !important;background-repeat: no-repeat !important;background-size: cover !important;}\u00a0\u00bb][vc_column][vc_column_text el_class=\u00a0\u00bbwhite\u00a0\u00bb css=\u00a0\u00bb.vc_custom_1553637565407{margin-bottom: 0px !important;}\u00a0\u00bb]\n<h1 style=\"text-align: center;\">\u00c0 Propos<\/h1>\n[\/vc_column_text][\/vc_column][\/vc_row][vc_row fullwidth=\u00a0\u00bbtrue\u00a0\u00bb css=\u00a0\u00bb.vc_custom_1550262802049{background-image: url(https:\/\/mostimondiale.com\/wp-content\/uploads\/2019\/02\/feuille-gauche-full.jpg?id=77) !important;background-position: center !important;background-repeat: no-repeat !important;background-size: contain !important;}\u00a0\u00bb el_class=\u00a0\u00bbrow-about-us\u00a0\u00bb][vc_column][vc_row_inner el_class=\u00a0\u00bbpv100 row-inner-about-us\u00a0\u00bb][vc_column_inner width=\u00a0\u00bb1\/3&Prime;][\/vc_column_inner][vc_column_inner width=\u00a0\u00bb1\/3&Prime; css=\u00a0\u00bb.vc_custom_1549386761937{background-image: url(https:\/\/mostimondiale.com\/wp-content\/uploads\/2019\/02\/graphic-grappe.jpg?id=79) !important;background-position: center !important;background-repeat: no-repeat !important;background-size: contain !important;}\u00a0\u00bb][vc_column_text css=\u00a0\u00bb.vc_custom_1553637578182{margin-bottom: 0px !important;}\u00a0\u00bb]\n<h2 style=\"text-align: center;\">Notre histoire<\/h2>\n[\/vc_column_text][vc_column_text css=\u00a0\u00bb.vc_custom_1580404788927{margin-bottom: 0px !important;}\u00a0\u00bb]\n<p style=\"text-align: center;\">C\u2019est en 1989, que MOSTI MONDIALE a d\u00e9but\u00e9 en tant qu\u2019importateur et distributeur de mo\u00fbts de raisins frais. Comme plusieurs des entreprises familiales, \u00e0 nos tout d\u00e9buts, nous n\u2019\u00e9tions qu\u2019une petite entreprise motiv\u00e9e d\u2019offrir des produits de haute qualit\u00e9 ainsi qu\u2019un service client hors pair. Depuis, MOSTI MONDIALE est devenu un pionnier au sein de son industrie. En effet, nous avons \u00e9t\u00e9 les premiers \u00e0 proposer \u00e0 notre client\u00e8le du mo\u00fbt de raisins frais pur \u00e0 100% et ce, tout au long de l\u2019ann\u00e9e. \u00c0 pr\u00e9sent, le mo\u00fbt frais est incorpor\u00e9 dans chacun de nos produits.<\/p>\n[\/vc_column_text][\/vc_column_inner][vc_column_inner width=\u00a0\u00bb1\/3&Prime;][\/vc_column_inner][\/vc_row_inner][vc_row_inner animation=\u00a0\u00bbfade-in\u00a0\u00bb el_class=\u00a0\u00bbpb100 row-inner-about-us\u00a0\u00bb][vc_column_inner width=\u00a0\u00bb1\/3&Prime;][\/vc_column_inner][vc_column_inner el_class=\u00a0\u00bbcol-fresh-grape bg-purple p50&Prime; width=\u00a0\u00bb1\/3&Prime;][vc_column_text el_class=\u00a0\u00bbwhite\u00a0\u00bb css=\u00a0\u00bb.vc_custom_1580405037558{margin-bottom: 0px !important;}\u00a0\u00bb]\n<p style=\"text-align: center;\"><strong><span class=\"bold\">Qu\u2019est-ce que le mo\u00fbt de raisins frais ?<\/span><\/strong><\/p>\n<p style=\"text-align: center;\">Le mo\u00fbt frais est essentiellement le jus extrait des raisins de cuve, avant tout processus majeur tel quel la concentration. Ceci permet de retenir les principales qualit\u00e9s et caract\u00e9ristiques d\u2019un c\u00e9page et de les transf\u00e9rer au vin.<\/p>\n<p style=\"text-align: center;\">MOSTI MONDIALE s\u2019est toujours engag\u00e9 \u00e0 fournir l\u2019industrie de la vinification artisanale avec des produits faits \u00e0 partir de mo\u00fbts de raisins de la plus haute qualit\u00e9. Plus de trente ans plus tard, cet engagement demeure et sera toujours notre priorit\u00e9 absolue puisqu\u2019elle fait partie int\u00e9grante de qui nous sommes.<\/p>\n<p><img loading=\"lazy\" decoding=\"async\" class=\"alignnone size-thumbnail wp-image-3185 aligncenter\" src=\"https:\/\/mostimondiale.com\/wp-content\/uploads\/2020\/01\/mm-30th-seal-w-150x150.png\" alt=\"\" width=\"150\" height=\"150\" srcset=\"https:\/\/mostimondiale.com\/wp-content\/uploads\/2020\/01\/mm-30th-seal-w-150x150.png 150w, https:\/\/mostimondiale.com\/wp-content\/uploads\/2020\/01\/mm-30th-seal-w-300x300.png 300w, https:\/\/mostimondiale.com\/wp-content\/uploads\/2020\/01\/mm-30th-seal-w-600x600.png 600w, https:\/\/mostimondiale.com\/wp-content\/uploads\/2020\/01\/mm-30th-seal-w-100x100.png 100w, https:\/\/mostimondiale.com\/wp-content\/uploads\/2020\/01\/mm-30th-seal-w.png 749w\" sizes=\"auto, (max-width: 150px) 100vw, 150px\" \/>[\/vc_column_text][\/vc_column_inner][vc_column_inner width=\u00a0\u00bb1\/3&Prime;][\/vc_column_inner][\/vc_row_inner][vc_row_inner is_fullwidth_content=\u00a0\u00bbfalse\u00a0\u00bb el_class=\u00a0\u00bbpv100 row-inner-about-us\u00a0\u00bb][vc_column_inner width=\u00a0\u00bb1\/2&Prime;][mk_image src=\u00a0\u00bbhttps:\/\/mostimondiale.com\/wp-content\/uploads\/2019\/02\/mission.jpg\u00a0\u00bb image_size=\u00a0\u00bbfull\u00a0\u00bb align=\u00a0\u00bbcenter\u00a0\u00bb animation=\u00a0\u00bbfade-in\u00a0\u00bb][\/vc_column_inner][vc_column_inner el_class=\u00a0\u00bbcol-mission flex\u00a0\u00bb width=\u00a0\u00bb1\/2&Prime;][vc_column_text css=\u00a0\u00bb.vc_custom_1580404919258{margin-bottom: 0px !important;}\u00a0\u00bb]\n<h2>Notre mission<\/h2>\n<p>MOSTI MONDIALE est motiv\u00e9 par une passion envers l\u2019art et la science de la vinification ainsi qu\u2019un profond respect de l\u2019histoire du vin.<\/p>\n<p>Nous nous engageons \u00e0 cr\u00e9er des produits de premi\u00e8re qualit\u00e9 inspir\u00e9s par les m\u00e9thodes traditionnelles. Nous garantissons \u00e0 nos clients une exp\u00e9rience de vinification sans \u00e9gal, dont en ressortira des vins incomparables.<\/p>\n<p>Ces m\u00eames vins, qui selon nous, se devront d\u2019\u00eatre fi\u00e8rement partag\u00e9s avec la famille et les amis, car nous estimons qu\u2019un des vrais plaisirs de la vinification est en fait le plaisir de partager le fruit de notre travail \u2013 soit un bon verre de vin avec ceux qu\u2019on aime ![\/vc_column_text][mk_button dimension=\u00a0\u00bbdouble-outline\u00a0\u00bb size=\u00a0\u00bbmedium\u00a0\u00bb url=\u00a0\u00bb\/fr\/produits\u00a0\u00bb animation=\u00a0\u00bbfade-in\u00a0\u00bb outline_skin=\u00a0\u00bbcustom\u00a0\u00bb outline_active_color=\u00a0\u00bb#b2a0b7&Prime; outline_active_text_color=\u00a0\u00bb#ffffff\u00a0\u00bb outline_hover_bg_color=\u00a0\u00bb#ffffff\u00a0\u00bb outline_hover_color=\u00a0\u00bb#b2a0b7&Prime;]D\u00c9COUVRIR NOS C\u00c9PAGES[\/mk_button][\/vc_column_inner][\/vc_row_inner][\/vc_column][\/vc_row][vc_row fullwidth=\u00a0\u00bbtrue\u00a0\u00bb css=\u00a0\u00bb.vc_custom_1550262844079{background-image: url(https:\/\/mostimondiale.com\/wp-content\/uploads\/2019\/02\/grappe-droite-full.jpg?id=83) !important;background-position: center !important;background-repeat: no-repeat !important;background-size: cover !important;}\u00a0\u00bb el_class=\u00a0\u00bbrow-team\u00a0\u00bb][vc_column][vc_row_inner is_fullwidth_content=\u00a0\u00bbfalse\u00a0\u00bb el_class=\u00a0\u00bbpb100 row-inner-team\u00a0\u00bb][vc_column_inner el_class=\u00a0\u00bbcol-team flex pv25&Prime; width=\u00a0\u00bb1\/2&Prime;][vc_column_text css=\u00a0\u00bb.vc_custom_1580404964477{margin-bottom: 0px !important;}\u00a0\u00bb]\n<h2>Notre \u00e9quipe<\/h2>\n<p>MOSTI MONDIALE compte actuellement plus de 30 employ\u00e9s \u00e0 plein temps. Tel qu\u2019indiqu\u00e9 dans notre politique de qualit\u00e9, garantir un environnement de travail s\u00e9curit\u00e9 et juste pour tous nos employ\u00e9s a toujours \u00e9t\u00e9, et sera toujours, une priorit\u00e9.<\/p>\n<p>Notre \u00e9quipe travaille ard\u00fbment afin de garantir que tous les produits portant le non MOSTI MONDIALE sans exception respectent nos standards d\u2019excellence.[\/vc_column_text][\/vc_column_inner][vc_column_inner width=\u00a0\u00bb1\/2&Prime;][mk_image src=\u00a0\u00bbhttps:\/\/mostimondiale.com\/wp-content\/uploads\/2019\/02\/our-team.jpg\u00a0\u00bb image_size=\u00a0\u00bbfull\u00a0\u00bb align=\u00a0\u00bbcenter\u00a0\u00bb animation=\u00a0\u00bbfade-in\u00a0\u00bb][\/vc_column_inner][\/vc_row_inner][\/vc_column][\/vc_row][vc_row fullwidth=\u00a0\u00bbtrue\u00a0\u00bb animation=\u00a0\u00bbfade-in\u00a0\u00bb el_class=\u00a0\u00bbrow-bg-vignes pv200 white\u00a0\u00bb css=\u00a0\u00bb.vc_custom_1551485327033{background-image: url(https:\/\/mostimondiale.com\/wp-content\/uploads\/2019\/02\/sharing-good-times.jpg?id=89) !important;background-position: center !important;background-repeat: no-repeat !important;background-size: cover !important;}\u00a0\u00bb][vc_column][vc_column_text el_class=\u00a0\u00bbwhite text-shadow\u00a0\u00bb css=\u00a0\u00bb.vc_custom_1553791018784{margin-bottom: 0px !important;}\u00a0\u00bb]\n<h2 style=\"text-align: center;\">Partageons de Bons Moments et de Bons Vins<\/h2>\n[\/vc_column_text][mk_button dimension=\u00a0\u00bbdouble-outline\u00a0\u00bb size=\u00a0\u00bbmedium\u00a0\u00bb url=\u00a0\u00bb\/fr\/produits\u00a0\u00bb align=\u00a0\u00bbcenter\u00a0\u00bb outline_skin=\u00a0\u00bbcustom\u00a0\u00bb outline_active_color=\u00a0\u00bb#b2a0b7&Prime; outline_active_text_color=\u00a0\u00bb#ffffff\u00a0\u00bb outline_hover_bg_color=\u00a0\u00bb#ffffff\u00a0\u00bb outline_hover_color=\u00a0\u00bb#b2a0b7&Prime;]D\u00c9COUVRIR NOS PRODUITS[\/mk_button][\/vc_column][\/vc_row]\n<\/div>","protected":false},"excerpt":{"rendered":"<p>[vc_row fullwidth=\u00a0\u00bbtrue\u00a0\u00bb animation=\u00a0\u00bbfade-in\u00a0\u00bb el_class=\u00a0\u00bbrow-top-about pv250&Prime; css=\u00a0\u00bb.vc_custom_1551712697278{background-image: url(https:\/\/mostimondiale.com\/wp-content\/uploads\/2019\/02\/top-about-us.jpg?id=91) !important;background-position: center !important;background-repeat: no-repeat !important;background-size: cover !important;}\u00a0\u00bb][vc_column][vc_column_text el_class=\u00a0\u00bbwhite\u00a0\u00bb css=\u00a0\u00bb.vc_custom_1553637565407{margin-bottom: 0px !important;}\u00a0\u00bb] \u00c0 Propos [\/vc_column_text][\/vc_column][\/vc_row][vc_row fullwidth=\u00a0\u00bbtrue\u00a0\u00bb css=\u00a0\u00bb.vc_custom_1550262802049{background-image: url(https:\/\/mostimondiale.com\/wp-content\/uploads\/2019\/02\/feuille-gauche-full.jpg?id=77) !important;background-position: center !important;background-repeat: no-repeat !important;background-size: contain !important;}\u00a0\u00bb el_class=\u00a0\u00bbrow-about-us\u00a0\u00bb][vc_column][vc_row_inner el_class=\u00a0\u00bbpv100 row-inner-about-us\u00a0\u00bb][vc_column_inner width=\u00a0\u00bb1\/3&Prime;][\/vc_column_inner][vc_column_inner width=\u00a0\u00bb1\/3&Prime; css=\u00a0\u00bb.vc_custom_1549386761937{background-image: url(https:\/\/mostimondiale.com\/wp-content\/uploads\/2019\/02\/graphic-grappe.jpg?id=79) !important;background-position: center !important;background-repeat: no-repeat !important;background-size: contain !important;}\u00a0\u00bb][vc_column_text css=\u00a0\u00bb.vc_custom_1553637578182{margin-bottom: 0px !important;}\u00a0\u00bb] Notre histoire [\/vc_column_text][vc_column_text css=\u00a0\u00bb.vc_custom_1580404788927{margin-bottom: 0px !important;}\u00a0\u00bb] C\u2019est [&hellip;]<\/p>\n","protected":false},"author":1,"featured_media":0,"parent":0,"menu_order":0,"comment_status":"closed","ping_status":"closed","template":"","meta":{"_acf_changed":false,"footnotes":""},"class_list":["post-849","page","type-page","status-publish","hentry"],"acf":[],"yoast_head":"<!-- This site is optimized with the Yoast SEO plugin v26.9 - https:\/\/yoast.com\/product\/yoast-seo-wordpress\/ -->\n<title>Apprenez-en Plus \u00e0 Notre Sujet | Mosti Mondiale<\/title>\n<meta name=\"description\" content=\"Nous nous engageons \u00e0 cr\u00e9er des produits de vinification haut de gamme, inspir\u00e9s par notre tradition intemporelle en mati\u00e8re de vinification.\" \/>\n<meta name=\"robots\" content=\"index, follow, max-snippet:-1, max-image-preview:large, max-video-preview:-1\" \/>\n<link rel=\"canonical\" href=\"https:\/\/mostimondiale.com\/fr\/a-propos\/\" \/>\n<meta property=\"og:locale\" content=\"fr_CA\" \/>\n<meta property=\"og:type\" content=\"article\" \/>\n<meta property=\"og:title\" content=\"Apprenez-en Plus \u00e0 Notre Sujet | Mosti Mondiale\" \/>\n<meta property=\"og:description\" content=\"Nous nous engageons \u00e0 cr\u00e9er des produits de vinification haut de gamme, inspir\u00e9s par notre tradition intemporelle en mati\u00e8re de vinification.\" \/>\n<meta property=\"og:url\" content=\"https:\/\/mostimondiale.com\/fr\/a-propos\/\" \/>\n<meta property=\"og:site_name\" content=\"Mosti Mondiale\" \/>\n<meta property=\"article:modified_time\" content=\"2020-01-30T17:24:03+00:00\" \/>\n<meta property=\"og:image\" content=\"https:\/\/mostimondiale.com\/wp-content\/uploads\/2020\/01\/mm-30th-seal-w-150x150.png\" \/>\n<meta name=\"twitter:card\" content=\"summary_large_image\" \/>\n<meta name=\"twitter:label1\" content=\"Estimation du temps de lecture\" \/>\n\t<meta name=\"twitter:data1\" content=\"5 minutes\" \/>\n<script type=\"application\/ld+json\" class=\"yoast-schema-graph\">{\"@context\":\"https:\/\/schema.org\",\"@graph\":[{\"@type\":\"WebPage\",\"@id\":\"https:\/\/mostimondiale.com\/fr\/a-propos\/\",\"url\":\"https:\/\/mostimondiale.com\/fr\/a-propos\/\",\"name\":\"Apprenez-en Plus \u00e0 Notre Sujet | Mosti Mondiale\",\"isPartOf\":{\"@id\":\"https:\/\/mostimondiale.com\/#website\"},\"primaryImageOfPage\":{\"@id\":\"https:\/\/mostimondiale.com\/fr\/a-propos\/#primaryimage\"},\"image\":{\"@id\":\"https:\/\/mostimondiale.com\/fr\/a-propos\/#primaryimage\"},\"thumbnailUrl\":\"https:\/\/mostimondiale.com\/wp-content\/uploads\/2020\/01\/mm-30th-seal-w-150x150.png\",\"datePublished\":\"2019-03-26T22:06:16+00:00\",\"dateModified\":\"2020-01-30T17:24:03+00:00\",\"description\":\"Nous nous engageons \u00e0 cr\u00e9er des produits de vinification haut de gamme, inspir\u00e9s par notre tradition intemporelle en mati\u00e8re de vinification.\",\"breadcrumb\":{\"@id\":\"https:\/\/mostimondiale.com\/fr\/a-propos\/#breadcrumb\"},\"inLanguage\":\"fr-CA\",\"potentialAction\":[{\"@type\":\"ReadAction\",\"target\":[\"https:\/\/mostimondiale.com\/fr\/a-propos\/\"]}]},{\"@type\":\"ImageObject\",\"inLanguage\":\"fr-CA\",\"@id\":\"https:\/\/mostimondiale.com\/fr\/a-propos\/#primaryimage\",\"url\":\"https:\/\/mostimondiale.com\/wp-content\/uploads\/2020\/01\/mm-30th-seal-w-150x150.png\",\"contentUrl\":\"https:\/\/mostimondiale.com\/wp-content\/uploads\/2020\/01\/mm-30th-seal-w-150x150.png\"},{\"@type\":\"BreadcrumbList\",\"@id\":\"https:\/\/mostimondiale.com\/fr\/a-propos\/#breadcrumb\",\"itemListElement\":[{\"@type\":\"ListItem\",\"position\":1,\"name\":\"Accueil\",\"item\":\"https:\/\/mostimondiale.com\/fr\/\"},{\"@type\":\"ListItem\",\"position\":2,\"name\":\"\u00c0 Propos\"}]},{\"@type\":\"WebSite\",\"@id\":\"https:\/\/mostimondiale.com\/#website\",\"url\":\"https:\/\/mostimondiale.com\/\",\"name\":\"Mosti Mondiale\",\"description\":\"\",\"potentialAction\":[{\"@type\":\"SearchAction\",\"target\":{\"@type\":\"EntryPoint\",\"urlTemplate\":\"https:\/\/mostimondiale.com\/?s={search_term_string}\"},\"query-input\":{\"@type\":\"PropertyValueSpecification\",\"valueRequired\":true,\"valueName\":\"search_term_string\"}}],\"inLanguage\":\"fr-CA\"}]}<\/script>\n<!-- \/ Yoast SEO plugin. -->","yoast_head_json":{"title":"Apprenez-en Plus \u00e0 Notre Sujet | Mosti Mondiale","description":"Nous nous engageons \u00e0 cr\u00e9er des produits de vinification haut de gamme, inspir\u00e9s par notre tradition intemporelle en mati\u00e8re de vinification.","robots":{"index":"index","follow":"follow","max-snippet":"max-snippet:-1","max-image-preview":"max-image-preview:large","max-video-preview":"max-video-preview:-1"},"canonical":"https:\/\/mostimondiale.com\/fr\/a-propos\/","og_locale":"fr_CA","og_type":"article","og_title":"Apprenez-en Plus \u00e0 Notre Sujet | Mosti Mondiale","og_description":"Nous nous engageons \u00e0 cr\u00e9er des produits de vinification haut de gamme, inspir\u00e9s par notre tradition intemporelle en mati\u00e8re de vinification.","og_url":"https:\/\/mostimondiale.com\/fr\/a-propos\/","og_site_name":"Mosti Mondiale","article_modified_time":"2020-01-30T17:24:03+00:00","og_image":[{"url":"https:\/\/mostimondiale.com\/wp-content\/uploads\/2020\/01\/mm-30th-seal-w-150x150.png","type":"","width":"","height":""}],"twitter_card":"summary_large_image","twitter_misc":{"Estimation du temps de lecture":"5 minutes"},"schema":{"@context":"https:\/\/schema.org","@graph":[{"@type":"WebPage","@id":"https:\/\/mostimondiale.com\/fr\/a-propos\/","url":"https:\/\/mostimondiale.com\/fr\/a-propos\/","name":"Apprenez-en Plus \u00e0 Notre Sujet | Mosti Mondiale","isPartOf":{"@id":"https:\/\/mostimondiale.com\/#website"},"primaryImageOfPage":{"@id":"https:\/\/mostimondiale.com\/fr\/a-propos\/#primaryimage"},"image":{"@id":"https:\/\/mostimondiale.com\/fr\/a-propos\/#primaryimage"},"thumbnailUrl":"https:\/\/mostimondiale.com\/wp-content\/uploads\/2020\/01\/mm-30th-seal-w-150x150.png","datePublished":"2019-03-26T22:06:16+00:00","dateModified":"2020-01-30T17:24:03+00:00","description":"Nous nous engageons \u00e0 cr\u00e9er des produits de vinification haut de gamme, inspir\u00e9s par notre tradition intemporelle en mati\u00e8re de vinification.","breadcrumb":{"@id":"https:\/\/mostimondiale.com\/fr\/a-propos\/#breadcrumb"},"inLanguage":"fr-CA","potentialAction":[{"@type":"ReadAction","target":["https:\/\/mostimondiale.com\/fr\/a-propos\/"]}]},{"@type":"ImageObject","inLanguage":"fr-CA","@id":"https:\/\/mostimondiale.com\/fr\/a-propos\/#primaryimage","url":"https:\/\/mostimondiale.com\/wp-content\/uploads\/2020\/01\/mm-30th-seal-w-150x150.png","contentUrl":"https:\/\/mostimondiale.com\/wp-content\/uploads\/2020\/01\/mm-30th-seal-w-150x150.png"},{"@type":"BreadcrumbList","@id":"https:\/\/mostimondiale.com\/fr\/a-propos\/#breadcrumb","itemListElement":[{"@type":"ListItem","position":1,"name":"Accueil","item":"https:\/\/mostimondiale.com\/fr\/"},{"@type":"ListItem","position":2,"name":"\u00c0 Propos"}]},{"@type":"WebSite","@id":"https:\/\/mostimondiale.com\/#website","url":"https:\/\/mostimondiale.com\/","name":"Mosti Mondiale","description":"","potentialAction":[{"@type":"SearchAction","target":{"@type":"EntryPoint","urlTemplate":"https:\/\/mostimondiale.com\/?s={search_term_string}"},"query-input":{"@type":"PropertyValueSpecification","valueRequired":true,"valueName":"search_term_string"}}],"inLanguage":"fr-CA"}]}},"_links":{"self":[{"href":"https:\/\/mostimondiale.com\/fr\/wp-json\/wp\/v2\/pages\/849","targetHints":{"allow":["GET"]}}],"collection":[{"href":"https:\/\/mostimondiale.com\/fr\/wp-json\/wp\/v2\/pages"}],"about":[{"href":"https:\/\/mostimondiale.com\/fr\/wp-json\/wp\/v2\/types\/page"}],"author":[{"embeddable":true,"href":"https:\/\/mostimondiale.com\/fr\/wp-json\/wp\/v2\/users\/1"}],"replies":[{"embeddable":true,"href":"https:\/\/mostimondiale.com\/fr\/wp-json\/wp\/v2\/comments?post=849"}],"version-history":[{"count":11,"href":"https:\/\/mostimondiale.com\/fr\/wp-json\/wp\/v2\/pages\/849\/revisions"}],"predecessor-version":[{"id":3213,"href":"https:\/\/mostimondiale.com\/fr\/wp-json\/wp\/v2\/pages\/849\/revisions\/3213"}],"wp:attachment":[{"href":"https:\/\/mostimondiale.com\/fr\/wp-json\/wp\/v2\/media?parent=849"}],"curies":[{"name":"wp","href":"https:\/\/api.w.org\/{rel}","templated":true}]}}