{"id":842,"date":"2019-03-26T17:54:06","date_gmt":"2019-03-26T21:54:06","guid":{"rendered":"https:\/\/mostimondiale.com\/?page_id=842"},"modified":"2019-06-12T16:24:36","modified_gmt":"2019-06-12T20:24:36","slug":"blog-a-la-votre","status":"publish","type":"page","link":"https:\/\/mostimondiale.com\/fr\/blog-a-la-votre\/","title":{"rendered":"\u00c0 la votre !"},"content":{"rendered":"<div class=\"wpb-content-wrapper\">[vc_row fullwidth=\u00a0\u00bbtrue\u00a0\u00bb animation=\u00a0\u00bbfade-in\u00a0\u00bb el_class=\u00a0\u00bbrow-top-blog pv250&Prime; css=\u00a0\u00bb.vc_custom_1551712743418{background-image: url(https:\/\/mostimondiale.com\/wp-content\/uploads\/2019\/02\/top-blog.jpg?id=114) !important;background-position: center !important;background-repeat: no-repeat !important;background-size: cover !important;}\u00a0\u00bb][vc_column][vc_column_text el_class=\u00a0\u00bbwhite\u00a0\u00bb css=\u00a0\u00bb.vc_custom_1553638515412{margin-bottom: 0px !important;}\u00a0\u00bb]\n<h1 style=\"text-align: center;\">\u00c0 la votre !<\/h1>\n[\/vc_column_text][\/vc_column][\/vc_row][vc_row el_class=\u00a0\u00bbrow-blog pv50&Prime;][vc_column][vc_column_text el_class=\u00a0\u00bbpb50&Prime; css=\u00a0\u00bb.vc_custom_1553638497759{margin-bottom: 0px !important;}\u00a0\u00bb]\n<h2 style=\"text-align: center;\">Laissez-nous vous inspirer !<\/h2>\n<p style=\"text-align: center;\">D\u00e9couvrez nos diff\u00e9rents c\u00e9pages, une multitude de conseils sur la vinification, les diff\u00e9rentes tendances saisonni\u00e8res, nos meilleurs accords mets et vins, de d\u00e9licieuses recettes et plus encore.<\/p>\n[\/vc_column_text][\/vc_column][\/vc_row][vc_row][vc_column][mk_blog style=\u00a0\u00bbgrid\u00a0\u00bb exclude_post_format=\u00a0\u00bb\u00a0\u00bb][\/vc_column][\/vc_row]\n<\/div>","protected":false},"excerpt":{"rendered":"<p>[vc_row fullwidth=\u00a0\u00bbtrue\u00a0\u00bb animation=\u00a0\u00bbfade-in\u00a0\u00bb el_class=\u00a0\u00bbrow-top-blog pv250&Prime; css=\u00a0\u00bb.vc_custom_1551712743418{background-image: url(https:\/\/mostimondiale.com\/wp-content\/uploads\/2019\/02\/top-blog.jpg?id=114) !important;background-position: center !important;background-repeat: no-repeat !important;background-size: cover !important;}\u00a0\u00bb][vc_column][vc_column_text el_class=\u00a0\u00bbwhite\u00a0\u00bb css=\u00a0\u00bb.vc_custom_1553638515412{margin-bottom: 0px !important;}\u00a0\u00bb] \u00c0 la votre ! [\/vc_column_text][\/vc_column][\/vc_row][vc_row el_class=\u00a0\u00bbrow-blog pv50&Prime;][vc_column][vc_column_text el_class=\u00a0\u00bbpb50&Prime; css=\u00a0\u00bb.vc_custom_1553638497759{margin-bottom: 0px !important;}\u00a0\u00bb] Laissez-nous vous inspirer ! D\u00e9couvrez nos diff\u00e9rents c\u00e9pages, une multitude de conseils sur la vinification, les diff\u00e9rentes tendances saisonni\u00e8res, nos meilleurs accords mets et vins, de [&hellip;]<\/p>\n","protected":false},"author":1,"featured_media":0,"parent":0,"menu_order":0,"comment_status":"closed","ping_status":"closed","template":"","meta":{"_acf_changed":false,"footnotes":""},"class_list":["post-842","page","type-page","status-publish","hentry"],"acf":[],"yoast_head":"<!-- This site is optimized with the Yoast SEO plugin v26.9 - https:\/\/yoast.com\/product\/yoast-seo-wordpress\/ -->\n<title>Blog \u2022 Laissez Notre Section - \u00c0 la V\u00f4tre - vous Inspirer | Mosti Mondiale<\/title>\n<meta name=\"description\" content=\"D\u00e9couvrez nos diff\u00e9rents c\u00e9pages, conseils sur la vinification, tendances saisonni\u00e8res, accords mets et vins, d\u00e9licieuses recettes et plus encore.\" \/>\n<meta name=\"robots\" content=\"index, follow, max-snippet:-1, max-image-preview:large, max-video-preview:-1\" \/>\n<link rel=\"canonical\" href=\"https:\/\/mostimondiale.com\/fr\/blog-a-la-votre\/\" \/>\n<meta property=\"og:locale\" content=\"fr_CA\" \/>\n<meta property=\"og:type\" content=\"article\" \/>\n<meta property=\"og:title\" content=\"Blog \u2022 Laissez Notre Section - \u00c0 la V\u00f4tre - vous Inspirer | Mosti Mondiale\" \/>\n<meta property=\"og:description\" content=\"D\u00e9couvrez nos diff\u00e9rents c\u00e9pages, conseils sur la vinification, tendances saisonni\u00e8res, accords mets et vins, d\u00e9licieuses recettes et plus encore.\" \/>\n<meta property=\"og:url\" content=\"https:\/\/mostimondiale.com\/fr\/blog-a-la-votre\/\" \/>\n<meta property=\"og:site_name\" content=\"Mosti Mondiale\" \/>\n<meta property=\"article:modified_time\" content=\"2019-06-12T20:24:36+00:00\" \/>\n<meta name=\"twitter:card\" content=\"summary_large_image\" \/>\n<meta name=\"twitter:label1\" content=\"Estimation du temps de lecture\" \/>\n\t<meta name=\"twitter:data1\" content=\"1 minute\" \/>\n<script type=\"application\/ld+json\" class=\"yoast-schema-graph\">{\"@context\":\"https:\/\/schema.org\",\"@graph\":[{\"@type\":\"WebPage\",\"@id\":\"https:\/\/mostimondiale.com\/fr\/blog-a-la-votre\/\",\"url\":\"https:\/\/mostimondiale.com\/fr\/blog-a-la-votre\/\",\"name\":\"Blog \u2022 Laissez Notre Section - \u00c0 la V\u00f4tre - vous Inspirer | Mosti Mondiale\",\"isPartOf\":{\"@id\":\"https:\/\/mostimondiale.com\/#website\"},\"datePublished\":\"2019-03-26T21:54:06+00:00\",\"dateModified\":\"2019-06-12T20:24:36+00:00\",\"description\":\"D\u00e9couvrez nos diff\u00e9rents c\u00e9pages, conseils sur la vinification, tendances saisonni\u00e8res, accords mets et vins, d\u00e9licieuses recettes et plus encore.\",\"breadcrumb\":{\"@id\":\"https:\/\/mostimondiale.com\/fr\/blog-a-la-votre\/#breadcrumb\"},\"inLanguage\":\"fr-CA\",\"potentialAction\":[{\"@type\":\"ReadAction\",\"target\":[\"https:\/\/mostimondiale.com\/fr\/blog-a-la-votre\/\"]}]},{\"@type\":\"BreadcrumbList\",\"@id\":\"https:\/\/mostimondiale.com\/fr\/blog-a-la-votre\/#breadcrumb\",\"itemListElement\":[{\"@type\":\"ListItem\",\"position\":1,\"name\":\"Accueil\",\"item\":\"https:\/\/mostimondiale.com\/fr\/\"},{\"@type\":\"ListItem\",\"position\":2,\"name\":\"\u00c0 la votre !\"}]},{\"@type\":\"WebSite\",\"@id\":\"https:\/\/mostimondiale.com\/#website\",\"url\":\"https:\/\/mostimondiale.com\/\",\"name\":\"Mosti Mondiale\",\"description\":\"\",\"potentialAction\":[{\"@type\":\"SearchAction\",\"target\":{\"@type\":\"EntryPoint\",\"urlTemplate\":\"https:\/\/mostimondiale.com\/?s={search_term_string}\"},\"query-input\":{\"@type\":\"PropertyValueSpecification\",\"valueRequired\":true,\"valueName\":\"search_term_string\"}}],\"inLanguage\":\"fr-CA\"}]}<\/script>\n<!-- \/ Yoast SEO plugin. -->","yoast_head_json":{"title":"Blog \u2022 Laissez Notre Section - \u00c0 la V\u00f4tre - vous Inspirer | Mosti Mondiale","description":"D\u00e9couvrez nos diff\u00e9rents c\u00e9pages, conseils sur la vinification, tendances saisonni\u00e8res, accords mets et vins, d\u00e9licieuses recettes et plus encore.","robots":{"index":"index","follow":"follow","max-snippet":"max-snippet:-1","max-image-preview":"max-image-preview:large","max-video-preview":"max-video-preview:-1"},"canonical":"https:\/\/mostimondiale.com\/fr\/blog-a-la-votre\/","og_locale":"fr_CA","og_type":"article","og_title":"Blog \u2022 Laissez Notre Section - \u00c0 la V\u00f4tre - vous Inspirer | Mosti Mondiale","og_description":"D\u00e9couvrez nos diff\u00e9rents c\u00e9pages, conseils sur la vinification, tendances saisonni\u00e8res, accords mets et vins, d\u00e9licieuses recettes et plus encore.","og_url":"https:\/\/mostimondiale.com\/fr\/blog-a-la-votre\/","og_site_name":"Mosti Mondiale","article_modified_time":"2019-06-12T20:24:36+00:00","twitter_card":"summary_large_image","twitter_misc":{"Estimation du temps de lecture":"1 minute"},"schema":{"@context":"https:\/\/schema.org","@graph":[{"@type":"WebPage","@id":"https:\/\/mostimondiale.com\/fr\/blog-a-la-votre\/","url":"https:\/\/mostimondiale.com\/fr\/blog-a-la-votre\/","name":"Blog \u2022 Laissez Notre Section - \u00c0 la V\u00f4tre - vous Inspirer | Mosti Mondiale","isPartOf":{"@id":"https:\/\/mostimondiale.com\/#website"},"datePublished":"2019-03-26T21:54:06+00:00","dateModified":"2019-06-12T20:24:36+00:00","description":"D\u00e9couvrez nos diff\u00e9rents c\u00e9pages, conseils sur la vinification, tendances saisonni\u00e8res, accords mets et vins, d\u00e9licieuses recettes et plus encore.","breadcrumb":{"@id":"https:\/\/mostimondiale.com\/fr\/blog-a-la-votre\/#breadcrumb"},"inLanguage":"fr-CA","potentialAction":[{"@type":"ReadAction","target":["https:\/\/mostimondiale.com\/fr\/blog-a-la-votre\/"]}]},{"@type":"BreadcrumbList","@id":"https:\/\/mostimondiale.com\/fr\/blog-a-la-votre\/#breadcrumb","itemListElement":[{"@type":"ListItem","position":1,"name":"Accueil","item":"https:\/\/mostimondiale.com\/fr\/"},{"@type":"ListItem","position":2,"name":"\u00c0 la votre !"}]},{"@type":"WebSite","@id":"https:\/\/mostimondiale.com\/#website","url":"https:\/\/mostimondiale.com\/","name":"Mosti Mondiale","description":"","potentialAction":[{"@type":"SearchAction","target":{"@type":"EntryPoint","urlTemplate":"https:\/\/mostimondiale.com\/?s={search_term_string}"},"query-input":{"@type":"PropertyValueSpecification","valueRequired":true,"valueName":"search_term_string"}}],"inLanguage":"fr-CA"}]}},"_links":{"self":[{"href":"https:\/\/mostimondiale.com\/fr\/wp-json\/wp\/v2\/pages\/842","targetHints":{"allow":["GET"]}}],"collection":[{"href":"https:\/\/mostimondiale.com\/fr\/wp-json\/wp\/v2\/pages"}],"about":[{"href":"https:\/\/mostimondiale.com\/fr\/wp-json\/wp\/v2\/types\/page"}],"author":[{"embeddable":true,"href":"https:\/\/mostimondiale.com\/fr\/wp-json\/wp\/v2\/users\/1"}],"replies":[{"embeddable":true,"href":"https:\/\/mostimondiale.com\/fr\/wp-json\/wp\/v2\/comments?post=842"}],"version-history":[{"count":7,"href":"https:\/\/mostimondiale.com\/fr\/wp-json\/wp\/v2\/pages\/842\/revisions"}],"predecessor-version":[{"id":2631,"href":"https:\/\/mostimondiale.com\/fr\/wp-json\/wp\/v2\/pages\/842\/revisions\/2631"}],"wp:attachment":[{"href":"https:\/\/mostimondiale.com\/fr\/wp-json\/wp\/v2\/media?parent=842"}],"curies":[{"name":"wp","href":"https:\/\/api.w.org\/{rel}","templated":true}]}}