{"id":840,"date":"2019-03-26T17:51:19","date_gmt":"2019-03-26T21:51:19","guid":{"rendered":"https:\/\/mostimondiale.com\/?page_id=840"},"modified":"2019-04-30T17:14:07","modified_gmt":"2019-04-30T21:14:07","slug":"trucs-et-astuces","status":"publish","type":"page","link":"https:\/\/mostimondiale.com\/fr\/trucs-et-astuces\/","title":{"rendered":"Trucs et Astuces"},"content":{"rendered":"<div class=\"wpb-content-wrapper\">[vc_row fullwidth=\u00a0\u00bbtrue\u00a0\u00bb el_class=\u00a0\u00bbrow-top-tips pv250&Prime; css=\u00a0\u00bb.vc_custom_1549486623765{background-image: url(https:\/\/mostimondiale.com\/wp-content\/uploads\/2019\/02\/top-tips-and-tools.jpg?id=242) !important;background-position: center !important;background-repeat: no-repeat !important;background-size: cover !important;}\u00a0\u00bb][vc_column][vc_column_text el_class=\u00a0\u00bbwhite\u00a0\u00bb css=\u00a0\u00bb.vc_custom_1553637043783{margin-bottom: 0px !important;}\u00a0\u00bb]\n<h1 style=\"text-align: center;\">Trucs et Astuces<\/h1>\n[\/vc_column_text][\/vc_column][\/vc_row][vc_row el_class=\u00a0\u00bbrow-tips pv50&Prime;][vc_column width=\u00a0\u00bb1\/4&Prime;][\/vc_column][vc_column width=\u00a0\u00bb1\/2&Prime;][vc_column_text css=\u00a0\u00bb.vc_custom_1553637061345{margin-bottom: 0px !important;}\u00a0\u00bb]\n<p style=\"text-align: center;\">D\u00e9couvrez tous nos trucs et astuces !<\/p>\n<p style=\"text-align: center;\">Approfondissez votre savoir-faire sur l\u2019art de faire son vin \u00e0 la maison gr\u00e2ce \u00e0 nos conseils utiles et outils pratiques. C\u2019est le moment de partager de bons moments et de bons vins.<\/p>\n[\/vc_column_text][\/vc_column][vc_column width=\u00a0\u00bb1\/4&Prime;][\/vc_column][\/vc_row]\n<\/div>","protected":false},"excerpt":{"rendered":"<p>[vc_row fullwidth=\u00a0\u00bbtrue\u00a0\u00bb el_class=\u00a0\u00bbrow-top-tips pv250&Prime; css=\u00a0\u00bb.vc_custom_1549486623765{background-image: url(https:\/\/mostimondiale.com\/wp-content\/uploads\/2019\/02\/top-tips-and-tools.jpg?id=242) !important;background-position: center !important;background-repeat: no-repeat !important;background-size: cover !important;}\u00a0\u00bb][vc_column][vc_column_text el_class=\u00a0\u00bbwhite\u00a0\u00bb css=\u00a0\u00bb.vc_custom_1553637043783{margin-bottom: 0px !important;}\u00a0\u00bb] Trucs et Astuces [\/vc_column_text][\/vc_column][\/vc_row][vc_row el_class=\u00a0\u00bbrow-tips pv50&Prime;][vc_column width=\u00a0\u00bb1\/4&Prime;][\/vc_column][vc_column width=\u00a0\u00bb1\/2&Prime;][vc_column_text css=\u00a0\u00bb.vc_custom_1553637061345{margin-bottom: 0px !important;}\u00a0\u00bb] D\u00e9couvrez tous nos trucs et astuces ! Approfondissez votre savoir-faire sur l\u2019art de faire son vin \u00e0 la maison gr\u00e2ce \u00e0 nos conseils utiles et outils pratiques. [&hellip;]<\/p>\n","protected":false},"author":1,"featured_media":0,"parent":0,"menu_order":0,"comment_status":"closed","ping_status":"closed","template":"","meta":{"_acf_changed":false,"footnotes":""},"class_list":["post-840","page","type-page","status-publish","hentry"],"acf":[],"yoast_head":"<!-- This site is optimized with the Yoast SEO plugin v26.9 - https:\/\/yoast.com\/product\/yoast-seo-wordpress\/ -->\n<title>Mettez la Main sur nos Trucs et Astuces | Mosti Mondiale<\/title>\n<meta name=\"description\" content=\"Explorez et d\u00e9couvrez-en plus sur l\u2019art de faire son propre vin \u00e0 l\u2019aide de nos conseils et outils pratiques. Partagez de bons moments et de bons vins!\" \/>\n<meta name=\"robots\" content=\"index, follow, max-snippet:-1, max-image-preview:large, max-video-preview:-1\" \/>\n<link rel=\"canonical\" href=\"https:\/\/mostimondiale.com\/fr\/trucs-et-astuces\/\" \/>\n<meta property=\"og:locale\" content=\"fr_CA\" \/>\n<meta property=\"og:type\" content=\"article\" \/>\n<meta property=\"og:title\" content=\"Mettez la Main sur nos Trucs et Astuces | Mosti Mondiale\" \/>\n<meta property=\"og:description\" content=\"Explorez et d\u00e9couvrez-en plus sur l\u2019art de faire son propre vin \u00e0 l\u2019aide de nos conseils et outils pratiques. Partagez de bons moments et de bons vins!\" \/>\n<meta property=\"og:url\" content=\"https:\/\/mostimondiale.com\/fr\/trucs-et-astuces\/\" \/>\n<meta property=\"og:site_name\" content=\"Mosti Mondiale\" \/>\n<meta property=\"article:modified_time\" content=\"2019-04-30T21:14:07+00:00\" \/>\n<meta name=\"twitter:card\" content=\"summary_large_image\" \/>\n<meta name=\"twitter:label1\" content=\"Estimation du temps de lecture\" \/>\n\t<meta name=\"twitter:data1\" content=\"1 minute\" \/>\n<script type=\"application\/ld+json\" class=\"yoast-schema-graph\">{\"@context\":\"https:\/\/schema.org\",\"@graph\":[{\"@type\":\"WebPage\",\"@id\":\"https:\/\/mostimondiale.com\/fr\/trucs-et-astuces\/\",\"url\":\"https:\/\/mostimondiale.com\/fr\/trucs-et-astuces\/\",\"name\":\"Mettez la Main sur nos Trucs et Astuces | Mosti Mondiale\",\"isPartOf\":{\"@id\":\"https:\/\/mostimondiale.com\/#website\"},\"datePublished\":\"2019-03-26T21:51:19+00:00\",\"dateModified\":\"2019-04-30T21:14:07+00:00\",\"description\":\"Explorez et d\u00e9couvrez-en plus sur l\u2019art de faire son propre vin \u00e0 l\u2019aide de nos conseils et outils pratiques. Partagez de bons moments et de bons vins!\",\"breadcrumb\":{\"@id\":\"https:\/\/mostimondiale.com\/fr\/trucs-et-astuces\/#breadcrumb\"},\"inLanguage\":\"fr-CA\",\"potentialAction\":[{\"@type\":\"ReadAction\",\"target\":[\"https:\/\/mostimondiale.com\/fr\/trucs-et-astuces\/\"]}]},{\"@type\":\"BreadcrumbList\",\"@id\":\"https:\/\/mostimondiale.com\/fr\/trucs-et-astuces\/#breadcrumb\",\"itemListElement\":[{\"@type\":\"ListItem\",\"position\":1,\"name\":\"Accueil\",\"item\":\"https:\/\/mostimondiale.com\/fr\/\"},{\"@type\":\"ListItem\",\"position\":2,\"name\":\"Trucs et Astuces\"}]},{\"@type\":\"WebSite\",\"@id\":\"https:\/\/mostimondiale.com\/#website\",\"url\":\"https:\/\/mostimondiale.com\/\",\"name\":\"Mosti Mondiale\",\"description\":\"\",\"potentialAction\":[{\"@type\":\"SearchAction\",\"target\":{\"@type\":\"EntryPoint\",\"urlTemplate\":\"https:\/\/mostimondiale.com\/?s={search_term_string}\"},\"query-input\":{\"@type\":\"PropertyValueSpecification\",\"valueRequired\":true,\"valueName\":\"search_term_string\"}}],\"inLanguage\":\"fr-CA\"}]}<\/script>\n<!-- \/ Yoast SEO plugin. -->","yoast_head_json":{"title":"Mettez la Main sur nos Trucs et Astuces | Mosti Mondiale","description":"Explorez et d\u00e9couvrez-en plus sur l\u2019art de faire son propre vin \u00e0 l\u2019aide de nos conseils et outils pratiques. Partagez de bons moments et de bons vins!","robots":{"index":"index","follow":"follow","max-snippet":"max-snippet:-1","max-image-preview":"max-image-preview:large","max-video-preview":"max-video-preview:-1"},"canonical":"https:\/\/mostimondiale.com\/fr\/trucs-et-astuces\/","og_locale":"fr_CA","og_type":"article","og_title":"Mettez la Main sur nos Trucs et Astuces | Mosti Mondiale","og_description":"Explorez et d\u00e9couvrez-en plus sur l\u2019art de faire son propre vin \u00e0 l\u2019aide de nos conseils et outils pratiques. Partagez de bons moments et de bons vins!","og_url":"https:\/\/mostimondiale.com\/fr\/trucs-et-astuces\/","og_site_name":"Mosti Mondiale","article_modified_time":"2019-04-30T21:14:07+00:00","twitter_card":"summary_large_image","twitter_misc":{"Estimation du temps de lecture":"1 minute"},"schema":{"@context":"https:\/\/schema.org","@graph":[{"@type":"WebPage","@id":"https:\/\/mostimondiale.com\/fr\/trucs-et-astuces\/","url":"https:\/\/mostimondiale.com\/fr\/trucs-et-astuces\/","name":"Mettez la Main sur nos Trucs et Astuces | Mosti Mondiale","isPartOf":{"@id":"https:\/\/mostimondiale.com\/#website"},"datePublished":"2019-03-26T21:51:19+00:00","dateModified":"2019-04-30T21:14:07+00:00","description":"Explorez et d\u00e9couvrez-en plus sur l\u2019art de faire son propre vin \u00e0 l\u2019aide de nos conseils et outils pratiques. Partagez de bons moments et de bons vins!","breadcrumb":{"@id":"https:\/\/mostimondiale.com\/fr\/trucs-et-astuces\/#breadcrumb"},"inLanguage":"fr-CA","potentialAction":[{"@type":"ReadAction","target":["https:\/\/mostimondiale.com\/fr\/trucs-et-astuces\/"]}]},{"@type":"BreadcrumbList","@id":"https:\/\/mostimondiale.com\/fr\/trucs-et-astuces\/#breadcrumb","itemListElement":[{"@type":"ListItem","position":1,"name":"Accueil","item":"https:\/\/mostimondiale.com\/fr\/"},{"@type":"ListItem","position":2,"name":"Trucs et Astuces"}]},{"@type":"WebSite","@id":"https:\/\/mostimondiale.com\/#website","url":"https:\/\/mostimondiale.com\/","name":"Mosti Mondiale","description":"","potentialAction":[{"@type":"SearchAction","target":{"@type":"EntryPoint","urlTemplate":"https:\/\/mostimondiale.com\/?s={search_term_string}"},"query-input":{"@type":"PropertyValueSpecification","valueRequired":true,"valueName":"search_term_string"}}],"inLanguage":"fr-CA"}]}},"_links":{"self":[{"href":"https:\/\/mostimondiale.com\/fr\/wp-json\/wp\/v2\/pages\/840","targetHints":{"allow":["GET"]}}],"collection":[{"href":"https:\/\/mostimondiale.com\/fr\/wp-json\/wp\/v2\/pages"}],"about":[{"href":"https:\/\/mostimondiale.com\/fr\/wp-json\/wp\/v2\/types\/page"}],"author":[{"embeddable":true,"href":"https:\/\/mostimondiale.com\/fr\/wp-json\/wp\/v2\/users\/1"}],"replies":[{"embeddable":true,"href":"https:\/\/mostimondiale.com\/fr\/wp-json\/wp\/v2\/comments?post=840"}],"version-history":[{"count":1,"href":"https:\/\/mostimondiale.com\/fr\/wp-json\/wp\/v2\/pages\/840\/revisions"}],"predecessor-version":[{"id":841,"href":"https:\/\/mostimondiale.com\/fr\/wp-json\/wp\/v2\/pages\/840\/revisions\/841"}],"wp:attachment":[{"href":"https:\/\/mostimondiale.com\/fr\/wp-json\/wp\/v2\/media?parent=840"}],"curies":[{"name":"wp","href":"https:\/\/api.w.org\/{rel}","templated":true}]}}