{"id":838,"date":"2019-03-26T17:34:35","date_gmt":"2019-03-26T21:34:35","guid":{"rendered":"https:\/\/mostimondiale.com\/?page_id=838"},"modified":"2025-09-10T09:26:07","modified_gmt":"2025-09-10T13:26:07","slug":"trouver-un-detaillant","status":"publish","type":"page","link":"https:\/\/mostimondiale.com\/fr\/trouver-un-detaillant\/","title":{"rendered":"Trouver un d\u00e9taillant"},"content":{"rendered":"<div class=\"wpb-content-wrapper\">[vc_row fullwidth=\u00a0\u00bbtrue\u00a0\u00bb animation=\u00a0\u00bbfade-in\u00a0\u00bb css=\u00a0\u00bb.vc_custom_1551712933665{background-image: url(https:\/\/mostimondiale.com\/wp-content\/uploads\/2019\/02\/top-store-locator.jpg?id=308) !important;background-position: center !important;background-repeat: no-repeat !important;background-size: cover !important;}\u00a0\u00bb el_class=\u00a0\u00bbroe-top-store-locator pv250&Prime;][vc_column][vc_column_text el_class=\u00a0\u00bbwhite\u00a0\u00bb css=\u00a0\u00bb.vc_custom_1553635934980{margin-bottom: 0px !important;}\u00a0\u00bb]\n<h1 style=\"text-align: center;\">Trouver un d\u00e9taillant<\/h1>\n[\/vc_column_text][\/vc_column][\/vc_row][vc_row el_class=\u00a0\u00bbrow-store-locator pt50&Prime; id=\u00a0\u00bbcanada\u00a0\u00bb][vc_column width=\u00a0\u00bb1\/4&Prime;][\/vc_column][vc_column width=\u00a0\u00bb1\/2&Prime;][vc_column_text css=\u00a0\u00bb.vc_custom_1556819544545{margin-bottom: 0px !important;}\u00a0\u00bb]\n<h2 style=\"text-align: center;\">Pr\u00eat \u00e0 magasiner ?<\/h2>\n<p style=\"text-align: center;\">Trouvez un d\u00e9taillant Mosti Mondiale pr\u00e8s de chez vous.<\/p>\n<p style=\"text-align: center;\">Vous cherchez un produit sp\u00e9cifique? Assurez-vous de pr\u00e9alablement v\u00e9rifier la disponibilit\u00e9 en magasin en contactant votre d\u00e9taillant.<\/p>\n[\/vc_column_text][vc_column_text css=\u00a0\u00bb.vc_custom_1556819550969{margin-bottom: 0px !important;}\u00a0\u00bb]\n<h3><\/h3>\n<h3 style=\"text-align: center;\">Canada<\/h3>\n[\/vc_column_text][\/vc_column][vc_column width=\u00a0\u00bb1\/4&Prime;][\/vc_column][\/vc_row][vc_row el_class=\u00a0\u00bbstore-locator\u00a0\u00bb][vc_column][vc_raw_html]JTVCd3BzbCU1RA==[\/vc_raw_html][\/vc_column][\/vc_row][vc_row el_class=\u00a0\u00bbrow-store-locator pv50&Prime; id=\u00a0\u00bbusa\u00a0\u00bb][vc_column width=\u00a0\u00bb1\/4&Prime;][\/vc_column][vc_column width=\u00a0\u00bb1\/2&Prime;][vc_column_text css=\u00a0\u00bb.vc_custom_1757510764101{margin-bottom: 0px !important;}\u00a0\u00bb]\n<h3 style=\"text-align: center;\">\u00c9tats-Unis<\/h3>\n<p>Vous serez en mesure de trouver nos produits par l\u2019interm\u00e9diaire de :<\/p>\n<ul>\n<li>Musto Wine Grape Company, LLC : <a href=\"http:\/\/www.juicegrape.com\/\" target=\"_blank\" rel=\"noopener noreferrer\">Visiter le site web<\/a><\/li>\n<li>Stubby\u2019s Texas Brewing Inc. :\u00a0 <a href=\"https:\/\/www.txbrewing.com\/\">txbrewing.com<\/a><\/li>\n<li>Beer &amp; Wine Hobby : <a href=\"http:\/\/beer-wine.com\">beer-wine.com<\/a><\/li>\n<\/ul>\n[\/vc_column_text][\/vc_column][vc_column width=\u00a0\u00bb1\/4&Prime;][\/vc_column][\/vc_row][vc_row el_class=\u00a0\u00bbrow-store-locator pv50&Prime; id=\u00a0\u00bbinternational\u00a0\u00bb][vc_column width=\u00a0\u00bb1\/4&Prime;][\/vc_column][vc_column width=\u00a0\u00bb1\/2&Prime;][vc_column_text css=\u00a0\u00bb.vc_custom_1556658507842{margin-bottom: 0px !important;}\u00a0\u00bb]\n<h3 style=\"text-align: center;\">International<\/h3>\n<h4>Royaume-Uni<\/h4>\n<ul>\n<li>Spitting Feathers : 200 Tonge Moor Road, Bolton, Lancashire, BL2 2HN\u00a0\u00a0 UK : <a href=\"http:\/\/www.spitting-feathers-homebrew.co.uk\/\">Visiter le site web<\/a><\/li>\n<\/ul>\n[\/vc_column_text][\/vc_column][vc_column width=\u00a0\u00bb1\/4&Prime;][\/vc_column][\/vc_row][vc_row][vc_column][vc_separator][vc_column_text css=\u00a0\u00bb.vc_custom_1556819730207{margin-bottom: 0px !important;}\u00a0\u00bb]\u2192 <strong>D\u00e9taillants<\/strong>, si vous ne trouvez pas votre magasin ou si souhaitez l&rsquo;ajouter \u00e0 notre liste, ou si les informations affich\u00e9es sont incorrectes, veuillez nous contacter et nous apporterons les modifications n\u00e9cessaires. Nous vous remercions de votre compr\u00e9hension! \u2190[\/vc_column_text][\/vc_column][\/vc_row]\n<\/div>","protected":false},"excerpt":{"rendered":"<p>[vc_row fullwidth=\u00a0\u00bbtrue\u00a0\u00bb animation=\u00a0\u00bbfade-in\u00a0\u00bb css=\u00a0\u00bb.vc_custom_1551712933665{background-image: url(https:\/\/mostimondiale.com\/wp-content\/uploads\/2019\/02\/top-store-locator.jpg?id=308) !important;background-position: center !important;background-repeat: no-repeat !important;background-size: cover !important;}\u00a0\u00bb el_class=\u00a0\u00bbroe-top-store-locator pv250&Prime;][vc_column][vc_column_text el_class=\u00a0\u00bbwhite\u00a0\u00bb css=\u00a0\u00bb.vc_custom_1553635934980{margin-bottom: 0px !important;}\u00a0\u00bb] Trouver un d\u00e9taillant [\/vc_column_text][\/vc_column][\/vc_row][vc_row el_class=\u00a0\u00bbrow-store-locator pt50&Prime; id=\u00a0\u00bbcanada\u00a0\u00bb][vc_column width=\u00a0\u00bb1\/4&Prime;][\/vc_column][vc_column width=\u00a0\u00bb1\/2&Prime;][vc_column_text css=\u00a0\u00bb.vc_custom_1556819544545{margin-bottom: 0px !important;}\u00a0\u00bb] Pr\u00eat \u00e0 magasiner ? Trouvez un d\u00e9taillant Mosti Mondiale pr\u00e8s de chez vous. Vous cherchez un produit sp\u00e9cifique? Assurez-vous de pr\u00e9alablement v\u00e9rifier la disponibilit\u00e9 en [&hellip;]<\/p>\n","protected":false},"author":1,"featured_media":0,"parent":0,"menu_order":0,"comment_status":"closed","ping_status":"closed","template":"","meta":{"_acf_changed":false,"footnotes":""},"class_list":["post-838","page","type-page","status-publish","hentry"],"acf":[],"yoast_head":"<!-- This site is optimized with the Yoast SEO plugin v26.9 - https:\/\/yoast.com\/product\/yoast-seo-wordpress\/ -->\n<title>Localisateur de Magasin | Mosti Mondiale<\/title>\n<meta name=\"description\" content=\"Vous n&#039;\u00eates pas certain(e) o\u00f9 trouver nos produits? Notre localisateur de magasin vous aidera \u00e0 trouver un d\u00e9taillant Mosti Mondiale pr\u00e8s de chez vous.\" \/>\n<meta name=\"robots\" content=\"index, follow, max-snippet:-1, max-image-preview:large, max-video-preview:-1\" \/>\n<link rel=\"canonical\" href=\"https:\/\/mostimondiale.com\/fr\/trouver-un-detaillant\/\" \/>\n<meta property=\"og:locale\" content=\"fr_CA\" \/>\n<meta property=\"og:type\" content=\"article\" \/>\n<meta property=\"og:title\" content=\"Localisateur de Magasin | Mosti Mondiale\" \/>\n<meta property=\"og:description\" content=\"Vous n&#039;\u00eates pas certain(e) o\u00f9 trouver nos produits? Notre localisateur de magasin vous aidera \u00e0 trouver un d\u00e9taillant Mosti Mondiale pr\u00e8s de chez vous.\" \/>\n<meta property=\"og:url\" content=\"https:\/\/mostimondiale.com\/fr\/trouver-un-detaillant\/\" \/>\n<meta property=\"og:site_name\" content=\"Mosti Mondiale\" \/>\n<meta property=\"article:modified_time\" content=\"2025-09-10T13:26:07+00:00\" \/>\n<meta name=\"twitter:card\" content=\"summary_large_image\" \/>\n<meta name=\"twitter:label1\" content=\"Estimation du temps de lecture\" \/>\n\t<meta name=\"twitter:data1\" content=\"1 minute\" \/>\n<script type=\"application\/ld+json\" class=\"yoast-schema-graph\">{\"@context\":\"https:\/\/schema.org\",\"@graph\":[{\"@type\":\"WebPage\",\"@id\":\"https:\/\/mostimondiale.com\/fr\/trouver-un-detaillant\/\",\"url\":\"https:\/\/mostimondiale.com\/fr\/trouver-un-detaillant\/\",\"name\":\"Localisateur de Magasin | Mosti Mondiale\",\"isPartOf\":{\"@id\":\"https:\/\/mostimondiale.com\/#website\"},\"datePublished\":\"2019-03-26T21:34:35+00:00\",\"dateModified\":\"2025-09-10T13:26:07+00:00\",\"description\":\"Vous n'\u00eates pas certain(e) o\u00f9 trouver nos produits? Notre localisateur de magasin vous aidera \u00e0 trouver un d\u00e9taillant Mosti Mondiale pr\u00e8s de chez vous.\",\"breadcrumb\":{\"@id\":\"https:\/\/mostimondiale.com\/fr\/trouver-un-detaillant\/#breadcrumb\"},\"inLanguage\":\"fr-CA\",\"potentialAction\":[{\"@type\":\"ReadAction\",\"target\":[\"https:\/\/mostimondiale.com\/fr\/trouver-un-detaillant\/\"]}]},{\"@type\":\"BreadcrumbList\",\"@id\":\"https:\/\/mostimondiale.com\/fr\/trouver-un-detaillant\/#breadcrumb\",\"itemListElement\":[{\"@type\":\"ListItem\",\"position\":1,\"name\":\"Accueil\",\"item\":\"https:\/\/mostimondiale.com\/fr\/\"},{\"@type\":\"ListItem\",\"position\":2,\"name\":\"Trouver un d\u00e9taillant\"}]},{\"@type\":\"WebSite\",\"@id\":\"https:\/\/mostimondiale.com\/#website\",\"url\":\"https:\/\/mostimondiale.com\/\",\"name\":\"Mosti Mondiale\",\"description\":\"\",\"potentialAction\":[{\"@type\":\"SearchAction\",\"target\":{\"@type\":\"EntryPoint\",\"urlTemplate\":\"https:\/\/mostimondiale.com\/?s={search_term_string}\"},\"query-input\":{\"@type\":\"PropertyValueSpecification\",\"valueRequired\":true,\"valueName\":\"search_term_string\"}}],\"inLanguage\":\"fr-CA\"}]}<\/script>\n<!-- \/ Yoast SEO plugin. -->","yoast_head_json":{"title":"Localisateur de Magasin | Mosti Mondiale","description":"Vous n'\u00eates pas certain(e) o\u00f9 trouver nos produits? Notre localisateur de magasin vous aidera \u00e0 trouver un d\u00e9taillant Mosti Mondiale pr\u00e8s de chez vous.","robots":{"index":"index","follow":"follow","max-snippet":"max-snippet:-1","max-image-preview":"max-image-preview:large","max-video-preview":"max-video-preview:-1"},"canonical":"https:\/\/mostimondiale.com\/fr\/trouver-un-detaillant\/","og_locale":"fr_CA","og_type":"article","og_title":"Localisateur de Magasin | Mosti Mondiale","og_description":"Vous n'\u00eates pas certain(e) o\u00f9 trouver nos produits? Notre localisateur de magasin vous aidera \u00e0 trouver un d\u00e9taillant Mosti Mondiale pr\u00e8s de chez vous.","og_url":"https:\/\/mostimondiale.com\/fr\/trouver-un-detaillant\/","og_site_name":"Mosti Mondiale","article_modified_time":"2025-09-10T13:26:07+00:00","twitter_card":"summary_large_image","twitter_misc":{"Estimation du temps de lecture":"1 minute"},"schema":{"@context":"https:\/\/schema.org","@graph":[{"@type":"WebPage","@id":"https:\/\/mostimondiale.com\/fr\/trouver-un-detaillant\/","url":"https:\/\/mostimondiale.com\/fr\/trouver-un-detaillant\/","name":"Localisateur de Magasin | Mosti Mondiale","isPartOf":{"@id":"https:\/\/mostimondiale.com\/#website"},"datePublished":"2019-03-26T21:34:35+00:00","dateModified":"2025-09-10T13:26:07+00:00","description":"Vous n'\u00eates pas certain(e) o\u00f9 trouver nos produits? Notre localisateur de magasin vous aidera \u00e0 trouver un d\u00e9taillant Mosti Mondiale pr\u00e8s de chez vous.","breadcrumb":{"@id":"https:\/\/mostimondiale.com\/fr\/trouver-un-detaillant\/#breadcrumb"},"inLanguage":"fr-CA","potentialAction":[{"@type":"ReadAction","target":["https:\/\/mostimondiale.com\/fr\/trouver-un-detaillant\/"]}]},{"@type":"BreadcrumbList","@id":"https:\/\/mostimondiale.com\/fr\/trouver-un-detaillant\/#breadcrumb","itemListElement":[{"@type":"ListItem","position":1,"name":"Accueil","item":"https:\/\/mostimondiale.com\/fr\/"},{"@type":"ListItem","position":2,"name":"Trouver un d\u00e9taillant"}]},{"@type":"WebSite","@id":"https:\/\/mostimondiale.com\/#website","url":"https:\/\/mostimondiale.com\/","name":"Mosti Mondiale","description":"","potentialAction":[{"@type":"SearchAction","target":{"@type":"EntryPoint","urlTemplate":"https:\/\/mostimondiale.com\/?s={search_term_string}"},"query-input":{"@type":"PropertyValueSpecification","valueRequired":true,"valueName":"search_term_string"}}],"inLanguage":"fr-CA"}]}},"_links":{"self":[{"href":"https:\/\/mostimondiale.com\/fr\/wp-json\/wp\/v2\/pages\/838","targetHints":{"allow":["GET"]}}],"collection":[{"href":"https:\/\/mostimondiale.com\/fr\/wp-json\/wp\/v2\/pages"}],"about":[{"href":"https:\/\/mostimondiale.com\/fr\/wp-json\/wp\/v2\/types\/page"}],"author":[{"embeddable":true,"href":"https:\/\/mostimondiale.com\/fr\/wp-json\/wp\/v2\/users\/1"}],"replies":[{"embeddable":true,"href":"https:\/\/mostimondiale.com\/fr\/wp-json\/wp\/v2\/comments?post=838"}],"version-history":[{"count":11,"href":"https:\/\/mostimondiale.com\/fr\/wp-json\/wp\/v2\/pages\/838\/revisions"}],"predecessor-version":[{"id":5311,"href":"https:\/\/mostimondiale.com\/fr\/wp-json\/wp\/v2\/pages\/838\/revisions\/5311"}],"wp:attachment":[{"href":"https:\/\/mostimondiale.com\/fr\/wp-json\/wp\/v2\/media?parent=838"}],"curies":[{"name":"wp","href":"https:\/\/api.w.org\/{rel}","templated":true}]}}