{"id":830,"date":"2019-03-26T17:11:06","date_gmt":"2019-03-26T21:11:06","guid":{"rendered":"https:\/\/mostimondiale.com\/?page_id=830"},"modified":"2025-09-23T12:06:20","modified_gmt":"2025-09-23T16:06:20","slug":"100-mout-de-raisin","status":"publish","type":"page","link":"https:\/\/mostimondiale.com\/fr\/100-mout-de-raisin\/","title":{"rendered":"100% Mo\u00fbt de Raisin"},"content":{"rendered":"<div class=\"wpb-content-wrapper\">[vc_row fullwidth=\u00a0\u00bbtrue\u00a0\u00bb el_class=\u00a0\u00bbtop-row-100-must pv50&Prime; css=\u00a0\u00bb.vc_custom_1549641762752{background-image: url(https:\/\/mostimondiale.com\/wp-content\/uploads\/2019\/02\/top-100-pourcent.jpg?id=404) !important;background-position: center !important;background-repeat: no-repeat !important;background-size: cover !important;}\u00a0\u00bb][vc_column][vc_row_inner is_fullwidth_content=\u00a0\u00bbfalse\u00a0\u00bb el_class=\u00a0\u00bbrow-inner-100-must\u00a0\u00bb][vc_column_inner width=\u00a0\u00bb1\/4&Prime;][\/vc_column_inner][vc_column_inner width=\u00a0\u00bb1\/2&Prime;][mk_image src=\u00a0\u00bbhttps:\/\/mostimondiale.com\/wp-content\/uploads\/2019\/02\/grape.png\u00a0\u00bb image_size=\u00a0\u00bbfull\u00a0\u00bb align=\u00a0\u00bbcenter\u00a0\u00bb][vc_column_text css=\u00a0\u00bb.vc_custom_1556636903101{margin-bottom: 0px !important;}\u00a0\u00bb]\n<h1 style=\"text-align: center;\">100% Mo\u00fbt de Raisin<\/h1>\n[\/vc_column_text][vc_column_text el_class=\u00a0\u00bbgold-bar\u00a0\u00bb css=\u00a0\u00bb.vc_custom_1556636949604{margin-bottom: 0px !important;}\u00a0\u00bb]\n<p style=\"text-align: center;\"><strong>FAIT UNIQUEMENT \u00c0 PARTIR DE NOTRE MO\u00dbT DE RAISIN FRAIS AYANT \u00c9T\u00c9 PASTEURIS\u00c9, IL PERMET DE PRODUIRE DES VINS D&rsquo;UNE STRUCTURE ET D&rsquo;UNE INT\u00c9GRIT\u00c9 INCOMPARABLES.<\/strong><\/p>\n[\/vc_column_text][vc_column_text disable_pattern=\u00a0\u00bbfalse\u00a0\u00bb css=\u00a0\u00bb.vc_custom_1558106620512{margin-bottom: 0px !important;}\u00a0\u00bb]\n<p style=\"text-align: center;\">Notre gamme de produits 100% Mo\u00fbt de Raisin a \u00e9t\u00e9 \u00e9labor\u00e9e en pasteurisant nos produits Mo\u00fbt de Raisin Frais, ce qui permet d\u2019obtenir un produit de vinification de plus longue conservation et disponible tout au long de l\u2019ann\u00e9e. Le principal avantage est qu\u2019aucune eau n\u2019a \u00e9t\u00e9 \u00e9limin\u00e9e et par cons\u00e9quent, aucune eau n\u2019a besoin d\u2019\u00eatre ajout\u00e9e au produit.<\/p>\n<p style=\"text-align: center;\">Les produits de vinification de cat\u00e9gorie 100% Mo\u00fbt de Raisin vous offrent la garantie de produire un vin d\u2019une qualit\u00e9 qui se voit \u00eatre in\u00e9gal\u00e9e par celle des produits faits de concentr\u00e9. Vous devez simplement \u00eatre un peu plus patient, et laisser votre vin vieillir un peu plus longtemps en bouteille afin de permettre aux caract\u00e9ristiques et aux ar\u00f4mes d\u2019atteindre leur plein potentiel.<\/p>\n[\/vc_column_text][vc_column_text el_class=\u00a0\u00bbpurple dl-icon bold\u00a0\u00bb css=\u00a0\u00bb.vc_custom_1553634912124{margin-bottom: 0px !important;}\u00a0\u00bb]\n<p style=\"text-align: center;\"><a href=\"\/wp-content\/uploads\/2019\/03\/instructions-100-franais.pdf\" target=\"_blank\" rel=\"noopener noreferrer\">T\u00c9L\u00c9CHARGER LES INSTRUCTIONS<\/a><\/p>\n[\/vc_column_text][\/vc_column_inner][vc_column_inner width=\u00a0\u00bb1\/4&Prime;][\/vc_column_inner][\/vc_row_inner][vc_empty_space height=\u00a0\u00bb75px\u00a0\u00bb el_class=\u00a0\u00bbempty-space-tab\u00a0\u00bb][\/vc_column][\/vc_row][vc_row el_class=\u00a0\u00bbrow-tab\u00a0\u00bb][vc_column][vc_tabs responsive=\u00a0\u00bbfalse\u00a0\u00bb container_bg_color=\u00a0\u00bb#ffffff\u00a0\u00bb el_class=\u00a0\u00bbtab-collection\u00a0\u00bb][vc_tab title=\u00a0\u00bbMEGLIOLI \u00c9DITION LIMIT\u00c9E\u00a0\u00bb tab_id=\u00a0\u00bb1549641872-1-63&Prime;][vc_row_inner is_fullwidth_content=\u00a0\u00bbfalse\u00a0\u00bb el_class=\u00a0\u00bbrow-inner-tab\u00a0\u00bb][vc_column_inner width=\u00a0\u00bb1\/2&Prime;][mk_image src=\u00a0\u00bbhttps:\/\/mostimondiale.com\/wp-content\/uploads\/2019\/04\/meglioli-360&#215;360-fr-1.png\u00a0\u00bb image_size=\u00a0\u00bbfull\u00a0\u00bb align=\u00a0\u00bbcenter\u00a0\u00bb][mk_image src=\u00a0\u00bbhttps:\/\/mostimondiale.com\/wp-content\/uploads\/2019\/05\/pf-meglioli-fr-2.png\u00a0\u00bb image_size=\u00a0\u00bbfull\u00a0\u00bb align=\u00a0\u00bbcenter\u00a0\u00bb][\/vc_column_inner][vc_column_inner el_class=\u00a0\u00bbpt50 col-tab-right\u00a0\u00bb width=\u00a0\u00bb1\/2&Prime;][vc_column_text css=\u00a0\u00bb.vc_custom_1556893273160{margin-bottom: 0px !important;}\u00a0\u00bb]\n<h2>Meglioli \u00c9dition Limit\u00e9e<\/h2>\n[\/vc_column_text][vc_column_text el_class=\u00a0\u00bbgold gold-bar-left\u00a0\u00bb css=\u00a0\u00bb.vc_custom_1553805315511{margin-bottom: 0px !important;}\u00a0\u00bb]<strong>RIEN DE MOINS QUE LE MEILLEUR !<\/strong>[\/vc_column_text][vc_column_text css=\u00a0\u00bb.vc_custom_1580407871239{margin-bottom: 0px !important;}\u00a0\u00bb]<strong>Chaque Meglioli \u00c9dition Limit\u00e9e est soigneusement s\u00e9lectionn\u00e9 afin de produire un vin d\u2019une grande complexit\u00e9 et d\u2019une structure in\u00e9gal\u00e9e.<\/strong><\/p>\n<p>MOSTI MONDIALE est fier d\u2019offrir aux passionn\u00e9s de vinification la possibilit\u00e9 de produite des vins de qualit\u00e9 somptueux et complexes. Le MEGLIOLI \u00c9DITION LIMIT\u00c9E vous offre 23 L de mo\u00fbt de raisin soigneusement emball\u00e9 afin d\u2019en garantir l\u2019int\u00e9grit\u00e9 et le caract\u00e8re. Une fois vieilli et pr\u00eat \u00e0 servir, profitez des couleurs vives et des bouquets aromatiques des terroirs les plus riches du monde.<\/p>\n<p>\u00c0 l\u2019achat d\u2019un MEGLIOLI \u00c9DITION LIMIT\u00c9E, vous obtiendrez un ensemble exclusif contenant des bouchons haut de gamme, des \u00e9tiquettes autocollantes ainsi que des capsules thermo-r\u00e9tr\u00e9cissantes afin de vous assurer que vos vins vieillissent bien tout en gardant leur esth\u00e9tisme ![\/vc_column_text][mk_button dimension=\u00a0\u00bbdouble-outline\u00a0\u00bb size=\u00a0\u00bbmedium\u00a0\u00bb url=\u00a0\u00bb\/fr\/produits\/?product_cat=meglioli-fr\u00a0\u00bb outline_skin=\u00a0\u00bbcustom\u00a0\u00bb outline_active_color=\u00a0\u00bb#b2a0b7&Prime; outline_active_text_color=\u00a0\u00bb#ffffff\u00a0\u00bb outline_hover_bg_color=\u00a0\u00bb#ffffff\u00a0\u00bb outline_hover_color=\u00a0\u00bb#b2a0b7&Prime;]CHOISISSEZ VOTRE C\u00c9PAGE[\/mk_button][\/vc_column_inner][\/vc_row_inner][\/vc_tab][vc_tab title=\u00a0\u00bbORIGINAL ALLJUICE\u00a0\u00bb tab_id=\u00a0\u00bb1549928601379-5-8&Prime;][vc_row_inner is_fullwidth_content=\u00a0\u00bbfalse\u00a0\u00bb el_class=\u00a0\u00bbrow-inner-tab\u00a0\u00bb][vc_column_inner width=\u00a0\u00bb1\/2&Prime;][mk_image src=\u00a0\u00bbhttps:\/\/mostimondiale.com\/wp-content\/uploads\/2019\/04\/oa-360&#215;360-fr-1.png\u00a0\u00bb image_size=\u00a0\u00bbfull\u00a0\u00bb align=\u00a0\u00bbcenter\u00a0\u00bb][mk_image src=\u00a0\u00bbhttps:\/\/mostimondiale.com\/wp-content\/uploads\/2019\/05\/pf-alljuice-fr-1.png\u00a0\u00bb image_size=\u00a0\u00bbfull\u00a0\u00bb align=\u00a0\u00bbcenter\u00a0\u00bb][\/vc_column_inner][vc_column_inner el_class=\u00a0\u00bbpt50&Prime; width=\u00a0\u00bb1\/2&Prime;][vc_column_text css=\u00a0\u00bb.vc_custom_1580408244932{margin-bottom: 0px !important;}\u00a0\u00bb]\n<h2>l&rsquo;Original Alljuice<\/h2>\n[\/vc_column_text][vc_column_text el_class=\u00a0\u00bbgold gold-bar-left\u00a0\u00bb css=\u00a0\u00bb.vc_custom_1553809237885{margin-bottom: 0px !important;}\u00a0\u00bb]<strong>IL NE PEUT Y AVOIR QU\u2019UN SEUL ORIGINAL !<\/strong>[\/vc_column_text][vc_column_text css=\u00a0\u00bb.vc_custom_1638978663758{margin-bottom: 0px !important;}\u00a0\u00bb]<strong>L&rsquo;Original AllJuice deviendra instantan\u00e9ment l&rsquo;un des meilleurs ajouts \u00e0 votre cellier.<\/strong><\/p>\n<p>Les vignerons exp\u00e9riment\u00e9s qui souhaitent compl\u00e9ter leurs comp\u00e9tences et leur patience seront r\u00e9compens\u00e9s avec l\u2019un de nos produits de vinification de plus longue conservation embl\u00e9matiques. Explorez les possibilit\u00e9s avec des c\u00e9pages de qualit\u00e9 sup\u00e9rieure 100 % mo\u00fbt de raisin provenant des meilleures r\u00e9gions du monde.[\/vc_column_text][mk_button dimension=\u00a0\u00bbdouble-outline\u00a0\u00bb size=\u00a0\u00bbmedium\u00a0\u00bb url=\u00a0\u00bb\/fr\/produits\/?product_cat=original-alljuice-fr\u00a0\u00bb outline_skin=\u00a0\u00bbcustom\u00a0\u00bb outline_active_color=\u00a0\u00bb#b2a0b7&Prime; outline_active_text_color=\u00a0\u00bb#ffffff\u00a0\u00bb outline_hover_bg_color=\u00a0\u00bb#ffffff\u00a0\u00bb outline_hover_color=\u00a0\u00bb#b2a0b7&Prime;]CHOISISSEZ VOTRE C\u00c9PAGE[\/mk_button][\/vc_column_inner][\/vc_row_inner][\/vc_tab][vc_tab title=\u00a0\u00bbLA BODEGA\u00a0\u00bb tab_id=\u00a0\u00bb1549928602414-6-4&Prime;][vc_row_inner is_fullwidth_content=\u00a0\u00bbfalse\u00a0\u00bb el_class=\u00a0\u00bbrow-inner-tab\u00a0\u00bb][vc_column_inner width=\u00a0\u00bb1\/2&Prime;][mk_image src=\u00a0\u00bbhttps:\/\/mostimondiale.com\/wp-content\/uploads\/2019\/04\/labodega-360&#215;360-fr-1.png\u00a0\u00bb image_size=\u00a0\u00bbfull\u00a0\u00bb align=\u00a0\u00bbcenter\u00a0\u00bb][mk_image src=\u00a0\u00bbhttps:\/\/mostimondiale.com\/wp-content\/uploads\/2021\/02\/pf-labodega-fr.png\u00a0\u00bb image_size=\u00a0\u00bbfull\u00a0\u00bb align=\u00a0\u00bbcenter\u00a0\u00bb][\/vc_column_inner][vc_column_inner el_class=\u00a0\u00bbpt50&Prime; width=\u00a0\u00bb1\/2&Prime;][vc_column_text css=\u00a0\u00bb.vc_custom_1549929507271{margin-bottom: 0px !important;}\u00a0\u00bb]\n<h2>La Bodega<\/h2>\n[\/vc_column_text][vc_column_text el_class=\u00a0\u00bbgold gold-bar-left\u00a0\u00bb css=\u00a0\u00bb.vc_custom_1553809627663{margin-bottom: 0px !important;}\u00a0\u00bb]<strong>SURPASSERA TOUTES VOS ATTENTES !<\/strong>[\/vc_column_text][vc_column_text css=\u00a0\u00bb.vc_custom_1580408616383{margin-bottom: 0px !important;}\u00a0\u00bb]<strong>Notre \u00e9quipe n&rsquo;a pas l\u00e9sin\u00e9 sur les moyens et chaque ingr\u00e9dient utilis\u00e9 a \u00e9t\u00e9 laborieusement s\u00e9lectionn\u00e9 pour renforcer votre exp\u00e9rience.<\/strong><\/p>\n<p>Ce vin de type porto impressionnera m\u00eame les plus grands connaisseurs. Il vous suffira de go\u00fbter une seule fois \u00e0 LA BODEGA afin d\u00e9couvrir sa complexit\u00e9 multidimensionnelle et discerner ses saveurs de cerises noires bien m\u00fbres ainsi que ses touches de chocolat et de caf\u00e9 noir bien torr\u00e9fi\u00e9.[\/vc_column_text][mk_button dimension=\u00a0\u00bbdouble-outline\u00a0\u00bb size=\u00a0\u00bbmedium\u00a0\u00bb url=\u00a0\u00bb\/fr\/produits\/?product_cat=meglioli-fr\u00a0\u00bb outline_skin=\u00a0\u00bbcustom\u00a0\u00bb outline_active_color=\u00a0\u00bb#b2a0b7&Prime; outline_active_text_color=\u00a0\u00bb#ffffff\u00a0\u00bb outline_hover_bg_color=\u00a0\u00bb#ffffff\u00a0\u00bb outline_hover_color=\u00a0\u00bb#b2a0b7&Prime;]CHOISISSEZ VOTRE C\u00c9PAGE[\/mk_button][\/vc_column_inner][\/vc_row_inner][\/vc_tab][\/vc_tabs][\/vc_column][\/vc_row]\n<\/div>","protected":false},"excerpt":{"rendered":"<p>[vc_row fullwidth=\u00a0\u00bbtrue\u00a0\u00bb el_class=\u00a0\u00bbtop-row-100-must pv50&Prime; css=\u00a0\u00bb.vc_custom_1549641762752{background-image: url(https:\/\/mostimondiale.com\/wp-content\/uploads\/2019\/02\/top-100-pourcent.jpg?id=404) !important;background-position: center !important;background-repeat: no-repeat !important;background-size: cover !important;}\u00a0\u00bb][vc_column][vc_row_inner is_fullwidth_content=\u00a0\u00bbfalse\u00a0\u00bb el_class=\u00a0\u00bbrow-inner-100-must\u00a0\u00bb][vc_column_inner width=\u00a0\u00bb1\/4&Prime;][\/vc_column_inner][vc_column_inner width=\u00a0\u00bb1\/2&Prime;][mk_image src=\u00a0\u00bbhttps:\/\/mostimondiale.com\/wp-content\/uploads\/2019\/02\/grape.png\u00a0\u00bb image_size=\u00a0\u00bbfull\u00a0\u00bb align=\u00a0\u00bbcenter\u00a0\u00bb][vc_column_text css=\u00a0\u00bb.vc_custom_1556636903101{margin-bottom: 0px !important;}\u00a0\u00bb] 100% Mo\u00fbt de Raisin [\/vc_column_text][vc_column_text el_class=\u00a0\u00bbgold-bar\u00a0\u00bb css=\u00a0\u00bb.vc_custom_1556636949604{margin-bottom: 0px !important;}\u00a0\u00bb] FAIT UNIQUEMENT \u00c0 PARTIR DE NOTRE MO\u00dbT DE RAISIN FRAIS AYANT \u00c9T\u00c9 PASTEURIS\u00c9, IL PERMET DE PRODUIRE DES VINS D&rsquo;UNE STRUCTURE ET D&rsquo;UNE [&hellip;]<\/p>\n","protected":false},"author":1,"featured_media":0,"parent":0,"menu_order":0,"comment_status":"closed","ping_status":"closed","template":"","meta":{"_acf_changed":false,"footnotes":""},"class_list":["post-830","page","type-page","status-publish","hentry"],"acf":[],"yoast_head":"<!-- This site is optimized with the Yoast SEO plugin v26.9 - https:\/\/yoast.com\/product\/yoast-seo-wordpress\/ -->\n<title>100% Mo\u00fbt de Raisin \u2022 Cat\u00e9gorie de Vinification | Mosti Mondiale<\/title>\n<meta name=\"description\" content=\"Fait uniquement \u00e0 partir de notre mo\u00fbt de raisin frais ayant \u00e9t\u00e9 pasteuris\u00e9. Vous offre un produit stable, sans concentr\u00e9 ni eau \u00e0 ajouter.\" \/>\n<meta name=\"robots\" content=\"index, follow, max-snippet:-1, max-image-preview:large, max-video-preview:-1\" \/>\n<link rel=\"canonical\" href=\"https:\/\/mostimondiale.com\/fr\/100-mout-de-raisin\/\" \/>\n<meta property=\"og:locale\" content=\"fr_CA\" \/>\n<meta property=\"og:type\" content=\"article\" \/>\n<meta property=\"og:title\" content=\"100% Mo\u00fbt de Raisin \u2022 Cat\u00e9gorie de Vinification | Mosti Mondiale\" \/>\n<meta property=\"og:description\" content=\"Fait uniquement \u00e0 partir de notre mo\u00fbt de raisin frais ayant \u00e9t\u00e9 pasteuris\u00e9. Vous offre un produit stable, sans concentr\u00e9 ni eau \u00e0 ajouter.\" \/>\n<meta property=\"og:url\" content=\"https:\/\/mostimondiale.com\/fr\/100-mout-de-raisin\/\" \/>\n<meta property=\"og:site_name\" content=\"Mosti Mondiale\" \/>\n<meta property=\"article:modified_time\" content=\"2025-09-23T16:06:20+00:00\" \/>\n<meta name=\"twitter:card\" content=\"summary_large_image\" \/>\n<meta name=\"twitter:label1\" content=\"Estimation du temps de lecture\" \/>\n\t<meta name=\"twitter:data1\" content=\"3 minutes\" \/>\n<script type=\"application\/ld+json\" class=\"yoast-schema-graph\">{\"@context\":\"https:\/\/schema.org\",\"@graph\":[{\"@type\":\"WebPage\",\"@id\":\"https:\/\/mostimondiale.com\/fr\/100-mout-de-raisin\/\",\"url\":\"https:\/\/mostimondiale.com\/fr\/100-mout-de-raisin\/\",\"name\":\"100% Mo\u00fbt de Raisin \u2022 Cat\u00e9gorie de Vinification | Mosti Mondiale\",\"isPartOf\":{\"@id\":\"https:\/\/mostimondiale.com\/#website\"},\"datePublished\":\"2019-03-26T21:11:06+00:00\",\"dateModified\":\"2025-09-23T16:06:20+00:00\",\"description\":\"Fait uniquement \u00e0 partir de notre mo\u00fbt de raisin frais ayant \u00e9t\u00e9 pasteuris\u00e9. Vous offre un produit stable, sans concentr\u00e9 ni eau \u00e0 ajouter.\",\"breadcrumb\":{\"@id\":\"https:\/\/mostimondiale.com\/fr\/100-mout-de-raisin\/#breadcrumb\"},\"inLanguage\":\"fr-CA\",\"potentialAction\":[{\"@type\":\"ReadAction\",\"target\":[\"https:\/\/mostimondiale.com\/fr\/100-mout-de-raisin\/\"]}]},{\"@type\":\"BreadcrumbList\",\"@id\":\"https:\/\/mostimondiale.com\/fr\/100-mout-de-raisin\/#breadcrumb\",\"itemListElement\":[{\"@type\":\"ListItem\",\"position\":1,\"name\":\"Accueil\",\"item\":\"https:\/\/mostimondiale.com\/fr\/\"},{\"@type\":\"ListItem\",\"position\":2,\"name\":\"100% Mo\u00fbt de Raisin\"}]},{\"@type\":\"WebSite\",\"@id\":\"https:\/\/mostimondiale.com\/#website\",\"url\":\"https:\/\/mostimondiale.com\/\",\"name\":\"Mosti Mondiale\",\"description\":\"\",\"potentialAction\":[{\"@type\":\"SearchAction\",\"target\":{\"@type\":\"EntryPoint\",\"urlTemplate\":\"https:\/\/mostimondiale.com\/?s={search_term_string}\"},\"query-input\":{\"@type\":\"PropertyValueSpecification\",\"valueRequired\":true,\"valueName\":\"search_term_string\"}}],\"inLanguage\":\"fr-CA\"}]}<\/script>\n<!-- \/ Yoast SEO plugin. -->","yoast_head_json":{"title":"100% Mo\u00fbt de Raisin \u2022 Cat\u00e9gorie de Vinification | Mosti Mondiale","description":"Fait uniquement \u00e0 partir de notre mo\u00fbt de raisin frais ayant \u00e9t\u00e9 pasteuris\u00e9. Vous offre un produit stable, sans concentr\u00e9 ni eau \u00e0 ajouter.","robots":{"index":"index","follow":"follow","max-snippet":"max-snippet:-1","max-image-preview":"max-image-preview:large","max-video-preview":"max-video-preview:-1"},"canonical":"https:\/\/mostimondiale.com\/fr\/100-mout-de-raisin\/","og_locale":"fr_CA","og_type":"article","og_title":"100% Mo\u00fbt de Raisin \u2022 Cat\u00e9gorie de Vinification | Mosti Mondiale","og_description":"Fait uniquement \u00e0 partir de notre mo\u00fbt de raisin frais ayant \u00e9t\u00e9 pasteuris\u00e9. Vous offre un produit stable, sans concentr\u00e9 ni eau \u00e0 ajouter.","og_url":"https:\/\/mostimondiale.com\/fr\/100-mout-de-raisin\/","og_site_name":"Mosti Mondiale","article_modified_time":"2025-09-23T16:06:20+00:00","twitter_card":"summary_large_image","twitter_misc":{"Estimation du temps de lecture":"3 minutes"},"schema":{"@context":"https:\/\/schema.org","@graph":[{"@type":"WebPage","@id":"https:\/\/mostimondiale.com\/fr\/100-mout-de-raisin\/","url":"https:\/\/mostimondiale.com\/fr\/100-mout-de-raisin\/","name":"100% Mo\u00fbt de Raisin \u2022 Cat\u00e9gorie de Vinification | Mosti Mondiale","isPartOf":{"@id":"https:\/\/mostimondiale.com\/#website"},"datePublished":"2019-03-26T21:11:06+00:00","dateModified":"2025-09-23T16:06:20+00:00","description":"Fait uniquement \u00e0 partir de notre mo\u00fbt de raisin frais ayant \u00e9t\u00e9 pasteuris\u00e9. Vous offre un produit stable, sans concentr\u00e9 ni eau \u00e0 ajouter.","breadcrumb":{"@id":"https:\/\/mostimondiale.com\/fr\/100-mout-de-raisin\/#breadcrumb"},"inLanguage":"fr-CA","potentialAction":[{"@type":"ReadAction","target":["https:\/\/mostimondiale.com\/fr\/100-mout-de-raisin\/"]}]},{"@type":"BreadcrumbList","@id":"https:\/\/mostimondiale.com\/fr\/100-mout-de-raisin\/#breadcrumb","itemListElement":[{"@type":"ListItem","position":1,"name":"Accueil","item":"https:\/\/mostimondiale.com\/fr\/"},{"@type":"ListItem","position":2,"name":"100% Mo\u00fbt de Raisin"}]},{"@type":"WebSite","@id":"https:\/\/mostimondiale.com\/#website","url":"https:\/\/mostimondiale.com\/","name":"Mosti Mondiale","description":"","potentialAction":[{"@type":"SearchAction","target":{"@type":"EntryPoint","urlTemplate":"https:\/\/mostimondiale.com\/?s={search_term_string}"},"query-input":{"@type":"PropertyValueSpecification","valueRequired":true,"valueName":"search_term_string"}}],"inLanguage":"fr-CA"}]}},"_links":{"self":[{"href":"https:\/\/mostimondiale.com\/fr\/wp-json\/wp\/v2\/pages\/830","targetHints":{"allow":["GET"]}}],"collection":[{"href":"https:\/\/mostimondiale.com\/fr\/wp-json\/wp\/v2\/pages"}],"about":[{"href":"https:\/\/mostimondiale.com\/fr\/wp-json\/wp\/v2\/types\/page"}],"author":[{"embeddable":true,"href":"https:\/\/mostimondiale.com\/fr\/wp-json\/wp\/v2\/users\/1"}],"replies":[{"embeddable":true,"href":"https:\/\/mostimondiale.com\/fr\/wp-json\/wp\/v2\/comments?post=830"}],"version-history":[{"count":29,"href":"https:\/\/mostimondiale.com\/fr\/wp-json\/wp\/v2\/pages\/830\/revisions"}],"predecessor-version":[{"id":5321,"href":"https:\/\/mostimondiale.com\/fr\/wp-json\/wp\/v2\/pages\/830\/revisions\/5321"}],"wp:attachment":[{"href":"https:\/\/mostimondiale.com\/fr\/wp-json\/wp\/v2\/media?parent=830"}],"curies":[{"name":"wp","href":"https:\/\/api.w.org\/{rel}","templated":true}]}}