{"id":817,"date":"2019-03-26T16:42:24","date_gmt":"2019-03-26T20:42:24","guid":{"rendered":"https:\/\/mostimondiale.com\/?page_id=817"},"modified":"2022-08-26T14:40:03","modified_gmt":"2022-08-26T18:40:03","slug":"mout-de-raisin-frais","status":"publish","type":"page","link":"https:\/\/mostimondiale.com\/fr\/mout-de-raisin-frais\/","title":{"rendered":"Mo\u00fbt de Raisin Frais"},"content":{"rendered":"<div class=\"wpb-content-wrapper\">[vc_row fullwidth=\u00a0\u00bbtrue\u00a0\u00bb el_class=\u00a0\u00bbtop-row-must top-row-fresh-must pv50&Prime; css=\u00a0\u00bb.vc_custom_1550266671110{background-image: url(https:\/\/mostimondiale.com\/wp-content\/uploads\/2019\/02\/top-100-pourcent.jpg?id=404) !important;background-position: center !important;background-repeat: no-repeat !important;background-size: cover !important;}\u00a0\u00bb][vc_column][vc_row_inner is_fullwidth_content=\u00a0\u00bbfalse\u00a0\u00bb el_class=\u00a0\u00bbrow-inner-fresh-must\u00a0\u00bb][vc_column_inner width=\u00a0\u00bb1\/4&Prime;][\/vc_column_inner][vc_column_inner width=\u00a0\u00bb1\/2&Prime;][mk_image src=\u00a0\u00bbhttps:\/\/mostimondiale.com\/wp-content\/uploads\/2019\/02\/grape.png\u00a0\u00bb image_size=\u00a0\u00bbfull\u00a0\u00bb align=\u00a0\u00bbcenter\u00a0\u00bb][vc_column_text css=\u00a0\u00bb.vc_custom_1556632737362{margin-bottom: 0px !important;}\u00a0\u00bb]\n<h1 style=\"text-align: center;\">Mo\u00fbt de Raisin Frais<\/h1>\n[\/vc_column_text][vc_column_text el_class=\u00a0\u00bbgold-bar\u00a0\u00bb css=\u00a0\u00bb.vc_custom_1580405240932{margin-bottom: 0px !important;}\u00a0\u00bb]\n<p style=\"text-align: center;\"><strong>LE MO\u00dbT FRAIS EST ESSENTIELLEMENT LE JUS EXTRAIT DES RAISINS DE CUVE, AVANT TOUT PROCESSUS MAJEUR TEL QUEL LA CONCENTRATION. CECI PERMET DE RETENIR LES PRINCIPALES QUALIT\u00c9S ET CARACT\u00c9RISTIQUES D\u2019UN C\u00c9PAGE ET DE LES TRANSF\u00c9RER AU VIN<\/strong><\/p>\n[\/vc_column_text][vc_column_text disable_pattern=\u00a0\u00bbfalse\u00a0\u00bb css=\u00a0\u00bb.vc_custom_1580405345111{margin-bottom: 0px !important;}\u00a0\u00bb]\n<p style=\"text-align: center;\">Les diff\u00e9rents c\u00e9pages issus de notre mo\u00fbt frais ont \u00e9t\u00e9 soigneusement pr\u00e9par\u00e9s par notre \u00e9quipe d&rsquo;experts ici, chez MOSTI MONDIALE, afin d\u2019assurer une fermentation optimale et de garantir la qualit\u00e9 du produit final.<\/p>\n<p style=\"text-align: center;\">Notre Mo\u00fbt de Raisin Frais ne contient aucun concentr\u00e9. Ceci permet donc au c\u00e9page de conserver l&rsquo;ensemble de ses propri\u00e9t\u00e9s organoleptiques. Il en r\u00e9sulte donc en un vin ayant des ar\u00f4mes plus complexes ainsi qu&rsquo;un go\u00fbt en bouche beaucoup plus riche. \u00c9galement, le mo\u00fbt frais poss\u00e8de un plus grand potentiel de vieillissement que les produits faits de concentr\u00e9. Une fois embouteill\u00e9, le vin peut \u00eatre pr\u00eat \u00e0 boire en aussi peu que quelques semaines (entre 6 et 8 tout d\u00e9pendant du c\u00e9page), mais nous sugg\u00e9rons fortement de le laisser vieillir pendant quelques mois ou m\u00eame ann\u00e9es afin d&rsquo;en r\u00e9v\u00e9ler le plein potentiel !<\/p>\n[\/vc_column_text][vc_column_text el_class=\u00a0\u00bbpurple dl-icon bold\u00a0\u00bb css=\u00a0\u00bb.vc_custom_1553632861576{margin-bottom: 0px !important;}\u00a0\u00bb]\n<p style=\"text-align: center;\"><a href=\"\/wp-content\/uploads\/2019\/03\/instructions-frais.pdf\" target=\"_blank\" rel=\"noopener noreferrer\">T\u00c9LECHARGER LES INSTRUCTIONS<\/a><\/p>\n[\/vc_column_text][\/vc_column_inner][vc_column_inner width=\u00a0\u00bb1\/4&Prime;][\/vc_column_inner][\/vc_row_inner][vc_empty_space height=\u00a0\u00bb75px\u00a0\u00bb el_class=\u00a0\u00bbempty-space-tab-fresh\u00a0\u00bb][\/vc_column][\/vc_row][vc_row el_class=\u00a0\u00bbrow-tab\u00a0\u00bb][vc_column][vc_tabs responsive=\u00a0\u00bbfalse\u00a0\u00bb container_bg_color=\u00a0\u00bb#ffffff\u00a0\u00bb el_class=\u00a0\u00bbtab-collection\u00a0\u00bb][vc_tab title=\u00a0\u00bbFRESCO LODI\u00a0\u00bb tab_id=\u00a0\u00bb1549641872-1-63&Prime;][vc_row_inner is_fullwidth_content=\u00a0\u00bbfalse\u00a0\u00bb el_class=\u00a0\u00bbrow-inner-tab\u00a0\u00bb][vc_column_inner width=\u00a0\u00bb1\/2&Prime;][mk_image src=\u00a0\u00bbhttps:\/\/mostimondiale.com\/wp-content\/uploads\/2019\/04\/lodi-360&#215;360-fr-1.png\u00a0\u00bb image_size=\u00a0\u00bbfull\u00a0\u00bb align=\u00a0\u00bbcenter\u00a0\u00bb][mk_image src=\u00a0\u00bbhttps:\/\/mostimondiale.com\/wp-content\/uploads\/2019\/05\/pf-lodi-fr-2.png\u00a0\u00bb image_size=\u00a0\u00bbfull\u00a0\u00bb align=\u00a0\u00bbcenter\u00a0\u00bb][\/vc_column_inner][vc_column_inner el_class=\u00a0\u00bbpt50 col-tab-right\u00a0\u00bb width=\u00a0\u00bb1\/2&Prime;][vc_column_text css=\u00a0\u00bb.vc_custom_1558468229473{margin-bottom: 0px !important;}\u00a0\u00bb]\n<h2>Fresco Lodi<\/h2>\n[\/vc_column_text][vc_column_text el_class=\u00a0\u00bbgold gold-bar-left\u00a0\u00bb css=\u00a0\u00bb.vc_custom_1553810005500{margin-bottom: 0px !important;}\u00a0\u00bb]<strong>DES RAISINS \u00c0 L\u2019\u00c9TAT PUR !<\/strong>[\/vc_column_text][vc_column_text css=\u00a0\u00bb.vc_custom_1580411475859{margin-bottom: 0px !important;}\u00a0\u00bb]<strong>Cette union parfaite permet \u00e0 tous les vinificateurs de visiter le c\u0153ur des pays vinicoles pour vivre une exp\u00e9rience de vinification unique en son genre.<\/strong><\/p>\n<p>L\u2019\u00c9DITION LODI, provenant de la Californie, vous est offert dans une cuve de 30 L et comprend 4 kg de raisins \u00e9cras\u00e9s et \u00e9grapp\u00e9s, ainsi que 23 L de mo\u00fbt de raisins frais. Il en r\u00e9sultera donc en un vin exceptionnellement cors\u00e9 &#8211; une exp\u00e9rience in\u00e9gal\u00e9e par les trousses de vinification traditionnelles.<\/p>\n<p>Disponible \u00e0 chaque ann\u00e9e en novembre, sur pr\u00e9commande seulement.[\/vc_column_text][mk_button dimension=\u00a0\u00bbdouble-outline\u00a0\u00bb size=\u00a0\u00bbmedium\u00a0\u00bb url=\u00a0\u00bb\/fr\/produits\/?product_cat=fresco-edition-lodi\u00a0\u00bb outline_skin=\u00a0\u00bbcustom\u00a0\u00bb outline_active_color=\u00a0\u00bb#b2a0b7&Prime; outline_active_text_color=\u00a0\u00bb#ffffff\u00a0\u00bb outline_hover_bg_color=\u00a0\u00bb#ffffff\u00a0\u00bb outline_hover_color=\u00a0\u00bb#b2a0b7&Prime;]CHOISISSEZ VOTRE C\u00c9PAGE[\/mk_button][\/vc_column_inner][\/vc_row_inner][\/vc_tab][vc_tab title=\u00a0\u00bbMONDIALE FRESCO\u00a0\u00bb tab_id=\u00a0\u00bb1549928601379-5-8&Prime;][vc_row_inner is_fullwidth_content=\u00a0\u00bbfalse\u00a0\u00bb el_class=\u00a0\u00bbrow-inner-tab\u00a0\u00bb][vc_column_inner width=\u00a0\u00bb1\/2&Prime;][mk_image src=\u00a0\u00bbhttps:\/\/mostimondiale.com\/wp-content\/uploads\/2019\/04\/fresco-360&#215;360-fr-1.png\u00a0\u00bb image_size=\u00a0\u00bbfull\u00a0\u00bb align=\u00a0\u00bbcenter\u00a0\u00bb][mk_image src=\u00a0\u00bbhttps:\/\/mostimondiale.com\/wp-content\/uploads\/2019\/05\/pf-mondiale-fr.png\u00a0\u00bb image_size=\u00a0\u00bbfull\u00a0\u00bb align=\u00a0\u00bbcenter\u00a0\u00bb][\/vc_column_inner][vc_column_inner el_class=\u00a0\u00bbpt50&Prime; width=\u00a0\u00bb1\/2&Prime;][vc_column_text css=\u00a0\u00bb.vc_custom_1550006428574{margin-bottom: 0px !important;}\u00a0\u00bb]\n<h2>Mondiale Fresco<\/h2>\n[\/vc_column_text][vc_column_text el_class=\u00a0\u00bbgold gold-bar-left\u00a0\u00bb css=\u00a0\u00bb.vc_custom_1553810695642{margin-bottom: 0px !important;}\u00a0\u00bb]<strong>LES TRADITIONS SE POURSUIVENT !<\/strong>[\/vc_column_text][vc_column_text css=\u00a0\u00bb.vc_custom_1580411622799{margin-bottom: 0px !important;}\u00a0\u00bb]<strong>Mondiale Fresco est le seul produit offrant aux vinificateurs leur propre vignoble \u00e0 m\u00eame leur sceau.<\/strong><\/p>\n<p>Si vous avez d\u00e9j\u00e0 fait du vin avec notre gamme MONDIALE FRESCO, vous savez que vous cr\u00e9erez des vins au caract\u00e8re, au corps et au go\u00fbt incomparables.<\/p>\n<p>Disponible \u00e0 chaque ann\u00e9e \u00e0 l\u2019automne, sur pr\u00e9commande uniquement.[\/vc_column_text][mk_button dimension=\u00a0\u00bbdouble-outline\u00a0\u00bb size=\u00a0\u00bbmedium\u00a0\u00bb url=\u00a0\u00bb\/fr\/produits\/?product_cat=mondiale-fresco-fr\u00a0\u00bb outline_skin=\u00a0\u00bbcustom\u00a0\u00bb outline_active_color=\u00a0\u00bb#b2a0b7&Prime; outline_active_text_color=\u00a0\u00bb#ffffff\u00a0\u00bb outline_hover_bg_color=\u00a0\u00bb#ffffff\u00a0\u00bb outline_hover_color=\u00a0\u00bb#b2a0b7&Prime;]CHOISISSEZ VOTRE C\u00c9PAGE[\/mk_button][\/vc_column_inner][\/vc_row_inner][\/vc_tab][vc_tab title=\u00a0\u00bbFRESCO AUSTRALIE\u00a0\u00bb tab_id=\u00a0\u00bb1556633130753-5-4&Prime;][vc_row_inner is_fullwidth_content=\u00a0\u00bbfalse\u00a0\u00bb el_class=\u00a0\u00bbrow-inner-tab\u00a0\u00bb][vc_column_inner width=\u00a0\u00bb1\/2&Prime;][mk_image src=\u00a0\u00bbhttps:\/\/mostimondiale.com\/wp-content\/uploads\/2019\/04\/australia-360&#215;360-fr-1.png\u00a0\u00bb image_size=\u00a0\u00bbfull\u00a0\u00bb align=\u00a0\u00bbcenter\u00a0\u00bb][mk_image src=\u00a0\u00bbhttps:\/\/mostimondiale.com\/wp-content\/uploads\/2019\/05\/pf-australian-fr.png\u00a0\u00bb image_size=\u00a0\u00bbfull\u00a0\u00bb align=\u00a0\u00bbcenter\u00a0\u00bb][\/vc_column_inner][vc_column_inner el_class=\u00a0\u00bbpt50&Prime; width=\u00a0\u00bb1\/2&Prime;][vc_column_text css=\u00a0\u00bb.vc_custom_1556890780342{margin-bottom: 0px !important;}\u00a0\u00bb]\n<h2>Fresco Australie<\/h2>\n[\/vc_column_text][vc_column_text el_class=\u00a0\u00bbgold gold-bar-left\u00a0\u00bb css=\u00a0\u00bb.vc_custom_1580411718348{margin-bottom: 0px !important;}\u00a0\u00bb]<strong>L&rsquo;\u00c9TAT DE NOUVELLE-GALLES DU SUD, EN AUSTRALIE.<\/strong>[\/vc_column_text][vc_column_text css=\u00a0\u00bb.vc_custom_1604523657319{margin-bottom: 0px !important;}\u00a0\u00bb]<strong>Go\u00fbtez aux saveurs uniques et des attributs du Australie avec un mo\u00fbts de raisins frais r\u00e9frig\u00e9r\u00e9 de premi\u00e8re qualit\u00e9.<\/strong><\/p>\n<p>Le climat y est chaud et les pr\u00e9cipitations g\u00e9n\u00e9ralement faibles, ce qui rend indispensable l&rsquo;irrigation \u00e0 partir du syst\u00e8me de la rivi\u00e8re Murray. Le climat est \u00e9galement continental, ce qui entra\u00eene de longues journ\u00e9es ensoleill\u00e9es et des nuits sensiblement plus fra\u00eeches. Les mo\u00fbts de raisin frais proviennent de vignobles situ\u00e9s \u00e0 l&rsquo;int\u00e9rieur des terres de la r\u00e9gion de Riverland, du bassin Murray-Darling ainsi que de la r\u00e9gion de Riverina, dans l\u2019\u00e9tat de La Nouvelle-Galles du Sud, en Australie.<\/p>\n<p>Disponible \u00e0 chaque ann\u00e9e au printemps, sur pr\u00e9commande uniquement.[\/vc_column_text][mk_button dimension=\u00a0\u00bbdouble-outline\u00a0\u00bb size=\u00a0\u00bbmedium\u00a0\u00bb url=\u00a0\u00bb\/fr\/produits\/?product_cat=australian-fresco-fr\u00a0\u00bb outline_skin=\u00a0\u00bbcustom\u00a0\u00bb outline_active_color=\u00a0\u00bb#b2a0b7&Prime; outline_active_text_color=\u00a0\u00bb#ffffff\u00a0\u00bb outline_hover_bg_color=\u00a0\u00bb#ffffff\u00a0\u00bb outline_hover_color=\u00a0\u00bb#b2a0b7&Prime;]CHOISISSEZ VOTRE C\u00c9PAGE[\/mk_button][\/vc_column_inner][\/vc_row_inner][\/vc_tab][vc_tab title=\u00a0\u00bbFRESCO AFRIQUE DU SUD\u00a0\u00bb tab_id=\u00a0\u00bb1550008490057-4-5&Prime;][vc_row_inner is_fullwidth_content=\u00a0\u00bbfalse\u00a0\u00bb el_class=\u00a0\u00bbrow-inner-tab\u00a0\u00bb][vc_column_inner width=\u00a0\u00bb1\/2&Prime;][mk_image src=\u00a0\u00bbhttps:\/\/mostimondiale.com\/wp-content\/uploads\/2021\/03\/southafrica-360&#215;360-fr.png\u00a0\u00bb image_size=\u00a0\u00bbfull\u00a0\u00bb align=\u00a0\u00bbcenter\u00a0\u00bb][mk_image src=\u00a0\u00bbhttps:\/\/mostimondiale.com\/wp-content\/uploads\/2019\/05\/pf-south-africa-fr.png\u00a0\u00bb image_size=\u00a0\u00bbfull\u00a0\u00bb align=\u00a0\u00bbcenter\u00a0\u00bb][\/vc_column_inner][vc_column_inner el_class=\u00a0\u00bbpt50&Prime; width=\u00a0\u00bb1\/2&Prime;][vc_column_text css=\u00a0\u00bb.vc_custom_1556890743765{margin-bottom: 0px !important;}\u00a0\u00bb]\n<h2>Fresco Afrique du Sud<\/h2>\n[\/vc_column_text][vc_column_text el_class=\u00a0\u00bbgold gold-bar-left\u00a0\u00bb css=\u00a0\u00bb.vc_custom_1580412029887{margin-bottom: 0px !important;}\u00a0\u00bb]<strong>VALL\u00c9E BREEDE RIVER EN AFRIQUE DU SUD <\/strong><strong>(PROVINCE DU CAP OCCIDENTAL)<\/strong>[\/vc_column_text][vc_column_text css=\u00a0\u00bb.vc_custom_1604523804623{margin-bottom: 0px !important;}\u00a0\u00bb]<strong>Go\u00fbtez aux saveurs uniques et des attributs du Afrique du Sud avec un mo\u00fbts de raisins frais r\u00e9frig\u00e9r\u00e9 de premi\u00e8re qualit\u00e9.<\/strong><\/p>\n<p>La vall\u00e9e Breede River est reconnue pour ses hivers pluvieux, ses \u00e9t\u00e9s secs et chauds ainsi que pour la route des vins de Breedekloof, site qui propose d\u2019\u00e9poustouflantes vues sur des montagne pittoresques et plus de 20 vignobles. Le climat ressemble \u00e0 celui de la M\u00e9diterran\u00e9e.<\/p>\n<p>Disponible \u00e0 chaque ann\u00e9e au printemps, sur pr\u00e9commande uniquement.[\/vc_column_text][mk_button dimension=\u00a0\u00bbdouble-outline\u00a0\u00bb size=\u00a0\u00bbmedium\u00a0\u00bb url=\u00a0\u00bb\/fr\/produits\/?product_cat=south-african-fresco-fr\u00a0\u00bb outline_skin=\u00a0\u00bbcustom\u00a0\u00bb outline_active_color=\u00a0\u00bb#b2a0b7&Prime; outline_active_text_color=\u00a0\u00bb#ffffff\u00a0\u00bb outline_hover_bg_color=\u00a0\u00bb#ffffff\u00a0\u00bb outline_hover_color=\u00a0\u00bb#b2a0b7&Prime;]CHOISISSEZ VOTRE C\u00c9PAGE[\/mk_button][\/vc_column_inner][\/vc_row_inner][\/vc_tab][vc_tab title=\u00a0\u00bbFRESCO CHILI\u00a0\u00bb tab_id=\u00a0\u00bb1549928602414-6-4&Prime;][vc_row_inner is_fullwidth_content=\u00a0\u00bbfalse\u00a0\u00bb el_class=\u00a0\u00bbrow-inner-tab\u00a0\u00bb][vc_column_inner width=\u00a0\u00bb1\/2&Prime;][mk_image src=\u00a0\u00bbhttps:\/\/mostimondiale.com\/wp-content\/uploads\/2021\/03\/chile-360&#215;360-fr.png\u00a0\u00bb image_size=\u00a0\u00bbfull\u00a0\u00bb align=\u00a0\u00bbcenter\u00a0\u00bb][mk_image src=\u00a0\u00bbhttps:\/\/mostimondiale.com\/wp-content\/uploads\/2019\/05\/pf-chile-fr.png\u00a0\u00bb image_size=\u00a0\u00bbfull\u00a0\u00bb align=\u00a0\u00bbcenter\u00a0\u00bb][\/vc_column_inner][vc_column_inner el_class=\u00a0\u00bbpt50&Prime; width=\u00a0\u00bb1\/2&Prime;][vc_column_text css=\u00a0\u00bb.vc_custom_1556890727244{margin-bottom: 0px !important;}\u00a0\u00bb]\n<h2>Fresco Chili<\/h2>\n[\/vc_column_text][vc_column_text el_class=\u00a0\u00bbgold gold-bar-left\u00a0\u00bb css=\u00a0\u00bb.vc_custom_1553810799265{margin-bottom: 0px !important;}\u00a0\u00bb]<strong>DISPONIBLE AU PRINTEMPS !<\/strong>[\/vc_column_text][vc_column_text css=\u00a0\u00bb.vc_custom_1580412194071{margin-bottom: 0px !important;}\u00a0\u00bb]<strong>Go\u00fbtez aux saveurs uniques du Chili avec un mo\u00fbt de raisins frais de premi\u00e8re qualit\u00e9.<\/strong><\/p>\n<p>Chaque sceau de 23 L contient la quantit\u00e9 optimale de copeaux de ch\u00eane qui permet d\u2019obtenir une balance parfaite entre les diff\u00e9rents ar\u00f4mes. De plus, le niveau de torr\u00e9faction des copeaux de ch\u00eane a \u00e9t\u00e9 ajust\u00e9 pr\u00e9cis\u00e9ment en fonction de chaque c\u00e9page.<\/p>\n<p>Disponible \u00e0 chaque ann\u00e9e au printemps, sur pr\u00e9commande uniquement.[\/vc_column_text][mk_button dimension=\u00a0\u00bbdouble-outline\u00a0\u00bb size=\u00a0\u00bbmedium\u00a0\u00bb url=\u00a0\u00bb\/fr\/produits\/?product_cat=fresco-chili-fr\u00a0\u00bb outline_skin=\u00a0\u00bbcustom\u00a0\u00bb outline_active_color=\u00a0\u00bb#b2a0b7&Prime; outline_active_text_color=\u00a0\u00bb#ffffff\u00a0\u00bb outline_hover_bg_color=\u00a0\u00bb#ffffff\u00a0\u00bb outline_hover_color=\u00a0\u00bb#b2a0b7&Prime;]CHOISISSEZ VOTRE C\u00c9PAGE[\/mk_button][\/vc_column_inner][\/vc_row_inner][\/vc_tab][\/vc_tabs][\/vc_column][\/vc_row][vc_row fullwidth=\u00a0\u00bbtrue\u00a0\u00bb animation=\u00a0\u00bbfade-in\u00a0\u00bb el_class=\u00a0\u00bbrow-bg-vignes pv200 white\u00a0\u00bb css=\u00a0\u00bb.vc_custom_1551484533809{background-image: url(https:\/\/mostimondiale.com\/wp-content\/uploads\/2019\/02\/sharing-good-times.jpg?id=89) !important;background-position: center !important;background-repeat: no-repeat !important;background-size: cover !important;}\u00a0\u00bb][vc_column][vc_column_text el_class=\u00a0\u00bbwhite text-shadow\u00a0\u00bb css=\u00a0\u00bb.vc_custom_1553790811263{margin-bottom: 0px !important;}\u00a0\u00bb]\n<h2 style=\"text-align: center;\">Partageons de Bons Moments et de Bons Vins<\/h2>\n[\/vc_column_text][mk_button dimension=\u00a0\u00bbdouble-outline\u00a0\u00bb size=\u00a0\u00bbmedium\u00a0\u00bb url=\u00a0\u00bb\/fr\/produits\u00a0\u00bb align=\u00a0\u00bbcenter\u00a0\u00bb outline_skin=\u00a0\u00bbcustom\u00a0\u00bb outline_active_color=\u00a0\u00bb#b2a0b7&Prime; outline_active_text_color=\u00a0\u00bb#ffffff\u00a0\u00bb outline_hover_bg_color=\u00a0\u00bb#ffffff\u00a0\u00bb outline_hover_color=\u00a0\u00bb#b2a0b7&Prime;]D\u00c9COUVREZ NOS PRODUITS[\/mk_button][\/vc_column][\/vc_row]\n<\/div>","protected":false},"excerpt":{"rendered":"<p>[vc_row fullwidth=\u00a0\u00bbtrue\u00a0\u00bb el_class=\u00a0\u00bbtop-row-must top-row-fresh-must pv50&Prime; css=\u00a0\u00bb.vc_custom_1550266671110{background-image: url(https:\/\/mostimondiale.com\/wp-content\/uploads\/2019\/02\/top-100-pourcent.jpg?id=404) !important;background-position: center !important;background-repeat: no-repeat !important;background-size: cover !important;}\u00a0\u00bb][vc_column][vc_row_inner is_fullwidth_content=\u00a0\u00bbfalse\u00a0\u00bb el_class=\u00a0\u00bbrow-inner-fresh-must\u00a0\u00bb][vc_column_inner width=\u00a0\u00bb1\/4&Prime;][\/vc_column_inner][vc_column_inner width=\u00a0\u00bb1\/2&Prime;][mk_image src=\u00a0\u00bbhttps:\/\/mostimondiale.com\/wp-content\/uploads\/2019\/02\/grape.png\u00a0\u00bb image_size=\u00a0\u00bbfull\u00a0\u00bb align=\u00a0\u00bbcenter\u00a0\u00bb][vc_column_text css=\u00a0\u00bb.vc_custom_1556632737362{margin-bottom: 0px !important;}\u00a0\u00bb] Mo\u00fbt de Raisin Frais [\/vc_column_text][vc_column_text el_class=\u00a0\u00bbgold-bar\u00a0\u00bb css=\u00a0\u00bb.vc_custom_1580405240932{margin-bottom: 0px !important;}\u00a0\u00bb] LE MO\u00dbT FRAIS EST ESSENTIELLEMENT LE JUS EXTRAIT DES RAISINS DE CUVE, AVANT TOUT PROCESSUS MAJEUR TEL QUEL LA CONCENTRATION. CECI PERMET [&hellip;]<\/p>\n","protected":false},"author":1,"featured_media":0,"parent":0,"menu_order":0,"comment_status":"closed","ping_status":"closed","template":"","meta":{"_acf_changed":false,"footnotes":""},"class_list":["post-817","page","type-page","status-publish","hentry"],"acf":[],"yoast_head":"<!-- This site is optimized with the Yoast SEO plugin v26.9 - https:\/\/yoast.com\/product\/yoast-seo-wordpress\/ -->\n<title>Mo\u00fbt de Raisin Frais \u2022 Cat\u00e9gorie de Vinification | Mosti Mondiale<\/title>\n<meta name=\"description\" content=\"Le mo\u00fbt frais est essentiellement le jus qui est extrait des raisins de cuve, avant tout processus majeur tel que la concentration ou la pasteurisation.\" \/>\n<meta name=\"robots\" content=\"index, follow, max-snippet:-1, max-image-preview:large, max-video-preview:-1\" \/>\n<link rel=\"canonical\" href=\"https:\/\/mostimondiale.com\/fr\/mout-de-raisin-frais\/\" \/>\n<meta property=\"og:locale\" content=\"fr_CA\" \/>\n<meta property=\"og:type\" content=\"article\" \/>\n<meta property=\"og:title\" content=\"Mo\u00fbt de Raisin Frais \u2022 Cat\u00e9gorie de Vinification | Mosti Mondiale\" \/>\n<meta property=\"og:description\" content=\"Le mo\u00fbt frais est essentiellement le jus qui est extrait des raisins de cuve, avant tout processus majeur tel que la concentration ou la pasteurisation.\" \/>\n<meta property=\"og:url\" content=\"https:\/\/mostimondiale.com\/fr\/mout-de-raisin-frais\/\" \/>\n<meta property=\"og:site_name\" content=\"Mosti Mondiale\" \/>\n<meta property=\"article:modified_time\" content=\"2022-08-26T18:40:03+00:00\" \/>\n<meta name=\"twitter:card\" content=\"summary_large_image\" \/>\n<meta name=\"twitter:label1\" content=\"Estimation du temps de lecture\" \/>\n\t<meta name=\"twitter:data1\" content=\"5 minutes\" \/>\n<script type=\"application\/ld+json\" class=\"yoast-schema-graph\">{\"@context\":\"https:\/\/schema.org\",\"@graph\":[{\"@type\":\"WebPage\",\"@id\":\"https:\/\/mostimondiale.com\/fr\/mout-de-raisin-frais\/\",\"url\":\"https:\/\/mostimondiale.com\/fr\/mout-de-raisin-frais\/\",\"name\":\"Mo\u00fbt de Raisin Frais \u2022 Cat\u00e9gorie de Vinification | Mosti Mondiale\",\"isPartOf\":{\"@id\":\"https:\/\/mostimondiale.com\/#website\"},\"datePublished\":\"2019-03-26T20:42:24+00:00\",\"dateModified\":\"2022-08-26T18:40:03+00:00\",\"description\":\"Le mo\u00fbt frais est essentiellement le jus qui est extrait des raisins de cuve, avant tout processus majeur tel que la concentration ou la pasteurisation.\",\"breadcrumb\":{\"@id\":\"https:\/\/mostimondiale.com\/fr\/mout-de-raisin-frais\/#breadcrumb\"},\"inLanguage\":\"fr-CA\",\"potentialAction\":[{\"@type\":\"ReadAction\",\"target\":[\"https:\/\/mostimondiale.com\/fr\/mout-de-raisin-frais\/\"]}]},{\"@type\":\"BreadcrumbList\",\"@id\":\"https:\/\/mostimondiale.com\/fr\/mout-de-raisin-frais\/#breadcrumb\",\"itemListElement\":[{\"@type\":\"ListItem\",\"position\":1,\"name\":\"Accueil\",\"item\":\"https:\/\/mostimondiale.com\/fr\/\"},{\"@type\":\"ListItem\",\"position\":2,\"name\":\"Mo\u00fbt de Raisin Frais\"}]},{\"@type\":\"WebSite\",\"@id\":\"https:\/\/mostimondiale.com\/#website\",\"url\":\"https:\/\/mostimondiale.com\/\",\"name\":\"Mosti Mondiale\",\"description\":\"\",\"potentialAction\":[{\"@type\":\"SearchAction\",\"target\":{\"@type\":\"EntryPoint\",\"urlTemplate\":\"https:\/\/mostimondiale.com\/?s={search_term_string}\"},\"query-input\":{\"@type\":\"PropertyValueSpecification\",\"valueRequired\":true,\"valueName\":\"search_term_string\"}}],\"inLanguage\":\"fr-CA\"}]}<\/script>\n<!-- \/ Yoast SEO plugin. -->","yoast_head_json":{"title":"Mo\u00fbt de Raisin Frais \u2022 Cat\u00e9gorie de Vinification | Mosti Mondiale","description":"Le mo\u00fbt frais est essentiellement le jus qui est extrait des raisins de cuve, avant tout processus majeur tel que la concentration ou la pasteurisation.","robots":{"index":"index","follow":"follow","max-snippet":"max-snippet:-1","max-image-preview":"max-image-preview:large","max-video-preview":"max-video-preview:-1"},"canonical":"https:\/\/mostimondiale.com\/fr\/mout-de-raisin-frais\/","og_locale":"fr_CA","og_type":"article","og_title":"Mo\u00fbt de Raisin Frais \u2022 Cat\u00e9gorie de Vinification | Mosti Mondiale","og_description":"Le mo\u00fbt frais est essentiellement le jus qui est extrait des raisins de cuve, avant tout processus majeur tel que la concentration ou la pasteurisation.","og_url":"https:\/\/mostimondiale.com\/fr\/mout-de-raisin-frais\/","og_site_name":"Mosti Mondiale","article_modified_time":"2022-08-26T18:40:03+00:00","twitter_card":"summary_large_image","twitter_misc":{"Estimation du temps de lecture":"5 minutes"},"schema":{"@context":"https:\/\/schema.org","@graph":[{"@type":"WebPage","@id":"https:\/\/mostimondiale.com\/fr\/mout-de-raisin-frais\/","url":"https:\/\/mostimondiale.com\/fr\/mout-de-raisin-frais\/","name":"Mo\u00fbt de Raisin Frais \u2022 Cat\u00e9gorie de Vinification | Mosti Mondiale","isPartOf":{"@id":"https:\/\/mostimondiale.com\/#website"},"datePublished":"2019-03-26T20:42:24+00:00","dateModified":"2022-08-26T18:40:03+00:00","description":"Le mo\u00fbt frais est essentiellement le jus qui est extrait des raisins de cuve, avant tout processus majeur tel que la concentration ou la pasteurisation.","breadcrumb":{"@id":"https:\/\/mostimondiale.com\/fr\/mout-de-raisin-frais\/#breadcrumb"},"inLanguage":"fr-CA","potentialAction":[{"@type":"ReadAction","target":["https:\/\/mostimondiale.com\/fr\/mout-de-raisin-frais\/"]}]},{"@type":"BreadcrumbList","@id":"https:\/\/mostimondiale.com\/fr\/mout-de-raisin-frais\/#breadcrumb","itemListElement":[{"@type":"ListItem","position":1,"name":"Accueil","item":"https:\/\/mostimondiale.com\/fr\/"},{"@type":"ListItem","position":2,"name":"Mo\u00fbt de Raisin Frais"}]},{"@type":"WebSite","@id":"https:\/\/mostimondiale.com\/#website","url":"https:\/\/mostimondiale.com\/","name":"Mosti Mondiale","description":"","potentialAction":[{"@type":"SearchAction","target":{"@type":"EntryPoint","urlTemplate":"https:\/\/mostimondiale.com\/?s={search_term_string}"},"query-input":{"@type":"PropertyValueSpecification","valueRequired":true,"valueName":"search_term_string"}}],"inLanguage":"fr-CA"}]}},"_links":{"self":[{"href":"https:\/\/mostimondiale.com\/fr\/wp-json\/wp\/v2\/pages\/817","targetHints":{"allow":["GET"]}}],"collection":[{"href":"https:\/\/mostimondiale.com\/fr\/wp-json\/wp\/v2\/pages"}],"about":[{"href":"https:\/\/mostimondiale.com\/fr\/wp-json\/wp\/v2\/types\/page"}],"author":[{"embeddable":true,"href":"https:\/\/mostimondiale.com\/fr\/wp-json\/wp\/v2\/users\/1"}],"replies":[{"embeddable":true,"href":"https:\/\/mostimondiale.com\/fr\/wp-json\/wp\/v2\/comments?post=817"}],"version-history":[{"count":42,"href":"https:\/\/mostimondiale.com\/fr\/wp-json\/wp\/v2\/pages\/817\/revisions"}],"predecessor-version":[{"id":4910,"href":"https:\/\/mostimondiale.com\/fr\/wp-json\/wp\/v2\/pages\/817\/revisions\/4910"}],"wp:attachment":[{"href":"https:\/\/mostimondiale.com\/fr\/wp-json\/wp\/v2\/media?parent=817"}],"curies":[{"name":"wp","href":"https:\/\/api.w.org\/{rel}","templated":true}]}}