{"id":815,"date":"2019-03-26T16:33:15","date_gmt":"2019-03-26T20:33:15","guid":{"rendered":"https:\/\/mostimondiale.com\/?page_id=815"},"modified":"2021-03-08T13:02:24","modified_gmt":"2021-03-08T18:02:24","slug":"page-accueil","status":"publish","type":"page","link":"https:\/\/mostimondiale.com\/fr\/","title":{"rendered":"Accueil"},"content":{"rendered":"<div class=\"wpb-content-wrapper\">[mk_page_section bg_image=\u00a0\u00bbhttps:\/\/mostimondiale.com\/wp-content\/uploads\/2021\/03\/mm-homepage-banner-2021-1920-x-800.jpg\u00a0\u00bb attachment=\u00a0\u00bbfixed\u00a0\u00bb bg_position=\u00a0\u00bbcenter center\u00a0\u00bb bg_repeat=\u00a0\u00bbno-repeat\u00a0\u00bb bg_stretch=\u00a0\u00bbtrue\u00a0\u00bb full_width=\u00a0\u00bbtrue\u00a0\u00bb js_vertical_centered=\u00a0\u00bbtrue\u00a0\u00bb skip_arrow=\u00a0\u00bbtrue\u00a0\u00bb el_class=\u00a0\u00bbsection-top-home pv250&Prime; sidebar=\u00a0\u00bbsidebar-1&Prime;][vc_column][vc_column_text el_class=\u00a0\u00bbwhite letter-space text-shadow bold\u00a0\u00bb css=\u00a0\u00bb.vc_custom_1556827314903{margin-bottom: 0px !important;}\u00a0\u00bb]\n<p style=\"text-align: center;\"><strong>PRODUITS DE VINIFICATION PREMIUM<\/strong><\/p>\n[\/vc_column_text][vc_column_text el_class=\u00a0\u00bbwhite\u00a0\u00bb css=\u00a0\u00bb.vc_custom_1553886815652{margin-bottom: 0px !important;}\u00a0\u00bb]\n<h1 style=\"text-align: center;\">Soyez ma\u00eetre de votre propre domaine<\/h1>\n[\/vc_column_text][mk_button dimension=\u00a0\u00bbdouble-outline\u00a0\u00bb size=\u00a0\u00bblarge\u00a0\u00bb url=\u00a0\u00bb\/fr\/produits\/\u00a0\u00bb align=\u00a0\u00bbcenter\u00a0\u00bb outline_skin=\u00a0\u00bbcustom\u00a0\u00bb outline_active_color=\u00a0\u00bb#b2a0b7&Prime; outline_active_text_color=\u00a0\u00bb#ffffff\u00a0\u00bb outline_hover_bg_color=\u00a0\u00bb#ffffff\u00a0\u00bb outline_hover_color=\u00a0\u00bb#b2a0b7&Prime;]D\u00c9COUVREZ NOS C\u00c9PAGES[\/mk_button][\/vc_column][\/mk_page_section][vc_row fullwidth=\u00a0\u00bbtrue\u00a0\u00bb css=\u00a0\u00bb.vc_custom_1551721440054{background-position: center !important;background-repeat: no-repeat !important;background-size: cover !important;}\u00a0\u00bb el_class=\u00a0\u00bbrow-sharing pv50&Prime;][vc_column][vc_column_text css=\u00a0\u00bb.vc_custom_1556827081671{margin-bottom: 0px !important;}\u00a0\u00bb]\n<h2 style=\"text-align: center;\">Nos Cat\u00e9gories<\/h2>\n<p style=\"text-align: center;\">Augmentez le potentiel de votre cellier et\u00a0exp\u00e9rimentez la vinification avec l\u2019une de nos trois cat\u00e9gories de produits.<\/p>\n[\/vc_column_text][mk_image src=\u00a0\u00bbhttps:\/\/mostimondiale.com\/wp-content\/uploads\/2019\/02\/img-grappe.jpg\u00a0\u00bb image_size=\u00a0\u00bbfull\u00a0\u00bb align=\u00a0\u00bbcenter\u00a0\u00bb animation=\u00a0\u00bbfade-in\u00a0\u00bb][\/vc_column][\/vc_row][vc_row equal_columns=\u00a0\u00bbtrue\u00a0\u00bb animation=\u00a0\u00bbfade-in\u00a0\u00bb el_class=\u00a0\u00bbrow-grape pv15&Prime;][vc_column width=\u00a0\u00bb1\/3&Prime; el_class=\u00a0\u00bbcol-grape p50&Prime;][mk_image src=\u00a0\u00bbhttps:\/\/mostimondiale.com\/wp-content\/uploads\/2019\/02\/fresh-icon.jpg\u00a0\u00bb image_size=\u00a0\u00bbfull\u00a0\u00bb align=\u00a0\u00bbcenter\u00a0\u00bb][vc_column_text el_class=\u00a0\u00bbgold gold-bar\u00a0\u00bb css=\u00a0\u00bb.vc_custom_1556570133762{margin-bottom: 0px !important;}\u00a0\u00bb]\n<p style=\"text-align: center;\"><strong>MO\u00dbT DE RAISIN FRAIS<\/strong><\/p>\n[\/vc_column_text][vc_column_text css=\u00a0\u00bb.vc_custom_1580406243385{margin-bottom: 0px !important;}\u00a0\u00bb]\n<p style=\"text-align: center;\">Le mo\u00fbt frais est essentiellement le jus qui est extrait des raisins de cuve, avant toute processus majeur tel quel la concentration. Ceci permet de retenir les principales qualit\u00e9s et caract\u00e9ristiques d&rsquo;un c\u00e9page et de les transf\u00e8rer au vin.<\/p>\n[\/vc_column_text][mk_button dimension=\u00a0\u00bboutline\u00a0\u00bb size=\u00a0\u00bbmedium\u00a0\u00bb url=\u00a0\u00bb\/fr\/mout-de-raisin-frais\u00a0\u00bb align=\u00a0\u00bbcenter\u00a0\u00bb outline_skin=\u00a0\u00bbcustom\u00a0\u00bb outline_active_color=\u00a0\u00bb#b2a0b7&Prime; outline_active_text_color=\u00a0\u00bb#b2a0b7&Prime; outline_hover_bg_color=\u00a0\u00bb#b2a0b7&Prime; outline_hover_color=\u00a0\u00bb#ffffff\u00a0\u00bb]EN SAVOIR PLUS[\/mk_button][\/vc_column][vc_column width=\u00a0\u00bb1\/3&Prime; el_class=\u00a0\u00bbcol-grape p50&Prime;][mk_image src=\u00a0\u00bbhttps:\/\/mostimondiale.com\/wp-content\/uploads\/2019\/02\/100pourcent-icon.jpg\u00a0\u00bb image_size=\u00a0\u00bbfull\u00a0\u00bb align=\u00a0\u00bbcenter\u00a0\u00bb][vc_column_text el_class=\u00a0\u00bbgold gold-bar\u00a0\u00bb css=\u00a0\u00bb.vc_custom_1556570139145{margin-bottom: 0px !important;}\u00a0\u00bb]\n<p style=\"text-align: center;\"><strong>100% MO\u00dbT DE RAISIN<\/strong><\/p>\n[\/vc_column_text][vc_column_text css=\u00a0\u00bb.vc_custom_1556629224861{margin-bottom: 0px !important;}\u00a0\u00bb]\n<p style=\"text-align: center;\">Fabriqu\u00e9 uniquement \u00e0 partir de mo\u00fbt de raisin frais et pur ayant par la suite \u00e9t\u00e9 pasteuris\u00e9, ce qui rend le produit stable et se conservant plus longtemps. Il n&rsquo;est donc pas n\u00e9cessaire d&rsquo;ajouter d&rsquo;eau \u00e0 nos produits 100% Mo\u00fbt de Raisin et ceux-ci ne contiennent \u00e9galement aucune eau ajout\u00e9e.<\/p>\n[\/vc_column_text][mk_button dimension=\u00a0\u00bboutline\u00a0\u00bb size=\u00a0\u00bbmedium\u00a0\u00bb url=\u00a0\u00bb\/fr\/100-mout-de-raisin\u00a0\u00bb align=\u00a0\u00bbcenter\u00a0\u00bb outline_skin=\u00a0\u00bbcustom\u00a0\u00bb outline_active_color=\u00a0\u00bb#b2a0b7&Prime; outline_active_text_color=\u00a0\u00bb#b2a0b7&Prime; outline_hover_bg_color=\u00a0\u00bb#b2a0b7&Prime; outline_hover_color=\u00a0\u00bb#ffffff\u00a0\u00bb]EN SAVOIR PLUS[\/mk_button][\/vc_column][vc_column width=\u00a0\u00bb1\/3&Prime; el_class=\u00a0\u00bbcol-grape p50&Prime;][mk_image src=\u00a0\u00bbhttps:\/\/mostimondiale.com\/wp-content\/uploads\/2019\/02\/blended-icon.jpg.png\u00a0\u00bb image_size=\u00a0\u00bbfull\u00a0\u00bb align=\u00a0\u00bbcenter\u00a0\u00bb][vc_column_text el_class=\u00a0\u00bbgold gold-bar\u00a0\u00bb css=\u00a0\u00bb.vc_custom_1556570181438{margin-bottom: 0px !important;}\u00a0\u00bb]\n<p style=\"text-align: center;\"><strong>MO\u00dbT DE RAISIN ASSEMBLAGE<\/strong><\/p>\n[\/vc_column_text][vc_column_text css=\u00a0\u00bb.vc_custom_1580406949197{margin-bottom: 0px !important;}\u00a0\u00bb]\n<p style=\"text-align: center;\">Nous assemblons du mo\u00fbt de raisin frais \u00e0 notre concentr\u00e9 de qualit\u00e9 sup\u00e9rieure qui sont\u00a0 soigneusement s\u00e9lectionn\u00e9s et ensuite pasteuris\u00e9s, afin de vous offrir le meilleur des deux mondes &#8211; des vins au corps et au caract\u00e8re exceptionnels \u00e0 un prix d\u00e9fiant toute concurrence.<\/p>\n[\/vc_column_text][mk_button dimension=\u00a0\u00bboutline\u00a0\u00bb size=\u00a0\u00bbmedium\u00a0\u00bb url=\u00a0\u00bb\/fr\/mout-de-raisin-assemblage\u00a0\u00bb align=\u00a0\u00bbcenter\u00a0\u00bb outline_skin=\u00a0\u00bbcustom\u00a0\u00bb outline_active_color=\u00a0\u00bb#b2a0b7&Prime; outline_active_text_color=\u00a0\u00bb#b2a0b7&Prime; outline_hover_bg_color=\u00a0\u00bb#b2a0b7&Prime; outline_hover_color=\u00a0\u00bb#ffffff\u00a0\u00bb]EN SAVOIR PLUS[\/mk_button][\/vc_column][\/vc_row][vc_row fullwidth=\u00a0\u00bbtrue\u00a0\u00bb el_class=\u00a0\u00bbrow-journey pv200&Prime; css=\u00a0\u00bb.vc_custom_1549317760268{background-image: url(https:\/\/mostimondiale.com\/wp-content\/uploads\/2019\/02\/begin-your-journey-now.jpg?id=22) !important;background-position: center !important;background-repeat: no-repeat !important;background-size: cover !important;}\u00a0\u00bb][vc_column width=\u00a0\u00bb1\/3&Prime;][\/vc_column][vc_column width=\u00a0\u00bb1\/3&Prime;][\/vc_column][vc_column width=\u00a0\u00bb1\/3&Prime; el_class=\u00a0\u00bbcol-journey\u00a0\u00bb][vc_column_text css=\u00a0\u00bb.vc_custom_1556826747677{margin-bottom: 0px !important;}\u00a0\u00bb]\n<h2>D\u00e9butez votre aventure<\/h2>\n<p style=\"text-align: left;\">Que vous soyez un vinificateur exp\u00e9riment\u00e9, int\u00e9ress\u00e9 par la vinification \u00e0 domicile ou tout simplement nouveau chez Mosti Mondiale, nos produits de vinification haut de gamme vous satisferont. Laissez-nous vous guider \u00e0 travers le processus de la vinification artisanale.<\/p>\n<p style=\"text-align: left;\">Renseignez-vous sur l&rsquo;aventure \u00e0 venir et commencez d\u00e8s aujourd&rsquo;hui !<\/p>\n[\/vc_column_text][mk_button dimension=\u00a0\u00bbdouble-outline\u00a0\u00bb size=\u00a0\u00bbmedium\u00a0\u00bb url=\u00a0\u00bb\/fr\/debuter\u00a0\u00bb animation=\u00a0\u00bbfade-in\u00a0\u00bb outline_skin=\u00a0\u00bbcustom\u00a0\u00bb outline_active_color=\u00a0\u00bb#b2a0b7&Prime; outline_active_text_color=\u00a0\u00bb#ffffff\u00a0\u00bb outline_hover_bg_color=\u00a0\u00bb#ffffff\u00a0\u00bb outline_hover_color=\u00a0\u00bb#b2a0b7&Prime;]D\u00c9BUTER[\/mk_button][\/vc_column][\/vc_row][vc_row fullwidth=\u00a0\u00bbtrue\u00a0\u00bb fullwidth_content=\u00a0\u00bbfalse\u00a0\u00bb el_class=\u00a0\u00bbrow-featured-products pv150&Prime;][vc_column][vc_column_text css=\u00a0\u00bb.vc_custom_1556898022026{margin-bottom: 0px !important;}\u00a0\u00bb]\n<h2 style=\"text-align: center;\">Produits en Vedette<\/h2>\n[\/vc_column_text][mk_portfolio_carousel style=\u00a0\u00bbmodern\u00a0\u00bb hover_scenarios=\u00a0\u00bbnone\u00a0\u00bb count=\u00a0\u00bb4&Prime; show_items=\u00a0\u00bb2&Prime; image_size=\u00a0\u00bbfull\u00a0\u00bb pause_on_hover=\u00a0\u00bbtrue\u00a0\u00bb el_class=\u00a0\u00bbcarousel-featured\u00a0\u00bb categories=\u00a0\u00bbfeatured-products\u00a0\u00bb][\/vc_column][\/vc_row][vc_row fullwidth=\u00a0\u00bbtrue\u00a0\u00bb el_class=\u00a0\u00bbrow-masterpiece\u00a0\u00bb][vc_column][vc_column_text css=\u00a0\u00bb.vc_custom_1553888116361{margin-bottom: 0px !important;}\u00a0\u00bb]\n<h2 style=\"text-align: center;\">D\u00e9voilez votre chef-d&rsquo;\u0153uvre<\/h2>\n[\/vc_column_text][mk_image src=\u00a0\u00bbhttps:\/\/mostimondiale.com\/wp-content\/uploads\/2019\/05\/all-grape-pack-logo-fr.png\u00a0\u00bb image_size=\u00a0\u00bbfull\u00a0\u00bb align=\u00a0\u00bbcenter\u00a0\u00bb][vc_column_text css=\u00a0\u00bb.vc_custom_1556826918086{margin-bottom: 0px !important;}\u00a0\u00bb]\n<p style=\"text-align: center;\"><strong><span class=\"gold\">SACHET ALLGRAPE\u00ae | ADDITIONS DU VIGNERON<\/span><\/strong><\/p>\n<p style=\"text-align: center;\">Compos\u00e9 de raisins purs \u00e0 100 %, tel que le voudrait \u00ab Dame nature \u00bb, ayant \u00e9t\u00e9 pasteuris\u00e9s, d\u00e9noyaut\u00e9s et broy\u00e9s.<\/p>\n[\/vc_column_text][mk_button dimension=\u00a0\u00bboutline\u00a0\u00bb size=\u00a0\u00bbmedium\u00a0\u00bb url=\u00a0\u00bb\/fr\/sachet-allgrape\u00a0\u00bb align=\u00a0\u00bbcenter\u00a0\u00bb margin_bottom=\u00a0\u00bb0&Prime; margin_right=\u00a0\u00bb0&Prime; animation=\u00a0\u00bbfade-in\u00a0\u00bb el_class=\u00a0\u00bbbtn-bg-cheers pb700&Prime; outline_skin=\u00a0\u00bbcustom\u00a0\u00bb outline_active_color=\u00a0\u00bb#b2a0b7&Prime; outline_active_text_color=\u00a0\u00bb#b2a0b7&Prime; outline_hover_bg_color=\u00a0\u00bb#b2a0b7&Prime; outline_hover_color=\u00a0\u00bb#ffffff\u00a0\u00bb]EN SAVOIR PLUS[\/mk_button][\/vc_column][\/vc_row]\n<\/div>","protected":false},"excerpt":{"rendered":"<p>[mk_page_section bg_image=\u00a0\u00bbhttps:\/\/mostimondiale.com\/wp-content\/uploads\/2021\/03\/mm-homepage-banner-2021-1920-x-800.jpg\u00a0\u00bb attachment=\u00a0\u00bbfixed\u00a0\u00bb bg_position=\u00a0\u00bbcenter center\u00a0\u00bb bg_repeat=\u00a0\u00bbno-repeat\u00a0\u00bb bg_stretch=\u00a0\u00bbtrue\u00a0\u00bb full_width=\u00a0\u00bbtrue\u00a0\u00bb js_vertical_centered=\u00a0\u00bbtrue\u00a0\u00bb skip_arrow=\u00a0\u00bbtrue\u00a0\u00bb el_class=\u00a0\u00bbsection-top-home pv250&Prime; sidebar=\u00a0\u00bbsidebar-1&Prime;][vc_column][vc_column_text el_class=\u00a0\u00bbwhite letter-space text-shadow bold\u00a0\u00bb css=\u00a0\u00bb.vc_custom_1556827314903{margin-bottom: 0px !important;}\u00a0\u00bb] PRODUITS DE VINIFICATION PREMIUM [\/vc_column_text][vc_column_text el_class=\u00a0\u00bbwhite\u00a0\u00bb css=\u00a0\u00bb.vc_custom_1553886815652{margin-bottom: 0px !important;}\u00a0\u00bb] Soyez ma\u00eetre de votre propre domaine [\/vc_column_text][mk_button dimension=\u00a0\u00bbdouble-outline\u00a0\u00bb size=\u00a0\u00bblarge\u00a0\u00bb url=\u00a0\u00bb\/fr\/produits\/\u00a0\u00bb align=\u00a0\u00bbcenter\u00a0\u00bb outline_skin=\u00a0\u00bbcustom\u00a0\u00bb outline_active_color=\u00a0\u00bb#b2a0b7&Prime; outline_active_text_color=\u00a0\u00bb#ffffff\u00a0\u00bb outline_hover_bg_color=\u00a0\u00bb#ffffff\u00a0\u00bb outline_hover_color=\u00a0\u00bb#b2a0b7&Prime;]D\u00c9COUVREZ NOS C\u00c9PAGES[\/mk_button][\/vc_column][\/mk_page_section][vc_row fullwidth=\u00a0\u00bbtrue\u00a0\u00bb css=\u00a0\u00bb.vc_custom_1551721440054{background-position: center !important;background-repeat: no-repeat !important;background-size: cover !important;}\u00a0\u00bb [&hellip;]<\/p>\n","protected":false},"author":1,"featured_media":0,"parent":0,"menu_order":0,"comment_status":"closed","ping_status":"closed","template":"","meta":{"_acf_changed":false,"footnotes":""},"class_list":["post-815","page","type-page","status-publish","hentry"],"acf":[],"yoast_head":"<!-- This site is optimized with the Yoast SEO plugin v26.9 - https:\/\/yoast.com\/product\/yoast-seo-wordpress\/ -->\n<title>Page d&#039;accueil \u2022 Produits de Vinification Premium | Mosti Mondiale<\/title>\n<meta name=\"description\" content=\"Nos trousses haut de gamme sont faites \u00e0 partir de mo\u00fbt de raisin de qualit\u00e9 sup\u00e9rieure et sont inspir\u00e9s par notre longue tradition en la mati\u00e8re.\" \/>\n<meta name=\"robots\" content=\"index, follow, max-snippet:-1, max-image-preview:large, max-video-preview:-1\" \/>\n<link rel=\"canonical\" href=\"https:\/\/mostimondiale.com\/fr\/\" \/>\n<meta property=\"og:locale\" content=\"fr_CA\" \/>\n<meta property=\"og:type\" content=\"article\" \/>\n<meta property=\"og:title\" content=\"Page d&#039;accueil \u2022 Produits de Vinification Premium | Mosti Mondiale\" \/>\n<meta property=\"og:description\" content=\"Nos trousses haut de gamme sont faites \u00e0 partir de mo\u00fbt de raisin de qualit\u00e9 sup\u00e9rieure et sont inspir\u00e9s par notre longue tradition en la mati\u00e8re.\" \/>\n<meta property=\"og:url\" content=\"https:\/\/mostimondiale.com\/fr\/\" \/>\n<meta property=\"og:site_name\" content=\"Mosti Mondiale\" \/>\n<meta property=\"article:modified_time\" content=\"2021-03-08T18:02:24+00:00\" \/>\n<meta name=\"twitter:card\" content=\"summary_large_image\" \/>\n<meta name=\"twitter:label1\" content=\"Estimation du temps de lecture\" \/>\n\t<meta name=\"twitter:data1\" content=\"3 minutes\" \/>\n<script type=\"application\/ld+json\" class=\"yoast-schema-graph\">{\"@context\":\"https:\/\/schema.org\",\"@graph\":[{\"@type\":\"WebPage\",\"@id\":\"https:\/\/mostimondiale.com\/fr\/\",\"url\":\"https:\/\/mostimondiale.com\/fr\/\",\"name\":\"Page d'accueil \u2022 Produits de Vinification Premium | Mosti Mondiale\",\"isPartOf\":{\"@id\":\"https:\/\/mostimondiale.com\/#website\"},\"datePublished\":\"2019-03-26T20:33:15+00:00\",\"dateModified\":\"2021-03-08T18:02:24+00:00\",\"description\":\"Nos trousses haut de gamme sont faites \u00e0 partir de mo\u00fbt de raisin de qualit\u00e9 sup\u00e9rieure et sont inspir\u00e9s par notre longue tradition en la mati\u00e8re.\",\"breadcrumb\":{\"@id\":\"https:\/\/mostimondiale.com\/fr\/#breadcrumb\"},\"inLanguage\":\"fr-CA\",\"potentialAction\":[{\"@type\":\"ReadAction\",\"target\":[\"https:\/\/mostimondiale.com\/fr\/\"]}]},{\"@type\":\"BreadcrumbList\",\"@id\":\"https:\/\/mostimondiale.com\/fr\/#breadcrumb\",\"itemListElement\":[{\"@type\":\"ListItem\",\"position\":1,\"name\":\"Accueil\",\"item\":\"https:\/\/mostimondiale.com\/fr\/\"},{\"@type\":\"ListItem\",\"position\":2,\"name\":\"Accueil\"}]},{\"@type\":\"WebSite\",\"@id\":\"https:\/\/mostimondiale.com\/#website\",\"url\":\"https:\/\/mostimondiale.com\/\",\"name\":\"Mosti Mondiale\",\"description\":\"\",\"potentialAction\":[{\"@type\":\"SearchAction\",\"target\":{\"@type\":\"EntryPoint\",\"urlTemplate\":\"https:\/\/mostimondiale.com\/?s={search_term_string}\"},\"query-input\":{\"@type\":\"PropertyValueSpecification\",\"valueRequired\":true,\"valueName\":\"search_term_string\"}}],\"inLanguage\":\"fr-CA\"}]}<\/script>\n<!-- \/ Yoast SEO plugin. -->","yoast_head_json":{"title":"Page d'accueil \u2022 Produits de Vinification Premium | Mosti Mondiale","description":"Nos trousses haut de gamme sont faites \u00e0 partir de mo\u00fbt de raisin de qualit\u00e9 sup\u00e9rieure et sont inspir\u00e9s par notre longue tradition en la mati\u00e8re.","robots":{"index":"index","follow":"follow","max-snippet":"max-snippet:-1","max-image-preview":"max-image-preview:large","max-video-preview":"max-video-preview:-1"},"canonical":"https:\/\/mostimondiale.com\/fr\/","og_locale":"fr_CA","og_type":"article","og_title":"Page d'accueil \u2022 Produits de Vinification Premium | Mosti Mondiale","og_description":"Nos trousses haut de gamme sont faites \u00e0 partir de mo\u00fbt de raisin de qualit\u00e9 sup\u00e9rieure et sont inspir\u00e9s par notre longue tradition en la mati\u00e8re.","og_url":"https:\/\/mostimondiale.com\/fr\/","og_site_name":"Mosti Mondiale","article_modified_time":"2021-03-08T18:02:24+00:00","twitter_card":"summary_large_image","twitter_misc":{"Estimation du temps de lecture":"3 minutes"},"schema":{"@context":"https:\/\/schema.org","@graph":[{"@type":"WebPage","@id":"https:\/\/mostimondiale.com\/fr\/","url":"https:\/\/mostimondiale.com\/fr\/","name":"Page d'accueil \u2022 Produits de Vinification Premium | Mosti Mondiale","isPartOf":{"@id":"https:\/\/mostimondiale.com\/#website"},"datePublished":"2019-03-26T20:33:15+00:00","dateModified":"2021-03-08T18:02:24+00:00","description":"Nos trousses haut de gamme sont faites \u00e0 partir de mo\u00fbt de raisin de qualit\u00e9 sup\u00e9rieure et sont inspir\u00e9s par notre longue tradition en la mati\u00e8re.","breadcrumb":{"@id":"https:\/\/mostimondiale.com\/fr\/#breadcrumb"},"inLanguage":"fr-CA","potentialAction":[{"@type":"ReadAction","target":["https:\/\/mostimondiale.com\/fr\/"]}]},{"@type":"BreadcrumbList","@id":"https:\/\/mostimondiale.com\/fr\/#breadcrumb","itemListElement":[{"@type":"ListItem","position":1,"name":"Accueil","item":"https:\/\/mostimondiale.com\/fr\/"},{"@type":"ListItem","position":2,"name":"Accueil"}]},{"@type":"WebSite","@id":"https:\/\/mostimondiale.com\/#website","url":"https:\/\/mostimondiale.com\/","name":"Mosti Mondiale","description":"","potentialAction":[{"@type":"SearchAction","target":{"@type":"EntryPoint","urlTemplate":"https:\/\/mostimondiale.com\/?s={search_term_string}"},"query-input":{"@type":"PropertyValueSpecification","valueRequired":true,"valueName":"search_term_string"}}],"inLanguage":"fr-CA"}]}},"_links":{"self":[{"href":"https:\/\/mostimondiale.com\/fr\/wp-json\/wp\/v2\/pages\/815","targetHints":{"allow":["GET"]}}],"collection":[{"href":"https:\/\/mostimondiale.com\/fr\/wp-json\/wp\/v2\/pages"}],"about":[{"href":"https:\/\/mostimondiale.com\/fr\/wp-json\/wp\/v2\/types\/page"}],"author":[{"embeddable":true,"href":"https:\/\/mostimondiale.com\/fr\/wp-json\/wp\/v2\/users\/1"}],"replies":[{"embeddable":true,"href":"https:\/\/mostimondiale.com\/fr\/wp-json\/wp\/v2\/comments?post=815"}],"version-history":[{"count":19,"href":"https:\/\/mostimondiale.com\/fr\/wp-json\/wp\/v2\/pages\/815\/revisions"}],"predecessor-version":[{"id":4167,"href":"https:\/\/mostimondiale.com\/fr\/wp-json\/wp\/v2\/pages\/815\/revisions\/4167"}],"wp:attachment":[{"href":"https:\/\/mostimondiale.com\/fr\/wp-json\/wp\/v2\/media?parent=815"}],"curies":[{"name":"wp","href":"https:\/\/api.w.org\/{rel}","templated":true}]}}